{"id":8548,"date":"2018-05-30T18:21:09","date_gmt":"2018-05-30T16:21:09","guid":{"rendered":"http:\/\/serveiseducatius.xtec.cat\/ripolles\/?page_id=8548"},"modified":"2023-10-04T08:52:15","modified_gmt":"2023-10-04T06:52:15","slug":"crp","status":"publish","type":"page","link":"https:\/\/serveiseducatius.xtec.cat\/ripolles\/el-servei-educatiu\/equip\/crp\/","title":{"rendered":"CRP"},"content":{"rendered":"<p>Els centres de recursos pedag\u00f2gics s\u00f3n serveis educatius creats pel Departament d&#8217;Ensenyament de la Generalitat de Catalunya, per a donar suport a l&#8217;activitat pedag\u00f2gica dels centres i a la tasca docent del professorat.<br \/>\nActualment, hi ha 74 CRP i 5 extensions de CRP que cobreixen tot l&#8217;\u00e0mbit territorial propi del Departament d&#8217;Ensenyament.<br \/>\nEn concret, el nostre CRP d\u00f3na servei a tota la comarca del Ripoll\u00e8s.<\/p>\n<p>Qui som?<br \/>\nActualment, al CRP del Ripoll\u00e8s hi estem destinades dues persones:<br \/>\nRosa Mart\u00ednez i Jessica Ribas<\/p>\n<p>&nbsp;<\/p>\n<p>Podeu contactar amb nosaltres a trav\u00e9s de:<\/p>\n<p>Tel\u00e8fon:\u00a0 <strong>\u00a0972700918 (extensi\u00f3 1) &#8211; 634768601<\/strong><\/p>\n<p>Correu electr\u00f2nic: <a href=\"mailto:b7990111@xtec.cat\"><strong>b7990111@xtec.cat<\/strong><\/a><\/p>\n<p>&nbsp;<\/p>\n<p>Funcions dels CRP<\/p>\n<p>Les funcions dels CRP, fins que no s&#8217;aprovi el nou decret que hauria de regular els serveis educatius, queden establertes pel Decret 155\/1994, de 28 de juny i s\u00f3n:<br \/>\nOferta de recursos, d&#8217;equipaments i de serveis als centres docents, als mestres i als professors per tal que disposin de materials espec\u00edfics de les diferents \u00e0rees curriculars, de mitjans propis de la tecnologia educativa i de publicacions especialitzades, amb assessorament o instruccions d&#8217;utilitzaci\u00f3.<br \/>\nCatalogaci\u00f3 dels recursos educatius del medi local i comarcal i elaboraci\u00f3 de pautes i informacions complement\u00e0ries per facilitar-ne l&#8217;\u00fas del professorat.<br \/>\nSuport a les activitats docents i a l&#8217;intercanvi d&#8217;experi\u00e8ncies educatives, per tal de fomentar la reflexi\u00f3 del professorat sobre la pr\u00e0ctica docent.<br \/>\nCoordinaci\u00f3 i organitzaci\u00f3 de l&#8217;execuci\u00f3 i del seguiment de les activitats de formaci\u00f3 permanent i col\u00b7laboraci\u00f3 en la detecci\u00f3 de les necessitats de formaci\u00f3 i en l&#8217;elaboraci\u00f3 de propostes per satisfer-les.<br \/>\nAltres funcions que els atribueixi el Departament d&#8217;Ensenyament.<\/p>\n","protected":false},"excerpt":{"rendered":"<p>Els centres de recursos pedag\u00f2gics s\u00f3n serveis educatius creats pel Departament d&#8217;Ensenyament de la Generalitat de Catalunya, per a donar [&hellip;]<\/p>\n","protected":false},"author":1,"featured_media":0,"parent":306,"menu_order":0,"comment_status":"closed","ping_status":"closed","template":"page-templates\/side-menu.php","meta":{"_bbp_topic_count":0,"_bbp_reply_count":0,"_bbp_total_topic_count":0,"_bbp_total_reply_count":0,"_bbp_voice_count":0,"_bbp_anonymous_reply_count":0,"_bbp_topic_count_hidden":0,"_bbp_reply_count_hidden":0,"_bbp_forum_subforum_count":0,"site-sidebar-layout":"default","site-content-layout":"","ast-site-content-layout":"","site-content-style":"default","site-sidebar-style":"default","ast-global-header-display":"","ast-banner-title-visibility":"","ast-main-header-display":"","ast-hfb-above-header-display":"","ast-hfb-below-header-display":"","ast-hfb-mobile-header-display":"","site-post-title":"","ast-breadcrumbs-content":"","ast-featured-img":"","footer-sml-layout":"","theme-transparent-header-meta":"","adv-header-id-meta":"","stick-header-meta":"","header-above-stick-meta":"","header-main-stick-meta":"","header-below-stick-meta":"","astra-migrate-meta-layouts":"default","ast-page-background-enabled":"default","ast-page-background-meta":{"desktop":{"background-color":"var(--ast-global-color-4)","background-image":"","background-repeat":"repeat","background-position":"center center","background-size":"auto","background-attachment":"scroll","background-type":"","background-media":"","overlay-type":"","overlay-color":"","overlay-opacity":"","overlay-gradient":""},"tablet":{"background-color":"","background-image":"","background-repeat":"repeat","background-position":"center center","background-size":"auto","background-attachment":"scroll","background-type":"","background-media":"","overlay-type":"","overlay-color":"","overlay-opacity":"","overlay-gradient":""},"mobile":{"background-color":"","background-image":"","background-repeat":"repeat","background-position":"center center","background-size":"auto","background-attachment":"scroll","background-type":"","background-media":"","overlay-type":"","overlay-color":"","overlay-opacity":"","overlay-gradient":""}},"ast-content-background-meta":{"desktop":{"background-color":"var(--ast-global-color-5)","background-image":"","background-repeat":"repeat","background-position":"center center","background-size":"auto","background-attachment":"scroll","background-type":"","background-media":"","overlay-type":"","overlay-color":"","overlay-opacity":"","overlay-gradient":""},"tablet":{"background-color":"var(--ast-global-color-5)","background-image":"","background-repeat":"repeat","background-position":"center center","background-size":"auto","background-attachment":"scroll","background-type":"","background-media":"","overlay-type":"","overlay-color":"","overlay-opacity":"","overlay-gradient":""},"mobile":{"background-color":"var(--ast-global-color-5)","background-image":"","background-repeat":"repeat","background-position":"center center","background-size":"auto","background-attachment":"scroll","background-type":"","background-media":"","overlay-type":"","overlay-color":"","overlay-opacity":"","overlay-gradient":""}},"footnotes":""},"class_list":["post-8548","page","type-page","status-publish","hentry"],"post_mailing_queue_ids":[],"_links":{"self":[{"href":"https:\/\/serveiseducatius.xtec.cat\/ripolles\/wp-json\/wp\/v2\/pages\/8548","targetHints":{"allow":["GET"]}}],"collection":[{"href":"https:\/\/serveiseducatius.xtec.cat\/ripolles\/wp-json\/wp\/v2\/pages"}],"about":[{"href":"https:\/\/serveiseducatius.xtec.cat\/ripolles\/wp-json\/wp\/v2\/types\/page"}],"author":[{"embeddable":true,"href":"https:\/\/serveiseducatius.xtec.cat\/ripolles\/wp-json\/wp\/v2\/users\/1"}],"replies":[{"embeddable":true,"href":"https:\/\/serveiseducatius.xtec.cat\/ripolles\/wp-json\/wp\/v2\/comments?post=8548"}],"version-history":[{"count":5,"href":"https:\/\/serveiseducatius.xtec.cat\/ripolles\/wp-json\/wp\/v2\/pages\/8548\/revisions"}],"predecessor-version":[{"id":14389,"href":"https:\/\/serveiseducatius.xtec.cat\/ripolles\/wp-json\/wp\/v2\/pages\/8548\/revisions\/14389"}],"up":[{"embeddable":true,"href":"https:\/\/serveiseducatius.xtec.cat\/ripolles\/wp-json\/wp\/v2\/pages\/306"}],"wp:attachment":[{"href":"https:\/\/serveiseducatius.xtec.cat\/ripolles\/wp-json\/wp\/v2\/media?parent=8548"}],"curies":[{"name":"wp","href":"https:\/\/api.w.org\/{rel}","templated":true}]}}