{"id":16417,"date":"2026-01-28T13:23:17","date_gmt":"2026-01-28T12:23:17","guid":{"rendered":"https:\/\/serveiseducatius.xtec.cat\/ripolles\/?page_id=16417"},"modified":"2026-01-28T13:36:01","modified_gmt":"2026-01-28T12:36:01","slug":"maletes-pedagogiques","status":"publish","type":"page","link":"https:\/\/serveiseducatius.xtec.cat\/ripolles\/recursos\/maletes-pedagogiques\/","title":{"rendered":"Maletes pedag\u00f2giques"},"content":{"rendered":"\n<p class=\"has-medium-font-size\" style=\"border-style:none;border-width:0px;padding-top:0;padding-bottom:0;line-height:1.8\">Les <strong>maletes pedag\u00f2giques<\/strong> s\u00f3n conjunts de materials educatius dissenyats per treballar diferents tem\u00e0tiques a l\u2019aula de manera pr\u00e0ctica i din\u00e0mica. El Servei Educatiu les posa <strong>a disposici\u00f3 de tots els docents<\/strong>, que les poden <strong>reservar f\u00e0cilment clicant l\u2019enlla\u00e7 de cada maleta<\/strong>.<\/p>\n\n\n\n<div class=\"wp-block-columns is-layout-flex wp-container-core-columns-is-layout-1 wp-block-columns-is-layout-flex\">\n<div class=\"wp-block-column is-layout-flow wp-block-column-is-layout-flow\">\n<p class=\"has-text-align-center has-large-font-size\"><a href=\"https:\/\/ripolles.mediateca.cat\/recurs\/expressart\/\">Maleta ExpressArt<\/a><\/p>\n\n\n\n<figure class=\"wp-block-image aligncenter size-full\"><a href=\"https:\/\/serveiseducatius.xtec.cat\/ripolles\/wp-content\/uploads\/usu1150\/2026\/01\/expressart.jpg\"><img loading=\"lazy\" decoding=\"async\" width=\"300\" height=\"207\" src=\"https:\/\/serveiseducatius.xtec.cat\/ripolles\/wp-content\/uploads\/usu1150\/2026\/01\/expressart.jpg\" alt=\"\" class=\"wp-image-16419\"\/><\/a><\/figure>\n<\/div>\n\n\n\n<div class=\"wp-block-column is-layout-flow wp-block-column-is-layout-flow\">\n<p class=\"has-text-align-center has-large-font-size\"><a href=\"https:\/\/ripolles.mediateca.cat\/recurs\/de-l-hort-a-casa\/\">Maleta de l&#8217;hort a casa <\/a><\/p>\n\n\n\n<figure class=\"wp-block-image aligncenter size-full is-style-default\"><a href=\"https:\/\/serveiseducatius.xtec.cat\/ripolles\/wp-content\/uploads\/usu1150\/2026\/01\/af039779f1ed787de65a83a4513565e7.png\"><img loading=\"lazy\" decoding=\"async\" width=\"320\" height=\"292\" src=\"https:\/\/serveiseducatius.xtec.cat\/ripolles\/wp-content\/uploads\/usu1150\/2026\/01\/af039779f1ed787de65a83a4513565e7.png\" alt=\"\" class=\"wp-image-16420\" srcset=\"https:\/\/serveiseducatius.xtec.cat\/ripolles\/wp-content\/uploads\/usu1150\/2026\/01\/af039779f1ed787de65a83a4513565e7.png 320w, https:\/\/serveiseducatius.xtec.cat\/ripolles\/wp-content\/uploads\/usu1150\/2026\/01\/af039779f1ed787de65a83a4513565e7-300x274.png 300w\" sizes=\"auto, (max-width: 320px) 100vw, 320px\" \/><\/a><\/figure>\n<\/div>\n<\/div>\n\n\n\n<div class=\"wp-block-columns is-layout-flex wp-container-core-columns-is-layout-2 wp-block-columns-is-layout-flex\">\n<div class=\"wp-block-column is-layout-flow wp-block-column-is-layout-flow\">\n<p class=\"has-text-align-center has-large-font-size\"><a href=\"https:\/\/ripolles.mediateca.cat\/recurs\/nanokit\/\">Maleta Nanokit<\/a><\/p>\n\n\n\n<figure class=\"wp-block-image aligncenter size-full is-resized\"><a href=\"https:\/\/serveiseducatius.xtec.cat\/ripolles\/wp-content\/uploads\/usu1150\/2026\/01\/imatge-destacada-26.png\"><img loading=\"lazy\" decoding=\"async\" width=\"940\" height=\"788\" src=\"https:\/\/serveiseducatius.xtec.cat\/ripolles\/wp-content\/uploads\/usu1150\/2026\/01\/imatge-destacada-26.png\" alt=\"\" class=\"wp-image-16423\" style=\"width:361px;height:auto\" srcset=\"https:\/\/serveiseducatius.xtec.cat\/ripolles\/wp-content\/uploads\/usu1150\/2026\/01\/imatge-destacada-26.png 940w, https:\/\/serveiseducatius.xtec.cat\/ripolles\/wp-content\/uploads\/usu1150\/2026\/01\/imatge-destacada-26-300x251.png 300w, https:\/\/serveiseducatius.xtec.cat\/ripolles\/wp-content\/uploads\/usu1150\/2026\/01\/imatge-destacada-26-768x644.png 768w\" sizes=\"auto, (max-width: 940px) 100vw, 940px\" \/><\/a><\/figure>\n<\/div>\n\n\n\n<div class=\"wp-block-column is-layout-flow wp-block-column-is-layout-flow\">\n<p class=\"has-text-align-center has-large-font-size\"><a href=\"https:\/\/ripolles.mediateca.cat\/recurs\/maleta-pedagogica-de-matematiques\/\">Maleta Matem\u00e0tiques<\/a><\/p>\n\n\n\n<figure class=\"wp-block-image aligncenter size-full is-resized\"><a href=\"https:\/\/serveiseducatius.xtec.cat\/ripolles\/wp-content\/uploads\/usu1150\/2026\/01\/imatge-destacada-27-2.png\"><img loading=\"lazy\" decoding=\"async\" width=\"940\" height=\"788\" src=\"https:\/\/serveiseducatius.xtec.cat\/ripolles\/wp-content\/uploads\/usu1150\/2026\/01\/imatge-destacada-27-2.png\" alt=\"\" class=\"wp-image-16426\" style=\"width:327px;height:auto\" srcset=\"https:\/\/serveiseducatius.xtec.cat\/ripolles\/wp-content\/uploads\/usu1150\/2026\/01\/imatge-destacada-27-2.png 940w, https:\/\/serveiseducatius.xtec.cat\/ripolles\/wp-content\/uploads\/usu1150\/2026\/01\/imatge-destacada-27-2-300x251.png 300w, https:\/\/serveiseducatius.xtec.cat\/ripolles\/wp-content\/uploads\/usu1150\/2026\/01\/imatge-destacada-27-2-768x644.png 768w\" sizes=\"auto, (max-width: 940px) 100vw, 940px\" \/><\/a><\/figure>\n<\/div>\n<\/div>\n\n\n\n<div class=\"wp-block-columns is-layout-flex wp-container-core-columns-is-layout-3 wp-block-columns-is-layout-flex\">\n<div class=\"wp-block-column is-layout-flow wp-block-column-is-layout-flow\">\n<p class=\"has-text-align-center has-large-font-size\" style=\"border-style:none;border-width:0px;padding-top:0;padding-bottom:0;line-height:1.6\"><a href=\"https:\/\/ripolles.mediateca.cat\/recurs\/caixa-valors-responsabilitat-convivencia-i-identitat\/\">Maleta KitCaixa Responsabiltat, Conviv\u00e8ncia i Identitat <\/a><\/p>\n\n\n\n<figure class=\"wp-block-image aligncenter size-large is-resized\"><a href=\"https:\/\/serveiseducatius.xtec.cat\/ripolles\/wp-content\/uploads\/usu1150\/2026\/01\/WhatsApp-Image-2026-01-28-at-10.07.39.png\"><img loading=\"lazy\" decoding=\"async\" width=\"768\" height=\"1024\" src=\"https:\/\/serveiseducatius.xtec.cat\/ripolles\/wp-content\/uploads\/usu1150\/2026\/01\/WhatsApp-Image-2026-01-28-at-10.07.39-768x1024.png\" alt=\"\" class=\"wp-image-16428\" style=\"width:184px;height:auto\" srcset=\"https:\/\/serveiseducatius.xtec.cat\/ripolles\/wp-content\/uploads\/usu1150\/2026\/01\/WhatsApp-Image-2026-01-28-at-10.07.39-768x1024.png 768w, https:\/\/serveiseducatius.xtec.cat\/ripolles\/wp-content\/uploads\/usu1150\/2026\/01\/WhatsApp-Image-2026-01-28-at-10.07.39-225x300.png 225w, https:\/\/serveiseducatius.xtec.cat\/ripolles\/wp-content\/uploads\/usu1150\/2026\/01\/WhatsApp-Image-2026-01-28-at-10.07.39-1152x1536.png 1152w, https:\/\/serveiseducatius.xtec.cat\/ripolles\/wp-content\/uploads\/usu1150\/2026\/01\/WhatsApp-Image-2026-01-28-at-10.07.39.png 1200w\" sizes=\"auto, (max-width: 768px) 100vw, 768px\" \/><\/a><\/figure>\n<\/div>\n\n\n\n<div class=\"wp-block-column is-layout-flow wp-block-column-is-layout-flow\">\n<p class=\"has-text-align-center has-large-font-size\"><a href=\"https:\/\/ripolles.mediateca.cat\/recurs\/celebrem-la-sexualitat\/\">Maleta Celebrem la Sexualitat <\/a><\/p>\n\n\n\n<figure class=\"wp-block-image aligncenter size-full\"><a href=\"https:\/\/serveiseducatius.xtec.cat\/ripolles\/wp-content\/uploads\/usu1150\/2026\/01\/Maleta-pedagogica_La-Ciranda-300x300-1.jpg\"><img loading=\"lazy\" decoding=\"async\" width=\"300\" height=\"300\" src=\"https:\/\/serveiseducatius.xtec.cat\/ripolles\/wp-content\/uploads\/usu1150\/2026\/01\/Maleta-pedagogica_La-Ciranda-300x300-1.jpg\" alt=\"\" class=\"wp-image-16429\" srcset=\"https:\/\/serveiseducatius.xtec.cat\/ripolles\/wp-content\/uploads\/usu1150\/2026\/01\/Maleta-pedagogica_La-Ciranda-300x300-1.jpg 300w, https:\/\/serveiseducatius.xtec.cat\/ripolles\/wp-content\/uploads\/usu1150\/2026\/01\/Maleta-pedagogica_La-Ciranda-300x300-1-150x150.jpg 150w\" sizes=\"auto, (max-width: 300px) 100vw, 300px\" \/><\/a><\/figure>\n<\/div>\n<\/div>\n\n\n\n<div class=\"wp-block-columns is-layout-flex wp-container-core-columns-is-layout-4 wp-block-columns-is-layout-flex\">\n<div class=\"wp-block-column is-layout-flow wp-block-column-is-layout-flow\">\n<p class=\"has-text-align-center has-large-font-size\" style=\"line-height:1.8\"><a href=\"https:\/\/ripolles.mediateca.cat\/recurs\/maleta-de-coeducacio-infantil-cicle-inicial\/\">Maleta de Coeducaci\u00f3 Infantil &#8211; Cicle Inicial<\/a><\/p>\n\n\n\n<figure class=\"wp-block-image aligncenter size-full is-resized\"><a href=\"https:\/\/serveiseducatius.xtec.cat\/ripolles\/wp-content\/uploads\/usu1150\/2026\/01\/imatge-destacada-28.png\"><img loading=\"lazy\" decoding=\"async\" width=\"940\" height=\"788\" src=\"https:\/\/serveiseducatius.xtec.cat\/ripolles\/wp-content\/uploads\/usu1150\/2026\/01\/imatge-destacada-28.png\" alt=\"\" class=\"wp-image-16432\" style=\"width:434px;height:auto\" srcset=\"https:\/\/serveiseducatius.xtec.cat\/ripolles\/wp-content\/uploads\/usu1150\/2026\/01\/imatge-destacada-28.png 940w, https:\/\/serveiseducatius.xtec.cat\/ripolles\/wp-content\/uploads\/usu1150\/2026\/01\/imatge-destacada-28-300x251.png 300w, https:\/\/serveiseducatius.xtec.cat\/ripolles\/wp-content\/uploads\/usu1150\/2026\/01\/imatge-destacada-28-768x644.png 768w\" sizes=\"auto, (max-width: 940px) 100vw, 940px\" \/><\/a><\/figure>\n<\/div>\n\n\n\n<div class=\"wp-block-column is-layout-flow wp-block-column-is-layout-flow\">\n<p class=\"has-text-align-center has-large-font-size\" style=\"line-height:1.8\"><a href=\"https:\/\/ripolles.mediateca.cat\/recurs\/maleta-de-coeducacio-cicle-mitja-i-superior\/\">Maleta de Coeducaci\u00f3 &#8211; Cicle mitj\u00e0 i superior<\/a><\/p>\n\n\n\n<figure class=\"wp-block-image aligncenter size-full is-resized\"><a href=\"https:\/\/serveiseducatius.xtec.cat\/ripolles\/wp-content\/uploads\/usu1150\/2026\/01\/imatge-destacada-29.png\"><img loading=\"lazy\" decoding=\"async\" width=\"940\" height=\"788\" src=\"https:\/\/serveiseducatius.xtec.cat\/ripolles\/wp-content\/uploads\/usu1150\/2026\/01\/imatge-destacada-29.png\" alt=\"\" class=\"wp-image-16433\" style=\"width:444px;height:auto\" srcset=\"https:\/\/serveiseducatius.xtec.cat\/ripolles\/wp-content\/uploads\/usu1150\/2026\/01\/imatge-destacada-29.png 940w, https:\/\/serveiseducatius.xtec.cat\/ripolles\/wp-content\/uploads\/usu1150\/2026\/01\/imatge-destacada-29-300x251.png 300w, https:\/\/serveiseducatius.xtec.cat\/ripolles\/wp-content\/uploads\/usu1150\/2026\/01\/imatge-destacada-29-768x644.png 768w\" sizes=\"auto, (max-width: 940px) 100vw, 940px\" \/><\/a><\/figure>\n<\/div>\n<\/div>\n\n\n\n<div class=\"wp-block-columns is-layout-flex wp-container-core-columns-is-layout-5 wp-block-columns-is-layout-flex\">\n<div class=\"wp-block-column is-layout-flow wp-block-column-is-layout-flow\">\n<p class=\"has-text-align-center has-large-font-size\"><a href=\"https:\/\/ripolles.mediateca.cat\/recurs\/teatret-kamishibai\/\">Maleta Teatret Kamishibai<\/a><\/p>\n\n\n\n<figure class=\"wp-block-image aligncenter size-full is-resized\"><a href=\"https:\/\/serveiseducatius.xtec.cat\/ripolles\/wp-content\/uploads\/usu1150\/2026\/01\/imatge-destacada-30.png\"><img loading=\"lazy\" decoding=\"async\" width=\"940\" height=\"788\" src=\"https:\/\/serveiseducatius.xtec.cat\/ripolles\/wp-content\/uploads\/usu1150\/2026\/01\/imatge-destacada-30.png\" alt=\"\" class=\"wp-image-16434\" style=\"width:367px;height:auto\" srcset=\"https:\/\/serveiseducatius.xtec.cat\/ripolles\/wp-content\/uploads\/usu1150\/2026\/01\/imatge-destacada-30.png 940w, https:\/\/serveiseducatius.xtec.cat\/ripolles\/wp-content\/uploads\/usu1150\/2026\/01\/imatge-destacada-30-300x251.png 300w, https:\/\/serveiseducatius.xtec.cat\/ripolles\/wp-content\/uploads\/usu1150\/2026\/01\/imatge-destacada-30-768x644.png 768w\" sizes=\"auto, (max-width: 940px) 100vw, 940px\" \/><\/a><\/figure>\n<\/div>\n\n\n\n<div class=\"wp-block-column is-layout-flow wp-block-column-is-layout-flow\">\n<p class=\"has-text-align-center has-large-font-size\"><a href=\"https:\/\/ripolles.mediateca.cat\/recurs\/kit-let-s-clean-up-europe\/\">Maleta Kit Let&#8217;s Clean up Europe!<\/a><\/p>\n\n\n\n<figure class=\"wp-block-image aligncenter size-full is-resized\"><a href=\"https:\/\/serveiseducatius.xtec.cat\/ripolles\/wp-content\/uploads\/usu1150\/2026\/01\/imatge-destacada-32.png\"><img loading=\"lazy\" decoding=\"async\" width=\"940\" height=\"788\" src=\"https:\/\/serveiseducatius.xtec.cat\/ripolles\/wp-content\/uploads\/usu1150\/2026\/01\/imatge-destacada-32.png\" alt=\"\" class=\"wp-image-16435\" style=\"width:397px;height:auto\" srcset=\"https:\/\/serveiseducatius.xtec.cat\/ripolles\/wp-content\/uploads\/usu1150\/2026\/01\/imatge-destacada-32.png 940w, https:\/\/serveiseducatius.xtec.cat\/ripolles\/wp-content\/uploads\/usu1150\/2026\/01\/imatge-destacada-32-300x251.png 300w, https:\/\/serveiseducatius.xtec.cat\/ripolles\/wp-content\/uploads\/usu1150\/2026\/01\/imatge-destacada-32-768x644.png 768w\" sizes=\"auto, (max-width: 940px) 100vw, 940px\" \/><\/a><\/figure>\n<\/div>\n<\/div>\n\n\n\n<div class=\"wp-block-columns is-layout-flex wp-container-core-columns-is-layout-6 wp-block-columns-is-layout-flex\">\n<div class=\"wp-block-column is-layout-flow wp-block-column-is-layout-flow\">\n<p class=\"has-text-align-center has-large-font-size\"><a href=\"https:\/\/ripolles.mediateca.cat\/recurs\/merlina-aventures-al-ter\/\">Maleta Merlina, aventures al Ter<\/a><\/p>\n\n\n\n<figure class=\"wp-block-image aligncenter size-full is-resized\"><a href=\"https:\/\/serveiseducatius.xtec.cat\/ripolles\/wp-content\/uploads\/usu1150\/2026\/01\/d97030003fd8da2c39526dd5c92cfc5f.png\"><img loading=\"lazy\" decoding=\"async\" width=\"940\" height=\"788\" src=\"https:\/\/serveiseducatius.xtec.cat\/ripolles\/wp-content\/uploads\/usu1150\/2026\/01\/d97030003fd8da2c39526dd5c92cfc5f.png\" alt=\"\" class=\"wp-image-16437\" style=\"width:338px;height:auto\" srcset=\"https:\/\/serveiseducatius.xtec.cat\/ripolles\/wp-content\/uploads\/usu1150\/2026\/01\/d97030003fd8da2c39526dd5c92cfc5f.png 940w, https:\/\/serveiseducatius.xtec.cat\/ripolles\/wp-content\/uploads\/usu1150\/2026\/01\/d97030003fd8da2c39526dd5c92cfc5f-300x251.png 300w, https:\/\/serveiseducatius.xtec.cat\/ripolles\/wp-content\/uploads\/usu1150\/2026\/01\/d97030003fd8da2c39526dd5c92cfc5f-768x644.png 768w\" sizes=\"auto, (max-width: 940px) 100vw, 940px\" \/><\/a><\/figure>\n<\/div>\n\n\n\n<div class=\"wp-block-column is-layout-flow wp-block-column-is-layout-flow\">\n<p class=\"has-text-align-center has-large-font-size\"><a href=\"https:\/\/ripolles.mediateca.cat\/recurs\/el-diari-de-l-arlet\/\">Maleta El Diari de l&#8217;Arlet<\/a><\/p>\n\n\n\n<figure class=\"wp-block-image aligncenter size-full is-resized\"><a href=\"https:\/\/serveiseducatius.xtec.cat\/ripolles\/wp-content\/uploads\/usu1150\/2026\/01\/imatge-destacada-34.png\"><img loading=\"lazy\" decoding=\"async\" width=\"940\" height=\"788\" src=\"https:\/\/serveiseducatius.xtec.cat\/ripolles\/wp-content\/uploads\/usu1150\/2026\/01\/imatge-destacada-34.png\" alt=\"\" class=\"wp-image-16438\" style=\"width:392px;height:auto\" srcset=\"https:\/\/serveiseducatius.xtec.cat\/ripolles\/wp-content\/uploads\/usu1150\/2026\/01\/imatge-destacada-34.png 940w, https:\/\/serveiseducatius.xtec.cat\/ripolles\/wp-content\/uploads\/usu1150\/2026\/01\/imatge-destacada-34-300x251.png 300w, https:\/\/serveiseducatius.xtec.cat\/ripolles\/wp-content\/uploads\/usu1150\/2026\/01\/imatge-destacada-34-768x644.png 768w\" sizes=\"auto, (max-width: 940px) 100vw, 940px\" \/><\/a><\/figure>\n<\/div>\n<\/div>\n\n\n\n<div class=\"wp-block-columns is-layout-flex wp-container-core-columns-is-layout-7 wp-block-columns-is-layout-flex\">\n<div class=\"wp-block-column is-layout-flow wp-block-column-is-layout-flow\">\n<p class=\"has-text-align-center has-large-font-size\"><a href=\"https:\/\/ripolles.mediateca.cat\/recurs\/l-aventura-de-fer\/\">Maleta L&#8217;Aventura de FER<\/a><\/p>\n\n\n\n<figure class=\"wp-block-image aligncenter size-full is-resized\"><a href=\"https:\/\/serveiseducatius.xtec.cat\/ripolles\/wp-content\/uploads\/usu1150\/2026\/01\/1fa2741d-5086-42c1-b20a-9746511e8f2d.png\"><img loading=\"lazy\" decoding=\"async\" width=\"555\" height=\"641\" src=\"https:\/\/serveiseducatius.xtec.cat\/ripolles\/wp-content\/uploads\/usu1150\/2026\/01\/1fa2741d-5086-42c1-b20a-9746511e8f2d.png\" alt=\"\" class=\"wp-image-16439\" style=\"width:169px;height:auto\" srcset=\"https:\/\/serveiseducatius.xtec.cat\/ripolles\/wp-content\/uploads\/usu1150\/2026\/01\/1fa2741d-5086-42c1-b20a-9746511e8f2d.png 555w, https:\/\/serveiseducatius.xtec.cat\/ripolles\/wp-content\/uploads\/usu1150\/2026\/01\/1fa2741d-5086-42c1-b20a-9746511e8f2d-260x300.png 260w\" sizes=\"auto, (max-width: 555px) 100vw, 555px\" \/><\/a><\/figure>\n<\/div>\n\n\n\n<div class=\"wp-block-column is-layout-flow wp-block-column-is-layout-flow\">\n<p class=\"has-text-align-center has-large-font-size\"><a href=\"https:\/\/ripolles.mediateca.cat\/recurs\/maleta-jocs-coeducatius\/\">Maleta Jocs Coeducatius<\/a><\/p>\n\n\n\n<figure class=\"wp-block-image aligncenter size-full is-resized\"><a href=\"https:\/\/serveiseducatius.xtec.cat\/ripolles\/wp-content\/uploads\/usu1150\/2026\/01\/imatge-destacada-35.png\"><img loading=\"lazy\" decoding=\"async\" width=\"940\" height=\"788\" src=\"https:\/\/serveiseducatius.xtec.cat\/ripolles\/wp-content\/uploads\/usu1150\/2026\/01\/imatge-destacada-35.png\" alt=\"\" class=\"wp-image-16441\" style=\"width:475px;height:auto\" srcset=\"https:\/\/serveiseducatius.xtec.cat\/ripolles\/wp-content\/uploads\/usu1150\/2026\/01\/imatge-destacada-35.png 940w, https:\/\/serveiseducatius.xtec.cat\/ripolles\/wp-content\/uploads\/usu1150\/2026\/01\/imatge-destacada-35-300x251.png 300w, https:\/\/serveiseducatius.xtec.cat\/ripolles\/wp-content\/uploads\/usu1150\/2026\/01\/imatge-destacada-35-768x644.png 768w\" sizes=\"auto, (max-width: 940px) 100vw, 940px\" \/><\/a><\/figure>\n<\/div>\n<\/div>\n\n\n\n<p><\/p>\n","protected":false},"excerpt":{"rendered":"<p>Les maletes pedag\u00f2giques s\u00f3n conjunts de materials educatius dissenyats per treballar diferents tem\u00e0tiques a l\u2019aula de manera pr\u00e0ctica i din\u00e0mica. [&hellip;]<\/p>\n","protected":false},"author":1,"featured_media":0,"parent":14581,"menu_order":0,"comment_status":"closed","ping_status":"close","template":"","meta":{"_bbp_topic_count":0,"_bbp_reply_count":0,"_bbp_total_topic_count":0,"_bbp_total_reply_count":0,"_bbp_voice_count":0,"_bbp_anonymous_reply_count":0,"_bbp_topic_count_hidden":0,"_bbp_reply_count_hidden":0,"_bbp_forum_subforum_count":0,"site-sidebar-layout":"default","site-content-layout":"","ast-site-content-layout":"default","site-content-style":"default","site-sidebar-style":"default","ast-global-header-display":"","ast-banner-title-visibility":"","ast-main-header-display":"","ast-hfb-above-header-display":"","ast-hfb-below-header-display":"","ast-hfb-mobile-header-display":"","site-post-title":"","ast-breadcrumbs-content":"","ast-featured-img":"","footer-sml-layout":"","theme-transparent-header-meta":"","adv-header-id-meta":"","stick-header-meta":"","header-above-stick-meta":"","header-main-stick-meta":"","header-below-stick-meta":"","astra-migrate-meta-layouts":"set","ast-page-background-enabled":"default","ast-page-background-meta":{"desktop":{"background-color":"var(--ast-global-color-4)","background-image":"","background-repeat":"repeat","background-position":"center center","background-size":"auto","background-attachment":"scroll","background-type":"","background-media":"","overlay-type":"","overlay-color":"","overlay-opacity":"","overlay-gradient":""},"tablet":{"background-color":"","background-image":"","background-repeat":"repeat","background-position":"center center","background-size":"auto","background-attachment":"scroll","background-type":"","background-media":"","overlay-type":"","overlay-color":"","overlay-opacity":"","overlay-gradient":""},"mobile":{"background-color":"","background-image":"","background-repeat":"repeat","background-position":"center center","background-size":"auto","background-attachment":"scroll","background-type":"","background-media":"","overlay-type":"","overlay-color":"","overlay-opacity":"","overlay-gradient":""}},"ast-content-background-meta":{"desktop":{"background-color":"var(--ast-global-color-5)","background-image":"","background-repeat":"repeat","background-position":"center center","background-size":"auto","background-attachment":"scroll","background-type":"","background-media":"","overlay-type":"","overlay-color":"","overlay-opacity":"","overlay-gradient":""},"tablet":{"background-color":"var(--ast-global-color-5)","background-image":"","background-repeat":"repeat","background-position":"center center","background-size":"auto","background-attachment":"scroll","background-type":"","background-media":"","overlay-type":"","overlay-color":"","overlay-opacity":"","overlay-gradient":""},"mobile":{"background-color":"var(--ast-global-color-5)","background-image":"","background-repeat":"repeat","background-position":"center center","background-size":"auto","background-attachment":"scroll","background-type":"","background-media":"","overlay-type":"","overlay-color":"","overlay-opacity":"","overlay-gradient":""}},"footnotes":""},"class_list":["post-16417","page","type-page","status-publish","hentry"],"post_mailing_queue_ids":[],"_links":{"self":[{"href":"https:\/\/serveiseducatius.xtec.cat\/ripolles\/wp-json\/wp\/v2\/pages\/16417","targetHints":{"allow":["GET"]}}],"collection":[{"href":"https:\/\/serveiseducatius.xtec.cat\/ripolles\/wp-json\/wp\/v2\/pages"}],"about":[{"href":"https:\/\/serveiseducatius.xtec.cat\/ripolles\/wp-json\/wp\/v2\/types\/page"}],"author":[{"embeddable":true,"href":"https:\/\/serveiseducatius.xtec.cat\/ripolles\/wp-json\/wp\/v2\/users\/1"}],"replies":[{"embeddable":true,"href":"https:\/\/serveiseducatius.xtec.cat\/ripolles\/wp-json\/wp\/v2\/comments?post=16417"}],"version-history":[{"count":6,"href":"https:\/\/serveiseducatius.xtec.cat\/ripolles\/wp-json\/wp\/v2\/pages\/16417\/revisions"}],"predecessor-version":[{"id":16450,"href":"https:\/\/serveiseducatius.xtec.cat\/ripolles\/wp-json\/wp\/v2\/pages\/16417\/revisions\/16450"}],"up":[{"embeddable":true,"href":"https:\/\/serveiseducatius.xtec.cat\/ripolles\/wp-json\/wp\/v2\/pages\/14581"}],"wp:attachment":[{"href":"https:\/\/serveiseducatius.xtec.cat\/ripolles\/wp-json\/wp\/v2\/media?parent=16417"}],"curies":[{"name":"wp","href":"https:\/\/api.w.org\/{rel}","templated":true}]}}