{"id":1314,"date":"2016-03-15T10:23:40","date_gmt":"2016-03-15T09:23:40","guid":{"rendered":"http:\/\/serveiseducatius.xtec.cat\/ripolles\/?page_id=1314"},"modified":"2025-05-21T16:51:02","modified_gmt":"2025-05-21T14:51:02","slug":"calendari-pfz","status":"publish","type":"page","link":"https:\/\/serveiseducatius.xtec.cat\/ripolles\/formacio\/calendari-pfz\/","title":{"rendered":"Calendari PFZ  25-26"},"content":{"rendered":"<header class=\"entry-header\">\n<header class=\"entry-header\">\n<h1 class=\"entry-title\"><a href=\"http:\/\/xtec.gencat.cat\/ca\/formacio\/info-general\/plans-formacio-zona\/\">Pla de formaci\u00f3 de zona (PFZ)<\/a><\/h1>\n<\/header>\n<div class=\"entry-content\">\n<div class=\"entry-content\">\n<p style=\"text-align: justify;\"><a href=\"http:\/\/serveiseducatius.xtec.cat\/se-pladelestany\/wp-content\/uploads\/usu771\/2015\/11\/pfz.jpg\"><img loading=\"lazy\" decoding=\"async\" class=\"aire wp-image-422 alignleft\" src=\"http:\/\/serveiseducatius.xtec.cat\/se-pladelestany\/wp-content\/uploads\/usu771\/2015\/11\/pfz.jpg\" sizes=\"auto, (max-width: 125px) 100vw, 125px\" srcset=\"https:\/\/serveiseducatius.xtec.cat\/pladelestany\/wp-content\/uploads\/usu771\/2015\/11\/pfz.jpg 258w, https:\/\/serveiseducatius.xtec.cat\/pladelestany\/wp-content\/uploads\/usu771\/2015\/11\/pfz-200x150.jpg 200w\" alt=\"pfz\" width=\"198\" height=\"149\" \/><\/a>El Departament d\u2019Educaci\u00f3 ha establert un conjunt de l\u00ednies de formaci\u00f3 permanent per donar resposta a les necessitats de formaci\u00f3 permanent dels centres educatius i dels docents de Catalunya.\u00a0<strong>El Pla de Formaci\u00f3 de Zona (PFZ) del Ripoll\u00e8s<\/strong>\u00a0\u00e9s la planificaci\u00f3 a nivell comarcal de la formaci\u00f3 permanent del professorat, la qual incorpora les activitats de formaci\u00f3 en centre i altres activitats adre\u00e7ades a tot el professorat de la comarca. El professorat hi participa a trav\u00e9s del proc\u00e9s de\u00a0<strong>detecci\u00f3 de necessitats<\/strong>\u00a0(demandes formatives) i mitjan\u00e7ant la seva representaci\u00f3 en la comissi\u00f3 del PFZ de\u00a0(lloc).<\/p>\n<\/div>\n<\/div>\n<\/header>\n<header class=\"entry-header\">\n<div class=\"entry-content\">\n<div class=\"entry-content\">\n<h5><a href=\"https:\/\/aplicacions.gestioeducativa.gencat.cat\/pls\/soloas\/pk_for_mod_ins.p_for_cons_activitats?p_crp=507&amp;p_any=2024-2025\"><strong>Pla de Formaci\u00f3 del Ripoll\u00e8s. Curs 2025\/2026<\/strong><\/a><\/h5>\n<ul>\n<li>El per\u00edode de detecci\u00f3 de necessitats formatives es dur\u00e0 a terme a partir del 30 d&#8217;abril.<\/li>\n<\/ul>\n<\/div>\n<\/div>\n<\/header>\n<ul>\n<li>En cas de voler fer alguna activitat caldr\u00e0 omplir el formulari que trobareu enlla\u00e7at<strong>\u00a0<a href=\"https:\/\/docs.google.com\/forms\/d\/e\/1FAIpQLSdlhqc2uwKNAQesLLkOTVkNOqfTqKNVwzlNss1RmxlRTvmgFA\/viewform\">aqu\u00ed<\/a><\/strong><b>.<\/b><\/li>\n<\/ul>\n<p>En cas de dubte, podeu contactar-nos al Servei Educatiu.<\/p>\n<p><strong style=\"font-family: Poppins, sans-serif; font-size: 1.11111rem; background-color: rgba(0, 0, 0, 0);\">Calendari del Pla de Formaci\u00f3 de Zona 2025\/26:<\/strong><\/p>\n<div class=\"entry-content\">\n<\/div>\n<header class=\"entry-header\">\n<div class=\"entry-content\">\n<div class=\"entry-content\">\n<div class=\"entry-content\">\n<table class=\"table\" width=\"702\">\n<tbody>\n<tr>\n<td><b>Proc\u00e9s 1r torn 2025-26<\/b><\/td>\n<td><b>Inici<\/b><\/td>\n<td><b>Fi<\/b><\/td>\n<\/tr>\n<tr>\n<td>Inscripcions a les activitats del PFZ \u2013 1r torn<\/td>\n<td>5 de setembre<\/td>\n<td>21 de setembre<\/td>\n<\/tr>\n<tr>\n<td>Assignacions d\u2019activitats \u2013 1r torn<\/td>\n<td>22 de setembre<\/td>\n<td>6 d\u2019octubre<\/td>\n<\/tr>\n<tr>\n<td>Consulta d\u2019assignacions \u2013 1r torn<\/td>\n<td>7 d\u2019octubre<\/td>\n<td><\/td>\n<\/tr>\n<tr>\n<td>Inici de les activitats PFZ \u2013\u00a0 1r torn<\/td>\n<td>13 d\u2019octubre<\/td>\n<td><\/td>\n<\/tr>\n<tr>\n<td><strong>Proc\u00e9s 2n torn 2025-26<\/strong><\/td>\n<td><\/td>\n<td><\/td>\n<\/tr>\n<tr>\n<td>Inscripcions a les activitats del PFZ \u2013 2n torn<\/td>\n<td>7 de gener<\/td>\n<td>15 de gener<\/td>\n<\/tr>\n<tr>\n<td>Assignaci\u00f3 d\u2019activitats \u2013 2n torn<\/td>\n<td>16 de gener<\/td>\n<td>29 de gener<\/td>\n<\/tr>\n<tr>\n<td>Consulta d\u2019assignacions \u2013 2n torn<\/td>\n<td>30 de gener<\/td>\n<td><\/td>\n<\/tr>\n<tr>\n<td>Inici de les activitats PFZ \u2013 2n torn<\/td>\n<td>5 de febrer<\/td>\n<td><\/td>\n<\/tr>\n<\/tbody>\n<\/table>\n<\/div>\n<\/div>\n<\/div>\n<\/header>\n<div class=\"entry-content\">\n<div class=\"entry-content\">\n<h5><strong>Tancament i certificaci\u00f3<\/strong><\/h5>\n<\/div>\n<div><\/div>\n<div class=\"entry-content\">\n<p>El CRP, amb la documentaci\u00f3 recollida, tramita la certificaci\u00f3 de\u00a0 cada activitat. Els assistents i formadors d\u2019una activitat poden imprimir els seus\u00a0<a href=\"http:\/\/xtec.gencat.cat\/ca\/formacio\/la-meva-formacio\/els-meus-certificats\/\" target=\"_blank\" rel=\"noopener noreferrer\">certificats<\/a>\u00a0a l\u2019XTEC 15 dies despr\u00e9s del tancament de l\u2019activitat.<\/p>\n<\/div>\n<\/div>\n<div class=\"a2a_kit a2a_kit_size_25 addtoany_list\" data-a2a-url=\"https:\/\/serveiseducatius.xtec.cat\/selva1\/general\/pfz-pla-de-formacio-de-zona-22-23\/\" data-a2a-title=\"PFZ. Pla de Formaci\u00f3 de Zona 22-23\"><\/div>\n<div data-a2a-url=\"https:\/\/serveiseducatius.xtec.cat\/selva1\/general\/pfz-pla-de-formacio-de-zona-22-23\/\" data-a2a-title=\"PFZ. Pla de Formaci\u00f3 de Zona 22-23\">\n<div class=\"entry-content\">\n<h5><strong>Recordatori:<\/strong><\/h5>\n<p>Si sou <strong>assistents<\/strong>, per a revisar sol\u00b7licituds, consultar assignacions i omplir q\u00fcestionaris aneu a:\u00a0<a href=\"http:\/\/xtec.gencat.cat\/ca\/formacio\/la-meva-formacio\/les-meves-activitats\/\" target=\"_blank\" rel=\"noopener noreferrer\">Les meves activitats.<\/a><\/p>\n<\/div>\n<\/div>\n","protected":false},"excerpt":{"rendered":"<p>Pla de formaci\u00f3 de zona (PFZ) El Departament d\u2019Educaci\u00f3 ha establert un conjunt de l\u00ednies de formaci\u00f3 permanent per donar [&hellip;]<\/p>\n","protected":false},"author":1,"featured_media":0,"parent":416,"menu_order":0,"comment_status":"closed","ping_status":"closed","template":"","meta":{"_bbp_topic_count":0,"_bbp_reply_count":0,"_bbp_total_topic_count":0,"_bbp_total_reply_count":0,"_bbp_voice_count":0,"_bbp_anonymous_reply_count":0,"_bbp_topic_count_hidden":0,"_bbp_reply_count_hidden":0,"_bbp_forum_subforum_count":0,"site-sidebar-layout":"default","site-content-layout":"","ast-site-content-layout":"default","site-content-style":"default","site-sidebar-style":"default","ast-global-header-display":"","ast-banner-title-visibility":"","ast-main-header-display":"","ast-hfb-above-header-display":"","ast-hfb-below-header-display":"","ast-hfb-mobile-header-display":"","site-post-title":"","ast-breadcrumbs-content":"","ast-featured-img":"","footer-sml-layout":"","theme-transparent-header-meta":"","adv-header-id-meta":"","stick-header-meta":"","header-above-stick-meta":"","header-main-stick-meta":"","header-below-stick-meta":"","astra-migrate-meta-layouts":"set","ast-page-background-enabled":"default","ast-page-background-meta":{"desktop":{"background-color":"var(--ast-global-color-4)","background-image":"","background-repeat":"repeat","background-position":"center center","background-size":"auto","background-attachment":"scroll","background-type":"","background-media":"","overlay-type":"","overlay-color":"","overlay-opacity":"","overlay-gradient":""},"tablet":{"background-color":"","background-image":"","background-repeat":"repeat","background-position":"center center","background-size":"auto","background-attachment":"scroll","background-type":"","background-media":"","overlay-type":"","overlay-color":"","overlay-opacity":"","overlay-gradient":""},"mobile":{"background-color":"","background-image":"","background-repeat":"repeat","background-position":"center center","background-size":"auto","background-attachment":"scroll","background-type":"","background-media":"","overlay-type":"","overlay-color":"","overlay-opacity":"","overlay-gradient":""}},"ast-content-background-meta":{"desktop":{"background-color":"var(--ast-global-color-5)","background-image":"","background-repeat":"repeat","background-position":"center center","background-size":"auto","background-attachment":"scroll","background-type":"","background-media":"","overlay-type":"","overlay-color":"","overlay-opacity":"","overlay-gradient":""},"tablet":{"background-color":"var(--ast-global-color-5)","background-image":"","background-repeat":"repeat","background-position":"center center","background-size":"auto","background-attachment":"scroll","background-type":"","background-media":"","overlay-type":"","overlay-color":"","overlay-opacity":"","overlay-gradient":""},"mobile":{"background-color":"var(--ast-global-color-5)","background-image":"","background-repeat":"repeat","background-position":"center center","background-size":"auto","background-attachment":"scroll","background-type":"","background-media":"","overlay-type":"","overlay-color":"","overlay-opacity":"","overlay-gradient":""}},"footnotes":""},"class_list":["post-1314","page","type-page","status-publish","hentry"],"post_mailing_queue_ids":[],"_links":{"self":[{"href":"https:\/\/serveiseducatius.xtec.cat\/ripolles\/wp-json\/wp\/v2\/pages\/1314","targetHints":{"allow":["GET"]}}],"collection":[{"href":"https:\/\/serveiseducatius.xtec.cat\/ripolles\/wp-json\/wp\/v2\/pages"}],"about":[{"href":"https:\/\/serveiseducatius.xtec.cat\/ripolles\/wp-json\/wp\/v2\/types\/page"}],"author":[{"embeddable":true,"href":"https:\/\/serveiseducatius.xtec.cat\/ripolles\/wp-json\/wp\/v2\/users\/1"}],"replies":[{"embeddable":true,"href":"https:\/\/serveiseducatius.xtec.cat\/ripolles\/wp-json\/wp\/v2\/comments?post=1314"}],"version-history":[{"count":5,"href":"https:\/\/serveiseducatius.xtec.cat\/ripolles\/wp-json\/wp\/v2\/pages\/1314\/revisions"}],"predecessor-version":[{"id":15738,"href":"https:\/\/serveiseducatius.xtec.cat\/ripolles\/wp-json\/wp\/v2\/pages\/1314\/revisions\/15738"}],"up":[{"embeddable":true,"href":"https:\/\/serveiseducatius.xtec.cat\/ripolles\/wp-json\/wp\/v2\/pages\/416"}],"wp:attachment":[{"href":"https:\/\/serveiseducatius.xtec.cat\/ripolles\/wp-json\/wp\/v2\/media?parent=1314"}],"curies":[{"name":"wp","href":"https:\/\/api.w.org\/{rel}","templated":true}]}}