{"id":12987,"date":"2021-11-03T12:40:48","date_gmt":"2021-11-03T11:40:48","guid":{"rendered":"https:\/\/serveiseducatius.xtec.cat\/ripolles\/?page_id=12987"},"modified":"2024-10-29T09:14:25","modified_gmt":"2024-10-29T08:14:25","slug":"soac","status":"publish","type":"page","link":"https:\/\/serveiseducatius.xtec.cat\/ripolles\/soac\/","title":{"rendered":"SOAC"},"content":{"rendered":"<p dir=\"ltr\">EL Servei d\u2019Orientaci\u00f3 d&#8217;\u00c0mbit Comunitari<\/p>\n<p><img loading=\"lazy\" decoding=\"async\" class=\"CToWUd a6T alignright\" tabindex=\"0\" src=\"https:\/\/lh6.googleusercontent.com\/bjQ6hL7RrCsfRaa2mbaiHDJUKXXUz02isMuKfcI8rUgL7LiE9wLcdE7c5Vrv8Ce2PHhcrLk66M-XRAaMCONpF3uFQtMZkTSEygtENMZSgsTjtzxC7wQlHU0rtlN2k1kNaBbh_UK_\" alt=\"ilustraciones, im\u00e1genes clip art, dibujos animados e iconos de stock de se\u00f1al de tr\u00e1nsito - orientadpr\" width=\"220\" height=\"220\" \/><\/p>\n<p dir=\"ltr\">El SOAC s\u2019implementa a Ripoll arran del desplegament en cinc municipis catalans d\u2019un pla pilot del Departament d\u2019Educaci\u00f3 emmarcat dintre dels Plans Educatius d\u2019Entorn (PEE). Els PEE s\u00f3n un acord de col\u00b7laboraci\u00f3 entre l\u2019Ajuntament i el Departament d\u2019Educaci\u00f3 amb l\u2019objectiu d\u2019assolir l\u2019\u00e8xit educatiu de tot l\u2019alumnat des de la conviv\u00e8ncia i la cohesi\u00f3 social.<\/p>\n<p dir=\"ltr\">El SOAC \u00e9s un element m\u00e9s d\u2019aquesta refor\u00e7 tenint com a objectiu principal complementar l\u2019orientaci\u00f3 i acompanyament que porten a terme els centres a trav\u00e9s de l\u2019acci\u00f3 tutorial i col\u00b7laborar amb la que l\u2019Equip d\u2019Atenci\u00f3 Psicopedag\u00f2gica (EAP) dels Serveis Educatius fa amb aquells alumnes m\u00e9s vulnerables i amb necessitats educatives m\u00e9s espec\u00edfiques.<\/p>\n<p dir=\"ltr\">El SOAC permet ampliar aquesta atenci\u00f3 m\u00e9s enll\u00e0 de l\u2019etapa obligat\u00f2ria i oferir un seguiment d\u2019aquell alumnat que per les seves caracter\u00edstiques personals presenta un major risc de frac\u00e0s educatiu si no se li ofereix un suport m\u00e9s continuat.<\/p>\n<p dir=\"ltr\">Servei d\u2019Orientaci\u00f3 d\u2019\u00e0mbit Comunitari, vol contribuir a la millora de les condicions d\u2019escolaritzaci\u00f3 i a l\u2019\u00e8xit educatiu escolar, mitjan\u00e7ant l\u2019orientaci\u00f3 i l\u2019acompanyament des d\u2019una perspectiva comunitaria, treballant conjuntament amb diferents agents del municipi.<\/p>\n<p dir=\"ltr\">Els objectius generals del SOAC s\u00f3n:<\/p>\n<ul>\n<li dir=\"ltr\">\n<div>Millorar les expectatives d&#8217;\u00e8xit educatiu d&#8217; aquells\/es joves que un cop acabada l&#8217; etapa obligat\u00f2ria no han graduat o es troben en risc d&#8217;abandonament<\/div>\n<\/li>\n<li dir=\"ltr\">\n<div>Facilitar la construcci\u00f3 d\u2019itineraris formatius personalitzats que connecti els aprenentatges formals i no formals<\/div>\n<\/li>\n<li dir=\"ltr\">\n<div>Contribuir a reduir la segregaci\u00f3 escolar i minimitzar els seus riscos<\/div>\n<\/li>\n<li dir=\"ltr\">\n<div>Contribuir a evitar l&#8217; absentisme i l&#8217; abandonament escolar prematur.<\/div>\n<\/li>\n<li dir=\"ltr\">\n<div>Col\u00b7laborar a la detecci\u00f3 preco\u00e7 de les necessitats educatives i les situacions de risc o vulnerabilitat<\/div>\n<\/li>\n<li dir=\"ltr\">\n<div><span style=\"font-family: inherit; font-size: 1em;\">Promoure l\u2019 escolaritzaci\u00f3 0-3 i els espais familiars.<\/span><\/div>\n<\/li>\n<\/ul>\n<p style=\"font-family: 'Helvetica Neue', Helvetica, Helvetica, Arial, sans-serif; font-size: 16px;\"><img loading=\"lazy\" decoding=\"async\" class=\"CToWUd a6T alignright\" tabindex=\"0\" src=\"https:\/\/lh5.googleusercontent.com\/p5lnWHY2SnOAufF3fTq_UD-gsgi8D4SS0CxrFJFSo0Cb_IeTc5l3MLiE1gnhQU24MvlHXqoRZj7WgkgW_4L4AEtHea3nsdU-uEzsKG_li3cdAewBRqPOe_XYQYUz9mnoj2cn2udQ\" alt=\"D:\\Users\\37737727v\\Desktop\\SOAC_DIPUTACIO\\materials\\imatges\\binding_help_fond_hands_adult_kids-807612.jpg!s\" width=\"209\" height=\"139\" \/><\/p>\n<p>&nbsp;<\/p>\n<p dir=\"ltr\">QU\u00c8 OFERIM?<\/p>\n<ul>\n<li dir=\"ltr\">\n<p dir=\"ltr\" role=\"presentation\">Orientaci\u00f3 i acompanyament a l\u00b4alumnat, les seves fam\u00edlies i els\/les agents educatius en el proc\u00e9s de construcci\u00f3 de traject\u00f2ries personals, acad\u00e8miques i socials.<\/p>\n<\/li>\n<\/ul>\n<ul>\n<li dir=\"ltr\">\n<p dir=\"ltr\" role=\"presentation\">Col\u00b7laboraci\u00f3 en el seguiment de l\u00b4alumnat en risc d&#8217;abandonament i\/o absentisme escolar a trav\u00e9s d\u00b4accions de prevenci\u00f3, detecci\u00f3 i d&#8217;intervenci\u00f3 educativa.<\/p>\n<\/li>\n<li dir=\"ltr\">\n<p dir=\"ltr\" role=\"presentation\">Suport a les fam\u00edlies buscant refor\u00e7ar la seva tasca educadora i acompanyant-los en les diferents etapes educatives i de desenvolupament dels seus fills i filles.<\/p>\n<\/li>\n<li dir=\"ltr\">\n<p dir=\"ltr\" role=\"presentation\">Suport a l\u2019alumnat en accions de retorn al sistema educatiu: difusi\u00f3 proves lliures, proves d\u2019acc\u00e9s, ensenyaments d\u2019adults..<\/p>\n<\/li>\n<li dir=\"ltr\">\n<p dir=\"ltr\" role=\"presentation\">Suport a l\u2019alumnat en homologacions d\u2019estudis<\/p>\n<\/li>\n<li dir=\"ltr\">\n<p dir=\"ltr\" role=\"presentation\">Suport a l&#8217;alumnat i fam\u00edlies en els processos de preinscripci\u00f3, matr\u00edcula i sol\u00b7licitud de beques d\u2019estudis postobligatoris<\/p>\n<\/li>\n<\/ul>\n<p><img decoding=\"async\" src=\"https:\/\/serveiseducatius.xtec.cat\/baixllobregat8\/wp-content\/uploads\/usu777\/2019\/10\/SOAC.png\" \/><\/p>\n<p dir=\"ltr\">A QUI ENS DIRIGIM ?<\/p>\n<p dir=\"ltr\">A fam\u00edlies, alumnat des dels 0 fins als 20 anys, professionals educatius, entitats i associacions.<\/p>\n<p dir=\"ltr\">Per ser atesos al SOAC , demaneu cita pr\u00e8via a trav\u00e9s dels seg\u00fcents canals:<\/p>\n<p dir=\"ltr\">Tel\u00e8fon: <strong>633070357<\/strong><\/p>\n<p dir=\"ltr\">Correu electr\u00f2nic: <strong>Gemma Sau<\/strong>\u00a0<a href=\"orientacioeducativa@ajripoll.cat\"> orientacioeducativa@ajripoll.cat\u00a0<\/a><\/p>\n<p dir=\"ltr\">Us atendrem presencialment a l\u2019Espai Jove El Galliner .<\/p>\n<p><img loading=\"lazy\" decoding=\"async\" class=\"CToWUd a6T alignleft\" tabindex=\"0\" src=\"https:\/\/lh5.googleusercontent.com\/fx6qfeVN1oiAWz-fDwaeuLkw5moFrLwci531jDPP6qL_-mhL1OyLa8-AaSu6R4yr7qnT1e2956cGXiG3bpe1Xno47brD0RQJk3PO6zM7h76VG-EvapFJulh5k1KHgpiMqmA3mkzf\" alt=\"Key, Lock, Rustic, Door, Red\" width=\"214\" height=\"285\" \/><\/p>\n<p>&nbsp;<\/p>\n<p>&nbsp;<\/p>\n<p>&nbsp;<\/p>\n","protected":false},"excerpt":{"rendered":"<p>EL Servei d\u2019Orientaci\u00f3 d&#8217;\u00c0mbit Comunitari El SOAC s\u2019implementa a Ripoll arran del desplegament en cinc municipis catalans d\u2019un pla pilot [&hellip;]<\/p>\n","protected":false},"author":1,"featured_media":0,"parent":0,"menu_order":0,"comment_status":"closed","ping_status":"closed","template":"","meta":{"_bbp_topic_count":0,"_bbp_reply_count":0,"_bbp_total_topic_count":0,"_bbp_total_reply_count":0,"_bbp_voice_count":0,"_bbp_anonymous_reply_count":0,"_bbp_topic_count_hidden":0,"_bbp_reply_count_hidden":0,"_bbp_forum_subforum_count":0,"site-sidebar-layout":"default","site-content-layout":"","ast-site-content-layout":"","site-content-style":"default","site-sidebar-style":"default","ast-global-header-display":"","ast-banner-title-visibility":"","ast-main-header-display":"","ast-hfb-above-header-display":"","ast-hfb-below-header-display":"","ast-hfb-mobile-header-display":"","site-post-title":"","ast-breadcrumbs-content":"","ast-featured-img":"","footer-sml-layout":"","theme-transparent-header-meta":"","adv-header-id-meta":"","stick-header-meta":"","header-above-stick-meta":"","header-main-stick-meta":"","header-below-stick-meta":"","astra-migrate-meta-layouts":"default","ast-page-background-enabled":"default","ast-page-background-meta":{"desktop":{"background-color":"var(--ast-global-color-4)","background-image":"","background-repeat":"repeat","background-position":"center center","background-size":"auto","background-attachment":"scroll","background-type":"","background-media":"","overlay-type":"","overlay-color":"","overlay-opacity":"","overlay-gradient":""},"tablet":{"background-color":"","background-image":"","background-repeat":"repeat","background-position":"center center","background-size":"auto","background-attachment":"scroll","background-type":"","background-media":"","overlay-type":"","overlay-color":"","overlay-opacity":"","overlay-gradient":""},"mobile":{"background-color":"","background-image":"","background-repeat":"repeat","background-position":"center center","background-size":"auto","background-attachment":"scroll","background-type":"","background-media":"","overlay-type":"","overlay-color":"","overlay-opacity":"","overlay-gradient":""}},"ast-content-background-meta":{"desktop":{"background-color":"var(--ast-global-color-5)","background-image":"","background-repeat":"repeat","background-position":"center center","background-size":"auto","background-attachment":"scroll","background-type":"","background-media":"","overlay-type":"","overlay-color":"","overlay-opacity":"","overlay-gradient":""},"tablet":{"background-color":"var(--ast-global-color-5)","background-image":"","background-repeat":"repeat","background-position":"center center","background-size":"auto","background-attachment":"scroll","background-type":"","background-media":"","overlay-type":"","overlay-color":"","overlay-opacity":"","overlay-gradient":""},"mobile":{"background-color":"var(--ast-global-color-5)","background-image":"","background-repeat":"repeat","background-position":"center center","background-size":"auto","background-attachment":"scroll","background-type":"","background-media":"","overlay-type":"","overlay-color":"","overlay-opacity":"","overlay-gradient":""}},"footnotes":""},"class_list":["post-12987","page","type-page","status-publish","hentry"],"post_mailing_queue_ids":[],"_links":{"self":[{"href":"https:\/\/serveiseducatius.xtec.cat\/ripolles\/wp-json\/wp\/v2\/pages\/12987","targetHints":{"allow":["GET"]}}],"collection":[{"href":"https:\/\/serveiseducatius.xtec.cat\/ripolles\/wp-json\/wp\/v2\/pages"}],"about":[{"href":"https:\/\/serveiseducatius.xtec.cat\/ripolles\/wp-json\/wp\/v2\/types\/page"}],"author":[{"embeddable":true,"href":"https:\/\/serveiseducatius.xtec.cat\/ripolles\/wp-json\/wp\/v2\/users\/1"}],"replies":[{"embeddable":true,"href":"https:\/\/serveiseducatius.xtec.cat\/ripolles\/wp-json\/wp\/v2\/comments?post=12987"}],"version-history":[{"count":5,"href":"https:\/\/serveiseducatius.xtec.cat\/ripolles\/wp-json\/wp\/v2\/pages\/12987\/revisions"}],"predecessor-version":[{"id":15126,"href":"https:\/\/serveiseducatius.xtec.cat\/ripolles\/wp-json\/wp\/v2\/pages\/12987\/revisions\/15126"}],"wp:attachment":[{"href":"https:\/\/serveiseducatius.xtec.cat\/ripolles\/wp-json\/wp\/v2\/media?parent=12987"}],"curies":[{"name":"wp","href":"https:\/\/api.w.org\/{rel}","templated":true}]}}