{"id":8837,"date":"2018-03-01T12:23:59","date_gmt":"2018-03-01T11:23:59","guid":{"rendered":"http:\/\/serveiseducatius.xtec.cat\/riberadebre\/?page_id=8837"},"modified":"2025-12-17T12:15:27","modified_gmt":"2025-12-17T11:15:27","slug":"riu-ebre","status":"publish","type":"page","link":"https:\/\/serveiseducatius.xtec.cat\/riberadebre\/comunitat\/riu-ebre\/","title":{"rendered":"RIU EBRE"},"content":{"rendered":"<table style=\"width: 950px;\">\n<tbody>\n<tr style=\"height: 34px;\">\n<td style=\"width: 477px; height: 34px;\" colspan=\"2\"><a href=\"http:\/\/serveiseducatius.xtec.cat\/riberadebre\/wp-content\/uploads\/usu1126\/2018\/03\/Lo-Riu-Ebre-.jpg\"><img loading=\"lazy\" decoding=\"async\" class=\"wp-image-8838 aligncenter\" src=\"http:\/\/serveiseducatius.xtec.cat\/riberadebre\/wp-content\/uploads\/usu1126\/2018\/03\/Lo-Riu-Ebre-.jpg\" alt=\"\" width=\"478\" height=\"222\" srcset=\"https:\/\/serveiseducatius.xtec.cat\/riberadebre\/wp-content\/uploads\/usu1126\/2018\/03\/Lo-Riu-Ebre-.jpg 720w, https:\/\/serveiseducatius.xtec.cat\/riberadebre\/wp-content\/uploads\/usu1126\/2018\/03\/Lo-Riu-Ebre--300x139.jpg 300w\" sizes=\"auto, (max-width: 478px) 100vw, 478px\" \/><\/a><\/td>\n<\/tr>\n<tr style=\"height: 34px;\">\n<td style=\"width: 477px; height: 34px; text-align: center;\">\n<h4>RECURSOS DID\u00c0CTICS<\/h4>\n<p><strong>Audiovisuals<\/strong><\/p>\n<p><a href=\"https:\/\/www.youtube.com\/watch?v=qlhCw4-piiw\" target=\"_blank\" rel=\"noopener noreferrer\">Lo Riu Ebre 4K\u00a0<\/a><\/p>\n<p><a href=\"https:\/\/www.youtube.com\/watch?v=NbbD50xFnBs\" target=\"_blank\" rel=\"noopener noreferrer\">Documental\u00a0Parc Natural del Delta de l&#8217;Ebre<\/a><\/p>\n<p><a href=\"https:\/\/www.youtube.com\/watch?v=8gfAtDmk0nY\" target=\"_blank\" rel=\"noopener noreferrer\">Punts del Riu\u00a0Ebre<\/a><\/p>\n<p><a href=\"https:\/\/drive.google.com\/open?id=1u5I8t-4kko3tn1bYQOfvEIqGiH1KOgl-\" target=\"_blank\" rel=\"noopener noreferrer\">P\u00f2ster esp\u00e8cies del Riu<\/a><\/p>\n<p><strong>Literatura<\/strong><\/p>\n<p><a href=\"https:\/\/serveiseducatius.xtec.cat\/riberadebre\/portada\/maleta-de-contes-ebrencs\/\" target=\"_blank\" rel=\"noopener noreferrer\">Contes Ebrencs<\/a><\/p>\n<p><strong>Jocs i Aplicacions<\/strong><\/p>\n<p><a href=\"https:\/\/mapasinteractivos.didactalia.net\/ca\/comunitat\/mapasflashinteractivos\/recurs\/afluents-del-riu-ebre\/e06a7079-7ac5-436c-999c-9d81fab2773f\" target=\"_blank\" rel=\"noopener noreferrer\">Afluents de l&#8217;Ebre. Com \u00e9s diu?<\/a><\/p>\n<p><strong>Altres Fonts<\/strong><\/p>\n<p><a href=\"http:\/\/www.enciclopedia.cat\/EC-GEC-0023393.xml\" target=\"_blank\" rel=\"noopener noreferrer\">Enciclop\u00e8dia.cat<\/a><\/td>\n<td style=\"width: 465px; height: 34px; text-align: center;\">\n<h4>ENTORN DEL RIU<\/h4>\n<p><a href=\"http:\/\/www.ausdelta.com\/\" target=\"_blank\" rel=\"noopener noreferrer\">Aus del Delta<\/a><\/p>\n<p><a href=\"http:\/\/www.migratoebre.eu\/\" target=\"_blank\" rel=\"noopener noreferrer\">Peixos Migradors<\/a><\/p>\n<p><a href=\"http:\/\/serveiseducatius.xtec.cat\/eda-flix\/\" target=\"_blank\" rel=\"noopener noreferrer\">Entorn d&#8217;Aprenentatge de Sebes a Flix<\/a><\/p>\n<p><a href=\"http:\/\/www.catalunya.com\/parc-natural-del-delta-de-lebre-17-17004-1\" target=\"_blank\" rel=\"noopener noreferrer\">Parc Natural Delta de l&#8217;Ebre<\/a><\/p>\n<p><a href=\"http:\/\/www.ebre.com\/parc-natural-del-delta-de-l-ebre\/vegetacio-del-delta-de-l-ebre\/\" target=\"_blank\" rel=\"noopener noreferrer\">Vegetaci\u00f3 del Delta de l&#8217;Ebre<\/a><\/p>\n<p>&nbsp;<\/p>\n<p>&nbsp;<\/p>\n<p>&nbsp;<\/p>\n<p>&nbsp;<\/p>\n<p>&nbsp;<\/p>\n<p>&nbsp;<\/td>\n<\/tr>\n<tr style=\"height: 34px;\">\n<td style=\"width: 477px; height: 34px; text-align: center;\" colspan=\"2\"><a href=\"http:\/\/merli.xtec.cat\/merli\/ServletCerca?tipus=simple&amp;nivell=0&amp;ordenacio=&amp;direccio=&amp;novaCerca=si&amp;usuari=null&amp;userGeneric=&amp;nomUsuari=null&amp;cataleg=si&amp;textCerca=riu+ebre&amp;nivell_educatiu=-1&amp;area_curricular=-1\" target=\"_blank\" rel=\"noopener noreferrer\">Mediateca CRP<\/a><\/td>\n<\/tr>\n<\/tbody>\n<\/table>\n","protected":false},"excerpt":{"rendered":"<p>RECURSOS DID\u00c0CTICS Audiovisuals Lo Riu Ebre 4K\u00a0 Documental\u00a0Parc Natural del Delta de l&#8217;Ebre Punts del Riu\u00a0Ebre P\u00f2ster esp\u00e8cies del Riu Literatura Contes Ebrencs Jocs i Aplicacions Afluents de l&#8217;Ebre. Com \u00e9s diu? Altres Fonts Enciclop\u00e8dia.cat ENTORN DEL RIU Aus del Delta Peixos Migradors Entorn d&#8217;Aprenentatge de Sebes a Flix Parc Natural Delta de l&#8217;Ebre Vegetaci\u00f3 [&hellip;]<\/p>\n","protected":false},"author":1,"featured_media":0,"parent":341,"menu_order":0,"comment_status":"closed","ping_status":"closed","template":"","meta":{"_bbp_topic_count":0,"_bbp_reply_count":0,"_bbp_total_topic_count":0,"_bbp_total_reply_count":0,"_bbp_voice_count":0,"_bbp_anonymous_reply_count":0,"_bbp_topic_count_hidden":0,"_bbp_reply_count_hidden":0,"_bbp_forum_subforum_count":0,"site-sidebar-layout":"default","site-content-layout":"","ast-site-content-layout":"default","site-content-style":"default","site-sidebar-style":"default","ast-global-header-display":"","ast-banner-title-visibility":"","ast-main-header-display":"","ast-hfb-above-header-display":"","ast-hfb-below-header-display":"","ast-hfb-mobile-header-display":"","site-post-title":"","ast-breadcrumbs-content":"","ast-featured-img":"","footer-sml-layout":"","theme-transparent-header-meta":"default","adv-header-id-meta":"","stick-header-meta":"","header-above-stick-meta":"","header-main-stick-meta":"","header-below-stick-meta":"","astra-migrate-meta-layouts":"set","ast-page-background-enabled":"default","ast-page-background-meta":{"desktop":{"background-color":"var(--ast-global-color-4)","background-image":"","background-repeat":"repeat","background-position":"center center","background-size":"auto","background-attachment":"scroll","background-type":"","background-media":"","overlay-type":"","overlay-color":"","overlay-opacity":"","overlay-gradient":""},"tablet":{"background-color":"","background-image":"","background-repeat":"repeat","background-position":"center center","background-size":"auto","background-attachment":"scroll","background-type":"","background-media":"","overlay-type":"","overlay-color":"","overlay-opacity":"","overlay-gradient":""},"mobile":{"background-color":"","background-image":"","background-repeat":"repeat","background-position":"center center","background-size":"auto","background-attachment":"scroll","background-type":"","background-media":"","overlay-type":"","overlay-color":"","overlay-opacity":"","overlay-gradient":""}},"ast-content-background-meta":{"desktop":{"background-color":"var(--ast-global-color-5)","background-image":"","background-repeat":"repeat","background-position":"center center","background-size":"auto","background-attachment":"scroll","background-type":"","background-media":"","overlay-type":"","overlay-color":"","overlay-opacity":"","overlay-gradient":""},"tablet":{"background-color":"var(--ast-global-color-5)","background-image":"","background-repeat":"repeat","background-position":"center center","background-size":"auto","background-attachment":"scroll","background-type":"","background-media":"","overlay-type":"","overlay-color":"","overlay-opacity":"","overlay-gradient":""},"mobile":{"background-color":"var(--ast-global-color-5)","background-image":"","background-repeat":"repeat","background-position":"center center","background-size":"auto","background-attachment":"scroll","background-type":"","background-media":"","overlay-type":"","overlay-color":"","overlay-opacity":"","overlay-gradient":""}},"footnotes":""},"class_list":["post-8837","page","type-page","status-publish","hentry"],"post_mailing_queue_ids":[],"_links":{"self":[{"href":"https:\/\/serveiseducatius.xtec.cat\/riberadebre\/wp-json\/wp\/v2\/pages\/8837","targetHints":{"allow":["GET"]}}],"collection":[{"href":"https:\/\/serveiseducatius.xtec.cat\/riberadebre\/wp-json\/wp\/v2\/pages"}],"about":[{"href":"https:\/\/serveiseducatius.xtec.cat\/riberadebre\/wp-json\/wp\/v2\/types\/page"}],"author":[{"embeddable":true,"href":"https:\/\/serveiseducatius.xtec.cat\/riberadebre\/wp-json\/wp\/v2\/users\/1"}],"replies":[{"embeddable":true,"href":"https:\/\/serveiseducatius.xtec.cat\/riberadebre\/wp-json\/wp\/v2\/comments?post=8837"}],"version-history":[{"count":3,"href":"https:\/\/serveiseducatius.xtec.cat\/riberadebre\/wp-json\/wp\/v2\/pages\/8837\/revisions"}],"predecessor-version":[{"id":8867,"href":"https:\/\/serveiseducatius.xtec.cat\/riberadebre\/wp-json\/wp\/v2\/pages\/8837\/revisions\/8867"}],"up":[{"embeddable":true,"href":"https:\/\/serveiseducatius.xtec.cat\/riberadebre\/wp-json\/wp\/v2\/pages\/341"}],"wp:attachment":[{"href":"https:\/\/serveiseducatius.xtec.cat\/riberadebre\/wp-json\/wp\/v2\/media?parent=8837"}],"curies":[{"name":"wp","href":"https:\/\/api.w.org\/{rel}","templated":true}]}}