{"id":8451,"date":"2018-02-20T15:14:48","date_gmt":"2018-02-20T14:14:48","guid":{"rendered":"http:\/\/serveiseducatius.xtec.cat\/riberadebre\/?page_id=8451"},"modified":"2026-04-14T11:13:46","modified_gmt":"2026-04-14T09:13:46","slug":"maletes-crp-ribera-debre","status":"publish","type":"page","link":"https:\/\/serveiseducatius.xtec.cat\/riberadebre\/recursos\/maletes-crp-ribera-debre\/","title":{"rendered":"Maletes Pedag\u00f2giques al CRP Ribera d\u00b4Ebre"},"content":{"rendered":"<p><a href=\"https:\/\/serveiseducatius.xtec.cat\/riberadebre\/categoria\/recursos\/maletes-pedagogiques\/\">ARTICLES DE MALETES PEDAG\u00d2GIQUES<\/a><\/p>\n<h5><span style=\"color: #800000;\"><em><strong>&gt;&gt;&gt;&gt;Consulteu disponibilitat al CRP &gt;&gt;&gt;&gt;&gt;&gt;&gt;&gt;&gt;&gt;&gt;&gt;&gt;&gt;<\/strong><\/em><\/span><\/h5>\n<table style=\"width: 1077px; border-color: #000000; height: 41px;\">\n<tbody>\n<tr style=\"height: 3px;\">\n<td style=\"width: 260px; height: 10px; background-color: #f2f2f2;\"><a href=\"https:\/\/serveiseducatius.xtec.cat\/riberadebre\/portada\/guia-didactica-leonardome\/\" target=\"_blank\" rel=\"noopener\">Minic\u00fapula Leonardome<\/a><\/p>\n<p><a href=\"https:\/\/serveiseducatius.xtec.cat\/riberadebre\/portada\/noves-minicupules-de-leonardo-en-prestec-al-crp\/\" target=\"_blank\" rel=\"noopener\">Jocs de taula Leonardome<\/a><\/p>\n<p><a href=\"https:\/\/serveiseducatius.xtec.cat\/riberadebre\/portada\/maleta-no-tescapis-de-la-industria\/\" target=\"_blank\" rel=\"noopener\">MALETA No t&#8217;escapis de la ind\u00fastria<\/a><\/p>\n<p style=\"text-align: left;\"><span style=\"color: #000000;\"><strong>\u00a0 \u00a0 \u00a0 \u00a0 \u00a0 MALETES DE CI\u00c8NCIA<\/strong><\/span><\/p>\n<p style=\"text-align: center;\"><a href=\"https:\/\/drive.google.com\/open?id=1TrkRJyXsNk1u2Wh9lQSVwIfryG1RUkVk\" target=\"_blank\" rel=\"noopener noreferrer\">De l&#8217;hort a casa.<\/a><\/p>\n<p style=\"text-align: center;\"><a href=\"https:\/\/drive.google.com\/open?id=1-VBEK_sdbq_7fGZ31iV5Y__L9pcsXqG-\" target=\"_blank\" rel=\"noopener noreferrer\">Planetario CEFA i Miniland<\/a><\/p>\n<p style=\"text-align: center;\"><a href=\"http:\/\/www.xct.cat\/news\/ca\/2013\/04\/04\/0010\/material-educatiu-els-altres-veins-biodiversitat-urbana\" target=\"_blank\" rel=\"noopener noreferrer\">Els altres Ve\u00efns. Biodiversitat.<\/a><\/p>\n<p style=\"text-align: center;\"><a href=\"https:\/\/drive.google.com\/open?id=1ChsJ0rTovAAnGPp1xGKytzlxlDImCOtl\" target=\"_blank\" rel=\"noopener noreferrer\">Jugar a definir la Ci\u00e8ncia<\/a><\/p>\n<p style=\"text-align: center;\"><a href=\"https:\/\/drive.google.com\/open?id=1OsEQbqltXewIXL8xwOQORw1-qPlHxjxl\">Apqua<\/a><\/p>\n<p style=\"text-align: center;\"><a href=\"https:\/\/drive.google.com\/open?id=1UFxArrDg2Vp31fmYyIa_lOrborPU0FQS\" target=\"_blank\" rel=\"noopener noreferrer\">Jocs matem\u00e0tics. ( Mesura i Fraccions)<\/a><\/p>\n<p style=\"text-align: center;\"><a href=\"https:\/\/serveiseducatius.xtec.cat\/riberadebre\/general\/kit-esero-deteccio-exoplanetes\/\" target=\"_blank\" rel=\"noopener noreferrer\">Kit ESERO Cesire<\/a>\u00a0<a href=\"https:\/\/serveiseducatius.xtec.cat\/riberadebre\/wp-content\/uploads\/usu1126\/2021\/03\/kit-esero2-min.jpg\"><img loading=\"lazy\" decoding=\"async\" class=\"wp-image-13285 aligncenter\" src=\"https:\/\/serveiseducatius.xtec.cat\/riberadebre\/wp-content\/uploads\/usu1126\/2021\/03\/kit-esero2-min-1024x768.jpg\" alt=\"\" width=\"108\" height=\"81\" srcset=\"https:\/\/serveiseducatius.xtec.cat\/riberadebre\/wp-content\/uploads\/usu1126\/2021\/03\/kit-esero2-min-1024x768.jpg 1024w, https:\/\/serveiseducatius.xtec.cat\/riberadebre\/wp-content\/uploads\/usu1126\/2021\/03\/kit-esero2-min-300x225.jpg 300w, https:\/\/serveiseducatius.xtec.cat\/riberadebre\/wp-content\/uploads\/usu1126\/2021\/03\/kit-esero2-min-768x576.jpg 768w, https:\/\/serveiseducatius.xtec.cat\/riberadebre\/wp-content\/uploads\/usu1126\/2021\/03\/kit-esero2-min-200x150.jpg 200w\" sizes=\"auto, (max-width: 108px) 100vw, 108px\" \/><\/a><\/p>\n<p style=\"text-align: center;\"><span style=\"color: #000000;\"><strong>MALETES MEDIAMBIENTALS<\/strong><\/span><\/p>\n<p><a href=\"https:\/\/serveiseducatius.xtec.cat\/riberadebre\/portada\/maleta-verda-en-prestec-al-crp\/\" target=\"_blank\" rel=\"noopener\">Maleta verda-LIJ mediambient<\/a><\/p>\n<p><a href=\"https:\/\/serveiseducatius.xtec.cat\/riberadebre\/portada\/kit-correcull-recollida-de-residus-entorn-prestec-crp\/\">Kit Correcull<\/a><\/td>\n<td style=\"width: 270px; height: 10px;\">\n<p style=\"text-align: center;\"><strong>MALETES D&#8217;ARTS<\/strong><\/p>\n<p style=\"text-align: center;\"><strong><a href=\"https:\/\/serveiseducatius.xtec.cat\/riberadebre\/general\/maleta-de-musica\/\" target=\"_blank\" rel=\"noopener noreferrer\">MALETA DE M\u00daSICA<\/a>\u00a0<\/strong><\/p>\n<p><a href=\"https:\/\/serveiseducatius.xtec.cat\/riberadebre\/wp-content\/uploads\/usu1126\/2021\/03\/m\u00fasica3.jpg\"><img loading=\"lazy\" decoding=\"async\" class=\"wp-image-13317 aligncenter\" src=\"https:\/\/serveiseducatius.xtec.cat\/riberadebre\/wp-content\/uploads\/usu1126\/2021\/03\/m\u00fasica3-1024x768.jpg\" alt=\"\" width=\"137\" height=\"102\" srcset=\"https:\/\/serveiseducatius.xtec.cat\/riberadebre\/wp-content\/uploads\/usu1126\/2021\/03\/m\u00fasica3-1024x768.jpg 1024w, https:\/\/serveiseducatius.xtec.cat\/riberadebre\/wp-content\/uploads\/usu1126\/2021\/03\/m\u00fasica3-300x225.jpg 300w, https:\/\/serveiseducatius.xtec.cat\/riberadebre\/wp-content\/uploads\/usu1126\/2021\/03\/m\u00fasica3-768x576.jpg 768w, https:\/\/serveiseducatius.xtec.cat\/riberadebre\/wp-content\/uploads\/usu1126\/2021\/03\/m\u00fasica3-200x150.jpg 200w\" sizes=\"auto, (max-width: 137px) 100vw, 137px\" \/><\/a><\/p>\n<p>&nbsp;<\/p>\n<p><a href=\"https:\/\/serveiseducatius.xtec.cat\/riberadebre\/general\/novetat-en-prestec-tubs-de-percussio-boomwhakers-musica-i-moviment\/\"><strong>\u00a0 \u00a0 \u00a0 \u00a0 \u00a0 \u00a0 \u00a0BOOMWHACKERS<\/strong><\/a><\/p>\n<p style=\"text-align: center;\"><a href=\"https:\/\/drive.google.com\/open?id=1eeqzrnc9w-voiB-NbBuRYop4vXfh9Kfg\" target=\"_blank\" rel=\"noopener noreferrer\">Lecto Pentagrama<\/a><\/p>\n<p style=\"text-align: center;\"><strong>MALETES DE LECTURA<\/strong><\/p>\n<p style=\"text-align: center;\"><a href=\"http:\/\/blocs.xtec.cat\/bibliotequesescolarsriberadebre\/maletes-lij\/\" target=\"_blank\" rel=\"noopener noreferrer\">Enlla\u00e7 al Blog de Biblioteques<\/a><\/p>\n<p style=\"text-align: center;\"><a href=\"https:\/\/serveiseducatius.xtec.cat\/riberadebre\/general\/maleta-angles-1-la-maleta-dels-petits\/\" target=\"_blank\" rel=\"noopener noreferrer\">Maleta ANGL\u00c8S 1\u00a0<\/a><\/p>\n<p><a href=\"https:\/\/serveiseducatius.xtec.cat\/riberadebre\/wp-content\/uploads\/usu1126\/2020\/02\/maleta-angl\u00e8s1.jpg\"><img loading=\"lazy\" decoding=\"async\" class=\"wp-image-11013 aligncenter\" src=\"https:\/\/serveiseducatius.xtec.cat\/riberadebre\/wp-content\/uploads\/usu1126\/2020\/02\/maleta-angl\u00e8s1-768x1024.jpg\" alt=\"\" width=\"98\" height=\"131\" srcset=\"https:\/\/serveiseducatius.xtec.cat\/riberadebre\/wp-content\/uploads\/usu1126\/2020\/02\/maleta-angl\u00e8s1-768x1024.jpg 768w, https:\/\/serveiseducatius.xtec.cat\/riberadebre\/wp-content\/uploads\/usu1126\/2020\/02\/maleta-angl\u00e8s1-225x300.jpg 225w\" sizes=\"auto, (max-width: 98px) 100vw, 98px\" \/><\/a><\/p>\n<p style=\"text-align: center;\"><a href=\"https:\/\/serveiseducatius.xtec.cat\/riberadebre\/general\/maleta-de-poesia\/\" target=\"_blank\" rel=\"noopener noreferrer\">Maleta de Poesia<\/a><a href=\"https:\/\/serveiseducatius.xtec.cat\/riberadebre\/wp-content\/uploads\/usu1126\/2021\/02\/IMG_20210217_103013.jpg\"><img loading=\"lazy\" decoding=\"async\" class=\"wp-image-13184 aligncenter\" src=\"https:\/\/serveiseducatius.xtec.cat\/riberadebre\/wp-content\/uploads\/usu1126\/2021\/02\/IMG_20210217_103013-1024x768.jpg\" alt=\"\" width=\"120\" height=\"90\" srcset=\"https:\/\/serveiseducatius.xtec.cat\/riberadebre\/wp-content\/uploads\/usu1126\/2021\/02\/IMG_20210217_103013-1024x768.jpg 1024w, https:\/\/serveiseducatius.xtec.cat\/riberadebre\/wp-content\/uploads\/usu1126\/2021\/02\/IMG_20210217_103013-300x225.jpg 300w, https:\/\/serveiseducatius.xtec.cat\/riberadebre\/wp-content\/uploads\/usu1126\/2021\/02\/IMG_20210217_103013-768x576.jpg 768w, https:\/\/serveiseducatius.xtec.cat\/riberadebre\/wp-content\/uploads\/usu1126\/2021\/02\/IMG_20210217_103013-200x150.jpg 200w\" sizes=\"auto, (max-width: 120px) 100vw, 120px\" \/><\/a><\/p>\n<p>\u00a0 \u00a0 \u00a0 \u00a0 \u00a0 \u00a0 \u00a0 \u00a0 \u00a0 \u00a0 \u00a0 BIBLIOCAB\u00c0S<\/td>\n<td style=\"width: 283px; height: 10px; background-color: #f2f2f2; text-align: center;\"><span style=\"color: #000000;\"><strong>MALETES DE VALORS<\/strong><\/span><\/p>\n<p><a href=\"https:\/\/serveiseducatius.xtec.cat\/riberadebre\/general\/kit-caixa-valors\/\" target=\"_blank\" rel=\"noopener noreferrer\">Kits Caixa Valors<\/a><\/p>\n<p><a href=\"http:\/\/www.xtec.cat\/crp-elprat\/caixes\/muntem.htm\" target=\"_blank\" rel=\"noopener noreferrer\">Muntem el nostre poble<\/a><\/p>\n<p><a href=\"http:\/\/www.edu365.cat\/nobadis\/\">No badis! Prevenci\u00f3<\/a><\/p>\n<p><a href=\"http:\/\/www.xtec.cat\/serveis\/crp\/a8901113\/mediateca\/culturapau.htm\" target=\"_blank\" rel=\"noopener noreferrer\">Maleta de la Pau<\/a><\/p>\n<p><a href=\"https:\/\/drive.google.com\/open?id=1SdD0ct0Ogm4FLCR8sOOn4wA-aXop4uyB\" target=\"_blank\" rel=\"noopener noreferrer\">Viure a les ciutats hist\u00f2riques<\/a><\/p>\n<p><a href=\"http:\/\/www.mapasonor.com\/mapasonor\/Oides_Mediterranies.html\" target=\"_blank\" rel=\"noopener noreferrer\">O\u00efdes Mediterr\u00e0nies<\/a><\/p>\n<p><strong>MALETES COEDUCATIVES<\/strong><\/p>\n<p><a href=\"https:\/\/serveiseducatius.xtec.cat\/riberadebre\/portada\/maleta-de-contes-coeducatius-del-consell-comarcal\/\" target=\"_blank\" rel=\"noopener noreferrer\">Maleta coeducativa 1 Consell Comarcal<\/a><\/p>\n<p><a href=\"https:\/\/serveiseducatius.xtec.cat\/riberadebre\/general\/maleta-coeducativa-2-nou-recurs\/\" target=\"_blank\" rel=\"noopener noreferrer\">Maleta coeducativa 2 Consell Comarcal<\/a><\/p>\n<p><a href=\"https:\/\/serveiseducatius.xtec.cat\/riberadebre\/general\/maleta-coeducativa-3-coeducat\/\" target=\"_blank\" rel=\"noopener noreferrer\">Maleta coeducativa 3 Coeduca&#8217;t<\/a><\/p>\n<p><a href=\"https:\/\/serveiseducatius.xtec.cat\/riberadebre\/general\/maleta-coeducativa-4\/\" target=\"_blank\" rel=\"noopener noreferrer\">Maleta coeducativa 4 Coeduca&#8217;t<\/a><\/p>\n<p><a href=\"https:\/\/serveiseducatius.xtec.cat\/riberadebre\/wp-content\/uploads\/usu1126\/2019\/12\/maleta-coeducativa2.jpg\"><img loading=\"lazy\" decoding=\"async\" class=\"alignnone wp-image-10834\" src=\"https:\/\/serveiseducatius.xtec.cat\/riberadebre\/wp-content\/uploads\/usu1126\/2019\/12\/maleta-coeducativa2-768x1024.jpg\" alt=\"\" width=\"102\" height=\"136\" srcset=\"https:\/\/serveiseducatius.xtec.cat\/riberadebre\/wp-content\/uploads\/usu1126\/2019\/12\/maleta-coeducativa2-768x1024.jpg 768w, https:\/\/serveiseducatius.xtec.cat\/riberadebre\/wp-content\/uploads\/usu1126\/2019\/12\/maleta-coeducativa2-225x300.jpg 225w\" sizes=\"auto, (max-width: 102px) 100vw, 102px\" \/><\/a><\/td>\n<td style=\"width: 252px; background-color: #f2f2f2; text-align: center; height: 10px;\">&nbsp;<\/p>\n<p><strong>LABORATORI DE MATEM\u00c0TIQUES<\/strong><\/p>\n<p><a href=\"https:\/\/serveiseducatius.xtec.cat\/riberadebre\/portada\/maleta-laboratori-de-matematiques\/\" target=\"_blank\" rel=\"noopener noreferrer\">Maleta de matem\u00e0tiques\u00a0<\/a><\/p>\n<p><a href=\"https:\/\/serveiseducatius.xtec.cat\/riberadebre\/wp-content\/uploads\/usu1126\/2020\/09\/IMG_20200915_110922-1.jpg\"><img loading=\"lazy\" decoding=\"async\" class=\"wp-image-12227 aligncenter\" src=\"https:\/\/serveiseducatius.xtec.cat\/riberadebre\/wp-content\/uploads\/usu1126\/2020\/09\/IMG_20200915_110922-1-768x1024.jpg\" alt=\"\" width=\"98\" height=\"130\" srcset=\"https:\/\/serveiseducatius.xtec.cat\/riberadebre\/wp-content\/uploads\/usu1126\/2020\/09\/IMG_20200915_110922-1-768x1024.jpg 768w, https:\/\/serveiseducatius.xtec.cat\/riberadebre\/wp-content\/uploads\/usu1126\/2020\/09\/IMG_20200915_110922-1-225x300.jpg 225w\" sizes=\"auto, (max-width: 98px) 100vw, 98px\" \/><\/a><\/p>\n<p>&nbsp;<\/p>\n<p>&nbsp;<\/p>\n<p style=\"text-align: center;\">\u00a0<strong>ALTRES MALETES<\/strong><\/p>\n<p style=\"text-align: center;\">\u00a0<a href=\"http:\/\/merli.xtec.cat\/merli\/cerca\/directoriInicial.jsp\" target=\"_blank\" rel=\"noopener noreferrer\">( XtecMerl\u00ed )<\/a><\/p>\n<p>&nbsp;<\/td>\n<\/tr>\n<tr style=\"height: 31px;\">\n<td style=\"width: 260px; height: 31px;\">\n<p style=\"text-align: center;\"><strong>MALETA DE SUPORT VITAL<\/strong><\/p>\n<p style=\"text-align: center;\"><a href=\"https:\/\/serveiseducatius.xtec.cat\/riberadebre\/portada\/maleta-suport-vital-basic\/\" target=\"_blank\" rel=\"noopener noreferrer\">Maleta de Suport Vital B\u00e0sic+DEA<\/a><\/p>\n<p><a href=\"https:\/\/serveiseducatius.xtec.cat\/riberadebre\/wp-content\/uploads\/usu1126\/2018\/10\/IMG_20181016_102013.jpg\"><img loading=\"lazy\" decoding=\"async\" class=\"wp-image-9550 aligncenter\" src=\"https:\/\/serveiseducatius.xtec.cat\/riberadebre\/wp-content\/uploads\/usu1126\/2018\/10\/IMG_20181016_102013-1024x768.jpg\" alt=\"\" width=\"105\" height=\"79\" srcset=\"https:\/\/serveiseducatius.xtec.cat\/riberadebre\/wp-content\/uploads\/usu1126\/2018\/10\/IMG_20181016_102013-1024x768.jpg 1024w, https:\/\/serveiseducatius.xtec.cat\/riberadebre\/wp-content\/uploads\/usu1126\/2018\/10\/IMG_20181016_102013-300x225.jpg 300w, https:\/\/serveiseducatius.xtec.cat\/riberadebre\/wp-content\/uploads\/usu1126\/2018\/10\/IMG_20181016_102013-768x576.jpg 768w, https:\/\/serveiseducatius.xtec.cat\/riberadebre\/wp-content\/uploads\/usu1126\/2018\/10\/IMG_20181016_102013-200x150.jpg 200w\" sizes=\"auto, (max-width: 105px) 100vw, 105px\" \/><\/a><\/td>\n<td style=\"width: 270px; height: 31px; background-color: #f2f2f2;\">\n<p style=\"text-align: center;\"><strong>MALETES EMOCIONS<\/strong><\/p>\n<p style=\"text-align: center;\"><a href=\"https:\/\/serveiseducatius.xtec.cat\/riberadebre\/general\/nova-maleta-benestar-emocional-gestionem-les-emocions\/\" target=\"_blank\" rel=\"noopener\">Maleta Gestionem les Emocions<\/a><\/p>\n<p style=\"text-align: center;\"><a href=\"https:\/\/serveiseducatius.xtec.cat\/riberadebre\/portada\/maleta-de-les-emocions-petits\/\" target=\"_blank\" rel=\"noopener noreferrer\">Maleta Emocions Petits Coeduca&#8217;t<\/a><\/p>\n<p style=\"text-align: center;\"><a href=\"https:\/\/serveiseducatius.xtec.cat\/riberadebre\/general\/maleta-de-les-emocions-grans\/\">Maleta Emocions Grans Coeduca&#8217;t<\/a><\/p>\n<p style=\"text-align: center;\"><a href=\"https:\/\/serveiseducatius.xtec.cat\/riberadebre\/wp-content\/uploads\/usu1126\/2020\/10\/MALETA-DE-LES-EMOCIONS-Petit-1-1.jpg\"><img loading=\"lazy\" decoding=\"async\" class=\"alignnone wp-image-12413\" src=\"https:\/\/serveiseducatius.xtec.cat\/riberadebre\/wp-content\/uploads\/usu1126\/2020\/10\/MALETA-DE-LES-EMOCIONS-Petit-1-1-724x1024.jpg\" alt=\"\" width=\"75\" height=\"106\" srcset=\"https:\/\/serveiseducatius.xtec.cat\/riberadebre\/wp-content\/uploads\/usu1126\/2020\/10\/MALETA-DE-LES-EMOCIONS-Petit-1-1-724x1024.jpg 724w, https:\/\/serveiseducatius.xtec.cat\/riberadebre\/wp-content\/uploads\/usu1126\/2020\/10\/MALETA-DE-LES-EMOCIONS-Petit-1-1-212x300.jpg 212w, https:\/\/serveiseducatius.xtec.cat\/riberadebre\/wp-content\/uploads\/usu1126\/2020\/10\/MALETA-DE-LES-EMOCIONS-Petit-1-1-768x1086.jpg 768w, https:\/\/serveiseducatius.xtec.cat\/riberadebre\/wp-content\/uploads\/usu1126\/2020\/10\/MALETA-DE-LES-EMOCIONS-Petit-1-1.jpg 1587w\" sizes=\"auto, (max-width: 75px) 100vw, 75px\" \/><\/a><a href=\"https:\/\/serveiseducatius.xtec.cat\/riberadebre\/wp-content\/uploads\/usu1126\/2020\/10\/MALETA-EMOCIONS-GRANS.jpg\"> \u00a0 <img loading=\"lazy\" decoding=\"async\" class=\"alignnone wp-image-12420\" src=\"https:\/\/serveiseducatius.xtec.cat\/riberadebre\/wp-content\/uploads\/usu1126\/2020\/10\/MALETA-EMOCIONS-GRANS-724x1024.jpg\" alt=\"\" width=\"72\" height=\"102\" srcset=\"https:\/\/serveiseducatius.xtec.cat\/riberadebre\/wp-content\/uploads\/usu1126\/2020\/10\/MALETA-EMOCIONS-GRANS-724x1024.jpg 724w, https:\/\/serveiseducatius.xtec.cat\/riberadebre\/wp-content\/uploads\/usu1126\/2020\/10\/MALETA-EMOCIONS-GRANS-212x300.jpg 212w, https:\/\/serveiseducatius.xtec.cat\/riberadebre\/wp-content\/uploads\/usu1126\/2020\/10\/MALETA-EMOCIONS-GRANS-768x1086.jpg 768w, https:\/\/serveiseducatius.xtec.cat\/riberadebre\/wp-content\/uploads\/usu1126\/2020\/10\/MALETA-EMOCIONS-GRANS.jpg 1587w\" sizes=\"auto, (max-width: 72px) 100vw, 72px\" \/><\/a><\/p>\n<p style=\"text-align: center;\">\u00a0 JOCS DE TAULA SOCIOEMOCIONAL<\/p>\n<\/td>\n<td style=\"width: 283px; height: 31px;\">\n<p style=\"text-align: center;\"><strong>MALETA TERRITORI<\/strong><\/p>\n<p style=\"text-align: center;\"><a href=\"http:\/\/www.ebredigital.cat\/societat\/2329-descobreix-les-terres-de-l-ebre-un-joc-de-taula-per-coneixer-el-territori\" target=\"_blank\" rel=\"noopener noreferrer\">Descobreix les Terres de l&#8217;Ebre<\/a><\/p>\n<p style=\"text-align: center;\"><a href=\"https:\/\/drive.google.com\/open?id=1YJG3_7vgy97qQ8NANBo8jlKVkz-wS82q\" target=\"_blank\" rel=\"noopener noreferrer\">Jocs tradicionals a l&#8217;aula<\/a><\/p>\n<p style=\"text-align: center;\"><a href=\"http:\/\/blocs.xtec.cat\/bibliotequesescolarsriberadebre\/maletes-lij\/maleta-de-contes-ebrencs\/\" target=\"_blank\" rel=\"noopener noreferrer\">Maleta Contes Ebrencs<\/a><\/p>\n<p>\u00a0 \u00a0 \u00a0 \u00a0 \u00a0 \u00a0 \u00a0 \u00a0 LIJ Ebrenca-riberenca<\/p>\n<p><a href=\"https:\/\/serveiseducatius.xtec.cat\/riberadebre\/wp-content\/uploads\/usu1126\/2018\/02\/IMG_20211103_142040-1-scaled.jpg\"><img loading=\"lazy\" decoding=\"async\" class=\"wp-image-14829 aligncenter\" src=\"https:\/\/serveiseducatius.xtec.cat\/riberadebre\/wp-content\/uploads\/usu1126\/2018\/02\/IMG_20211103_142040-1-768x1024.jpg\" alt=\"\" width=\"59\" height=\"78\" srcset=\"https:\/\/serveiseducatius.xtec.cat\/riberadebre\/wp-content\/uploads\/usu1126\/2018\/02\/IMG_20211103_142040-1-768x1024.jpg 768w, https:\/\/serveiseducatius.xtec.cat\/riberadebre\/wp-content\/uploads\/usu1126\/2018\/02\/IMG_20211103_142040-1-225x300.jpg 225w, https:\/\/serveiseducatius.xtec.cat\/riberadebre\/wp-content\/uploads\/usu1126\/2018\/02\/IMG_20211103_142040-1-1152x1536.jpg 1152w, https:\/\/serveiseducatius.xtec.cat\/riberadebre\/wp-content\/uploads\/usu1126\/2018\/02\/IMG_20211103_142040-1-1536x2048.jpg 1536w, https:\/\/serveiseducatius.xtec.cat\/riberadebre\/wp-content\/uploads\/usu1126\/2018\/02\/IMG_20211103_142040-1-scaled.jpg 1920w\" sizes=\"auto, (max-width: 59px) 100vw, 59px\" \/><\/a><\/td>\n<td style=\"width: 252px; height: 31px;\">\n<p style=\"text-align: center;\"><strong>MALETES DE ROB\u00d2TICA<\/strong><\/p>\n<p style=\"text-align: center;\"><a href=\"https:\/\/education.lego.com\/en-us\/support\/wedo-2\" target=\"_blank\" rel=\"noopener noreferrer\">Legos education WeDo 2.0<\/a><\/p>\n<p style=\"text-align: center;\"><a href=\"https:\/\/drive.google.com\/open?id=1I1nI1Ouwb4ABnjhjSKiBswAYLMczQB5v\" target=\"_blank\" rel=\"noopener noreferrer\">Bee-bot<\/a><\/p>\n<p style=\"text-align: center;\"><a href=\"https:\/\/serveiseducatius.xtec.cat\/riberadebre\/?p=10591&amp;preview=true\" target=\"_blank\" rel=\"noopener noreferrer\">Maleta\u00a0 EDISON<\/a><\/p>\n<p style=\"text-align: center;\"><a href=\"https:\/\/serveiseducatius.xtec.cat\/riberadebre\/general\/nou-recurs-robotica-robot-spike-lego-education\/\" target=\"_blank\" rel=\"noopener noreferrer\">Maleta SPIKE\u00a0<\/a><\/p>\n<p style=\"text-align: center;\">Maleta\u00a0 Micro:bit<a href=\"https:\/\/serveiseducatius.xtec.cat\/riberadebre\/wp-content\/uploads\/usu1126\/2019\/10\/Dossier-rob\u00f2tica.jpg\"><img loading=\"lazy\" decoding=\"async\" class=\"wp-image-10598 aligncenter\" src=\"https:\/\/serveiseducatius.xtec.cat\/riberadebre\/wp-content\/uploads\/usu1126\/2019\/10\/Dossier-rob\u00f2tica-724x1024.jpg\" alt=\"\" width=\"85\" height=\"120\" srcset=\"https:\/\/serveiseducatius.xtec.cat\/riberadebre\/wp-content\/uploads\/usu1126\/2019\/10\/Dossier-rob\u00f2tica-724x1024.jpg 724w, https:\/\/serveiseducatius.xtec.cat\/riberadebre\/wp-content\/uploads\/usu1126\/2019\/10\/Dossier-rob\u00f2tica-212x300.jpg 212w, https:\/\/serveiseducatius.xtec.cat\/riberadebre\/wp-content\/uploads\/usu1126\/2019\/10\/Dossier-rob\u00f2tica-768x1086.jpg 768w\" sizes=\"auto, (max-width: 85px) 100vw, 85px\" \/><\/a><\/p>\n<\/td>\n<\/tr>\n<\/tbody>\n<\/table>\n<p><!--a=1--><!--a=1--><\/p>\n","protected":false},"excerpt":{"rendered":"<p>ARTICLES DE MALETES PEDAG\u00d2GIQUES &gt;&gt;&gt;&gt;Consulteu disponibilitat al CRP &gt;&gt;&gt;&gt;&gt;&gt;&gt;&gt;&gt;&gt;&gt;&gt;&gt;&gt; Minic\u00fapula Leonardome Jocs de taula Leonardome MALETA No t&#8217;escapis de la ind\u00fastria \u00a0 \u00a0 \u00a0 \u00a0 \u00a0 MALETES DE CI\u00c8NCIA De l&#8217;hort a casa. Planetario CEFA i Miniland Els altres Ve\u00efns. Biodiversitat. Jugar a definir la Ci\u00e8ncia Apqua Jocs matem\u00e0tics. ( Mesura i Fraccions) Kit ESERO [&hellip;]<\/p>\n","protected":false},"author":1,"featured_media":0,"parent":906,"menu_order":0,"comment_status":"closed","ping_status":"closed","template":"","meta":{"_bbp_topic_count":0,"_bbp_reply_count":0,"_bbp_total_topic_count":0,"_bbp_total_reply_count":0,"_bbp_voice_count":0,"_bbp_anonymous_reply_count":0,"_bbp_topic_count_hidden":0,"_bbp_reply_count_hidden":0,"_bbp_forum_subforum_count":0,"site-sidebar-layout":"default","site-content-layout":"","ast-site-content-layout":"default","site-content-style":"default","site-sidebar-style":"default","ast-global-header-display":"","ast-banner-title-visibility":"","ast-main-header-display":"","ast-hfb-above-header-display":"","ast-hfb-below-header-display":"","ast-hfb-mobile-header-display":"","site-post-title":"","ast-breadcrumbs-content":"","ast-featured-img":"","footer-sml-layout":"","theme-transparent-header-meta":"default","adv-header-id-meta":"","stick-header-meta":"","header-above-stick-meta":"","header-main-stick-meta":"","header-below-stick-meta":"","astra-migrate-meta-layouts":"set","ast-page-background-enabled":"default","ast-page-background-meta":{"desktop":{"background-color":"var(--ast-global-color-4)","background-image":"","background-repeat":"repeat","background-position":"center center","background-size":"auto","background-attachment":"scroll","background-type":"","background-media":"","overlay-type":"","overlay-color":"","overlay-opacity":"","overlay-gradient":""},"tablet":{"background-color":"","background-image":"","background-repeat":"repeat","background-position":"center center","background-size":"auto","background-attachment":"scroll","background-type":"","background-media":"","overlay-type":"","overlay-color":"","overlay-opacity":"","overlay-gradient":""},"mobile":{"background-color":"","background-image":"","background-repeat":"repeat","background-position":"center center","background-size":"auto","background-attachment":"scroll","background-type":"","background-media":"","overlay-type":"","overlay-color":"","overlay-opacity":"","overlay-gradient":""}},"ast-content-background-meta":{"desktop":{"background-color":"var(--ast-global-color-5)","background-image":"","background-repeat":"repeat","background-position":"center center","background-size":"auto","background-attachment":"scroll","background-type":"","background-media":"","overlay-type":"","overlay-color":"","overlay-opacity":"","overlay-gradient":""},"tablet":{"background-color":"var(--ast-global-color-5)","background-image":"","background-repeat":"repeat","background-position":"center center","background-size":"auto","background-attachment":"scroll","background-type":"","background-media":"","overlay-type":"","overlay-color":"","overlay-opacity":"","overlay-gradient":""},"mobile":{"background-color":"var(--ast-global-color-5)","background-image":"","background-repeat":"repeat","background-position":"center center","background-size":"auto","background-attachment":"scroll","background-type":"","background-media":"","overlay-type":"","overlay-color":"","overlay-opacity":"","overlay-gradient":""}},"footnotes":""},"class_list":["post-8451","page","type-page","status-publish","hentry"],"post_mailing_queue_ids":[],"_links":{"self":[{"href":"https:\/\/serveiseducatius.xtec.cat\/riberadebre\/wp-json\/wp\/v2\/pages\/8451","targetHints":{"allow":["GET"]}}],"collection":[{"href":"https:\/\/serveiseducatius.xtec.cat\/riberadebre\/wp-json\/wp\/v2\/pages"}],"about":[{"href":"https:\/\/serveiseducatius.xtec.cat\/riberadebre\/wp-json\/wp\/v2\/types\/page"}],"author":[{"embeddable":true,"href":"https:\/\/serveiseducatius.xtec.cat\/riberadebre\/wp-json\/wp\/v2\/users\/1"}],"replies":[{"embeddable":true,"href":"https:\/\/serveiseducatius.xtec.cat\/riberadebre\/wp-json\/wp\/v2\/comments?post=8451"}],"version-history":[{"count":8,"href":"https:\/\/serveiseducatius.xtec.cat\/riberadebre\/wp-json\/wp\/v2\/pages\/8451\/revisions"}],"predecessor-version":[{"id":22387,"href":"https:\/\/serveiseducatius.xtec.cat\/riberadebre\/wp-json\/wp\/v2\/pages\/8451\/revisions\/22387"}],"up":[{"embeddable":true,"href":"https:\/\/serveiseducatius.xtec.cat\/riberadebre\/wp-json\/wp\/v2\/pages\/906"}],"wp:attachment":[{"href":"https:\/\/serveiseducatius.xtec.cat\/riberadebre\/wp-json\/wp\/v2\/media?parent=8451"}],"curies":[{"name":"wp","href":"https:\/\/api.w.org\/{rel}","templated":true}]}}