{"id":8413,"date":"2017-11-20T16:27:47","date_gmt":"2017-11-20T15:27:47","guid":{"rendered":"http:\/\/serveiseducatius.xtec.cat\/riberadebre\/?page_id=8413"},"modified":"2025-12-17T12:25:34","modified_gmt":"2025-12-17T11:25:34","slug":"educacio-especial-2","status":"publish","type":"page","link":"https:\/\/serveiseducatius.xtec.cat\/riberadebre\/centres-educatius\/educacio-especial-2\/","title":{"rendered":"Educaci\u00f3 especial"},"content":{"rendered":"<p>Centre d&#8217; Educaci\u00f3 Especial Jeroni de Moragas de M\u00f3ra d\u00b4Ebre-<a href=\"https:\/\/agora.xtec.cat\/esc-jeronidemoragas\/\" target=\"_blank\" rel=\"noopener\"> enlla\u00e7 Web NODES centre<\/a> \u00a0M\u00e9s informaci\u00f3:<a href=\"https:\/\/ajem.cat\/centre-deducacio-especial\/\" target=\"_blank\" rel=\"noopener\">: web CEE<\/a><a href=\"http:\/\/www.ajem.cat\" target=\"_blank\" rel=\"noopener noreferrer\">&#8211; entitat.<\/a><\/p>\n<p>CEEPSIR des del curs 20223-24, <a href=\"https:\/\/agora.xtec.cat\/esc-jeronidemoragas\/categoria\/ceepsir\/\" target=\"_blank\" rel=\"noopener\">enlla\u00e7 web.<\/a><\/p>\n","protected":false},"excerpt":{"rendered":"<p>Centre d&#8217; Educaci\u00f3 Especial Jeroni de Moragas de M\u00f3ra d\u00b4Ebre- enlla\u00e7 Web NODES centre \u00a0M\u00e9s informaci\u00f3:: web CEE&#8211; entitat. CEEPSIR des del curs 20223-24, enlla\u00e7 web.<\/p>\n","protected":false},"author":1,"featured_media":0,"parent":338,"menu_order":0,"comment_status":"closed","ping_status":"closed","template":"","meta":{"_bbp_topic_count":0,"_bbp_reply_count":0,"_bbp_total_topic_count":0,"_bbp_total_reply_count":0,"_bbp_voice_count":0,"_bbp_anonymous_reply_count":0,"_bbp_topic_count_hidden":0,"_bbp_reply_count_hidden":0,"_bbp_forum_subforum_count":0,"site-sidebar-layout":"default","site-content-layout":"","ast-site-content-layout":"default","site-content-style":"default","site-sidebar-style":"default","ast-global-header-display":"","ast-banner-title-visibility":"","ast-main-header-display":"","ast-hfb-above-header-display":"","ast-hfb-below-header-display":"","ast-hfb-mobile-header-display":"","site-post-title":"","ast-breadcrumbs-content":"","ast-featured-img":"","footer-sml-layout":"","theme-transparent-header-meta":"default","adv-header-id-meta":"","stick-header-meta":"","header-above-stick-meta":"","header-main-stick-meta":"","header-below-stick-meta":"","astra-migrate-meta-layouts":"set","ast-page-background-enabled":"default","ast-page-background-meta":{"desktop":{"background-color":"var(--ast-global-color-4)","background-image":"","background-repeat":"repeat","background-position":"center center","background-size":"auto","background-attachment":"scroll","background-type":"","background-media":"","overlay-type":"","overlay-color":"","overlay-opacity":"","overlay-gradient":""},"tablet":{"background-color":"","background-image":"","background-repeat":"repeat","background-position":"center center","background-size":"auto","background-attachment":"scroll","background-type":"","background-media":"","overlay-type":"","overlay-color":"","overlay-opacity":"","overlay-gradient":""},"mobile":{"background-color":"","background-image":"","background-repeat":"repeat","background-position":"center center","background-size":"auto","background-attachment":"scroll","background-type":"","background-media":"","overlay-type":"","overlay-color":"","overlay-opacity":"","overlay-gradient":""}},"ast-content-background-meta":{"desktop":{"background-color":"var(--ast-global-color-5)","background-image":"","background-repeat":"repeat","background-position":"center center","background-size":"auto","background-attachment":"scroll","background-type":"","background-media":"","overlay-type":"","overlay-color":"","overlay-opacity":"","overlay-gradient":""},"tablet":{"background-color":"var(--ast-global-color-5)","background-image":"","background-repeat":"repeat","background-position":"center center","background-size":"auto","background-attachment":"scroll","background-type":"","background-media":"","overlay-type":"","overlay-color":"","overlay-opacity":"","overlay-gradient":""},"mobile":{"background-color":"var(--ast-global-color-5)","background-image":"","background-repeat":"repeat","background-position":"center center","background-size":"auto","background-attachment":"scroll","background-type":"","background-media":"","overlay-type":"","overlay-color":"","overlay-opacity":"","overlay-gradient":""}},"footnotes":""},"class_list":["post-8413","page","type-page","status-publish","hentry"],"post_mailing_queue_ids":[],"_links":{"self":[{"href":"https:\/\/serveiseducatius.xtec.cat\/riberadebre\/wp-json\/wp\/v2\/pages\/8413","targetHints":{"allow":["GET"]}}],"collection":[{"href":"https:\/\/serveiseducatius.xtec.cat\/riberadebre\/wp-json\/wp\/v2\/pages"}],"about":[{"href":"https:\/\/serveiseducatius.xtec.cat\/riberadebre\/wp-json\/wp\/v2\/types\/page"}],"author":[{"embeddable":true,"href":"https:\/\/serveiseducatius.xtec.cat\/riberadebre\/wp-json\/wp\/v2\/users\/1"}],"replies":[{"embeddable":true,"href":"https:\/\/serveiseducatius.xtec.cat\/riberadebre\/wp-json\/wp\/v2\/comments?post=8413"}],"version-history":[{"count":6,"href":"https:\/\/serveiseducatius.xtec.cat\/riberadebre\/wp-json\/wp\/v2\/pages\/8413\/revisions"}],"predecessor-version":[{"id":20446,"href":"https:\/\/serveiseducatius.xtec.cat\/riberadebre\/wp-json\/wp\/v2\/pages\/8413\/revisions\/20446"}],"up":[{"embeddable":true,"href":"https:\/\/serveiseducatius.xtec.cat\/riberadebre\/wp-json\/wp\/v2\/pages\/338"}],"wp:attachment":[{"href":"https:\/\/serveiseducatius.xtec.cat\/riberadebre\/wp-json\/wp\/v2\/media?parent=8413"}],"curies":[{"name":"wp","href":"https:\/\/api.w.org\/{rel}","templated":true}]}}