{"id":8299,"date":"2017-05-12T13:34:01","date_gmt":"2017-05-12T11:34:01","guid":{"rendered":"http:\/\/serveiseducatius.xtec.cat\/riberadebre\/?page_id=8299"},"modified":"2025-12-17T12:34:28","modified_gmt":"2025-12-17T11:34:28","slug":"escoles-de-la-ribera-debre","status":"publish","type":"page","link":"https:\/\/serveiseducatius.xtec.cat\/riberadebre\/centres-educatius\/escoles-de-la-ribera-debre\/","title":{"rendered":"Escoles de la Ribera d&#8217;Ebre"},"content":{"rendered":"<ul>\n<li style=\"text-align: left;\">Escola Marcel\u00b7l\u00ed Domingo de Tivissa.\u00a0 <a href=\"https:\/\/agora.xtec.cat\/escmarcelidomingotivissa\/\" target=\"_blank\" rel=\"noopener noreferrer\"><span style=\"color: #000080;\"><strong>Web actual del centre.<\/strong> <\/span><\/a><a href=\"http:\/\/blocs.xtec.cat\/tudo\/?page_id=293\" target=\"_blank\" rel=\"noopener noreferrer\">\u00a0<em>(bloc hist\u00f2ric)<\/em><\/a><\/li>\n<li style=\"text-align: left;\">ZER FONT DE L\u00b4AIGUAD\u00cd: <a href=\"https:\/\/agora.xtec.cat\/zer-fontdelaiguadi\/\" target=\"_blank\" rel=\"noopener noreferrer\">web de la ZER<\/a><\/li>\n<\/ul>\n<p style=\"text-align: left;\">\u00a0 \u00a0 \u00a0 \u00a0 \u00a0 \u00a0 \u00a0 \u00a0 \u00a0 \u00a0 \u00a0 \u00a0 \u00a0 \u00a0 \u00a0 \u00a0Escola Les Eres de Rasquera: <a href=\"https:\/\/agora.xtec.cat\/ceip-leseres\/\" target=\"_blank\" rel=\"noopener noreferrer\">web actual<\/a> \/\u00a0 <a href=\"http:\/\/escolarasquera.blogspot.com.es\/\" target=\"_blank\" rel=\"noopener noreferrer\">Bloc hist\u00f2ric<\/a><\/p>\n<p style=\"text-align: left;\">\u00a0 \u00a0 \u00a0 \u00a0 \u00a0 \u00a0 \u00a0 \u00a0 \u00a0 \u00a0 \u00a0 \u00a0 \u00a0 \u00a0 \u00a0 \u00a0Escola P\u00e0mies de Ginestar: <a href=\"https:\/\/agora.xtec.cat\/esc-pamiesdeginestar\/\" target=\"_blank\" rel=\"noopener noreferrer\">web actual<\/a> \/\u00a0 <a href=\"http:\/\/escolapamiesdeginestar.blogspot.com.es\/\" target=\"_blank\" rel=\"noopener noreferrer\">Bloc hist\u00f2ric<\/a><\/p>\n<ul>\n<li style=\"text-align: left;\">Escola Llu\u00eds Vi\u00f1as de M\u00f3ra d&#8217;Ebre:<strong><a href=\"https:\/\/agora.xtec.cat\/ceipmoradebre\/\" target=\"_blank\" rel=\"noopener noreferrer\"> web actual<\/a><\/strong> \/\u00a0 <a href=\"http:\/\/www.xtec.cat\/centres\/e3001681\/\" target=\"_blank\" rel=\"noopener noreferrer\">Bloc hist\u00f2ric<\/a><\/li>\n<li style=\"text-align: left;\">Institut-escola 3 d&#8217;Abril de M\u00f3ra la Nova: <a href=\"https:\/\/agora.xtec.cat\/ie3dabril\/\" target=\"_blank\" rel=\"noopener noreferrer\">consulteu la seva web<\/a><\/li>\n<li style=\"text-align: left;\">Col\u00b7legi Santa Teresa de M\u00f3ra d&#8217;Ebre: <a href=\"http:\/\/agora.xtec.cat\/col-santateresa\/\" target=\"_blank\" rel=\"noopener noreferrer\">consulteu la seva web<\/a><\/li>\n<li style=\"text-align: left;\">ZER BENISSANET &#8211; MIRAVET: <a href=\"https:\/\/agora.xtec.cat\/zerbenmir\/\" target=\"_blank\" rel=\"noopener noreferrer\">web de la ZER<\/a><\/li>\n<\/ul>\n<p style=\"text-align: left;\">\u00a0 \u00a0 \u00a0 \u00a0 \u00a0 \u00a0 \u00a0 \u00a0 \u00a0 \u00a0 \u00a0 \u00a0 \u00a0 \u00a0 \u00a0 \u00a0Escola Antoni Nat de Benissanet:\u00a0 <a href=\"http:\/\/agora.xtec.cat\/escbenissanet\/\" target=\"_blank\" rel=\"noopener noreferrer\">consulteu la seva web<\/a><\/p>\n<p style=\"text-align: left;\">\u00a0 \u00a0 \u00a0 \u00a0 \u00a0 \u00a0 \u00a0 \u00a0 \u00a0 \u00a0 \u00a0 \u00a0 \u00a0 \u00a0 \u00a0 \u00a0Escola Roc Llop i Convalia de Miravet:\u00a0 <a href=\"http:\/\/agora.xtec.cat\/ceipmiravet\/\" target=\"_blank\" rel=\"noopener noreferrer\">consulteu la seva web<\/a><\/p>\n<ul>\n<li style=\"text-align: left;\">ZER RIBERA D\u00b4EBRE &#8211; NORD:\u00a0 <a href=\"http:\/\/agora.xtec.cat\/zerren\/\" target=\"_blank\" rel=\"noopener noreferrer\">web de la ZER<\/a><\/li>\n<\/ul>\n<p style=\"text-align: left;\">\u00a0 \u00a0 \u00a0 \u00a0 \u00a0 \u00a0 \u00a0 \u00a0 \u00a0 \u00a0 \u00a0 \u00a0 \u00a0 \u00a0 \u00a0 \u00a0Escola El Verger de Garcia: <a href=\"https:\/\/agora.xtec.cat\/zerren\/categoria\/elverger\/\" target=\"_blank\" rel=\"noopener noreferrer\">consulteu la seva web<\/a><\/p>\n<p style=\"text-align: left;\">\u00a0 \u00a0 \u00a0 \u00a0 \u00a0 \u00a0 \u00a0 \u00a0 \u00a0 \u00a0 \u00a0 \u00a0 \u00a0 \u00a0 \u00a0 \u00a0Escola Les Eres de Vinebre:\u00a0 <a href=\"https:\/\/agora.xtec.cat\/zerren\/categoria\/leseres\/\" target=\"_blank\" rel=\"noopener noreferrer\">web actual<\/a> \/\u00a0<a href=\"http:\/\/blocs.xtec.cat\/ceipleseresvin\/\" target=\"_blank\" rel=\"noopener noreferrer\">Bloc hist\u00f2ric<\/a><\/p>\n<p style=\"text-align: left;\">\u00a0 \u00a0 \u00a0 \u00a0 \u00a0 \u00a0 \u00a0 \u00a0 \u00a0 \u00a0 \u00a0 \u00a0 \u00a0 \u00a0 \u00a0 \u00a0Escola El Tormo de La Torre: <a href=\"https:\/\/agora.xtec.cat\/zerren\/categoria\/escola-el-tormo\/\" target=\"_blank\" rel=\"noopener noreferrer\">web actual<\/a> \/\u00a0 <a href=\"http:\/\/blocs.xtec.cat\/ceipeltormo\/\" target=\"_blank\" rel=\"noopener noreferrer\">Bloc hist\u00f2ric<\/a><\/p>\n<ul>\n<li style=\"text-align: left;\">Escola Sant Miquel d&#8217;Asc\u00f3:\u00a0 <a href=\"http:\/\/www.xtec.cat\/ceipsantmiquel\/\" target=\"_blank\" rel=\"noopener noreferrer\">consulteu la seva web <\/a><\/li>\n<li style=\"text-align: left;\">Escola Enric Grau i Fontser\u00e9 de Flix: <a href=\"https:\/\/agora.xtec.cat\/ceipflix\/\" target=\"_blank\" rel=\"noopener noreferrer\">web actual<\/a> \/\u00a0 <a href=\"http:\/\/www.xtec.cat\/ceipflix\/\" target=\"_blank\" rel=\"noopener noreferrer\">Bloc hist\u00f2ric<\/a><\/li>\n<li style=\"text-align: left;\">ZER EBRE:<a href=\"https:\/\/agora.xtec.cat\/zerebre\/zer\/\" target=\"_blank\" rel=\"noopener noreferrer\"> web de la ZER\u00a0<\/a><\/li>\n<\/ul>\n<p style=\"text-align: left;\">\u00a0 \u00a0 \u00a0 \u00a0 \u00a0 \u00a0 \u00a0 \u00a0 \u00a0 \u00a0 \u00a0 \u00a0 \u00a0 \u00a0 \u00a0 \u00a0Escola Sant Agust\u00ed de Riba-roja: <a href=\"https:\/\/agora.xtec.cat\/zerebre\/https-blocs-xtec-cat-escolasantagusti\/\" target=\"_blank\" rel=\"noopener noreferrer\">web actual<\/a> \/\u00a0 <a href=\"http:\/\/blocs.xtec.cat\/escolasantagusti\/\" target=\"_blank\" rel=\"noopener noreferrer\">Bloc hist\u00f2ric<\/a><\/p>\n<p style=\"text-align: left;\">\u00a0 \u00a0 \u00a0 \u00a0 \u00a0 \u00a0 \u00a0 \u00a0 \u00a0 \u00a0 \u00a0 \u00a0 \u00a0 \u00a0 \u00a0 \u00a0Escola 1 d&#8217;Abril de La Palma: <a href=\"https:\/\/agora.xtec.cat\/zerebre\/https-blocs-xtec-cat-escola1dabril\/\" target=\"_blank\" rel=\"noopener noreferrer\">web actual<\/a> \/\u00a0 <a href=\"http:\/\/blocs.xtec.cat\/escola1dabril\/\" target=\"_blank\" rel=\"noopener noreferrer\">Bloc hist\u00f2ric\u00a0<\/a><\/p>\n<ul>\n<li>ZER LES VINYES ( PRIORAT ): <a href=\"https:\/\/agora.xtec.cat\/zerlesvinyes\/\" target=\"_blank\" rel=\"noopener noreferrer\">web de la ZER<\/a><\/li>\n<\/ul>\n<p>Escola Josep Riba de la Serra d\u00b4Almos:\u00a0 <a href=\"https:\/\/agora.xtec.cat\/zerlesvinyes\/josep-riba\/\" target=\"_blank\" rel=\"noopener noreferrer\">consulteu la seva web.<\/a><\/p>\n","protected":false},"excerpt":{"rendered":"<p>Escola Marcel\u00b7l\u00ed Domingo de Tivissa.\u00a0 Web actual del centre. \u00a0(bloc hist\u00f2ric) ZER FONT DE L\u00b4AIGUAD\u00cd: web de la ZER \u00a0 \u00a0 \u00a0 \u00a0 \u00a0 \u00a0 \u00a0 \u00a0 \u00a0 \u00a0 \u00a0 \u00a0 \u00a0 \u00a0 \u00a0 \u00a0Escola Les Eres de Rasquera: web actual \/\u00a0 Bloc hist\u00f2ric \u00a0 \u00a0 \u00a0 \u00a0 \u00a0 \u00a0 \u00a0 \u00a0 \u00a0 \u00a0 \u00a0 [&hellip;]<\/p>\n","protected":false},"author":1,"featured_media":0,"parent":338,"menu_order":0,"comment_status":"closed","ping_status":"closed","template":"","meta":{"_bbp_topic_count":0,"_bbp_reply_count":0,"_bbp_total_topic_count":0,"_bbp_total_reply_count":0,"_bbp_voice_count":0,"_bbp_anonymous_reply_count":0,"_bbp_topic_count_hidden":0,"_bbp_reply_count_hidden":0,"_bbp_forum_subforum_count":0,"site-sidebar-layout":"default","site-content-layout":"","ast-site-content-layout":"default","site-content-style":"default","site-sidebar-style":"default","ast-global-header-display":"","ast-banner-title-visibility":"","ast-main-header-display":"","ast-hfb-above-header-display":"","ast-hfb-below-header-display":"","ast-hfb-mobile-header-display":"","site-post-title":"","ast-breadcrumbs-content":"","ast-featured-img":"","footer-sml-layout":"","theme-transparent-header-meta":"default","adv-header-id-meta":"","stick-header-meta":"","header-above-stick-meta":"","header-main-stick-meta":"","header-below-stick-meta":"","astra-migrate-meta-layouts":"set","ast-page-background-enabled":"default","ast-page-background-meta":{"desktop":{"background-color":"var(--ast-global-color-4)","background-image":"","background-repeat":"repeat","background-position":"center center","background-size":"auto","background-attachment":"scroll","background-type":"","background-media":"","overlay-type":"","overlay-color":"","overlay-opacity":"","overlay-gradient":""},"tablet":{"background-color":"","background-image":"","background-repeat":"repeat","background-position":"center center","background-size":"auto","background-attachment":"scroll","background-type":"","background-media":"","overlay-type":"","overlay-color":"","overlay-opacity":"","overlay-gradient":""},"mobile":{"background-color":"","background-image":"","background-repeat":"repeat","background-position":"center center","background-size":"auto","background-attachment":"scroll","background-type":"","background-media":"","overlay-type":"","overlay-color":"","overlay-opacity":"","overlay-gradient":""}},"ast-content-background-meta":{"desktop":{"background-color":"var(--ast-global-color-5)","background-image":"","background-repeat":"repeat","background-position":"center center","background-size":"auto","background-attachment":"scroll","background-type":"","background-media":"","overlay-type":"","overlay-color":"","overlay-opacity":"","overlay-gradient":""},"tablet":{"background-color":"var(--ast-global-color-5)","background-image":"","background-repeat":"repeat","background-position":"center center","background-size":"auto","background-attachment":"scroll","background-type":"","background-media":"","overlay-type":"","overlay-color":"","overlay-opacity":"","overlay-gradient":""},"mobile":{"background-color":"var(--ast-global-color-5)","background-image":"","background-repeat":"repeat","background-position":"center center","background-size":"auto","background-attachment":"scroll","background-type":"","background-media":"","overlay-type":"","overlay-color":"","overlay-opacity":"","overlay-gradient":""}},"footnotes":""},"class_list":["post-8299","page","type-page","status-publish","hentry"],"post_mailing_queue_ids":[],"_links":{"self":[{"href":"https:\/\/serveiseducatius.xtec.cat\/riberadebre\/wp-json\/wp\/v2\/pages\/8299","targetHints":{"allow":["GET"]}}],"collection":[{"href":"https:\/\/serveiseducatius.xtec.cat\/riberadebre\/wp-json\/wp\/v2\/pages"}],"about":[{"href":"https:\/\/serveiseducatius.xtec.cat\/riberadebre\/wp-json\/wp\/v2\/types\/page"}],"author":[{"embeddable":true,"href":"https:\/\/serveiseducatius.xtec.cat\/riberadebre\/wp-json\/wp\/v2\/users\/1"}],"replies":[{"embeddable":true,"href":"https:\/\/serveiseducatius.xtec.cat\/riberadebre\/wp-json\/wp\/v2\/comments?post=8299"}],"version-history":[{"count":5,"href":"https:\/\/serveiseducatius.xtec.cat\/riberadebre\/wp-json\/wp\/v2\/pages\/8299\/revisions"}],"predecessor-version":[{"id":11170,"href":"https:\/\/serveiseducatius.xtec.cat\/riberadebre\/wp-json\/wp\/v2\/pages\/8299\/revisions\/11170"}],"up":[{"embeddable":true,"href":"https:\/\/serveiseducatius.xtec.cat\/riberadebre\/wp-json\/wp\/v2\/pages\/338"}],"wp:attachment":[{"href":"https:\/\/serveiseducatius.xtec.cat\/riberadebre\/wp-json\/wp\/v2\/media?parent=8299"}],"curies":[{"name":"wp","href":"https:\/\/api.w.org\/{rel}","templated":true}]}}