{"id":8095,"date":"2016-03-16T17:24:21","date_gmt":"2016-03-16T16:24:21","guid":{"rendered":"http:\/\/serveiseducatius.xtec.cat\/riberadebre\/?page_id=8095"},"modified":"2023-03-08T10:31:36","modified_gmt":"2023-03-08T09:31:36","slug":"servei-comunitari","status":"publish","type":"page","link":"https:\/\/serveiseducatius.xtec.cat\/riberadebre\/comunitat\/servei-comunitari\/","title":{"rendered":"SERVEI COMUNITARI"},"content":{"rendered":"<p><span class=\"S1PPyQ\">El servei comunitari \u00e9s una acci\u00f3 educativa orientada a desenvolupar la compet\u00e8ncia personal i social, aix\u00ed com la ciutadana, amb la finalitat de promoure que els nois i noies experimentin i protagonitzin accions de comprom\u00eds c\u00edvic, aprenguin en l&#8217;exercici actiu de la ciutadania i posin en joc els seus coneixements i capacitats al servei de la comunitat.<\/span> El programa va adre\u00e7at a l&#8217;alumnat de 3r i 4rt d&#8217;ESO.<\/p>\n<ul>\n<li><a href=\"http:\/\/xtec.gencat.cat\/web\/.content\/comunitat\/serveicomunitari\/documentacio\/DOCUMENT-MARC-SERVEI-COMUNITARI_octubre_2015.pdf\" target=\"_blank\" rel=\"noopener noreferrer\"><strong>DOCUMENT MARC<\/strong><\/a><\/li>\n<li><strong>Servei comunitari<\/strong> <a href=\"http:\/\/xtec.gencat.cat\/ca\/comunitat\/serveicomunitari\/\">a XTEC<\/a><\/li>\n<li><strong>Convenis<\/strong><a href=\"https:\/\/espai.educacio.gencat.cat\/Centres\/Projectes-educatius\/Servei-comunitari\/Pagines\/default.aspx\" target=\"_blank\" rel=\"noopener\">\/ Portal de Centre <\/a><\/li>\n<li><strong>Servei Comunitari al nou curr\u00edculum<\/strong> (<strong><a href=\"https:\/\/portaldogc.gencat.cat\/utilsEADOP\/PDF\/8762\/1928585.pdf#page=14\" target=\"_blank\" rel=\"noopener\">Art.11<\/a><\/strong>)<\/li>\n<li><strong>Nodes de suport a la comunitat educativa<\/strong> \/ <a href=\"https:\/\/projectes.xtec.cat\/pee\/categoria\/servei-comunitari\/\" target=\"_blank\" rel=\"noopener\">Servei Comunitari\u00a0<\/a><\/li>\n<li><strong>V\u00eddeo <a href=\"https:\/\/youtu.be\/drlFRyH_5Ko\" target=\"_blank\" rel=\"noopener\">promocional<\/a><\/strong><\/li>\n<\/ul>\n<p>Podeu consultar\u00a0la <strong>categoria <a href=\"http:\/\/serveiseducatius.xtec.cat\/riberadebre\/categoria\/comunitat\/servei-comunitari\/\">Servei comunitari<\/a> del SE Ribera d&#8217;Ebre<\/strong> per veure les not\u00edcies i accions associades.<\/p>\n<p><strong>Infografia<\/strong>&#8230;(<a href=\"https:\/\/drive.google.com\/file\/d\/1ZhdkgfnFsKlZqA1PTSnmYs1QUALnFfWc\/view?usp=share_link\" target=\"_blank\" rel=\"noopener\">cliqueu enlla\u00e7<\/a>) \u00a0\u00a0 \u00a0\u00a0<a href=\"https:\/\/drive.google.com\/file\/d\/1ZhdkgfnFsKlZqA1PTSnmYs1QUALnFfWc\/view?usp=share_link\" target=\"_blank\" rel=\"noopener\"><img loading=\"lazy\" decoding=\"async\" class=\"alignnone wp-image-17344\" src=\"https:\/\/serveiseducatius.xtec.cat\/riberadebre\/wp-content\/uploads\/usu1126\/2023\/03\/Infografia-Servei-Comunitari-410x1024.png\" alt=\"\" width=\"124\" height=\"310\" srcset=\"https:\/\/serveiseducatius.xtec.cat\/riberadebre\/wp-content\/uploads\/usu1126\/2023\/03\/Infografia-Servei-Comunitari-410x1024.png 410w, https:\/\/serveiseducatius.xtec.cat\/riberadebre\/wp-content\/uploads\/usu1126\/2023\/03\/Infografia-Servei-Comunitari-120x300.png 120w, https:\/\/serveiseducatius.xtec.cat\/riberadebre\/wp-content\/uploads\/usu1126\/2023\/03\/Infografia-Servei-Comunitari-768x1920.png 768w, https:\/\/serveiseducatius.xtec.cat\/riberadebre\/wp-content\/uploads\/usu1126\/2023\/03\/Infografia-Servei-Comunitari-614x1536.png 614w, https:\/\/serveiseducatius.xtec.cat\/riberadebre\/wp-content\/uploads\/usu1126\/2023\/03\/Infografia-Servei-Comunitari.png 800w\" sizes=\"auto, (max-width: 124px) 100vw, 124px\" \/><\/a><\/p>\n<p><strong>El SERVEI COMUNITARI als centres educatius de la Ribera d&#8217;Ebre:\u00a0<\/strong><\/p>\n<ul>\n<li><a href=\"https:\/\/agora.xtec.cat\/col-santateresa\/categoria\/projectes\/servei-comunitari\/\" target=\"_blank\" rel=\"noopener noreferrer\">Col\u00b7legi Sta Teresa<\/a> (M\u00f3ra d&#8217;Ebre)<\/li>\n<li><a href=\"https:\/\/agora.xtec.cat\/ie3dabril\/?s=servei+comunitari\" target=\"_blank\" rel=\"noopener\">IE 3 Abril<\/a> (M\u00f3ra la Nova)<\/li>\n<li><a href=\"https:\/\/iesflix.cat\/projectes\/servei-comunitari\/\" target=\"_blank\" rel=\"noopener noreferrer\">Institut de Flix<\/a> (Flix)<\/li>\n<li><a href=\"https:\/\/agora.xtec.cat\/iesjulioantonio\/projectes\/servei-comunitari\/\" target=\"_blank\" rel=\"noopener\">Institut Julio Antonio<\/a> (M\u00f3ra d&#8217;Ebre)<\/li>\n<\/ul>\n<p><iframe loading=\"lazy\" src=\"https:\/\/www.youtube.com\/embed\/5xYU9UtO9Os?rel=0\" width=\"800\" height=\"600\" frameborder=\"0\"><\/iframe><\/p>\n<p>&nbsp;<\/p>\n","protected":false},"excerpt":{"rendered":"<p>El servei comunitari \u00e9s una acci\u00f3 educativa orientada a desenvolupar la compet\u00e8ncia personal i social, aix\u00ed com la ciutadana, amb la finalitat de promoure que els nois i noies experimentin i protagonitzin accions de comprom\u00eds c\u00edvic, aprenguin en l&#8217;exercici actiu de la ciutadania i posin en joc els seus coneixements i capacitats al servei de [&hellip;]<\/p>\n","protected":false},"author":1,"featured_media":0,"parent":341,"menu_order":35,"comment_status":"closed","ping_status":"closed","template":"page-templates\/side-menu.php","meta":{"_bbp_topic_count":0,"_bbp_reply_count":0,"_bbp_total_topic_count":0,"_bbp_total_reply_count":0,"_bbp_voice_count":0,"_bbp_anonymous_reply_count":0,"_bbp_topic_count_hidden":0,"_bbp_reply_count_hidden":0,"_bbp_forum_subforum_count":0,"site-sidebar-layout":"default","site-content-layout":"","ast-site-content-layout":"","site-content-style":"default","site-sidebar-style":"default","ast-global-header-display":"","ast-banner-title-visibility":"","ast-main-header-display":"","ast-hfb-above-header-display":"","ast-hfb-below-header-display":"","ast-hfb-mobile-header-display":"","site-post-title":"","ast-breadcrumbs-content":"","ast-featured-img":"","footer-sml-layout":"","theme-transparent-header-meta":"","adv-header-id-meta":"","stick-header-meta":"","header-above-stick-meta":"","header-main-stick-meta":"","header-below-stick-meta":"","astra-migrate-meta-layouts":"default","ast-page-background-enabled":"default","ast-page-background-meta":{"desktop":{"background-color":"var(--ast-global-color-4)","background-image":"","background-repeat":"repeat","background-position":"center center","background-size":"auto","background-attachment":"scroll","background-type":"","background-media":"","overlay-type":"","overlay-color":"","overlay-opacity":"","overlay-gradient":""},"tablet":{"background-color":"","background-image":"","background-repeat":"repeat","background-position":"center center","background-size":"auto","background-attachment":"scroll","background-type":"","background-media":"","overlay-type":"","overlay-color":"","overlay-opacity":"","overlay-gradient":""},"mobile":{"background-color":"","background-image":"","background-repeat":"repeat","background-position":"center center","background-size":"auto","background-attachment":"scroll","background-type":"","background-media":"","overlay-type":"","overlay-color":"","overlay-opacity":"","overlay-gradient":""}},"ast-content-background-meta":{"desktop":{"background-color":"var(--ast-global-color-5)","background-image":"","background-repeat":"repeat","background-position":"center center","background-size":"auto","background-attachment":"scroll","background-type":"","background-media":"","overlay-type":"","overlay-color":"","overlay-opacity":"","overlay-gradient":""},"tablet":{"background-color":"var(--ast-global-color-5)","background-image":"","background-repeat":"repeat","background-position":"center center","background-size":"auto","background-attachment":"scroll","background-type":"","background-media":"","overlay-type":"","overlay-color":"","overlay-opacity":"","overlay-gradient":""},"mobile":{"background-color":"var(--ast-global-color-5)","background-image":"","background-repeat":"repeat","background-position":"center center","background-size":"auto","background-attachment":"scroll","background-type":"","background-media":"","overlay-type":"","overlay-color":"","overlay-opacity":"","overlay-gradient":""}},"footnotes":""},"class_list":["post-8095","page","type-page","status-publish","hentry"],"post_mailing_queue_ids":[],"_links":{"self":[{"href":"https:\/\/serveiseducatius.xtec.cat\/riberadebre\/wp-json\/wp\/v2\/pages\/8095","targetHints":{"allow":["GET"]}}],"collection":[{"href":"https:\/\/serveiseducatius.xtec.cat\/riberadebre\/wp-json\/wp\/v2\/pages"}],"about":[{"href":"https:\/\/serveiseducatius.xtec.cat\/riberadebre\/wp-json\/wp\/v2\/types\/page"}],"author":[{"embeddable":true,"href":"https:\/\/serveiseducatius.xtec.cat\/riberadebre\/wp-json\/wp\/v2\/users\/1"}],"replies":[{"embeddable":true,"href":"https:\/\/serveiseducatius.xtec.cat\/riberadebre\/wp-json\/wp\/v2\/comments?post=8095"}],"version-history":[{"count":4,"href":"https:\/\/serveiseducatius.xtec.cat\/riberadebre\/wp-json\/wp\/v2\/pages\/8095\/revisions"}],"predecessor-version":[{"id":17345,"href":"https:\/\/serveiseducatius.xtec.cat\/riberadebre\/wp-json\/wp\/v2\/pages\/8095\/revisions\/17345"}],"up":[{"embeddable":true,"href":"https:\/\/serveiseducatius.xtec.cat\/riberadebre\/wp-json\/wp\/v2\/pages\/341"}],"wp:attachment":[{"href":"https:\/\/serveiseducatius.xtec.cat\/riberadebre\/wp-json\/wp\/v2\/media?parent=8095"}],"curies":[{"name":"wp","href":"https:\/\/api.w.org\/{rel}","templated":true}]}}