{"id":548,"date":"2015-11-26T18:10:47","date_gmt":"2015-11-26T17:10:47","guid":{"rendered":"http:\/\/serveiseducatius.xtec.cat\/riberadebre\/?page_id=548"},"modified":"2024-03-06T15:38:05","modified_gmt":"2024-03-06T14:38:05","slug":"zona-formadors","status":"publish","type":"page","link":"https:\/\/serveiseducatius.xtec.cat\/riberadebre\/formacio\/zona-formadors\/","title":{"rendered":"Zona formadors\/res i  coordinadores formaci\u00f3 PFZ"},"content":{"rendered":"<p>&nbsp;<\/p>\n<p><a href=\"https:\/\/serveiseducatius.xtec.cat\/riberadebre\/wp-content\/uploads\/usu1126\/2020\/06\/Zona-formadors-web.jpg\"><img loading=\"lazy\" decoding=\"async\" class=\"alignnone wp-image-12029\" src=\"https:\/\/serveiseducatius.xtec.cat\/riberadebre\/wp-content\/uploads\/usu1126\/2020\/06\/Zona-formadors-web-1024x768.jpg\" alt=\"\" width=\"534\" height=\"401\" srcset=\"https:\/\/serveiseducatius.xtec.cat\/riberadebre\/wp-content\/uploads\/usu1126\/2020\/06\/Zona-formadors-web-1024x768.jpg 1024w, https:\/\/serveiseducatius.xtec.cat\/riberadebre\/wp-content\/uploads\/usu1126\/2020\/06\/Zona-formadors-web-300x225.jpg 300w, https:\/\/serveiseducatius.xtec.cat\/riberadebre\/wp-content\/uploads\/usu1126\/2020\/06\/Zona-formadors-web-768x576.jpg 768w, https:\/\/serveiseducatius.xtec.cat\/riberadebre\/wp-content\/uploads\/usu1126\/2020\/06\/Zona-formadors-web-200x150.jpg 200w, https:\/\/serveiseducatius.xtec.cat\/riberadebre\/wp-content\/uploads\/usu1126\/2020\/06\/Zona-formadors-web.jpg 1632w\" sizes=\"auto, (max-width: 534px) 100vw, 534px\" \/><\/a><\/p>\n<p><strong>Aquest espai \u00e9s de suport a les persones formadores o coordinadores de les activitats del PFZ de la Ribera d&#8217;Ebre:<\/strong><\/p>\n<ul>\n<li>Primer de tot, us agra\u00efm la vostra col\u00b7laboraci\u00f3 i us desitgem que gaudiu de l&#8217;experi\u00e8ncia com a formadors i formadores.<\/li>\n<li>Recon\u00e8ixer el treball de suport dels equips directius i especialment de les caps d&#8217;estudi dels centres docents per a portar a terme i coordinar les activitats formatives internes de centre per a la millora educativa.<\/li>\n<li>Valorar la coordinaci\u00f3 de la Comissi\u00f3 del PFZ per impulsar les activitats formatives a la zona, segons les instruccions del Departament d&#8217;Educaci\u00f3 i les necessitats del professorat de la comarca.<\/li>\n<li>Agrair la participaci\u00f3 de tot el professorat de la zona per a fer xarxa compartint experi\u00e8ncies i enfortint les compet\u00e8ncies docents.<\/li>\n<\/ul>\n<h4>GESTI\u00d3 DE LA FORMACI\u00d3 PER LES PERSONES FORMADORES-COORDINADORES DE LA FORMACI\u00d3:<\/h4>\n<p><span style=\"color: #800080;\"><strong>EN EL MOMENT DE LA DETECCI\u00d3 DE NECESSITATS:<\/strong><\/span><\/p>\n<p>-Concretar al m\u00e0xim tots els apartats que ens demana el document per a poder completar des del CRP la informaci\u00f3 al GTAF i tenir-la disponible en el per\u00edode d&#8217;inscripci\u00f3.<\/p>\n<p>-La petici\u00f3 de formaci\u00f3 a centre ha d&#8217;anar presentada amb la signatura digital de la direcci\u00f3 del centre i de la inspecci\u00f3 educativa.<\/p>\n<p>-Acordar contingut, hores totals i calendari. La data d&#8217;inici i la final s\u00f3n molt importants per la gesti\u00f3 de la formaci\u00f3 . Acordeu organitzaci\u00f3 i n\u00famero de sessions previstes per a la modalitat formativa escollida, segons orientacions del Departament.<\/p>\n<p><strong><span style=\"color: #800080;\">GESTIONS PR\u00c8VIES:<\/span><\/strong><\/p>\n<p>-La persona formadora ha de disposar de <strong>signatura digital.<\/strong> (Al final de la formaci\u00f3, una setmana despr\u00e9s de la data de finalitzaci\u00f3, ha de presentar l&#8217;acta d&#8217;assist\u00e8ncia signada digitalment.)<\/p>\n<p>-Coordinaci\u00f3 pr\u00e8via amb el CRP. Una setmana abans ha de coordinar-se amb el CRP per a poder confirmar <strong>acc\u00e9s al GTAF<\/strong>, confirmar calendari i organitzaci\u00f3.<\/p>\n<p>Accedir al GTAF a l&#8217;apartat Formadors\/Col\u00b7laboradors:<\/p>\n<p><a href=\"https:\/\/aplicacions.gestioeducativa.gencat.cat\/pls\/gtaf\/inici\"><img loading=\"lazy\" decoding=\"async\" class=\"alignnone wp-image-16531 \" src=\"https:\/\/serveiseducatius.xtec.cat\/riberadebre\/wp-content\/uploads\/usu1126\/2022\/10\/GTAF-pantalla-inicial.jpg\" alt=\"\" width=\"472\" height=\"219\" srcset=\"https:\/\/serveiseducatius.xtec.cat\/riberadebre\/wp-content\/uploads\/usu1126\/2022\/10\/GTAF-pantalla-inicial.jpg 737w, https:\/\/serveiseducatius.xtec.cat\/riberadebre\/wp-content\/uploads\/usu1126\/2022\/10\/GTAF-pantalla-inicial-300x139.jpg 300w\" sizes=\"auto, (max-width: 472px) 100vw, 472px\" \/><\/a><\/p>\n<p>i entrar a <strong><em>Llista d&#8217;Activitats <\/em><\/strong>i cliqueu damunt el nom de la formaci\u00f3 que realitzeu. (Mireu la guia a l&#8217;apartat final dins documents de refer\u00e8ncia).<\/p>\n<p>-Comprovar acc\u00e9s al GTAF, amb usuari xtec, com a formador\/coordinador: <a href=\"https:\/\/aplicacions.gestioeducativa.gencat.cat\/pls\/gtaf\/inici\" target=\"_blank\" rel=\"noopener noreferrer\">https:\/\/aplicacions.gestioeducativa.gencat.cat\/pls\/gtaf\/inici<\/a><\/p>\n<p><span style=\"color: #800080;\"><strong>EN EL MOMENT DE LA INSCRIPCI\u00d3:<\/strong><\/span><\/p>\n<p>-La coordinadora de la formaci\u00f3 o persona formadora no ha de fer la inscripci\u00f3 ( a no ser que sigui formaci\u00f3 compartida amb diferents formadors i es valori que s\u00f3n poques hores de doc\u00e8ncia o suport).<strong> La persona coordinadora o formadora no ha de sortir a la llista d&#8217;inscrits, si realitza totes les sessions.<\/strong> Ha de constar com a formador o suport en coordinaci\u00f3.<\/p>\n<p><strong><span style=\"color: #800080;\">EN EL MOMENT D&#8217;INICIAR LA FORMACI\u00d3:<\/span><\/strong><\/p>\n<p>-Avisar al CRP els dies abans de l&#8217;inici de l&#8217;activitat, per a <strong>disposar de la graella de signatures dels assistents en paper actualitzada<\/strong>, segons n\u00famero de sessions i llistat actualitzat d&#8217;inscripcions per a que tothom pugui signar sessi\u00f3 a sessi\u00f3. (Tothom ha de constar a la llista oficial abans de la segona sessi\u00f3).<\/p>\n<p>-Entreu al GTAF per imprimir el FULL D&#8217;ASSIST\u00c8NCIA que s&#8217;ha de facilitar als assistents, sessi\u00f3 a sessi\u00f3.<\/p>\n<p>-Controlar l&#8217;assist\u00e8ncia de la <strong>llista d&#8217;inscrits<\/strong> per si manca alg\u00fa o cal donar de baixa alg\u00fa. (Abans de la segona sessi\u00f3 comunicar al CRP qualsevol canvi, incid\u00e8ncia o baixa).<\/p>\n<p>-Per a les sessions virtuals cal acordar pr\u00e8viament amb el professorat participant modalitat de seguiment d&#8217;assist\u00e8ncia (com per exemple un formulari al final de la sessi\u00f3)<\/p>\n<h6><em><span style=\"color: #993300;\"><strong>&#8220;RECORDEU QUE S&#8217;HA DE SIGNAR A CADA SESSI\u00d3&#8221;.<\/strong><\/span><\/em><\/h6>\n<h6><em><span style=\"color: #993300;\"><strong>Si \u00e9s virtual cal passar llista a cada sessi\u00f3 o recollir evid\u00e8ncies d&#8217;assist\u00e8ncia.<\/strong><\/span><\/em><\/h6>\n<h6><em><span style=\"color: #993300;\"><strong>\u00c9s responsabilitat del formador\/ra o coordinador\/ra disposar de la graella de signatures actualitzada i realitzar el seguiment d&#8217;assist\u00e8ncia al GTAF.<\/strong><\/span><\/em><\/h6>\n<p>&nbsp;<\/p>\n<p><strong><span style=\"color: #800080;\">ACORDAR QUALSEVOL MODIFICACI\u00d3 DE CALENDARI AMB EL CRP:<\/span><\/strong><\/p>\n<p>-Tot formador\/ra o coordinador\/ra t\u00e9 acc\u00e9s al GTAF una setmana abans de la data d&#8217;inici i fins una setmana m\u00e9s tard de la data de finalitzaci\u00f3.<\/p>\n<p>-Cal comprovar l&#8217;acc\u00e9s al GTAF i responsabilitzar-se de fer el seguiment d&#8217;assist\u00e8ncia peri\u00f2dicament segons calendari, aix\u00ed com de <span style=\"color: #800000;\"><strong>tancar la formaci\u00f3 amb l&#8217;acta signada digitalment, comentada-revisada pr\u00e8viament amb el CRP , durant la setmana seg\u00fcent a la finalitzaci\u00f3 de la formaci\u00f3 (data final que consta al GTAF), <span style=\"color: #000000;\">amb confirmaci\u00f3 de rebuda al correu del CRP: e3990108@xtec.cat<\/span><\/strong><\/span><\/p>\n<p><span style=\"color: #800080;\"><strong>ABANS D&#8217;ACABAR LA FORMACI\u00d3:<\/strong><\/span><\/p>\n<p>-Avisar al CRP els dies abans de la data de finalitzaci\u00f3 per a l&#8217;activaci\u00f3 del <strong>q\u00fcestionari final<\/strong> pels assistents i formadors o b\u00e9 per a les gestions de tancament.<\/p>\n<p>-Comentar el seguiment d&#8217;assist\u00e8ncia amb el CRP i l&#8217;informe final amb el recull del treball realitzat per a la valoraci\u00f3 final, segons modalitat formativa i criteris del Departament d&#8217;Educaci\u00f3 dins el PFZ.<\/p>\n<p><span style=\"color: #800080;\"><strong>PER A TANCAR L&#8217;ACTIVITAT FORMATIVA : <em><span style=\"color: #993300;\">M\u00c0XIM 15 DIES DESPR\u00c9S DE LA DATA DE FINALITZACI\u00d3.<\/span><\/em><\/strong><\/span><\/p>\n<p>-La persona formadora si realitza totes les sessions ( o en cas contrari, el professorat coordinador de la formaci\u00f3 )\u00a0 es responsabilitza de finalitzar la formaci\u00f3 amb el seguiment al GTAF i fer les aportacions dels documents necessaris en coordinaci\u00f3 amb el CRP.<\/p>\n<p>-Abans d&#8217;enviar per correu la documentaci\u00f3 al CRP (acta,\u00a0 informe final amb enlla\u00e7os als materials i graella de signatures de l&#8217;assist\u00e8ncia) revisar conjuntament amb la persona referent de la formaci\u00f3 del CRP,\u00a0 tots els apartats del GTAF comprovant dades i respostes recollides , si s&#8217;escau, del q\u00fcestionari de valoraci\u00f3 final.<\/p>\n<p>-A l&#8217;acta ha de constar motiu de no certificaci\u00f3 i hores certificades.<\/p>\n<p>-L&#8217;acta es signa digitalment i s&#8217;envia al correu del CRP junt a la graella de signatures escanejada.<\/p>\n<p>-Segons modalitat formativa , cal presentar l<strong>&#8216;informe final que facilita el CRP. En cas d&#8217;assessorament a centre cal l&#8217;informe signat per inspecci\u00f3 educativa amb el recull de la valoraci\u00f3 recollida al CRP.<\/strong><\/p>\n<p>&nbsp;<\/p>\n<p>_____________________________________________________________________________________________________________<\/p>\n<p><strong>PER ACLARIMENTS:<\/strong><\/p>\n<p>-El formador\/ra ha de respondre al q\u00fcestionari disponible durant la setmana seg\u00fcent a la finalitzaci\u00f3. Des de GTAF:<\/p>\n<p><a href=\"https:\/\/aplicacions.gestioeducativa.gencat.cat\/pls\/gafoas\/pk_for_mod_menu.p_for_opcions_menu?p_perfil=FOR\"><img loading=\"lazy\" decoding=\"async\" class=\"alignnone wp-image-16534\" src=\"https:\/\/serveiseducatius.xtec.cat\/riberadebre\/wp-content\/uploads\/usu1126\/2022\/10\/GTAF-formadors.jpg\" alt=\"\" width=\"236\" height=\"271\" srcset=\"https:\/\/serveiseducatius.xtec.cat\/riberadebre\/wp-content\/uploads\/usu1126\/2022\/10\/GTAF-formadors.jpg 340w, https:\/\/serveiseducatius.xtec.cat\/riberadebre\/wp-content\/uploads\/usu1126\/2022\/10\/GTAF-formadors-261x300.jpg 261w\" sizes=\"auto, (max-width: 236px) 100vw, 236px\" \/><\/a><\/p>\n<p><span style=\"color: #800080;\"><strong>DOCUMENTACI\u00d3 A PRESENTAR\u00a0<span style=\"color: #993300;\"> (documents en pdf al correu del CRP, no cal en paper)<\/span> i comentar-ho pr\u00e8viament amb el CRP PER TANCAR FORMACI\u00d3:<\/strong><\/span><\/p>\n<p>-Enviar per @ al CRP els documents <strong>signats digitalment.<\/strong><\/p>\n<div><strong>-Cal haver tancat la formaci\u00f3 amb el CRP\u00a0 quinze dies despr\u00e9s de la data de finalitzaci\u00f3 de l&#8217;activitat presentant aquesta documentaci\u00f3 digitalment:<\/strong><\/div>\n<div>\n<blockquote>\n<div><span style=\"color: #0b5394;\"><strong>-l&#8217;acta<\/strong> del GTAF revisada amb el CRP (signada digitalment pel formador o persona coordinadora amb nom i NIF, i el segell del centre. si \u00e9s formaci\u00f3 interna)<\/span><\/div>\n<div><span style=\"color: #0b5394;\"><strong>-graella de signatures<\/strong> (comprovada i revisada)<\/span><\/div>\n<div><span style=\"color: #0b5394;\"><strong>-informe final<\/strong> , signat per la persona coordinadora o formadora ( i segellat pel centre-signatura digital de la direcci\u00f3 , si \u00e9s formaci\u00f3 interna, on tamb\u00e9 es completar\u00e0 amb el vist-i-plau d&#8217;inspecci\u00f3). Hi ha l&#8217;apartat d&#8217;observacions a l&#8217;acta per a fer constar nom de formadors o coordinadors i hores realitzades. Aix\u00ed com qualsevol aspecte a destacar per a la certificaci\u00f3.<\/span><\/div>\n<div><span style=\"color: #993300;\"><strong>A l&#8217;informe final fer constar n\u00famero d&#8217;hores de cada formador \/ ra i si conv\u00e9, tamb\u00e9 a l&#8217;apartat d&#8217;observacions de l&#8217;acta final.<\/strong><\/span><\/div>\n<\/blockquote>\n<\/div>\n<div>-La persona formadora nom\u00e9s t\u00e9 acc\u00e9s al GTAF durant quinze dies despr\u00e9s de finalitzar la formaci\u00f3, segons data GTAF. Es tanca autom\u00e0ticament acc\u00e9s.<\/div>\n<div><\/div>\n<div><\/div>\n<div><\/div>\n<div>\n<div><span style=\"color: #800080;\"><strong>MODELS D&#8217;INFORMES FINALS SEGONS MODALITAT:<\/strong><\/span><\/div>\n<\/div>\n<div><\/div>\n<div>-Per formacions internes de centre PFZRibera.<\/div>\n<div><\/div>\n<div><\/div>\n<div>-Per a formacions entre centres, seminaris, grups de treball, PFZRibera.<\/div>\n<p>&nbsp;<\/p>\n<p>-Consulteu-nos per a qualsevol altra modalitat formativa.<\/p>\n<p>_Des del CRP us ajudarem en el que us faci falta_________________________________________________________________________&#8212;&#8212;&#8212;&#8212;&#8212;&#8212;&#8212;&#8212;&#8212;&#8212;&#8212;&#8212;&#8212;&#8212;&#8212;&#8212;&#8212;&#8212;&#8212;&#8212;&#8212;&#8212;&#8212;&#8212;&#8212;&#8212;&#8212;&#8212;&#8212;&#8212;&#8212;&#8212;&#8212;&#8212;&#8212;&#8212;&#8212;&#8212;&#8212;&#8212;&#8212;&#8212;&#8212;&#8212;&#8212;&#8212;&#8212;&#8212;&#8212;&#8212;&#8212;&#8212;&#8212;&#8212;&#8212;&#8212;&#8212;&#8212;&#8212;&#8212;&#8212;&#8212;&#8212;&#8212;&#8212;-<\/p>\n<ul>\n<li>Podeu consultar els\u00a0<strong><a href=\"http:\/\/serveiseducatius.xtec.cat\/riberadebre\/docs\/?bpd_tag=formadors\">documents de refer\u00e8ncia<\/a><\/strong> que<strong>\u00a0<\/strong>us seran \u00fatils a l&#8217;hora de fer els diferents tr\u00e0mits associats al desenvolupament i el tancament de les activitats de formaci\u00f3, com el model <a href=\"https:\/\/serveiseducatius.xtec.cat\/riberadebre\/docs\/informe-final-memoria-pfz\/\" target=\"_blank\" rel=\"noopener noreferrer\">d&#8217;informe final per a la mem\u00f2ria del PFZ.<\/a><\/li>\n<\/ul>\n<p>&nbsp;<\/p>\n<p>Us recomanem contactar per a qualsevol dubte amb el Servei Educatiu de la Ribera d&#8217;Ebre-Centre de Recursos Pedag\u00f2gics, mitjan\u00e7ant el correu electr\u00f2nic crp-riberadebre@xtec.cat<\/p>\n","protected":false},"excerpt":{"rendered":"<p>&nbsp; Aquest espai \u00e9s de suport a les persones formadores o coordinadores de les activitats del PFZ de la Ribera d&#8217;Ebre: Primer de tot, us agra\u00efm la vostra col\u00b7laboraci\u00f3 i us desitgem que gaudiu de l&#8217;experi\u00e8ncia com a formadors i formadores. Recon\u00e8ixer el treball de suport dels equips directius i especialment de les caps d&#8217;estudi [&hellip;]<\/p>\n","protected":false},"author":1,"featured_media":0,"parent":416,"menu_order":30,"comment_status":"closed","ping_status":"closed","template":"","meta":{"_bbp_topic_count":0,"_bbp_reply_count":0,"_bbp_total_topic_count":0,"_bbp_total_reply_count":0,"_bbp_voice_count":0,"_bbp_anonymous_reply_count":0,"_bbp_topic_count_hidden":0,"_bbp_reply_count_hidden":0,"_bbp_forum_subforum_count":0,"site-sidebar-layout":"default","site-content-layout":"","ast-site-content-layout":"","site-content-style":"default","site-sidebar-style":"default","ast-global-header-display":"","ast-banner-title-visibility":"","ast-main-header-display":"","ast-hfb-above-header-display":"","ast-hfb-below-header-display":"","ast-hfb-mobile-header-display":"","site-post-title":"","ast-breadcrumbs-content":"","ast-featured-img":"","footer-sml-layout":"","theme-transparent-header-meta":"","adv-header-id-meta":"","stick-header-meta":"","header-above-stick-meta":"","header-main-stick-meta":"","header-below-stick-meta":"","astra-migrate-meta-layouts":"default","ast-page-background-enabled":"default","ast-page-background-meta":{"desktop":{"background-color":"var(--ast-global-color-4)","background-image":"","background-repeat":"repeat","background-position":"center center","background-size":"auto","background-attachment":"scroll","background-type":"","background-media":"","overlay-type":"","overlay-color":"","overlay-opacity":"","overlay-gradient":""},"tablet":{"background-color":"","background-image":"","background-repeat":"repeat","background-position":"center center","background-size":"auto","background-attachment":"scroll","background-type":"","background-media":"","overlay-type":"","overlay-color":"","overlay-opacity":"","overlay-gradient":""},"mobile":{"background-color":"","background-image":"","background-repeat":"repeat","background-position":"center center","background-size":"auto","background-attachment":"scroll","background-type":"","background-media":"","overlay-type":"","overlay-color":"","overlay-opacity":"","overlay-gradient":""}},"ast-content-background-meta":{"desktop":{"background-color":"var(--ast-global-color-5)","background-image":"","background-repeat":"repeat","background-position":"center center","background-size":"auto","background-attachment":"scroll","background-type":"","background-media":"","overlay-type":"","overlay-color":"","overlay-opacity":"","overlay-gradient":""},"tablet":{"background-color":"var(--ast-global-color-5)","background-image":"","background-repeat":"repeat","background-position":"center center","background-size":"auto","background-attachment":"scroll","background-type":"","background-media":"","overlay-type":"","overlay-color":"","overlay-opacity":"","overlay-gradient":""},"mobile":{"background-color":"var(--ast-global-color-5)","background-image":"","background-repeat":"repeat","background-position":"center center","background-size":"auto","background-attachment":"scroll","background-type":"","background-media":"","overlay-type":"","overlay-color":"","overlay-opacity":"","overlay-gradient":""}},"footnotes":""},"class_list":["post-548","page","type-page","status-publish","hentry"],"post_mailing_queue_ids":[],"_links":{"self":[{"href":"https:\/\/serveiseducatius.xtec.cat\/riberadebre\/wp-json\/wp\/v2\/pages\/548","targetHints":{"allow":["GET"]}}],"collection":[{"href":"https:\/\/serveiseducatius.xtec.cat\/riberadebre\/wp-json\/wp\/v2\/pages"}],"about":[{"href":"https:\/\/serveiseducatius.xtec.cat\/riberadebre\/wp-json\/wp\/v2\/types\/page"}],"author":[{"embeddable":true,"href":"https:\/\/serveiseducatius.xtec.cat\/riberadebre\/wp-json\/wp\/v2\/users\/1"}],"replies":[{"embeddable":true,"href":"https:\/\/serveiseducatius.xtec.cat\/riberadebre\/wp-json\/wp\/v2\/comments?post=548"}],"version-history":[{"count":7,"href":"https:\/\/serveiseducatius.xtec.cat\/riberadebre\/wp-json\/wp\/v2\/pages\/548\/revisions"}],"predecessor-version":[{"id":18956,"href":"https:\/\/serveiseducatius.xtec.cat\/riberadebre\/wp-json\/wp\/v2\/pages\/548\/revisions\/18956"}],"up":[{"embeddable":true,"href":"https:\/\/serveiseducatius.xtec.cat\/riberadebre\/wp-json\/wp\/v2\/pages\/416"}],"wp:attachment":[{"href":"https:\/\/serveiseducatius.xtec.cat\/riberadebre\/wp-json\/wp\/v2\/media?parent=548"}],"curies":[{"name":"wp","href":"https:\/\/api.w.org\/{rel}","templated":true}]}}