{"id":426,"date":"2015-11-25T16:25:57","date_gmt":"2015-11-25T15:25:57","guid":{"rendered":"http:\/\/serveiseducatius.xtec.cat\/riberadebre\/?page_id=426"},"modified":"2025-12-17T18:30:50","modified_gmt":"2025-12-17T17:30:50","slug":"deteccio-necessitats","status":"publish","type":"page","link":"https:\/\/serveiseducatius.xtec.cat\/riberadebre\/formacio\/deteccio-necessitats\/","title":{"rendered":"Detecci\u00f3 de necessitats formatives PFZ Ribera d&#8217;Ebre"},"content":{"rendered":"<p>DETECCI\u00d3 DE NECESSITATS FORMATIVES DINS EL PFZ RIBERA D&#8217;EBRE:<\/p>\n<p>A partir dels <em>Criteris, Instruccions i Orientacions del Departament d&#8217;Educaci\u00f3<\/em> per a la FORMACI\u00d3 PERMANENT DEL PROFESSORAT, s&#8217;aprovar\u00e0 al mes de maig la proposta formativa a la comarca dins el Pla de Formaci\u00f3 de Zona per al proper curs.<\/p>\n<p>A partir del proc\u00e9s previ de detecci\u00f3 de necessitats, cal fer arribar les propostes formatives al CRP mitjan\u00e7ant diferents formularis i documentaci\u00f3 compartida.<\/p>\n<p>Cada centre concreta la modalitat de formaci\u00f3 del professorat segons el seu PEC i d&#8217;acord amb les l\u00ednies priorit\u00e0ries del Departament.<\/p>\n<p>La Comissi\u00f3 del PFZ aprovar\u00e0 la proposta per a iniciar el primer torn a partir de l&#8217;octubre i el segon torn a partir del febrer.<\/p>\n<p>Es flexibilitza la rebuda de propostes per a donar<b> millor resposta a les necessitats formatives dels centres docents al llarg del curs.<\/b><\/p>\n<p>Els centres docents reben l&#8217;acompanyament del CRP per donar resposta a la formaci\u00f3 del professorat des d&#8217;educaci\u00f3 infantil, prim\u00e0ria, secund\u00e0ria i formaci\u00f3 d&#8217;adults de la comarca.<\/p>\n<p>&nbsp;<\/p>\n<p>_________________________________________________________________________________________<\/p>\n<p><strong>DOCUMENTACI\u00d3 A PRESENTAR SEGONS MODALITATS FORMATIVES:<\/strong><\/p>\n<p><img loading=\"lazy\" decoding=\"async\" class=\"alignnone size-full wp-image-10156\" src=\"https:\/\/serveiseducatius.xtec.cat\/riberadebre\/wp-content\/uploads\/usu1126\/2019\/04\/modalitats-PFZ-19-20.jpg\" alt=\"\" width=\"768\" height=\"442\" srcset=\"https:\/\/serveiseducatius.xtec.cat\/riberadebre\/wp-content\/uploads\/usu1126\/2019\/04\/modalitats-PFZ-19-20.jpg 768w, https:\/\/serveiseducatius.xtec.cat\/riberadebre\/wp-content\/uploads\/usu1126\/2019\/04\/modalitats-PFZ-19-20-300x173.jpg 300w\" sizes=\"auto, (max-width: 768px) 100vw, 768px\" \/><\/p>\n<p>_____________________________________________________<\/p>\n<p>&nbsp;<\/p>\n<p>&nbsp;<\/p>\n<p>&nbsp;<\/p>\n<p>&nbsp;<\/p>\n<p>&nbsp;<\/p>\n<p>&nbsp;<\/p>\n","protected":false},"excerpt":{"rendered":"<p>DETECCI\u00d3 DE NECESSITATS FORMATIVES DINS EL PFZ RIBERA D&#8217;EBRE: A partir dels Criteris, Instruccions i Orientacions del Departament d&#8217;Educaci\u00f3 per a la FORMACI\u00d3 PERMANENT DEL PROFESSORAT, s&#8217;aprovar\u00e0 al mes de maig la proposta formativa a la comarca dins el Pla de Formaci\u00f3 de Zona per al proper curs. A partir del proc\u00e9s previ de detecci\u00f3 [&hellip;]<\/p>\n","protected":false},"author":1,"featured_media":0,"parent":416,"menu_order":70,"comment_status":"closed","ping_status":"closed","template":"","meta":{"_bbp_topic_count":0,"_bbp_reply_count":0,"_bbp_total_topic_count":0,"_bbp_total_reply_count":0,"_bbp_voice_count":0,"_bbp_anonymous_reply_count":0,"_bbp_topic_count_hidden":0,"_bbp_reply_count_hidden":0,"_bbp_forum_subforum_count":0,"site-sidebar-layout":"default","site-content-layout":"","ast-site-content-layout":"default","site-content-style":"default","site-sidebar-style":"default","ast-global-header-display":"","ast-banner-title-visibility":"","ast-main-header-display":"","ast-hfb-above-header-display":"","ast-hfb-below-header-display":"","ast-hfb-mobile-header-display":"","site-post-title":"","ast-breadcrumbs-content":"","ast-featured-img":"","footer-sml-layout":"","theme-transparent-header-meta":"default","adv-header-id-meta":"","stick-header-meta":"","header-above-stick-meta":"","header-main-stick-meta":"","header-below-stick-meta":"","astra-migrate-meta-layouts":"set","ast-page-background-enabled":"default","ast-page-background-meta":{"desktop":{"background-color":"var(--ast-global-color-4)","background-image":"","background-repeat":"repeat","background-position":"center center","background-size":"auto","background-attachment":"scroll","background-type":"","background-media":"","overlay-type":"","overlay-color":"","overlay-opacity":"","overlay-gradient":""},"tablet":{"background-color":"","background-image":"","background-repeat":"repeat","background-position":"center center","background-size":"auto","background-attachment":"scroll","background-type":"","background-media":"","overlay-type":"","overlay-color":"","overlay-opacity":"","overlay-gradient":""},"mobile":{"background-color":"","background-image":"","background-repeat":"repeat","background-position":"center center","background-size":"auto","background-attachment":"scroll","background-type":"","background-media":"","overlay-type":"","overlay-color":"","overlay-opacity":"","overlay-gradient":""}},"ast-content-background-meta":{"desktop":{"background-color":"var(--ast-global-color-5)","background-image":"","background-repeat":"repeat","background-position":"center center","background-size":"auto","background-attachment":"scroll","background-type":"","background-media":"","overlay-type":"","overlay-color":"","overlay-opacity":"","overlay-gradient":""},"tablet":{"background-color":"var(--ast-global-color-5)","background-image":"","background-repeat":"repeat","background-position":"center center","background-size":"auto","background-attachment":"scroll","background-type":"","background-media":"","overlay-type":"","overlay-color":"","overlay-opacity":"","overlay-gradient":""},"mobile":{"background-color":"var(--ast-global-color-5)","background-image":"","background-repeat":"repeat","background-position":"center center","background-size":"auto","background-attachment":"scroll","background-type":"","background-media":"","overlay-type":"","overlay-color":"","overlay-opacity":"","overlay-gradient":""}},"footnotes":""},"class_list":["post-426","page","type-page","status-publish","hentry"],"post_mailing_queue_ids":[],"_links":{"self":[{"href":"https:\/\/serveiseducatius.xtec.cat\/riberadebre\/wp-json\/wp\/v2\/pages\/426","targetHints":{"allow":["GET"]}}],"collection":[{"href":"https:\/\/serveiseducatius.xtec.cat\/riberadebre\/wp-json\/wp\/v2\/pages"}],"about":[{"href":"https:\/\/serveiseducatius.xtec.cat\/riberadebre\/wp-json\/wp\/v2\/types\/page"}],"author":[{"embeddable":true,"href":"https:\/\/serveiseducatius.xtec.cat\/riberadebre\/wp-json\/wp\/v2\/users\/1"}],"replies":[{"embeddable":true,"href":"https:\/\/serveiseducatius.xtec.cat\/riberadebre\/wp-json\/wp\/v2\/comments?post=426"}],"version-history":[{"count":5,"href":"https:\/\/serveiseducatius.xtec.cat\/riberadebre\/wp-json\/wp\/v2\/pages\/426\/revisions"}],"predecessor-version":[{"id":21813,"href":"https:\/\/serveiseducatius.xtec.cat\/riberadebre\/wp-json\/wp\/v2\/pages\/426\/revisions\/21813"}],"up":[{"embeddable":true,"href":"https:\/\/serveiseducatius.xtec.cat\/riberadebre\/wp-json\/wp\/v2\/pages\/416"}],"wp:attachment":[{"href":"https:\/\/serveiseducatius.xtec.cat\/riberadebre\/wp-json\/wp\/v2\/media?parent=426"}],"curies":[{"name":"wp","href":"https:\/\/api.w.org\/{rel}","templated":true}]}}