{"id":416,"date":"2015-11-25T15:58:53","date_gmt":"2015-11-25T14:58:53","guid":{"rendered":"http:\/\/serveiseducatius.xtec.cat\/riberadebre\/?page_id=416"},"modified":"2025-12-17T18:25:05","modified_gmt":"2025-12-17T17:25:05","slug":"formacio","status":"publish","type":"page","link":"https:\/\/serveiseducatius.xtec.cat\/riberadebre\/formacio\/","title":{"rendered":"Formaci\u00f3"},"content":{"rendered":"<p><strong>L&#8217;oferta formativa del Departament d&#8217;Educaci\u00f3 i Formaci\u00f3 Professional per a tot el professorat es pot consultar des del portal :<\/strong>\u00a0<a href=\"http:\/\/xtec.gencat.cat\/ca\/formacio\/\" target=\"_blank\" rel=\"noopener noreferrer\">http:\/\/xtec.gencat.cat\/ca\/formacio\/<\/a><\/p>\n<p>Des del PFZ es proposen activitats formatives en 3 \u00e0mbits:<\/p>\n<ul>\n<li style=\"list-style-type: none;\">\n<ul>\n<li>FORMACI\u00d3 EN CENTRE- formaci\u00f3 interna de centre (modalitats assessorament, taller, visita, FIC,&#8230;)<\/li>\n<li>FORMACI\u00d3 INTERCENTRES- seminaris, grups de treball o tallers d&#8217;equips de diferents centres.<\/li>\n<li>FORMACI\u00d3 INDIVIDUAL- oberta a tot el\u00a0 professorat de la comarca o el territori, segons requisits de participaci\u00f3.<\/li>\n<\/ul>\n<\/li>\n<\/ul>\n<p>Recomanem a tot el professorat consultar en primer lloc l&#8217;oferta formativa virtual centralitzada i en segon lloc aportar les necessitats formatives al seu equip directiu per a cobrir les necessitats de formaci\u00f3 del professorat de la zona.<\/p>\n<p>Cal seguir calendari de cada moment del proc\u00e9s del PFZ: detecci\u00f3 necessitats, concreci\u00f3 propostes, publicaci\u00f3, inscripci\u00f3, assignaci\u00f3 de pla\u00e7a, certificaci\u00f3,&#8230;<\/p>\n<p><strong><a href=\"https:\/\/xtec.gencat.cat\/ca\/formacio\/info-general\/cercador-activitats\/\">Des del cercador<\/a> de formacions a XTEC es poden consultar les activitats del PFZ de la Ribera d\u2019Ebre .<\/strong><\/p>\n<p>&nbsp;<\/p>\n<p>Dins la formaci\u00f3 permanent del professorat, les modalitats del PFZ prioritzades s\u00f3n les formacions en centre i intercentres.<\/p>\n<p><span style=\"color: #003366;\"><strong>MODALITATS DE FORMACI\u00d3 EN CENTRE, INTERNES DE CENTRE:<\/strong><\/span><\/p>\n<ol>\n<li><strong>Assessorament en centre (m\u00ednim 20 h)<\/strong><\/li>\n<\/ol>\n<ul>\n<li style=\"text-align: justify;\"><span style=\"font-family: inherit; font-size: 1em; line-height: 1.6;\">Modalitat formativa amb intervenci\u00f3 de professional expert que s\u2019adre\u00e7a a la majoria del claustre per a desenvolupar projectes compartits i consolidar pr\u00e0ctiques educatives<\/span><span style=\"font-family: inherit; font-size: 1em;\"> que reverteixin en la millora dels aprenentatges de l\u2019alumnat. Implica un comprom\u00eds del centre de fer un treball de seguiment intern sobre la transfer\u00e8ncia a l\u2019aula. \u00c9s liderat per l\u2019equip directiu.<br \/>\n<\/span><\/li>\n<li style=\"text-align: justify;\">T\u00e9 una durada no inferior a 20 hores, amb una part de treball aut\u00f2nom al centre destinat a realitzar tasques planificades en relaci\u00f3 a l&#8217;aprofitament i la transfer\u00e8ncia immediata.<\/li>\n<li style=\"text-align: justify;\">Avaluaci\u00f3 positiva de les tasques individuals i grupals sobre la transfer\u00e8ncia immediata. Recollit al q\u00fcestionari final i al document de valoraci\u00f3 final del centre (informe final) junt al resum de seguiment dels serveis educatius amb el vistiplau de l\u2019inspector\/a del centre. Document de valoraci\u00f3 final que s\u2019inclour\u00e0 en la mem\u00f2ria anual del centre.<\/li>\n<\/ul>\n<ol style=\"text-align: justify;\" start=\"2\">\n<li><strong>Formaci\u00f3 interna de centre (FIC)<br \/>\n<\/strong><\/li>\n<\/ol>\n<ul style=\"text-align: justify;\">\n<li>Modalitat formativa que t\u00e9 lloc dins de cada centre educatiu per a la reflexi\u00f3 sistematitzada amb eines d\u2019autodiagnosi, materials de formaci\u00f3 pautats, protocols i instruments d\u2019avaluaci\u00f3. Adre\u00e7at a la majoria del claustre o equip docent al qual va dirigit (80%). Document de valoraci\u00f3 final que s\u2019inclour\u00e0 en la mem\u00f2ria anual del centre. <a href=\"http:\/\/ateneu.xtec.cat\/wikiform\/wikiexport\/fic\/dir\/index\" target=\"_blank\" rel=\"noopener\">Consulteu les orientacions segons nivell educatiu.<\/a><\/li>\n<li>\u00c9s liderat i dinamitzat per un equip de coordinaci\u00f3 format per tres persones del centre entre les quals almenys una \u00e9s de l\u2019equip directiu.<\/li>\n<li>Comprom\u00eds del centre de fer un treball de seguiment intern sobre la transfer\u00e8ncia a l\u2019aula. Document de valoraci\u00f3 final que s\u2019inclour\u00e0 en la mem\u00f2ria anual del centre. Informe final i seguiment del CRP amb vistiplau d&#8217;inspecci\u00f3.<\/li>\n<li>T\u00e9 una durada de 45 hores (FIC itinerari guiat) amb 30 hores presencials i 15 hores de treball intern per realitzar les tasques planificades en relaci\u00f3 amb l\u2019aprofitament i la transfer\u00e8ncia immediata a l\u2019aula o al centre. (La FIC d&#8217;itinerari propi t\u00e9 una durada de 30 hores).<\/li>\n<\/ul>\n<ol style=\"text-align: justify;\" start=\"3\">\n<li><strong>Taller a centre (sense l\u00edmit d&#8217;hores )<\/strong>-Modalitat formativa de car\u00e0cter concret i pr\u00e0ctic orientada a la millora d\u2019alguna compet\u00e8ncia professional del professorat. S\u2019adre\u00e7a a la majoria del claustre o a un col\u00b7lectiu determinat del centre.<\/li>\n<\/ol>\n<ul style=\"text-align: justify;\">\n<li>Segons durada, dues terceres parts amb la persona formadora i la resta, de treball aut\u00f2nom al centre.<\/li>\n<li><span style=\"font-weight: 400;\">Comprom\u00eds del centre de fer un treball de seguiment intern sobre la transfer\u00e8ncia a l\u2019aula.<\/span><\/li>\n<\/ul>\n<p style=\"text-align: justify;\">4. <strong>Visita formativa a centre\u00a0<\/strong><\/p>\n<ul style=\"text-align: justify;\">\n<li>Modalitat formativa de car\u00e0cter concret i pr\u00e0ctic orientada a promoure un proc\u00e9s de reflexi\u00f3 sobre la pr\u00f2pia pr\u00e0ctica a partir de con\u00e8ixer i compartir experi\u00e8ncies d&#8217;\u00e8xit o de bones pr\u00e0ctiques consolidades. Ha d&#8217;implicar l&#8217;equip docent i ha de conduir a la millora d&#8217;algun aspecte metodol\u00f2gic , organitzatiu o de relaci\u00f3 amb l&#8217;entorn.<\/li>\n<li>Durada total m\u00ednima de 15 hores (distribu\u00efdes en un m\u00ednim de 2 sessions separades en el temps) amb un ter\u00e7 dedicat al treball intern col\u00b7lectiu a realitzar les propostes d&#8217;accions en relaci\u00f3 amb l&#8217;aprofitament i la transfer\u00e8ncia immediata de la formaci\u00f3 en el centre.<\/li>\n<li><span style=\"font-weight: 400;\">Format: Presencial<\/span> <span style=\"font-weight: 400;\">, semipresencial (s\u00edncron, mixt o as\u00edncron) o en l\u00ednia.<\/span><\/li>\n<\/ul>\n<p style=\"text-align: justify;\">Consultar al CRP per con\u00e8ixer els detalls d&#8217;aquestes tipologies formatives segons criteris organitzatius de les noves instruccions del Departament.<\/p>\n<p style=\"text-align: justify;\">Es proposen tamb\u00e9 modalitats formatives per a centres, entre diferents centres (seminaris, grups de treball,&#8230;) <a href=\"https:\/\/serveiseducatius.xtec.cat\/riberadebre\/categoria\/formacio\/pfz\/\" target=\"_blank\" rel=\"noopener noreferrer\">dins el PFZ de la Ribera d&#8217;Ebre.<\/a><\/p>\n<p><span style=\"color: #003366;\"><strong>FORMATS DE LES ACTIVITATS:<\/strong><\/span><\/p>\n<p style=\"text-align: justify;\">\u00a0Les <span style=\"font-family: inherit; font-size: 1em;\">activitats de formaci\u00f3 es poden organitzar en tres formats:<\/span><\/p>\n<p style=\"text-align: justify;\">Presencials\u00a0 \/ Semipresencials \/\u00a0 En l\u00ednia<\/p>\n<p style=\"text-align: justify;\">Les sessions virtuals poden ser s\u00edncrones, as\u00edncrones o mixtes.<\/p>\n","protected":false},"excerpt":{"rendered":"<p>L&#8217;oferta formativa del Departament d&#8217;Educaci\u00f3 i Formaci\u00f3 Professional per a tot el professorat es pot consultar des del portal :\u00a0http:\/\/xtec.gencat.cat\/ca\/formacio\/ Des del PFZ es proposen activitats formatives en 3 \u00e0mbits: FORMACI\u00d3 EN CENTRE- formaci\u00f3 interna de centre (modalitats assessorament, taller, visita, FIC,&#8230;) FORMACI\u00d3 INTERCENTRES- seminaris, grups de treball o tallers d&#8217;equips de diferents centres. FORMACI\u00d3 [&hellip;]<\/p>\n","protected":false},"author":1,"featured_media":0,"parent":0,"menu_order":0,"comment_status":"closed","ping_status":"closed","template":"","meta":{"_bbp_topic_count":0,"_bbp_reply_count":0,"_bbp_total_topic_count":0,"_bbp_total_reply_count":0,"_bbp_voice_count":0,"_bbp_anonymous_reply_count":0,"_bbp_topic_count_hidden":0,"_bbp_reply_count_hidden":0,"_bbp_forum_subforum_count":0,"site-sidebar-layout":"default","site-content-layout":"","ast-site-content-layout":"default","site-content-style":"default","site-sidebar-style":"default","ast-global-header-display":"","ast-banner-title-visibility":"","ast-main-header-display":"","ast-hfb-above-header-display":"","ast-hfb-below-header-display":"","ast-hfb-mobile-header-display":"","site-post-title":"","ast-breadcrumbs-content":"","ast-featured-img":"","footer-sml-layout":"","theme-transparent-header-meta":"default","adv-header-id-meta":"","stick-header-meta":"","header-above-stick-meta":"","header-main-stick-meta":"","header-below-stick-meta":"","astra-migrate-meta-layouts":"set","ast-page-background-enabled":"default","ast-page-background-meta":{"desktop":{"background-color":"var(--ast-global-color-4)","background-image":"","background-repeat":"repeat","background-position":"center center","background-size":"auto","background-attachment":"scroll","background-type":"","background-media":"","overlay-type":"","overlay-color":"","overlay-opacity":"","overlay-gradient":""},"tablet":{"background-color":"","background-image":"","background-repeat":"repeat","background-position":"center center","background-size":"auto","background-attachment":"scroll","background-type":"","background-media":"","overlay-type":"","overlay-color":"","overlay-opacity":"","overlay-gradient":""},"mobile":{"background-color":"","background-image":"","background-repeat":"repeat","background-position":"center center","background-size":"auto","background-attachment":"scroll","background-type":"","background-media":"","overlay-type":"","overlay-color":"","overlay-opacity":"","overlay-gradient":""}},"ast-content-background-meta":{"desktop":{"background-color":"var(--ast-global-color-5)","background-image":"","background-repeat":"repeat","background-position":"center center","background-size":"auto","background-attachment":"scroll","background-type":"","background-media":"","overlay-type":"","overlay-color":"","overlay-opacity":"","overlay-gradient":""},"tablet":{"background-color":"var(--ast-global-color-5)","background-image":"","background-repeat":"repeat","background-position":"center center","background-size":"auto","background-attachment":"scroll","background-type":"","background-media":"","overlay-type":"","overlay-color":"","overlay-opacity":"","overlay-gradient":""},"mobile":{"background-color":"var(--ast-global-color-5)","background-image":"","background-repeat":"repeat","background-position":"center center","background-size":"auto","background-attachment":"scroll","background-type":"","background-media":"","overlay-type":"","overlay-color":"","overlay-opacity":"","overlay-gradient":""}},"footnotes":""},"class_list":["post-416","page","type-page","status-publish","hentry"],"post_mailing_queue_ids":[],"_links":{"self":[{"href":"https:\/\/serveiseducatius.xtec.cat\/riberadebre\/wp-json\/wp\/v2\/pages\/416","targetHints":{"allow":["GET"]}}],"collection":[{"href":"https:\/\/serveiseducatius.xtec.cat\/riberadebre\/wp-json\/wp\/v2\/pages"}],"about":[{"href":"https:\/\/serveiseducatius.xtec.cat\/riberadebre\/wp-json\/wp\/v2\/types\/page"}],"author":[{"embeddable":true,"href":"https:\/\/serveiseducatius.xtec.cat\/riberadebre\/wp-json\/wp\/v2\/users\/1"}],"replies":[{"embeddable":true,"href":"https:\/\/serveiseducatius.xtec.cat\/riberadebre\/wp-json\/wp\/v2\/comments?post=416"}],"version-history":[{"count":6,"href":"https:\/\/serveiseducatius.xtec.cat\/riberadebre\/wp-json\/wp\/v2\/pages\/416\/revisions"}],"predecessor-version":[{"id":21811,"href":"https:\/\/serveiseducatius.xtec.cat\/riberadebre\/wp-json\/wp\/v2\/pages\/416\/revisions\/21811"}],"wp:attachment":[{"href":"https:\/\/serveiseducatius.xtec.cat\/riberadebre\/wp-json\/wp\/v2\/media?parent=416"}],"curies":[{"name":"wp","href":"https:\/\/api.w.org\/{rel}","templated":true}]}}