{"id":306,"date":"2015-11-24T18:02:44","date_gmt":"2015-11-24T17:02:44","guid":{"rendered":"http:\/\/serveiseducatius.xtec.cat\/riberadebre\/?page_id=306"},"modified":"2026-03-12T16:45:13","modified_gmt":"2026-03-12T15:45:13","slug":"equip","status":"publish","type":"page","link":"https:\/\/serveiseducatius.xtec.cat\/riberadebre\/el-servei-educatiu\/equip\/","title":{"rendered":"Equip"},"content":{"rendered":"<p>El Servei Educatiu de la Ribera d&#8217;Ebre del Departament d&#8217;Educaci\u00f3 de la Generalitat de Catalunya est\u00e0 format per un equip multidisciplinar que treballa en xarxa:<\/p>\n<ul>\n<li><strong>CRP <\/strong>(<a href=\"https:\/\/xtec.gencat.cat\/ca\/serveis\/sez\/crp\/\" target=\"_blank\" rel=\"noopener\">Centre de Recursos Pedag\u00f2gics<\/a>): Equip que d\u00f3na <strong>suport a l\u2019activitat pedag\u00f2gica dels centres<\/strong> i a la tasca docent de mestres i professorat, especialment, en temes de formaci\u00f3 permanent, de recursos pedag\u00f2gics i de dinamitzaci\u00f3 de projectes de centre i de la zona. Equip de dinamitzaci\u00f3 i assessorament dels professionals i centres educatius per a la millora i transformaci\u00f3 educativa.<a href=\"https:\/\/serveiseducatius.xtec.cat\/riberadebre\/equip-crp-atencio-xarxes-i-seminaris\/\" target=\"_blank\" rel=\"noopener\"> Equip del CRP\u00a0 format per 2 professionals que atenen centres i xarxes segons perfil.<\/a> Podeu consultar les activitats, recursos i not\u00edcies a l&#8217;apartat din\u00e0mic del<a href=\"http:\/\/serveiseducatius.xtec.cat\/riberadebre\/categoria\/crp\/\">\u00a0CRP<\/a>.<\/li>\n<li><strong>EAP <\/strong>(<a href=\"https:\/\/xtec.gencat.cat\/ca\/serveis\/sez\/eap\/\" target=\"_blank\" rel=\"noopener\">Equip d\u2019Assesorament i orientaci\u00f3 Psicopedag\u00f2gic)<\/a><span class=\"Apple-converted-space\">: Equip<\/span>\u00a0que d\u00f3na\u00a0suport al professorat i als centres educatius en la resposta a la <strong>diversitat de l\u2019alumnat<\/strong> i en relaci\u00f3 als alumnes que presenten <strong>necessitats educatives especials<\/strong>, aix\u00ed com a les seves fam\u00edlies. Equip format per quatre professionals, inclosa la Treballadora Social. Podeu consultar les activitats, recursos i not\u00edcies a l&#8217;apartat din\u00e0mic de l&#8217;<a href=\"http:\/\/serveiseducatius.xtec.cat\/riberadebre\/categoria\/eap\/\">EAP<\/a>.<\/li>\n<li><strong>ELIC <\/strong>(<a href=\"https:\/\/xtec.gencat.cat\/ca\/serveis\/sez\/elic\/\" target=\"_blank\" rel=\"noopener\">Equip d\u2019assessorament i orientaci\u00f3 en Llengua, Interculturalitat i Cohesi\u00f3 social)<\/a>: Per donar suport al professorat en el treball de la compet\u00e8ncia ling\u00fc\u00edstica de tot l\u2019alumnat en general, en l\u2019atenci\u00f3 a l\u2019alumnat procedent de processos migratoris i a l\u2019alumnat amb risc d\u2019exclusi\u00f3 social, en l\u2019\u00e0mbit dels centres educatius. Al SE de la Ribera d&#8217;Ebre disposem de mitja jornada ELIC . Podeu consultar les activitats, recursos i not\u00edcies a l&#8217;apartat din\u00e0mic de l&#8217;<a href=\"http:\/\/serveiseducatius.xtec.cat\/riberadebre\/categoria\/elic\/\">ELIC<\/a>.<\/li>\n<\/ul>\n<p>El Servei Educatiu de la Ribera d&#8217;Ebre tamb\u00e9 disposa de <a href=\"http:\/\/www.xtec.cat\/serveis\/creda\/e3925251\/\" target=\"_blank\" rel=\"noopener noreferrer\">CREDA<\/a> (Centre de Recursos Educatius per a Deficients Auditius) i es coordina amb altres serveis educatius espec\u00edfics com el CRETDIC i el CREDV per a l&#8217;atenci\u00f3 a l&#8217;alumnat.<\/p>\n<p>La xarxa educativa i la col\u00b7laboraci\u00f3 amb altres Serveis Educatius de Suport Curricular com els Camps d&#8217;Aprenentatge i el CESIRE s\u00f3n fonamentals.<\/p>\n<p>A la comarca es potencia el CdA de Flix, on es va iniciar la col\u00b7laboraci\u00f3 amb l&#8217;<a href=\"http:\/\/serveiseducatius.xtec.cat\/eda-flix\/\" target=\"_blank\" rel=\"noopener noreferrer\">Entorn d&#8217;Aprenentatge de l&#8217;Espai Natural de Sebes a Flix dins<\/a> la Ribera d&#8217;Ebre des dels seus inicis,<a href=\"http:\/\/serveiseducatius.xtec.cat\/eda-flix\/\" target=\"_blank\" rel=\"noopener noreferrer\"><br \/>\n<\/a><\/p>\n<p>i els Camps d\u2019Aprenentatge propers:<\/p>\n<ul>\n<li><a href=\"http:\/\/www.xtec.cat\/cda-delta\/\" target=\"_blank\" rel=\"noopener noreferrer\">CdA del Delta de l&#8217;Ebre<\/a><\/li>\n<li><a href=\"http:\/\/cdatarragona.net\/\" target=\"_blank\" rel=\"noopener noreferrer\">CdA de Tarragona<\/a><\/li>\n<\/ul>\n<p><img loading=\"lazy\" decoding=\"async\" class=\" size-full wp-image-185 alignright\" src=\"http:\/\/serveiseducatius.xtec.cat\/riberadebre\/wp-content\/uploads\/usu1126\/2014\/09\/ampa.png\" alt=\"ampa\" width=\"315\" height=\"126\" srcset=\"https:\/\/serveiseducatius.xtec.cat\/riberadebre\/wp-content\/uploads\/usu1126\/2014\/09\/ampa.png 315w, https:\/\/serveiseducatius.xtec.cat\/riberadebre\/wp-content\/uploads\/usu1126\/2014\/09\/ampa-300x120.png 300w\" sizes=\"auto, (max-width: 315px) 100vw, 315px\" \/><\/p>\n<p>La gesti\u00f3 i organitzaci\u00f3 del SEZ ve emmarcada per les Directrius d&#8217;inici de curs escolar del Departament d&#8217;Educaci\u00f3. Les l\u00ednies priorit\u00e0ries d\u2019actuaci\u00f3 dels serveis educatius es fonamenten en les l\u00ednies<br \/>\nestrat\u00e8giques que marca el document <em>\u201cObjectius prioritaris del sistema educatiu\u201d<\/em> dels documents d\u2019organitzaci\u00f3 i gesti\u00f3 de centres, posant l\u2019accent en l<strong>\u2019acompanyament i l\u2019assessorament als centres, al professorat, a l\u2019alumnat i a les fam\u00edlies.<\/strong><\/p>\n<p>Podeu consultar\u00a0els professionals assignats al vostre centre <a href=\"https:\/\/serveiseducatius.xtec.cat\/riberadebre\/el-servei-educatiu\/presentacio\/\" target=\"_blank\" rel=\"noopener\">posant-vos en contacte amb el SE.<\/a><\/p>\n<p>Cada inici de curs s&#8217;acorda i es planifica l&#8217;horari d&#8217;atenci\u00f3 segons prioritats de cada centre docent amb el Servei Educatiu de la Ribera d&#8217;Ebre.<\/p>\n","protected":false},"excerpt":{"rendered":"<p>El Servei Educatiu de la Ribera d&#8217;Ebre del Departament d&#8217;Educaci\u00f3 de la Generalitat de Catalunya est\u00e0 format per un equip multidisciplinar que treballa en xarxa: CRP (Centre de Recursos Pedag\u00f2gics): Equip que d\u00f3na suport a l\u2019activitat pedag\u00f2gica dels centres i a la tasca docent de mestres i professorat, especialment, en temes de formaci\u00f3 permanent, de [&hellip;]<\/p>\n","protected":false},"author":1,"featured_media":0,"parent":806,"menu_order":20,"comment_status":"closed","ping_status":"closed","template":"","meta":{"_bbp_topic_count":0,"_bbp_reply_count":0,"_bbp_total_topic_count":0,"_bbp_total_reply_count":0,"_bbp_voice_count":0,"_bbp_anonymous_reply_count":0,"_bbp_topic_count_hidden":0,"_bbp_reply_count_hidden":0,"_bbp_forum_subforum_count":0,"site-sidebar-layout":"default","site-content-layout":"","ast-site-content-layout":"default","site-content-style":"default","site-sidebar-style":"default","ast-global-header-display":"","ast-banner-title-visibility":"","ast-main-header-display":"","ast-hfb-above-header-display":"","ast-hfb-below-header-display":"","ast-hfb-mobile-header-display":"","site-post-title":"","ast-breadcrumbs-content":"","ast-featured-img":"","footer-sml-layout":"","theme-transparent-header-meta":"default","adv-header-id-meta":"","stick-header-meta":"","header-above-stick-meta":"","header-main-stick-meta":"","header-below-stick-meta":"","astra-migrate-meta-layouts":"set","ast-page-background-enabled":"default","ast-page-background-meta":{"desktop":{"background-color":"var(--ast-global-color-4)","background-image":"","background-repeat":"repeat","background-position":"center center","background-size":"auto","background-attachment":"scroll","background-type":"","background-media":"","overlay-type":"","overlay-color":"","overlay-opacity":"","overlay-gradient":""},"tablet":{"background-color":"","background-image":"","background-repeat":"repeat","background-position":"center center","background-size":"auto","background-attachment":"scroll","background-type":"","background-media":"","overlay-type":"","overlay-color":"","overlay-opacity":"","overlay-gradient":""},"mobile":{"background-color":"","background-image":"","background-repeat":"repeat","background-position":"center center","background-size":"auto","background-attachment":"scroll","background-type":"","background-media":"","overlay-type":"","overlay-color":"","overlay-opacity":"","overlay-gradient":""}},"ast-content-background-meta":{"desktop":{"background-color":"var(--ast-global-color-5)","background-image":"","background-repeat":"repeat","background-position":"center center","background-size":"auto","background-attachment":"scroll","background-type":"","background-media":"","overlay-type":"","overlay-color":"","overlay-opacity":"","overlay-gradient":""},"tablet":{"background-color":"var(--ast-global-color-5)","background-image":"","background-repeat":"repeat","background-position":"center center","background-size":"auto","background-attachment":"scroll","background-type":"","background-media":"","overlay-type":"","overlay-color":"","overlay-opacity":"","overlay-gradient":""},"mobile":{"background-color":"var(--ast-global-color-5)","background-image":"","background-repeat":"repeat","background-position":"center center","background-size":"auto","background-attachment":"scroll","background-type":"","background-media":"","overlay-type":"","overlay-color":"","overlay-opacity":"","overlay-gradient":""}},"footnotes":""},"class_list":["post-306","page","type-page","status-publish","hentry"],"post_mailing_queue_ids":[],"_links":{"self":[{"href":"https:\/\/serveiseducatius.xtec.cat\/riberadebre\/wp-json\/wp\/v2\/pages\/306","targetHints":{"allow":["GET"]}}],"collection":[{"href":"https:\/\/serveiseducatius.xtec.cat\/riberadebre\/wp-json\/wp\/v2\/pages"}],"about":[{"href":"https:\/\/serveiseducatius.xtec.cat\/riberadebre\/wp-json\/wp\/v2\/types\/page"}],"author":[{"embeddable":true,"href":"https:\/\/serveiseducatius.xtec.cat\/riberadebre\/wp-json\/wp\/v2\/users\/1"}],"replies":[{"embeddable":true,"href":"https:\/\/serveiseducatius.xtec.cat\/riberadebre\/wp-json\/wp\/v2\/comments?post=306"}],"version-history":[{"count":4,"href":"https:\/\/serveiseducatius.xtec.cat\/riberadebre\/wp-json\/wp\/v2\/pages\/306\/revisions"}],"predecessor-version":[{"id":22177,"href":"https:\/\/serveiseducatius.xtec.cat\/riberadebre\/wp-json\/wp\/v2\/pages\/306\/revisions\/22177"}],"up":[{"embeddable":true,"href":"https:\/\/serveiseducatius.xtec.cat\/riberadebre\/wp-json\/wp\/v2\/pages\/806"}],"wp:attachment":[{"href":"https:\/\/serveiseducatius.xtec.cat\/riberadebre\/wp-json\/wp\/v2\/media?parent=306"}],"curies":[{"name":"wp","href":"https:\/\/api.w.org\/{rel}","templated":true}]}}