{"id":22175,"date":"2026-03-12T16:41:39","date_gmt":"2026-03-12T15:41:39","guid":{"rendered":"https:\/\/serveiseducatius.xtec.cat\/riberadebre\/?page_id=22175"},"modified":"2026-03-12T17:03:56","modified_gmt":"2026-03-12T16:03:56","slug":"equip-crp-atencio-xarxes-i-seminaris","status":"publish","type":"page","link":"https:\/\/serveiseducatius.xtec.cat\/riberadebre\/el-servei-educatiu\/equip\/equip-crp-atencio-xarxes-i-seminaris\/","title":{"rendered":"Equip CRP atenci\u00f3 xarxes i seminaris"},"content":{"rendered":"<h1><b>equip CRP RIBERA D\u2019EBRE- \u00e0mbits d\u2019actuaci\u00f3<\/b><\/h1>\n<p><span style=\"font-weight: 400;\">El Centre de Recursos Pedag\u00f2gics de la Ribera d\u2019Ebre d\u00f3na suport a l\u2019activitat pedag\u00f2gica dels centres educatius i a la tasca docent,\u00a0 especialment en temes de formaci\u00f3 permanent, d\u2019innovaci\u00f3, de recursos pedag\u00f2gics i de dinamitzaci\u00f3 de projectes de centre i de la comarca, facilitant l<\/span><span style=\"font-weight: 400;\">a dinamitzaci\u00f3 i el suport a les xarxes educatives de la zona.<\/span><\/p>\n<p>El PFZ de la Ribera d&#8217;Ebre inclou una dotzena de seminaris de coordinaci\u00f3 i trobades d&#8217;equips docents que permeten l&#8217;intercanvi i la difusi\u00f3 de pr\u00e0ctiques educatives de refer\u00e8ncia del professorat de la zona, aix\u00ed com de projectes innovadors de centres amb un treball en xarxa.<\/p>\n<h6><b>EL NOSTRE EQUIP\u00a0 <\/b><span style=\"font-weight: 400;\">est\u00e0 format per dues t\u00e8cniques docents:<\/span><\/h6>\n<p>&nbsp;<\/p>\n<ul>\n<li style=\"font-weight: 400;\" aria-level=\"1\"><b>Olga C.<\/b><span style=\"font-weight: 400;\"> docent de prim\u00e0ria. Assessora docent i referent digital del CRP.<\/span><\/li>\n<\/ul>\n<p><b>\u00c0mbits:<\/b><span style=\"font-weight: 400;\"> Xarxa de Compet\u00e8ncies, Xarxa Coordinaci\u00f3 Digital, Xarxa de CFAs Terres de l\u2019Ebre, Seminaris angl\u00e8s, Programa Faig, Programa FER, Fira rob\u00f2tica, Xarxa STEAM, Programa Florence, AraMat, CLVA, Jocs Florals, Proves d\u2019avaluaci\u00f3, \u2026entre d\u2019altres.<\/span><\/p>\n<p>&nbsp;<\/p>\n<ul>\n<li style=\"font-weight: 400;\" aria-level=\"1\"><b>Joana V,<\/b><span style=\"font-weight: 400;\"> docent de prim\u00e0ria. Assessora docent i directora del CRP.<\/span><\/li>\n<\/ul>\n<p><b>\u00c0mbits:<\/b><span style=\"font-weight: 400;\"> Xarxa de Millora Educativa (Transformaci\u00f3 Educativa), Seminari directors\/es prim\u00e0ria, Seminari cap d\u2019estudis, Llars d\u2019Infants-Xarxa XEITE,\u00a0 Seminari de Biblioteques , Xarxa de Compet\u00e8ncia Lectora, Xarxa Enfocament Restauratiu , GT Arts Esc\u00e8niques,\u00a0 Seminari especialistes Ed F\u00edsica i Pla Catal\u00e0 de l\u2019Esport, GT Tradijoc, GT SVB, Programa Escoles Verdes, \u2026entre d\u2019altres.<\/span><\/p>\n<p>&nbsp;<\/p>\n<p><b>Segons perfil i xarxes s&#8217;atenen els diferents CENTRES EDUCATIUS :<\/b><\/p>\n<p><span style=\"font-weight: 400;\">La COMARCA DE LA RIBERA D\u2019EBRE compta amb un total de <\/span><b>40 centres educatius<\/b><span style=\"font-weight: 400;\"> distribu\u00efts en <\/span><b>14 municipis<\/b><span style=\"font-weight: 400;\"> (La Palma d\u2019Ebre, Riba-roja d\u2019Ebre, Flix, Asc\u00f3, La Torre de l\u2019Espanyol, Vinebre, Garcia, M\u00f3ra la Nova, M\u00f3ra d\u2019Ebre, Benissanet, Miravet, Ginestar, Rasquera i Tivissa):<\/span><\/p>\n<ul>\n<li style=\"font-weight: 400;\" aria-level=\"1\"><span style=\"font-weight: 400;\">14 llars d\u2019infants 0-3<\/span><\/li>\n<li style=\"font-weight: 400;\" aria-level=\"1\"><span style=\"font-weight: 400;\">14 centres p\u00fablics d\u2019infantil i prim\u00e0ria\u00a0 (distribu\u00efts en 4 escoles unit\u00e0ries i 5 ZERs)<\/span><\/li>\n<li style=\"font-weight: 400;\" aria-level=\"1\"><span style=\"font-weight: 400;\">1 institut-escola<\/span><\/li>\n<li style=\"font-weight: 400;\" aria-level=\"1\"><span style=\"font-weight: 400;\">2 centres p\u00fablics de secund\u00e0ria<\/span><\/li>\n<li style=\"font-weight: 400;\" aria-level=\"1\"><span style=\"font-weight: 400;\">1 centre concertat d\u2019ed. infantil-prim\u00e0ria i secund\u00e0ria.<\/span><\/li>\n<li style=\"font-weight: 400;\" aria-level=\"1\"><span style=\"font-weight: 400;\">1 CEE- CEPSIR<\/span><\/li>\n<\/ul>\n<p><span style=\"font-weight: 400;\">A la Ribera d\u2019Ebre\u00a0 a m\u00e9s a m\u00e9s atenem a l\u2019EOI, l&#8217;Escola d\u2019Adults, Escoles de M\u00fasica i Escola d\u2019Arts i Disseny. <\/span><\/p>\n","protected":false},"excerpt":{"rendered":"<p>equip CRP RIBERA D\u2019EBRE- \u00e0mbits d\u2019actuaci\u00f3 El Centre de Recursos Pedag\u00f2gics de la Ribera d\u2019Ebre d\u00f3na suport a l\u2019activitat pedag\u00f2gica dels centres educatius i a la tasca docent,\u00a0 especialment en temes de formaci\u00f3 permanent, d\u2019innovaci\u00f3, de recursos pedag\u00f2gics i de dinamitzaci\u00f3 de projectes de centre i de la comarca, facilitant la dinamitzaci\u00f3 i el suport [&hellip;]<\/p>\n","protected":false},"author":3,"featured_media":0,"parent":306,"menu_order":0,"comment_status":"closed","ping_status":"closed","template":"","meta":{"_bbp_topic_count":0,"_bbp_reply_count":0,"_bbp_total_topic_count":0,"_bbp_total_reply_count":0,"_bbp_voice_count":0,"_bbp_anonymous_reply_count":0,"_bbp_topic_count_hidden":0,"_bbp_reply_count_hidden":0,"_bbp_forum_subforum_count":0,"site-sidebar-layout":"default","site-content-layout":"","ast-site-content-layout":"default","site-content-style":"default","site-sidebar-style":"default","ast-global-header-display":"","ast-banner-title-visibility":"","ast-main-header-display":"","ast-hfb-above-header-display":"","ast-hfb-below-header-display":"","ast-hfb-mobile-header-display":"","site-post-title":"","ast-breadcrumbs-content":"","ast-featured-img":"","footer-sml-layout":"","theme-transparent-header-meta":"default","adv-header-id-meta":"","stick-header-meta":"","header-above-stick-meta":"","header-main-stick-meta":"","header-below-stick-meta":"","astra-migrate-meta-layouts":"set","ast-page-background-enabled":"default","ast-page-background-meta":{"desktop":{"background-color":"var(--ast-global-color-4)","background-image":"","background-repeat":"repeat","background-position":"center center","background-size":"auto","background-attachment":"scroll","background-type":"","background-media":"","overlay-type":"","overlay-color":"","overlay-opacity":"","overlay-gradient":""},"tablet":{"background-color":"","background-image":"","background-repeat":"repeat","background-position":"center center","background-size":"auto","background-attachment":"scroll","background-type":"","background-media":"","overlay-type":"","overlay-color":"","overlay-opacity":"","overlay-gradient":""},"mobile":{"background-color":"","background-image":"","background-repeat":"repeat","background-position":"center center","background-size":"auto","background-attachment":"scroll","background-type":"","background-media":"","overlay-type":"","overlay-color":"","overlay-opacity":"","overlay-gradient":""}},"ast-content-background-meta":{"desktop":{"background-color":"var(--ast-global-color-5)","background-image":"","background-repeat":"repeat","background-position":"center center","background-size":"auto","background-attachment":"scroll","background-type":"","background-media":"","overlay-type":"","overlay-color":"","overlay-opacity":"","overlay-gradient":""},"tablet":{"background-color":"var(--ast-global-color-5)","background-image":"","background-repeat":"repeat","background-position":"center center","background-size":"auto","background-attachment":"scroll","background-type":"","background-media":"","overlay-type":"","overlay-color":"","overlay-opacity":"","overlay-gradient":""},"mobile":{"background-color":"var(--ast-global-color-5)","background-image":"","background-repeat":"repeat","background-position":"center center","background-size":"auto","background-attachment":"scroll","background-type":"","background-media":"","overlay-type":"","overlay-color":"","overlay-opacity":"","overlay-gradient":""}},"footnotes":""},"class_list":["post-22175","page","type-page","status-publish","hentry"],"post_mailing_queue_ids":[],"_links":{"self":[{"href":"https:\/\/serveiseducatius.xtec.cat\/riberadebre\/wp-json\/wp\/v2\/pages\/22175","targetHints":{"allow":["GET"]}}],"collection":[{"href":"https:\/\/serveiseducatius.xtec.cat\/riberadebre\/wp-json\/wp\/v2\/pages"}],"about":[{"href":"https:\/\/serveiseducatius.xtec.cat\/riberadebre\/wp-json\/wp\/v2\/types\/page"}],"author":[{"embeddable":true,"href":"https:\/\/serveiseducatius.xtec.cat\/riberadebre\/wp-json\/wp\/v2\/users\/3"}],"replies":[{"embeddable":true,"href":"https:\/\/serveiseducatius.xtec.cat\/riberadebre\/wp-json\/wp\/v2\/comments?post=22175"}],"version-history":[{"count":4,"href":"https:\/\/serveiseducatius.xtec.cat\/riberadebre\/wp-json\/wp\/v2\/pages\/22175\/revisions"}],"predecessor-version":[{"id":22180,"href":"https:\/\/serveiseducatius.xtec.cat\/riberadebre\/wp-json\/wp\/v2\/pages\/22175\/revisions\/22180"}],"up":[{"embeddable":true,"href":"https:\/\/serveiseducatius.xtec.cat\/riberadebre\/wp-json\/wp\/v2\/pages\/306"}],"wp:attachment":[{"href":"https:\/\/serveiseducatius.xtec.cat\/riberadebre\/wp-json\/wp\/v2\/media?parent=22175"}],"curies":[{"name":"wp","href":"https:\/\/api.w.org\/{rel}","templated":true}]}}