{"id":15824,"date":"2022-05-12T10:54:27","date_gmt":"2022-05-12T08:54:27","guid":{"rendered":"https:\/\/serveiseducatius.xtec.cat\/riberadebre\/?page_id=15824"},"modified":"2022-09-23T11:43:56","modified_gmt":"2022-09-23T09:43:56","slug":"maletes-emocions","status":"publish","type":"page","link":"https:\/\/serveiseducatius.xtec.cat\/riberadebre\/recursos\/maletes-pedagogiques\/maletes-emocions\/","title":{"rendered":"Maletes Emocions"},"content":{"rendered":"<p>Maletes de propostes lectores per a l&#8217;educaci\u00f3 prim\u00e0ria que ens permeten parlar de les emocions i ens ajuden en l&#8217;educaci\u00f3 emocional a l&#8217;aula.<\/p>\n<p>Cada maleta compta amb m\u00e9s de 30 llibres. Consulteu el llistat de cada maleta amb els t\u00edtols enlla\u00e7ats a la fitxa Epergam del CRP.<\/p>\n<p><a href=\"https:\/\/serveiseducatius.xtec.cat\/riberadebre\/portada\/maleta-de-les-emocions-petits\/\" target=\"_blank\" rel=\"noopener\">MALETA EMOCIONS PETITS<\/a><\/p>\n<p><a href=\"https:\/\/serveiseducatius.xtec.cat\/riberadebre\/general\/maleta-de-les-emocions-grans\/\" target=\"_blank\" rel=\"noopener\">MALETA EMOCIONS GRANS<\/a><\/p>\n<p>Cliqueu a cada maleta per mirar els llibres recomanats amb les seves guies did\u00e0ctiques o recursos complementaris:<\/p>\n<p>&nbsp;<\/p>\n<p><a href=\"https:\/\/serveiseducatius.xtec.cat\/riberadebre\/general\/maleta-de-les-emocions-petits\/\" target=\"_blank\" rel=\"noopener noreferrer\"><img loading=\"lazy\" decoding=\"async\" class=\"alignnone wp-image-12413\" src=\"https:\/\/serveiseducatius.xtec.cat\/riberadebre\/wp-content\/uploads\/usu1126\/2020\/10\/MALETA-DE-LES-EMOCIONS-Petit-1-1-724x1024.jpg\" sizes=\"auto, (max-width: 166px) 100vw, 166px\" srcset=\"https:\/\/serveiseducatius.xtec.cat\/riberadebre\/wp-content\/uploads\/usu1126\/2020\/10\/MALETA-DE-LES-EMOCIONS-Petit-1-1-724x1024.jpg 724w, https:\/\/serveiseducatius.xtec.cat\/riberadebre\/wp-content\/uploads\/usu1126\/2020\/10\/MALETA-DE-LES-EMOCIONS-Petit-1-1-212x300.jpg 212w, https:\/\/serveiseducatius.xtec.cat\/riberadebre\/wp-content\/uploads\/usu1126\/2020\/10\/MALETA-DE-LES-EMOCIONS-Petit-1-1-768x1086.jpg 768w, https:\/\/serveiseducatius.xtec.cat\/riberadebre\/wp-content\/uploads\/usu1126\/2020\/10\/MALETA-DE-LES-EMOCIONS-Petit-1-1.jpg 1587w\" alt=\"\" width=\"221\" height=\"313\" \/>\u00a0\u00a0\u00a0\u00a0\u00a0<\/a><a href=\"https:\/\/serveiseducatius.xtec.cat\/riberadebre\/general\/maleta-de-les-emocions-grans\/\" target=\"_blank\" rel=\"noopener noreferrer\"><img loading=\"lazy\" decoding=\"async\" class=\"alignnone wp-image-12420\" src=\"https:\/\/serveiseducatius.xtec.cat\/riberadebre\/wp-content\/uploads\/usu1126\/2020\/10\/MALETA-EMOCIONS-GRANS-724x1024.jpg\" sizes=\"auto, (max-width: 164px) 100vw, 164px\" srcset=\"https:\/\/serveiseducatius.xtec.cat\/riberadebre\/wp-content\/uploads\/usu1126\/2020\/10\/MALETA-EMOCIONS-GRANS-724x1024.jpg 724w, https:\/\/serveiseducatius.xtec.cat\/riberadebre\/wp-content\/uploads\/usu1126\/2020\/10\/MALETA-EMOCIONS-GRANS-212x300.jpg 212w, https:\/\/serveiseducatius.xtec.cat\/riberadebre\/wp-content\/uploads\/usu1126\/2020\/10\/MALETA-EMOCIONS-GRANS-768x1086.jpg 768w, https:\/\/serveiseducatius.xtec.cat\/riberadebre\/wp-content\/uploads\/usu1126\/2020\/10\/MALETA-EMOCIONS-GRANS.jpg 1587w\" alt=\"\" width=\"217\" height=\"307\" \/><\/a><a href=\"https:\/\/serveiseducatius.xtec.cat\/riberadebre\/wp-content\/uploads\/usu1126\/2020\/10\/MALETA-DE-LES-EMOCIONS-Petit-1-1.jpg\">\u00a0\u00a0\u00a0<\/a><\/p>\n","protected":false},"excerpt":{"rendered":"<p>Maletes de propostes lectores per a l&#8217;educaci\u00f3 prim\u00e0ria que ens permeten parlar de les emocions i ens ajuden en l&#8217;educaci\u00f3 emocional a l&#8217;aula. Cada maleta compta amb m\u00e9s de 30 llibres. Consulteu el llistat de cada maleta amb els t\u00edtols enlla\u00e7ats a la fitxa Epergam del CRP. MALETA EMOCIONS PETITS MALETA EMOCIONS GRANS Cliqueu a [&hellip;]<\/p>\n","protected":false},"author":3,"featured_media":0,"parent":541,"menu_order":8,"comment_status":"closed","ping_status":"closed","template":"page-templates\/side-menu.php","meta":{"_bbp_topic_count":0,"_bbp_reply_count":0,"_bbp_total_topic_count":0,"_bbp_total_reply_count":0,"_bbp_voice_count":0,"_bbp_anonymous_reply_count":0,"_bbp_topic_count_hidden":0,"_bbp_reply_count_hidden":0,"_bbp_forum_subforum_count":0,"site-sidebar-layout":"default","site-content-layout":"","ast-site-content-layout":"","site-content-style":"default","site-sidebar-style":"default","ast-global-header-display":"","ast-banner-title-visibility":"","ast-main-header-display":"","ast-hfb-above-header-display":"","ast-hfb-below-header-display":"","ast-hfb-mobile-header-display":"","site-post-title":"","ast-breadcrumbs-content":"","ast-featured-img":"","footer-sml-layout":"","theme-transparent-header-meta":"","adv-header-id-meta":"","stick-header-meta":"","header-above-stick-meta":"","header-main-stick-meta":"","header-below-stick-meta":"","astra-migrate-meta-layouts":"default","ast-page-background-enabled":"default","ast-page-background-meta":{"desktop":{"background-color":"var(--ast-global-color-4)","background-image":"","background-repeat":"repeat","background-position":"center center","background-size":"auto","background-attachment":"scroll","background-type":"","background-media":"","overlay-type":"","overlay-color":"","overlay-opacity":"","overlay-gradient":""},"tablet":{"background-color":"","background-image":"","background-repeat":"repeat","background-position":"center center","background-size":"auto","background-attachment":"scroll","background-type":"","background-media":"","overlay-type":"","overlay-color":"","overlay-opacity":"","overlay-gradient":""},"mobile":{"background-color":"","background-image":"","background-repeat":"repeat","background-position":"center center","background-size":"auto","background-attachment":"scroll","background-type":"","background-media":"","overlay-type":"","overlay-color":"","overlay-opacity":"","overlay-gradient":""}},"ast-content-background-meta":{"desktop":{"background-color":"var(--ast-global-color-5)","background-image":"","background-repeat":"repeat","background-position":"center center","background-size":"auto","background-attachment":"scroll","background-type":"","background-media":"","overlay-type":"","overlay-color":"","overlay-opacity":"","overlay-gradient":""},"tablet":{"background-color":"var(--ast-global-color-5)","background-image":"","background-repeat":"repeat","background-position":"center center","background-size":"auto","background-attachment":"scroll","background-type":"","background-media":"","overlay-type":"","overlay-color":"","overlay-opacity":"","overlay-gradient":""},"mobile":{"background-color":"var(--ast-global-color-5)","background-image":"","background-repeat":"repeat","background-position":"center center","background-size":"auto","background-attachment":"scroll","background-type":"","background-media":"","overlay-type":"","overlay-color":"","overlay-opacity":"","overlay-gradient":""}},"footnotes":""},"class_list":["post-15824","page","type-page","status-publish","hentry"],"post_mailing_queue_ids":[],"_links":{"self":[{"href":"https:\/\/serveiseducatius.xtec.cat\/riberadebre\/wp-json\/wp\/v2\/pages\/15824","targetHints":{"allow":["GET"]}}],"collection":[{"href":"https:\/\/serveiseducatius.xtec.cat\/riberadebre\/wp-json\/wp\/v2\/pages"}],"about":[{"href":"https:\/\/serveiseducatius.xtec.cat\/riberadebre\/wp-json\/wp\/v2\/types\/page"}],"author":[{"embeddable":true,"href":"https:\/\/serveiseducatius.xtec.cat\/riberadebre\/wp-json\/wp\/v2\/users\/3"}],"replies":[{"embeddable":true,"href":"https:\/\/serveiseducatius.xtec.cat\/riberadebre\/wp-json\/wp\/v2\/comments?post=15824"}],"version-history":[{"count":3,"href":"https:\/\/serveiseducatius.xtec.cat\/riberadebre\/wp-json\/wp\/v2\/pages\/15824\/revisions"}],"predecessor-version":[{"id":16392,"href":"https:\/\/serveiseducatius.xtec.cat\/riberadebre\/wp-json\/wp\/v2\/pages\/15824\/revisions\/16392"}],"up":[{"embeddable":true,"href":"https:\/\/serveiseducatius.xtec.cat\/riberadebre\/wp-json\/wp\/v2\/pages\/541"}],"wp:attachment":[{"href":"https:\/\/serveiseducatius.xtec.cat\/riberadebre\/wp-json\/wp\/v2\/media?parent=15824"}],"curies":[{"name":"wp","href":"https:\/\/api.w.org\/{rel}","templated":true}]}}