{"id":11291,"date":"2020-04-09T02:30:22","date_gmt":"2020-04-09T00:30:22","guid":{"rendered":"http:\/\/serveiseducatius.xtec.cat\/riberadebre\/?page_id=11291"},"modified":"2025-12-17T12:33:49","modified_gmt":"2025-12-17T11:33:49","slug":"escoles-verdes","status":"publish","type":"page","link":"https:\/\/serveiseducatius.xtec.cat\/riberadebre\/comunitat\/escoles-verdes\/","title":{"rendered":"ESCOLES VERDES"},"content":{"rendered":"<header class=\"entry-header\">\n<h1 class=\"entry-title\"><span style=\"color: #008000;\">Programa Escoles Verdes<\/span><\/h1>\n<h5><span style=\"color: #003300;\"><a style=\"color: #003300;\" href=\"https:\/\/serveiseducatius.xtec.cat\/riberadebre\/categoria\/escoles-verdes\/\" target=\"_blank\" rel=\"noopener noreferrer\">SEGUIU TOTS ELS ARTICLES, PROPOSTES I ACTUACIONS DE LES ESCOLES VERDES DE LA RIBERA D&#8217;EBRE<\/a><\/span><\/h5>\n<h3><span style=\"color: #003300;\"><a style=\"color: #003300;\" href=\"https:\/\/serveiseducatius.xtec.cat\/riberadebre\/categoria\/escoles-verdes\/\" target=\"_blank\" rel=\"noopener noreferrer\">CLICANT AQU\u00cd.<\/a><\/span><\/h3>\n<p>&nbsp;<\/p>\n<p><a href=\"http:\/\/mediambient.gencat.cat\/ca\/05_ambits_dactuacio\/educacio_i_sostenibilitat\/educacio_per_a_la_sostenibilitat\/escoles_verdes\/\" target=\"_blank\" rel=\"noopener noreferrer\">Del Departament de Territori i Sostenibilitat<\/a> en col\u00b7laboraci\u00f3 amb el Departament d&#8217;Educaci\u00f3.<\/p>\n<\/header>\n<div class=\"entry-content\">\n<p><img loading=\"lazy\" decoding=\"async\" class=\"alignleft wp-image-7523 size-full\" src=\"http:\/\/serveiseducatius.xtec.cat\/baixcamp\/wp-content\/uploads\/usu950\/2018\/01\/BOT%C3%93-PE.png\" alt=\"\" width=\"154\" height=\"74\" \/>Sorgeix com un comprom\u00eds per donar suport a tots els centres educatius de Catalunya que volen innovar, incloure, avan\u00e7ar, sistematitzar i organitzar accions educatives que tinguin la finalitat d\u2019afrontar, des de l\u2019educaci\u00f3, els nous reptes i valors de la sostenibilitat.<\/p>\n<h6><strong>Objectius<\/strong><\/h6>\n<ul>\n<li>Ajudar els centres a incorporar els valors de l\u2019Educaci\u00f3 per a la Sostenibilitat en tots els \u00e0mbits de la vida del centre: curr\u00edculum, gesti\u00f3, relacions amb l\u2019entorn, etc.<\/li>\n<li>Promoure la participaci\u00f3 i la implicaci\u00f3 activa de la comunitat educativa en la millora del seu entorn.<\/li>\n<li>Afavorir l\u2019intercanvi entre els centres que comparteixen uns mateixos objectius.<\/li>\n<\/ul>\n<p>Podeu consultar el <strong>mapa territorial dels centres participants al Programa d&#8217;Escoles Verdes,<\/strong><a href=\"https:\/\/www.instamaps.cat\/instavisor\/85957837\/918e621ed3014899f25464af72809033\/Escoles_verdes_de_Catalunya.html?embed=1#8\/41.747\/0.879\" target=\"_blank\" rel=\"noopener noreferrer\"> clicant aqu\u00ed.<\/a><\/p>\n<p>El curs 2018-19 es va celebrar 20 anys d\u2019aquest Programa, que compta amb la participaci\u00f3 d&#8217;uns 700 centres adherits arreu de Catalunya.<\/p>\n<p>A la Ribera d&#8217;Ebre vam engegar amb les seg\u00fcents escoles en xarxa:<\/p>\n<ul>\n<li><a href=\"https:\/\/agora.xtec.cat\/zerbenmir\/\" target=\"_blank\" rel=\"noopener noreferrer\"><strong>ZER Benissanet-Miravet<\/strong><\/a><\/li>\n<li><a href=\"https:\/\/agora.xtec.cat\/zer-fontdelaiguadi\/\" target=\"_blank\" rel=\"noopener noreferrer\"><strong>ZER Font de l&#8217;Aiguad\u00ed<\/strong><\/a><\/li>\n<li><a href=\"https:\/\/agora.xtec.cat\/col-santateresa\/\" target=\"_blank\" rel=\"noopener noreferrer\"><strong>Col\u00b7legi Santa Teresa de M\u00f3ra d&#8217;Ebre<\/strong><\/a><\/li>\n<\/ul>\n<\/div>\n<p>Tot i que tenim un centre de refer\u00e8ncia a la Ribera, l&#8217;<a href=\"https:\/\/agora.xtec.cat\/zerlesvinyes\/josep-riba\/\" target=\"_blank\" rel=\"noopener noreferrer\">escola Josep Riba de la Serra d&#8217;Almos<\/a> que forma part de la ZER Les Vinyes, com a centre que porta molts anys com ESCOLA VERDA, seguint el programa.<\/p>\n<div class=\"entry-content\">\n<p>Us podeu subscriure al Butllet\u00ed d&#8217;Escoles Verdes, <a href=\"http:\/\/mediambient.gencat.cat\/ca\/05_ambits_dactuacio\/educacio_i_sostenibilitat\/educacio_per_a_la_sostenibilitat\/escoles_verdes\/e-butlleti\/\" target=\"_blank\" rel=\"noopener noreferrer\">des de la seva web.<\/a><\/p>\n<p><a href=\"http:\/\/mediambient.gencat.cat\/ca\/05_ambits_dactuacio\/educacio_i_sostenibilitat\/educacio_per_a_la_sostenibilitat\/escoles_verdes\/materials_del_programa_escoles_verdes\/\"><img loading=\"lazy\" decoding=\"async\" class=\"alignnone size-full wp-image-11292\" src=\"https:\/\/serveiseducatius.xtec.cat\/riberadebre\/wp-content\/uploads\/usu1126\/2020\/04\/cartell_escola_verda.jpg\" alt=\"\" width=\"320\" height=\"293\" srcset=\"https:\/\/serveiseducatius.xtec.cat\/riberadebre\/wp-content\/uploads\/usu1126\/2020\/04\/cartell_escola_verda.jpg 320w, https:\/\/serveiseducatius.xtec.cat\/riberadebre\/wp-content\/uploads\/usu1126\/2020\/04\/cartell_escola_verda-300x275.jpg 300w\" sizes=\"auto, (max-width: 320px) 100vw, 320px\" \/><\/a><\/p>\n<\/div>\n<p>&nbsp;<\/p>\n","protected":false},"excerpt":{"rendered":"<p>Programa Escoles Verdes SEGUIU TOTS ELS ARTICLES, PROPOSTES I ACTUACIONS DE LES ESCOLES VERDES DE LA RIBERA D&#8217;EBRE CLICANT AQU\u00cd. &nbsp; Del Departament de Territori i Sostenibilitat en col\u00b7laboraci\u00f3 amb el Departament d&#8217;Educaci\u00f3. Sorgeix com un comprom\u00eds per donar suport a tots els centres educatius de Catalunya que volen innovar, incloure, avan\u00e7ar, sistematitzar i organitzar [&hellip;]<\/p>\n","protected":false},"author":3,"featured_media":0,"parent":341,"menu_order":0,"comment_status":"closed","ping_status":"closed","template":"","meta":{"_bbp_topic_count":0,"_bbp_reply_count":0,"_bbp_total_topic_count":0,"_bbp_total_reply_count":0,"_bbp_voice_count":0,"_bbp_anonymous_reply_count":0,"_bbp_topic_count_hidden":0,"_bbp_reply_count_hidden":0,"_bbp_forum_subforum_count":0,"site-sidebar-layout":"default","site-content-layout":"","ast-site-content-layout":"default","site-content-style":"default","site-sidebar-style":"default","ast-global-header-display":"","ast-banner-title-visibility":"","ast-main-header-display":"","ast-hfb-above-header-display":"","ast-hfb-below-header-display":"","ast-hfb-mobile-header-display":"","site-post-title":"","ast-breadcrumbs-content":"","ast-featured-img":"","footer-sml-layout":"","theme-transparent-header-meta":"default","adv-header-id-meta":"","stick-header-meta":"","header-above-stick-meta":"","header-main-stick-meta":"","header-below-stick-meta":"","astra-migrate-meta-layouts":"set","ast-page-background-enabled":"default","ast-page-background-meta":{"desktop":{"background-color":"var(--ast-global-color-4)","background-image":"","background-repeat":"repeat","background-position":"center center","background-size":"auto","background-attachment":"scroll","background-type":"","background-media":"","overlay-type":"","overlay-color":"","overlay-opacity":"","overlay-gradient":""},"tablet":{"background-color":"","background-image":"","background-repeat":"repeat","background-position":"center center","background-size":"auto","background-attachment":"scroll","background-type":"","background-media":"","overlay-type":"","overlay-color":"","overlay-opacity":"","overlay-gradient":""},"mobile":{"background-color":"","background-image":"","background-repeat":"repeat","background-position":"center center","background-size":"auto","background-attachment":"scroll","background-type":"","background-media":"","overlay-type":"","overlay-color":"","overlay-opacity":"","overlay-gradient":""}},"ast-content-background-meta":{"desktop":{"background-color":"var(--ast-global-color-5)","background-image":"","background-repeat":"repeat","background-position":"center center","background-size":"auto","background-attachment":"scroll","background-type":"","background-media":"","overlay-type":"","overlay-color":"","overlay-opacity":"","overlay-gradient":""},"tablet":{"background-color":"var(--ast-global-color-5)","background-image":"","background-repeat":"repeat","background-position":"center center","background-size":"auto","background-attachment":"scroll","background-type":"","background-media":"","overlay-type":"","overlay-color":"","overlay-opacity":"","overlay-gradient":""},"mobile":{"background-color":"var(--ast-global-color-5)","background-image":"","background-repeat":"repeat","background-position":"center center","background-size":"auto","background-attachment":"scroll","background-type":"","background-media":"","overlay-type":"","overlay-color":"","overlay-opacity":"","overlay-gradient":""}},"footnotes":""},"class_list":["post-11291","page","type-page","status-publish","hentry"],"post_mailing_queue_ids":[],"_links":{"self":[{"href":"https:\/\/serveiseducatius.xtec.cat\/riberadebre\/wp-json\/wp\/v2\/pages\/11291","targetHints":{"allow":["GET"]}}],"collection":[{"href":"https:\/\/serveiseducatius.xtec.cat\/riberadebre\/wp-json\/wp\/v2\/pages"}],"about":[{"href":"https:\/\/serveiseducatius.xtec.cat\/riberadebre\/wp-json\/wp\/v2\/types\/page"}],"author":[{"embeddable":true,"href":"https:\/\/serveiseducatius.xtec.cat\/riberadebre\/wp-json\/wp\/v2\/users\/3"}],"replies":[{"embeddable":true,"href":"https:\/\/serveiseducatius.xtec.cat\/riberadebre\/wp-json\/wp\/v2\/comments?post=11291"}],"version-history":[{"count":3,"href":"https:\/\/serveiseducatius.xtec.cat\/riberadebre\/wp-json\/wp\/v2\/pages\/11291\/revisions"}],"predecessor-version":[{"id":12994,"href":"https:\/\/serveiseducatius.xtec.cat\/riberadebre\/wp-json\/wp\/v2\/pages\/11291\/revisions\/12994"}],"up":[{"embeddable":true,"href":"https:\/\/serveiseducatius.xtec.cat\/riberadebre\/wp-json\/wp\/v2\/pages\/341"}],"wp:attachment":[{"href":"https:\/\/serveiseducatius.xtec.cat\/riberadebre\/wp-json\/wp\/v2\/media?parent=11291"}],"curies":[{"name":"wp","href":"https:\/\/api.w.org\/{rel}","templated":true}]}}