{"id":11280,"date":"2020-04-09T00:46:21","date_gmt":"2020-04-08T22:46:21","guid":{"rendered":"http:\/\/serveiseducatius.xtec.cat\/riberadebre\/?page_id=11280"},"modified":"2025-12-17T11:47:46","modified_gmt":"2025-12-17T10:47:46","slug":"programes-dinnovacio","status":"publish","type":"page","link":"https:\/\/serveiseducatius.xtec.cat\/riberadebre\/formacio\/programes-dinnovacio\/","title":{"rendered":"Programes d&#8217;Innovaci\u00f3"},"content":{"rendered":"<p><a href=\"http:\/\/xtec.gencat.cat\/ca\/innovacio\/programes_innovacio\/\" target=\"_blank\" rel=\"noopener noreferrer\"><strong>Els programes d\u2019innovaci\u00f3<\/strong> <\/a>consisteixen en plans d\u2019acci\u00f3 que el Departament d\u2019Educaci\u00f3 impulsa, i que tenen com a finalitat millorar els resultats del sistema educatiu adequant-lo al canvi i a l\u2019evoluci\u00f3 social.<\/p>\n<p>Molts programes <a href=\"https:\/\/xtec.gencat.cat\/ca\/innovacio\/programes_innovacio\/convocatoria-programes-innovacio\/\" target=\"_blank\" rel=\"noopener noreferrer\">obren convocat\u00f2ria<\/a> anualment dins un termini concret per si hi ha nous centres interessats.<\/p>\n<p>Seguim el <a href=\"https:\/\/xtec.gencat.cat\/ca\/innovacio\/\" target=\"_blank\" rel=\"noopener noreferrer\">MARC DE LA INNOVACI\u00d3 PEDAG\u00d2GICA publicat l&#8217;any 2017<\/a> que defineix els \u00e0mbits i les modalitats de la Innovaci\u00f3.<\/p>\n<p>El Departament fa tamb\u00e9\u00a0 reconeixement de <strong><a href=\"https:\/\/xtec.gencat.cat\/ca\/innovacio\/projectes_innovacio_pedagogica\/\" target=\"_blank\" rel=\"noopener\">Projectes d&#8217;Innovaci\u00f3 Educativa<\/a> singulars i espec\u00edfics de bones pr\u00e0ctiques <\/strong>als centres, com:<\/p>\n<ul>\n<li><a href=\"https:\/\/innovacio.xtec.gencat.cat\/projecte\/1001%7C43005534%7C0\" target=\"_blank\" rel=\"noopener noreferrer\">COPROES: Cooperativa Productiva Escolar de l&#8217;Escola de Rasquera.<\/a><\/li>\n<li>El curs 2019-20 es va recon\u00e8ixer el projecte d&#8217;innovaci\u00f3 de bona pr\u00e0ctica al treball d&#8217;<span style=\"color: #3366ff;\">APADRINEM EL PATRIMONI de LA ROM\u00c0NICA de La Palma d&#8217;Ebre<\/span> coordinat per Anna Blad\u00e9 a l&#8217;Escola 1 d&#8217;Abril.<\/li>\n<li>El curs 2022-23 es va recon\u00e8ixer el projecte d&#8217;innovaci\u00f3 a l&#8217;escola Antoni Nat de Benissanet pel <a href=\"https:\/\/agora.xtec.cat\/escbenissanet\/?s=projecte+d%27innovaci%C3%B3\" target=\"_blank\" rel=\"noopener\">projecte SAIAR<\/a> amb el Casal d&#8217;avis del poble.<\/li>\n<li>El curs 2022-23<a href=\"https:\/\/serveiseducatius.xtec.cat\/riberadebre\/general\/acreditacio-innovacio-esc-enric-grau-i-fontsere-fem-escola-tots-sumem\/\" target=\"_blank\" rel=\"noopener\"> projecte FEM ESCOLA, TOTS SUMEM<\/a> a l&#8217;escola Enric Grau Fontser\u00e9 de Flix.<\/li>\n<\/ul>\n<p>&nbsp;<\/p>\n<h5><strong>Relaci\u00f3 de PROGRAMES D&#8217;INNOVACI\u00d3 ALS CENTRES DOCENTS DE LA RIBERA D&#8217;EBRE:<\/strong><\/h5>\n<ul style=\"list-style-type: square;\">\n<li>Els centres de la Ribera d&#8217;Ebre de la <strong><span style=\"color: #800000;\">XARXA DE TRANSFORMACI\u00d3 EDUCATIVA<\/span><\/strong> en el <a href=\"https:\/\/projectes.xtec.cat\/transformacioenxarxa\/\" target=\"_blank\" rel=\"noopener noreferrer\">LABORATORI DE TRANSFORMACI\u00d3 EDUCATIVA<\/a> -PACTE:\n<ul>\n<li>Escola Enric Grau Fontser\u00e9 de Flix (centre facilitador, referent)<\/li>\n<li>ZER Font de l&#8217;Aiguad\u00ed <a href=\"http:\/\/xtec.gencat.cat\/ca\/innovacio\/programes_innovacio\/educacio-infantil-i-primaria\/pacte-programa-acceleracio-transformacio-educativa-eines-canvi\/\" target=\"_blank\" rel=\"noopener\">(inici PACTE curs 2021-22)<\/a><\/li>\n<li>Institut-Escola 3 d&#8217;Abril de M\u00f3ra la Nova <a href=\"http:\/\/xtec.gencat.cat\/ca\/innovacio\/programes_innovacio\/educacio-infantil-i-primaria\/pacte-programa-acceleracio-transformacio-educativa-eines-canvi\/\" target=\"_blank\" rel=\"noopener\">(inicia PACTE curs 2021-22)<\/a><\/li>\n<\/ul>\n<\/li>\n<li><\/li>\n<li>El curs 2017-18 s&#8217;inicien a la <strong><a href=\"http:\/\/xtec.gencat.cat\/ca\/curriculum\/xarxacb\/\" target=\"_blank\" rel=\"noopener noreferrer\"><span style=\"color: #800000;\">XARXA DE COMPET\u00c8NCIES<\/span><\/a><\/strong> diversos centres docents de la comarca dins la xarxa territorial XCT6\u00a0 i es continua ampliant la xarxa cada curs:\n<ul>\n<li style=\"list-style-type: none;\">\n<ul>\n<li style=\"list-style-type: none;\">\n<ul>\n<li>Escola LLu\u00eds Vi\u00f1as de M\u00f3ra d&#8217;Ebre<\/li>\n<li>Escola Marcel\u00b7l\u00ed Domingo de Tivissa<\/li>\n<li>Institut de Flix<\/li>\n<li>ZER Ebre<\/li>\n<li>ZER Ribera d&#8217;Ebre Nord (inici curs 2023-24)<\/li>\n<li>Escola P\u00e0mies de Ginestar (inici curs 2021-22)<\/li>\n<\/ul>\n<\/li>\n<li><\/li>\n<\/ul>\n<\/li>\n<\/ul>\n<\/li>\n<li>El curs 2023-24 inicien el Programa d&#8217;Innovaci\u00f3 d<span style=\"color: #800000;\"><strong>&#8216;ENFOCAMENT RESTAURATIU GLOBAL :<\/strong><\/span><\/li>\n<\/ul>\n<p style=\"padding-left: 120px;\">-Escola Llu\u00eds Vi\u00f1as de M\u00f3ra d&#8217;Ebre<\/p>\n<p style=\"padding-left: 120px;\">-Institut-Escola 3 d&#8217;Abril de M\u00f3ra la Nova<\/p>\n<ul style=\"list-style-type: square;\">\n<li>L&#8217;escola Enric Grau Fontser\u00e9 de Flix , el curs 2022-23,\u00a0 \u00e9s seleccionada per al<strong><span style=\"color: #800000;\">\u00a0programa FAIG.<\/span><\/strong><\/li>\n<\/ul>\n<p>&nbsp;<\/p>\n<ul style=\"list-style-type: square;\">\n<li>Altres programes d&#8217;innovaci\u00f3 en marxa o finalitzats a la Ribera d&#8217;Ebre:<\/li>\n<\/ul>\n<p><em><strong>&#8211;<a href=\"http:\/\/xtec.gencat.cat\/ca\/centres\/projeducatiu\/convivencia\/aquiproubullying\/\" target=\"_blank\" rel=\"noopener noreferrer\">#aqu\u00edproubullying- Projecte de conviv\u00e8ncia &#8220;Aqu\u00ed Prou Bullying&#8221;\u00a0<\/a><\/strong><\/em><\/p>\n<p style=\"padding-left: 40px;\">. a l&#8217;Institut de Flix, des del curs 2017-18.<\/p>\n<p>\u00a0 \u00a0 \u00a0 \u00a0 \u00a0. a l&#8217;Institut Julio Antonio (inici curs 2022-23)<\/p>\n<p>. al Col\u00b7legi Sta Teresa de M\u00f3ra d&#8217;Ebre ( inici curs 2023-24)<\/p>\n<p><em>&#8211;<a href=\"http:\/\/xtec.gencat.cat\/ca\/comunitat\/salutescola\/programa-salut-integral\/\" target=\"_blank\" rel=\"noopener noreferrer\"><strong>Programa SI- Salut Integral des del curs 2018-19:<\/strong><\/a><\/em><\/p>\n<p style=\"padding-left: 40px;\">.a la ZER Benissanet-Miravet,<\/p>\n<p style=\"padding-left: 40px;\">.a la ZER Ribera d&#8217;Ebre Nord,<\/p>\n<p>\u00a0 \u00a0 \u00a0 \u00a0 \u00a0.a l&#8217;escola de Rasquera,<\/p>\n<p style=\"padding-left: 40px;\">.a l&#8217;escola St. Miquel d&#8217;Asc\u00f3.<\/p>\n<p><em><strong>-Programa STEAM.cat (2019-2022). <\/strong><\/em><strong style=\"font-family: inherit; font-size: 1em;\"><a href=\"http:\/\/xtec.gencat.cat\/ca\/innovacio\/programes_innovacio\/programa-steamcat\/\" target=\"_blank\" rel=\"noopener noreferrer\">Centres Alian\u00e7a STEAM RIBERA :<\/a><\/strong><span style=\"font-family: inherit; font-size: 1em;\"> Institut-Escola 3 d&#8217;Abril de M\u00f3ra la Nova, ZER Font de l&#8217;Aiguad\u00ed (Rasquera-Ginestar), Escola Enric Grau i Fontser\u00e9 de Flix.<\/span><\/p>\n<p><em><a href=\"http:\/\/xtec.gencat.cat\/ca\/innovacio\/programes_innovacio\/mobilsedu\/\" target=\"_blank\" rel=\"noopener noreferrer\"><strong>-Programa M\u00f2bils.edu :<\/strong><\/a><\/em><\/p>\n<ul>\n<li style=\"list-style-type: none;\">\n<ul>\n<li>Escola Llu\u00eds Vi\u00f1as de M\u00f3ra d&#8217;Ebre- implementaci\u00f3 curs 2021-22.<\/li>\n<li>Escola Enric Grau Fontser\u00e9 de Flix-implementaci\u00f3 curs 2021-22.<\/li>\n<\/ul>\n<\/li>\n<\/ul>\n<p><em><a href=\"http:\/\/xtec.gencat.cat\/ca\/curriculum\/orientacioeducativa\/model-competencial-orientador\/\" target=\"_blank\" rel=\"noopener noreferrer\"><strong>-Programa d&#8217;Innovaci\u00f3 d&#8217;Orientaci\u00f3 Educativa<\/strong> <\/a><\/em>per a secund\u00e0ria, a l&#8217;Institut Julio Antonio de M\u00f3ra d&#8217;Ebre, seguint el Model Competencial Orientador- SCAP dels darrers anys (finalitza coordinaci\u00f3 curs 2020-21)<\/p>\n<p><em><strong><a href=\"http:\/\/xtec.gencat.cat\/ca\/projectes\/plurilinguisme\/programes\/institucionals\/gep\/\" target=\"_blank\" rel=\"noopener noreferrer\">-Programa de Generaci\u00f3 Pluriling\u00fce- GEP<\/a><\/strong><\/em><\/p>\n<p style=\"padding-left: 120px;\">a l&#8217;Escola de Rasquera, des del curs 2015-16,<\/p>\n<p style=\"padding-left: 120px;\">al Col\u00b7legi Sta. Teresa de M\u00f3ra d&#8217;Ebre, des del curs 2019-20,<\/p>\n<p>entre d&#8217;altres.<\/p>\n<p>Contactar amb el CRP per a m\u00e9s informaci\u00f3.<\/p>\n","protected":false},"excerpt":{"rendered":"<p>Els programes d\u2019innovaci\u00f3 consisteixen en plans d\u2019acci\u00f3 que el Departament d\u2019Educaci\u00f3 impulsa, i que tenen com a finalitat millorar els resultats del sistema educatiu adequant-lo al canvi i a l\u2019evoluci\u00f3 social. Molts programes obren convocat\u00f2ria anualment dins un termini concret per si hi ha nous centres interessats. Seguim el MARC DE LA INNOVACI\u00d3 PEDAG\u00d2GICA publicat [&hellip;]<\/p>\n","protected":false},"author":3,"featured_media":0,"parent":416,"menu_order":0,"comment_status":"closed","ping_status":"closed","template":"","meta":{"_bbp_topic_count":0,"_bbp_reply_count":0,"_bbp_total_topic_count":0,"_bbp_total_reply_count":0,"_bbp_voice_count":0,"_bbp_anonymous_reply_count":0,"_bbp_topic_count_hidden":0,"_bbp_reply_count_hidden":0,"_bbp_forum_subforum_count":0,"site-sidebar-layout":"default","site-content-layout":"","ast-site-content-layout":"default","site-content-style":"default","site-sidebar-style":"default","ast-global-header-display":"","ast-banner-title-visibility":"","ast-main-header-display":"","ast-hfb-above-header-display":"","ast-hfb-below-header-display":"","ast-hfb-mobile-header-display":"","site-post-title":"","ast-breadcrumbs-content":"","ast-featured-img":"","footer-sml-layout":"","theme-transparent-header-meta":"default","adv-header-id-meta":"","stick-header-meta":"","header-above-stick-meta":"","header-main-stick-meta":"","header-below-stick-meta":"","astra-migrate-meta-layouts":"set","ast-page-background-enabled":"default","ast-page-background-meta":{"desktop":{"background-color":"var(--ast-global-color-4)","background-image":"","background-repeat":"repeat","background-position":"center center","background-size":"auto","background-attachment":"scroll","background-type":"","background-media":"","overlay-type":"","overlay-color":"","overlay-opacity":"","overlay-gradient":""},"tablet":{"background-color":"","background-image":"","background-repeat":"repeat","background-position":"center center","background-size":"auto","background-attachment":"scroll","background-type":"","background-media":"","overlay-type":"","overlay-color":"","overlay-opacity":"","overlay-gradient":""},"mobile":{"background-color":"","background-image":"","background-repeat":"repeat","background-position":"center center","background-size":"auto","background-attachment":"scroll","background-type":"","background-media":"","overlay-type":"","overlay-color":"","overlay-opacity":"","overlay-gradient":""}},"ast-content-background-meta":{"desktop":{"background-color":"var(--ast-global-color-5)","background-image":"","background-repeat":"repeat","background-position":"center center","background-size":"auto","background-attachment":"scroll","background-type":"","background-media":"","overlay-type":"","overlay-color":"","overlay-opacity":"","overlay-gradient":""},"tablet":{"background-color":"var(--ast-global-color-5)","background-image":"","background-repeat":"repeat","background-position":"center center","background-size":"auto","background-attachment":"scroll","background-type":"","background-media":"","overlay-type":"","overlay-color":"","overlay-opacity":"","overlay-gradient":""},"mobile":{"background-color":"var(--ast-global-color-5)","background-image":"","background-repeat":"repeat","background-position":"center center","background-size":"auto","background-attachment":"scroll","background-type":"","background-media":"","overlay-type":"","overlay-color":"","overlay-opacity":"","overlay-gradient":""}},"footnotes":""},"class_list":["post-11280","page","type-page","status-publish","hentry"],"post_mailing_queue_ids":[],"_links":{"self":[{"href":"https:\/\/serveiseducatius.xtec.cat\/riberadebre\/wp-json\/wp\/v2\/pages\/11280","targetHints":{"allow":["GET"]}}],"collection":[{"href":"https:\/\/serveiseducatius.xtec.cat\/riberadebre\/wp-json\/wp\/v2\/pages"}],"about":[{"href":"https:\/\/serveiseducatius.xtec.cat\/riberadebre\/wp-json\/wp\/v2\/types\/page"}],"author":[{"embeddable":true,"href":"https:\/\/serveiseducatius.xtec.cat\/riberadebre\/wp-json\/wp\/v2\/users\/3"}],"replies":[{"embeddable":true,"href":"https:\/\/serveiseducatius.xtec.cat\/riberadebre\/wp-json\/wp\/v2\/comments?post=11280"}],"version-history":[{"count":6,"href":"https:\/\/serveiseducatius.xtec.cat\/riberadebre\/wp-json\/wp\/v2\/pages\/11280\/revisions"}],"predecessor-version":[{"id":19022,"href":"https:\/\/serveiseducatius.xtec.cat\/riberadebre\/wp-json\/wp\/v2\/pages\/11280\/revisions\/19022"}],"up":[{"embeddable":true,"href":"https:\/\/serveiseducatius.xtec.cat\/riberadebre\/wp-json\/wp\/v2\/pages\/416"}],"wp:attachment":[{"href":"https:\/\/serveiseducatius.xtec.cat\/riberadebre\/wp-json\/wp\/v2\/media?parent=11280"}],"curies":[{"name":"wp","href":"https:\/\/api.w.org\/{rel}","templated":true}]}}