{"id":11273,"date":"2020-04-09T00:12:46","date_gmt":"2020-04-08T22:12:46","guid":{"rendered":"http:\/\/serveiseducatius.xtec.cat\/riberadebre\/?page_id=11273"},"modified":"2025-12-17T12:32:04","modified_gmt":"2025-12-17T11:32:04","slug":"fer","status":"publish","type":"page","link":"https:\/\/serveiseducatius.xtec.cat\/riberadebre\/comunitat\/fer\/","title":{"rendered":"FER"},"content":{"rendered":"<header class=\"entry-header\">\n<h1 class=\"entry-title\">Ensenyant a emprendre a les escoles del m\u00f3n rural<\/h1>\n<\/header>\n<div class=\"entry-content\">\n<p><a href=\"http:\/\/www.futursemprenedors.cat\/\" target=\"_blank\" rel=\"noopener noreferrer\">Futurs Emprenedors Rurals<\/a> \u00e9s un projecte de cooperaci\u00f3 multiling\u00fce i emprenedoria a les escoles.<\/p>\n<p>Objectiu de FER : Fomentar les vocacions emprenedores entre l\u2019<strong>alumnat de 5\u00e8 i 6\u00e8 curs d\u2019Educaci\u00f3 Prim\u00e0ria<\/strong> en l&#8217;\u00e0mbit rural.<\/p>\n<p>FER.Cat pret\u00e9n despertar el talent emprenedor, la creativitat i la curiositat per les oportunitats que genera el m\u00f3n rural als alumnes de prim\u00e0ria, per tal de contribuir en un futur a afrontar dos dels reptes del m\u00f3n rural: evitar el despoblament i afavorir la diversificaci\u00f3 econ\u00f2mica. Amb la possibilitat de desenvolupar intercanvis telem\u00e0tics amb escoles del territori i d\u2019altres pa\u00efsos europeus.<\/p>\n<\/div>\n<p>CADA CURS ESCOLAR S&#8217;OBRI INSCRIPCI\u00d3 I ASSESSORAMENT PER A INICIAR EL PROJECTE A LES ESCOLES: <strong><a href=\"http:\/\/futursemprenedors.cat\/index.php\/coneix-fer\" target=\"_blank\" rel=\"noopener noreferrer\">FER.CAT<\/a> <\/strong>com a projecte de cooperaci\u00f3 biling\u00fce (catal\u00e0 i angl\u00e8s) est\u00e0 format per 3 blocs, tots disponibles a <a href=\"http:\/\/www.futursemprenedors.cat\/\" target=\"_blank\" rel=\"noopener noreferrer\">www.futursemprenedors.cat<\/a>.<\/p>\n<div class=\"entry-content\">\n<p>FER.Cat \u00e9s un projecte de cooperaci\u00f3 interterritorial, coordinat pel Consorci Grup d\u2019Acci\u00f3 Local Noguera Segri\u00e0 Nord i impulsat conjuntament per altres Grups d\u2019Acci\u00f3 Local de Catalunya.<br \/>\nFER.Cat est\u00e0 finan\u00e7at pel Departament d\u2019Agricultura, Ramaderia, Pesca i Alimentaci\u00f3 de la Generalitat de Catalunya i pel Fons Europeu Agr\u00edcola de Desenvolupament Rural.<br \/>\nFER.Cat parteix d\u2019un projecte de cooperaci\u00f3 interterritorial amb GALs espanyols, durant el per\u00edode 2007-2013.<\/p>\n<p>Centres escolars que inicien la participaci\u00f3 al projecte d\u2019emprenedoria<a href=\"http:\/\/www.desenvolupamentrural.cat\/projectes_cooperacio\/fer-cat-ensenyant-a-emprendre-a-les-escoles-rurals\" target=\"_blank\" rel=\"noopener noreferrer\"> \u2018<em><strong>L\u2019aventura de Fer\u2019<\/strong><\/em><\/a>a la Ribera d&#8217;Ebre:<\/p>\n<p><strong>ZER Ribera d&#8217;Ebre Nord-<\/strong> Inici curs 2018-19.<\/p>\n<p><a href=\"http:\/\/www.desenvolupamentrural.cat\/projectes_cooperacio\/fer-cat-ensenyant-a-emprendre-a-les-escoles-rurals\"><img loading=\"lazy\" decoding=\"async\" class=\"alignnone size-full wp-image-11274\" src=\"https:\/\/serveiseducatius.xtec.cat\/riberadebre\/wp-content\/uploads\/usu1126\/2020\/04\/fer.png\" alt=\"\" width=\"332\" height=\"450\" srcset=\"https:\/\/serveiseducatius.xtec.cat\/riberadebre\/wp-content\/uploads\/usu1126\/2020\/04\/fer.png 332w, https:\/\/serveiseducatius.xtec.cat\/riberadebre\/wp-content\/uploads\/usu1126\/2020\/04\/fer-221x300.png 221w\" sizes=\"auto, (max-width: 332px) 100vw, 332px\" \/><\/a><\/p>\n<\/div>\n<p>A la comarca tenim altres exemples de centres educatius amb projectes d&#8217;emprenedoria amb l&#8217;alumnat:<\/p>\n<p><strong><a href=\"https:\/\/agora.xtec.cat\/ceip-leseres\/\" target=\"_blank\" rel=\"noopener noreferrer\">ESCOLA DE RASQUERA<\/a><\/strong><\/p>\n<p>&nbsp;<\/p>\n","protected":false},"excerpt":{"rendered":"<p>Ensenyant a emprendre a les escoles del m\u00f3n rural Futurs Emprenedors Rurals \u00e9s un projecte de cooperaci\u00f3 multiling\u00fce i emprenedoria a les escoles. Objectiu de FER : Fomentar les vocacions emprenedores entre l\u2019alumnat de 5\u00e8 i 6\u00e8 curs d\u2019Educaci\u00f3 Prim\u00e0ria en l&#8217;\u00e0mbit rural. FER.Cat pret\u00e9n despertar el talent emprenedor, la creativitat i la curiositat per [&hellip;]<\/p>\n","protected":false},"author":3,"featured_media":0,"parent":341,"menu_order":0,"comment_status":"closed","ping_status":"closed","template":"","meta":{"_bbp_topic_count":0,"_bbp_reply_count":0,"_bbp_total_topic_count":0,"_bbp_total_reply_count":0,"_bbp_voice_count":0,"_bbp_anonymous_reply_count":0,"_bbp_topic_count_hidden":0,"_bbp_reply_count_hidden":0,"_bbp_forum_subforum_count":0,"site-sidebar-layout":"default","site-content-layout":"","ast-site-content-layout":"default","site-content-style":"default","site-sidebar-style":"default","ast-global-header-display":"","ast-banner-title-visibility":"","ast-main-header-display":"","ast-hfb-above-header-display":"","ast-hfb-below-header-display":"","ast-hfb-mobile-header-display":"","site-post-title":"","ast-breadcrumbs-content":"","ast-featured-img":"","footer-sml-layout":"","theme-transparent-header-meta":"default","adv-header-id-meta":"","stick-header-meta":"","header-above-stick-meta":"","header-main-stick-meta":"","header-below-stick-meta":"","astra-migrate-meta-layouts":"set","ast-page-background-enabled":"default","ast-page-background-meta":{"desktop":{"background-color":"var(--ast-global-color-4)","background-image":"","background-repeat":"repeat","background-position":"center center","background-size":"auto","background-attachment":"scroll","background-type":"","background-media":"","overlay-type":"","overlay-color":"","overlay-opacity":"","overlay-gradient":""},"tablet":{"background-color":"","background-image":"","background-repeat":"repeat","background-position":"center center","background-size":"auto","background-attachment":"scroll","background-type":"","background-media":"","overlay-type":"","overlay-color":"","overlay-opacity":"","overlay-gradient":""},"mobile":{"background-color":"","background-image":"","background-repeat":"repeat","background-position":"center center","background-size":"auto","background-attachment":"scroll","background-type":"","background-media":"","overlay-type":"","overlay-color":"","overlay-opacity":"","overlay-gradient":""}},"ast-content-background-meta":{"desktop":{"background-color":"var(--ast-global-color-5)","background-image":"","background-repeat":"repeat","background-position":"center center","background-size":"auto","background-attachment":"scroll","background-type":"","background-media":"","overlay-type":"","overlay-color":"","overlay-opacity":"","overlay-gradient":""},"tablet":{"background-color":"var(--ast-global-color-5)","background-image":"","background-repeat":"repeat","background-position":"center center","background-size":"auto","background-attachment":"scroll","background-type":"","background-media":"","overlay-type":"","overlay-color":"","overlay-opacity":"","overlay-gradient":""},"mobile":{"background-color":"var(--ast-global-color-5)","background-image":"","background-repeat":"repeat","background-position":"center center","background-size":"auto","background-attachment":"scroll","background-type":"","background-media":"","overlay-type":"","overlay-color":"","overlay-opacity":"","overlay-gradient":""}},"footnotes":""},"class_list":["post-11273","page","type-page","status-publish","hentry"],"post_mailing_queue_ids":[],"_links":{"self":[{"href":"https:\/\/serveiseducatius.xtec.cat\/riberadebre\/wp-json\/wp\/v2\/pages\/11273","targetHints":{"allow":["GET"]}}],"collection":[{"href":"https:\/\/serveiseducatius.xtec.cat\/riberadebre\/wp-json\/wp\/v2\/pages"}],"about":[{"href":"https:\/\/serveiseducatius.xtec.cat\/riberadebre\/wp-json\/wp\/v2\/types\/page"}],"author":[{"embeddable":true,"href":"https:\/\/serveiseducatius.xtec.cat\/riberadebre\/wp-json\/wp\/v2\/users\/3"}],"replies":[{"embeddable":true,"href":"https:\/\/serveiseducatius.xtec.cat\/riberadebre\/wp-json\/wp\/v2\/comments?post=11273"}],"version-history":[{"count":3,"href":"https:\/\/serveiseducatius.xtec.cat\/riberadebre\/wp-json\/wp\/v2\/pages\/11273\/revisions"}],"predecessor-version":[{"id":13519,"href":"https:\/\/serveiseducatius.xtec.cat\/riberadebre\/wp-json\/wp\/v2\/pages\/11273\/revisions\/13519"}],"up":[{"embeddable":true,"href":"https:\/\/serveiseducatius.xtec.cat\/riberadebre\/wp-json\/wp\/v2\/pages\/341"}],"wp:attachment":[{"href":"https:\/\/serveiseducatius.xtec.cat\/riberadebre\/wp-json\/wp\/v2\/media?parent=11273"}],"curies":[{"name":"wp","href":"https:\/\/api.w.org\/{rel}","templated":true}]}}