{"id":11191,"date":"2020-03-26T22:26:57","date_gmt":"2020-03-26T21:26:57","guid":{"rendered":"http:\/\/serveiseducatius.xtec.cat\/riberadebre\/?page_id=11191"},"modified":"2020-06-29T15:25:44","modified_gmt":"2020-06-29T13:25:44","slug":"seguim-a","status":"publish","type":"page","link":"https:\/\/serveiseducatius.xtec.cat\/riberadebre\/comunitat\/compartim-docencia\/seguim-a\/","title":{"rendered":"Seguim a&#8230;"},"content":{"rendered":"<table style=\"height: 30px; width: 868px;\">\n<tbody>\n<tr style=\"height: 30px;\">\n<td style=\"height: 30px; width: 440px;\"><a href=\"https:\/\/agora.xtec.cat\/ceipflix\/wp-content\/uploads\/usu61\/2020\/05\/diaridelconfinament.pdf\" target=\"_blank\" rel=\"noopener noreferrer\"><strong>Diari del Confinament<\/strong><\/a><\/p>\n<p>amb RAQUEL SANCHEZ<\/p>\n<p>i la comissi\u00f3 de conviv\u00e8ncia de l&#8217;Escola Enric Grau Fontser\u00e9 de Flix: APRENEM DEL QUE VIVIM<\/p>\n<p>ACOMPANYAMENT EMOCIONAL A LES FAM\u00cdLIES I ALUMNAT<\/p>\n<p>article a la web del centre, <a href=\"https:\/\/agora.xtec.cat\/ceipflix\/general\/seguim-amb-lacompanyament-emocional-a-lescola\/\" target=\"_blank\" rel=\"noopener noreferrer\">aqu\u00ed.<\/a><\/p>\n<p><a href=\"https:\/\/serveiseducatius.xtec.cat\/riberadebre\/wp-content\/uploads\/usu1126\/2020\/06\/IMG_9069.jpg\"><img loading=\"lazy\" decoding=\"async\" class=\"alignnone wp-image-11883\" src=\"https:\/\/serveiseducatius.xtec.cat\/riberadebre\/wp-content\/uploads\/usu1126\/2020\/06\/IMG_9069.jpg\" alt=\"\" width=\"200\" height=\"282\" srcset=\"https:\/\/serveiseducatius.xtec.cat\/riberadebre\/wp-content\/uploads\/usu1126\/2020\/06\/IMG_9069.jpg 455w, https:\/\/serveiseducatius.xtec.cat\/riberadebre\/wp-content\/uploads\/usu1126\/2020\/06\/IMG_9069-213x300.jpg 213w\" sizes=\"auto, (max-width: 200px) 100vw, 200px\" \/><\/a><\/td>\n<td style=\"height: 30px; width: 421.333px;\"><a href=\"https:\/\/agora.xtec.cat\/zerbenmir\/categoria\/english\/\" target=\"_blank\" rel=\"noopener noreferrer\">ANGL\u00c8S A LA ZER BENISSANET-MIRAVET<\/a><\/p>\n<p>amb Maribel Garcia Prades<\/p>\n<p>projectes per a la Fundaci\u00f3n Vicente Ferrer del \u201cSchool to school programme\u201d .<\/td>\n<\/tr>\n<\/tbody>\n<\/table>\n<p>&nbsp;<\/p>\n<table style=\"height: 493px; width: 875px; border-style: dashed;\">\n<tbody>\n<tr style=\"height: 493px;\">\n<td style=\"width: 440px; height: 493px;\">\n<p style=\"text-align: center;\"><span style=\"text-decoration: underline;\"><strong>BIEL PUBILL\u00a0<\/strong><\/span><\/p>\n<p><strong>Professor d&#8217;educaci\u00f3 f\u00edsica de l&#8217;Institut de Flix. Organitzador del Tradijoc. Especialista en jocs tradicionals educatius.<\/strong><\/p>\n<p><strong>Bloc:<\/strong><\/p>\n<h4 class=\"title\">Ben jugat! Jocs tradicionals<\/h4>\n<p><a href=\"http:\/\/bieljoc.blogspot.com\/\" target=\"_blank\" rel=\"noopener noreferrer\">http:\/\/bieljoc.blogspot.com\/<\/a><\/p>\n<p><a href=\"https:\/\/serveiseducatius.xtec.cat\/riberadebre\/wp-content\/uploads\/usu1126\/2019\/05\/Portada-Quina-Canya.jpg\"><img loading=\"lazy\" decoding=\"async\" class=\"wp-image-10299 aligncenter\" src=\"https:\/\/serveiseducatius.xtec.cat\/riberadebre\/wp-content\/uploads\/usu1126\/2019\/05\/Portada-Quina-Canya.jpg\" alt=\"\" width=\"181\" height=\"208\" srcset=\"https:\/\/serveiseducatius.xtec.cat\/riberadebre\/wp-content\/uploads\/usu1126\/2019\/05\/Portada-Quina-Canya.jpg 696w, https:\/\/serveiseducatius.xtec.cat\/riberadebre\/wp-content\/uploads\/usu1126\/2019\/05\/Portada-Quina-Canya-261x300.jpg 261w\" sizes=\"auto, (max-width: 181px) 100vw, 181px\" \/><\/a><\/td>\n<td style=\"width: 431.111px; height: 493px;\">\n<p style=\"text-align: center;\"><span style=\"text-decoration: underline;\"><strong>N\u00daRIA MAURICIO<\/strong><\/span><\/p>\n<p>Mestra de m\u00fasica d&#8217;Educaci\u00f3 Infantil i Prim\u00e0ria de la ZER Ribera d&#8217;Ebre Nord. Especialista en creaci\u00f3 de recursos musicals.<\/p>\n<p>Web&#8230;<a href=\"https:\/\/musica-viva.cat\/\" target=\"_blank\" rel=\"noopener noreferrer\"><strong>M\u00daSICA VIVA\u00a0<\/strong><\/a><\/p>\n<p><a href=\"https:\/\/serveiseducatius.xtec.cat\/riberadebre\/wp-content\/uploads\/usu1126\/2020\/03\/logodef.png\"><img loading=\"lazy\" decoding=\"async\" class=\"alignnone size-full wp-image-11219\" src=\"https:\/\/serveiseducatius.xtec.cat\/riberadebre\/wp-content\/uploads\/usu1126\/2020\/03\/logodef.png\" alt=\"\" width=\"327\" height=\"70\" srcset=\"https:\/\/serveiseducatius.xtec.cat\/riberadebre\/wp-content\/uploads\/usu1126\/2020\/03\/logodef.png 327w, https:\/\/serveiseducatius.xtec.cat\/riberadebre\/wp-content\/uploads\/usu1126\/2020\/03\/logodef-300x64.png 300w\" sizes=\"auto, (max-width: 327px) 100vw, 327px\" \/><\/a><\/td>\n<\/tr>\n<\/tbody>\n<\/table>\n<p>&nbsp;<\/p>\n<p>&nbsp;<\/p>\n<p>&nbsp;<\/p>\n<p>&nbsp;<\/p>\n<p><!--more--><\/p>\n","protected":false},"excerpt":{"rendered":"<p>Diari del Confinament amb RAQUEL SANCHEZ i la comissi\u00f3 de conviv\u00e8ncia de l&#8217;Escola Enric Grau Fontser\u00e9 de Flix: APRENEM DEL QUE VIVIM ACOMPANYAMENT EMOCIONAL A LES FAM\u00cdLIES I ALUMNAT article a la web del centre, aqu\u00ed. ANGL\u00c8S A LA ZER BENISSANET-MIRAVET amb Maribel Garcia Prades projectes per a la Fundaci\u00f3n Vicente Ferrer del \u201cSchool to [&hellip;]<\/p>\n","protected":false},"author":3,"featured_media":0,"parent":11178,"menu_order":0,"comment_status":"closed","ping_status":"closed","template":"","meta":{"_bbp_topic_count":0,"_bbp_reply_count":0,"_bbp_total_topic_count":0,"_bbp_total_reply_count":0,"_bbp_voice_count":0,"_bbp_anonymous_reply_count":0,"_bbp_topic_count_hidden":0,"_bbp_reply_count_hidden":0,"_bbp_forum_subforum_count":0,"site-sidebar-layout":"default","site-content-layout":"","ast-site-content-layout":"","site-content-style":"default","site-sidebar-style":"default","ast-global-header-display":"","ast-banner-title-visibility":"","ast-main-header-display":"","ast-hfb-above-header-display":"","ast-hfb-below-header-display":"","ast-hfb-mobile-header-display":"","site-post-title":"","ast-breadcrumbs-content":"","ast-featured-img":"","footer-sml-layout":"","theme-transparent-header-meta":"","adv-header-id-meta":"","stick-header-meta":"","header-above-stick-meta":"","header-main-stick-meta":"","header-below-stick-meta":"","astra-migrate-meta-layouts":"default","ast-page-background-enabled":"default","ast-page-background-meta":{"desktop":{"background-color":"var(--ast-global-color-4)","background-image":"","background-repeat":"repeat","background-position":"center center","background-size":"auto","background-attachment":"scroll","background-type":"","background-media":"","overlay-type":"","overlay-color":"","overlay-opacity":"","overlay-gradient":""},"tablet":{"background-color":"","background-image":"","background-repeat":"repeat","background-position":"center center","background-size":"auto","background-attachment":"scroll","background-type":"","background-media":"","overlay-type":"","overlay-color":"","overlay-opacity":"","overlay-gradient":""},"mobile":{"background-color":"","background-image":"","background-repeat":"repeat","background-position":"center center","background-size":"auto","background-attachment":"scroll","background-type":"","background-media":"","overlay-type":"","overlay-color":"","overlay-opacity":"","overlay-gradient":""}},"ast-content-background-meta":{"desktop":{"background-color":"var(--ast-global-color-5)","background-image":"","background-repeat":"repeat","background-position":"center center","background-size":"auto","background-attachment":"scroll","background-type":"","background-media":"","overlay-type":"","overlay-color":"","overlay-opacity":"","overlay-gradient":""},"tablet":{"background-color":"var(--ast-global-color-5)","background-image":"","background-repeat":"repeat","background-position":"center center","background-size":"auto","background-attachment":"scroll","background-type":"","background-media":"","overlay-type":"","overlay-color":"","overlay-opacity":"","overlay-gradient":""},"mobile":{"background-color":"var(--ast-global-color-5)","background-image":"","background-repeat":"repeat","background-position":"center center","background-size":"auto","background-attachment":"scroll","background-type":"","background-media":"","overlay-type":"","overlay-color":"","overlay-opacity":"","overlay-gradient":""}},"footnotes":""},"class_list":["post-11191","page","type-page","status-publish","hentry"],"post_mailing_queue_ids":[],"_links":{"self":[{"href":"https:\/\/serveiseducatius.xtec.cat\/riberadebre\/wp-json\/wp\/v2\/pages\/11191","targetHints":{"allow":["GET"]}}],"collection":[{"href":"https:\/\/serveiseducatius.xtec.cat\/riberadebre\/wp-json\/wp\/v2\/pages"}],"about":[{"href":"https:\/\/serveiseducatius.xtec.cat\/riberadebre\/wp-json\/wp\/v2\/types\/page"}],"author":[{"embeddable":true,"href":"https:\/\/serveiseducatius.xtec.cat\/riberadebre\/wp-json\/wp\/v2\/users\/3"}],"replies":[{"embeddable":true,"href":"https:\/\/serveiseducatius.xtec.cat\/riberadebre\/wp-json\/wp\/v2\/comments?post=11191"}],"version-history":[{"count":3,"href":"https:\/\/serveiseducatius.xtec.cat\/riberadebre\/wp-json\/wp\/v2\/pages\/11191\/revisions"}],"predecessor-version":[{"id":12138,"href":"https:\/\/serveiseducatius.xtec.cat\/riberadebre\/wp-json\/wp\/v2\/pages\/11191\/revisions\/12138"}],"up":[{"embeddable":true,"href":"https:\/\/serveiseducatius.xtec.cat\/riberadebre\/wp-json\/wp\/v2\/pages\/11178"}],"wp:attachment":[{"href":"https:\/\/serveiseducatius.xtec.cat\/riberadebre\/wp-json\/wp\/v2\/media?parent=11191"}],"curies":[{"name":"wp","href":"https:\/\/api.w.org\/{rel}","templated":true}]}}