{"id":11178,"date":"2020-03-26T18:45:16","date_gmt":"2020-03-26T17:45:16","guid":{"rendered":"http:\/\/serveiseducatius.xtec.cat\/riberadebre\/?page_id=11178"},"modified":"2020-10-20T07:15:10","modified_gmt":"2020-10-20T05:15:10","slug":"compartim-docencia","status":"publish","type":"page","link":"https:\/\/serveiseducatius.xtec.cat\/riberadebre\/comunitat\/compartim-docencia\/","title":{"rendered":"RIBERA DOCENT"},"content":{"rendered":"<h4>https:\/\/<\/p>\n<div style=\"width: 100%;\">\n<div style=\"position: relative; padding-bottom: 106.98%; padding-top: 0; height: 0;\"><iframe loading=\"lazy\" frameborder=\"0\" width=\"645\" height=\"690\" style=\"position: absolute; top: 0; left: 0; width: 100%; height: 100%;\" src=\"https:\/\/view.genial.ly\/5f85f62a4977856eccca6e99\" type=\"text\/html\" allowscriptaccess=\"always\" allowfullscreen=\"true\" scrolling=\"yes\" allownetworking=\"all\"><\/iframe> <\/div>\n<\/p><\/div>\n<\/h4>\n<table style=\"width: 923px;\">\n<tbody>\n<tr>\n<td style=\"width: 324.444px;\">\n<h4 style=\"text-align: center;\"><span style=\"color: #000080;\"><a style=\"color: #000080;\" href=\"https:\/\/serveiseducatius.xtec.cat\/riberadebre\/categoria\/activitats-virtuals-alumnat\/\" target=\"_blank\" rel=\"noopener noreferrer\">Activitats <\/a><\/span><span style=\"color: #000080;\"><a style=\"color: #000080;\" href=\"https:\/\/serveiseducatius.xtec.cat\/riberadebre\/categoria\/activitats-virtuals-alumnat\/\" target=\"_blank\" rel=\"noopener noreferrer\">virtuals amb l&#8217;alumnat dels centres docents de la Ribera d&#8217;Ebre.<\/a><\/span><\/h4>\n<p><a href=\"https:\/\/serveiseducatius.xtec.cat\/riberadebre\/wp-content\/uploads\/usu1126\/2020\/04\/IMG_8444-1.jpg\"><img loading=\"lazy\" decoding=\"async\" class=\"wp-image-11317 aligncenter\" src=\"https:\/\/serveiseducatius.xtec.cat\/riberadebre\/wp-content\/uploads\/usu1126\/2020\/04\/IMG_8444-1.jpg\" alt=\"\" width=\"117\" height=\"112\" srcset=\"https:\/\/serveiseducatius.xtec.cat\/riberadebre\/wp-content\/uploads\/usu1126\/2020\/04\/IMG_8444-1.jpg 640w, https:\/\/serveiseducatius.xtec.cat\/riberadebre\/wp-content\/uploads\/usu1126\/2020\/04\/IMG_8444-1-300x284.jpg 300w\" sizes=\"auto, (max-width: 117px) 100vw, 117px\" \/><\/a><\/p>\n<p><strong><a href=\"https:\/\/serveiseducatius.xtec.cat\/riberadebre\/categoria\/st-jordi\/\" target=\"_blank\" rel=\"noopener noreferrer\">-St. Jordi confinat-activitats alumnat.<\/a><\/strong><\/p>\n<p>&#8211;<a href=\"https:\/\/serveiseducatius.xtec.cat\/riberadebre\/categoria\/activitats-virtuals-alumnat\/compartim-emocions\/\" target=\"_blank\" rel=\"noopener noreferrer\">Compartim EMOCIONS.<\/a><\/p>\n<p>-Lectures, contes i llibres compartits per alumnes.<\/p>\n<p>&#8211;<a href=\"https:\/\/serveiseducatius.xtec.cat\/riberadebre\/categoria\/activitats-virtuals-alumnat\/cuina\/\" target=\"_blank\" rel=\"noopener noreferrer\">Cuina<\/a><\/p>\n<p>&#8211;<a href=\"https:\/\/serveiseducatius.xtec.cat\/riberadebre\/categoria\/activitats-virtuals-alumnat\/activitat-fisica-i-salut\/\" target=\"_blank\" rel=\"noopener noreferrer\">Activitat f\u00edsica i salut.<\/a><\/p>\n<p>&#8211;<a href=\"https:\/\/serveiseducatius.xtec.cat\/riberadebre\/categoria\/activitats-virtuals-alumnat\/jocs-i-reptes-joemquedoacasa\/\" target=\"_blank\" rel=\"noopener noreferrer\">Jocs i reptes &#8220;jo em quedo a casa&#8221;.<\/a><\/p>\n<p>&#8211;<a href=\"https:\/\/serveiseducatius.xtec.cat\/riberadebre\/categoria\/ribera-docent\/recursos-que-comparteix-el-professorat\/musica-recursos-que-comparteix-el-professorat\/\" target=\"_blank\" rel=\"noopener noreferrer\">M\u00fasica<\/a><\/p>\n<p>-Propostes globalitzades.<\/p>\n<h4><\/h4>\n<\/td>\n<td style=\"width: 304.444px;\">\n<h4 style=\"text-align: center;\"><a href=\"https:\/\/serveiseducatius.xtec.cat\/riberadebre\/categoria\/ribera-docent\/recursos-que-compartim\/\" target=\"_blank\" rel=\"noopener noreferrer\">Recursos que comparteix el professorat des de diferents \u00e0rees o \u00e0mbits<\/a>.<\/h4>\n<p><img loading=\"lazy\" decoding=\"async\" class=\"alignnone size-full wp-image-11478 aligncenter\" style=\"font-family: inherit; font-size: 1em;\" src=\"https:\/\/serveiseducatius.xtec.cat\/riberadebre\/wp-content\/uploads\/usu1126\/2020\/03\/Ribera-docent-web-logo-CRP.jpg\" alt=\"\" width=\"140\" height=\"163\" \/><\/p>\n<p><strong><a href=\"https:\/\/serveiseducatius.xtec.cat\/riberadebre\/categoria\/ribera-docent\/recursos-que-compartim\/recomanem-a-les-families\/\" target=\"_blank\" rel=\"noopener noreferrer\">-Recomanacions per a les fam\u00edlies.<\/a><\/strong><\/p>\n<p>&#8211;<a href=\"https:\/\/serveiseducatius.xtec.cat\/riberadebre\/categoria\/ribera-docent\/recursos-que-comparteix-el-professorat\/equip-docent-solidari\/\" target=\"_blank\" rel=\"noopener noreferrer\">Equip docent solidari<\/a><\/p>\n<p>-Seguiment i orientacions per a l&#8217;alumnat<\/p>\n<p>-Creativitat i art<\/p>\n<p>-English<\/p>\n<p>-Biblioteques Escolars<\/p>\n<p>-Fem Mates<\/p>\n<p><strong><a href=\"https:\/\/serveiseducatius.xtec.cat\/riberadebre\/categoria\/avaluacio\/\" target=\"_blank\" rel=\"noopener noreferrer\">-Avaluaci\u00f3<\/a><\/strong><\/td>\n<td style=\"width: 288.889px;\">\n<h4 style=\"text-align: center;\"><a href=\"https:\/\/serveiseducatius.xtec.cat\/riberadebre\/portada\/eines-de-comunicacio-virtual-2\/\" target=\"_blank\" rel=\"noopener noreferrer\">Eines de comunicaci\u00f3 virtual equips docents de la zona.<\/a><\/h4>\n<p style=\"text-align: center;\"><a href=\"https:\/\/serveiseducatius.xtec.cat\/riberadebre\/wp-content\/uploads\/usu1126\/2020\/04\/actualitat-553x553-entorns-aprenentatge.jpg_2147148254.jpg\"><img loading=\"lazy\" decoding=\"async\" class=\"alignnone wp-image-11252\" src=\"https:\/\/serveiseducatius.xtec.cat\/riberadebre\/wp-content\/uploads\/usu1126\/2020\/04\/actualitat-553x553-entorns-aprenentatge.jpg_2147148254.jpg\" alt=\"\" width=\"120\" height=\"120\" srcset=\"https:\/\/serveiseducatius.xtec.cat\/riberadebre\/wp-content\/uploads\/usu1126\/2020\/04\/actualitat-553x553-entorns-aprenentatge.jpg_2147148254.jpg 271w, https:\/\/serveiseducatius.xtec.cat\/riberadebre\/wp-content\/uploads\/usu1126\/2020\/04\/actualitat-553x553-entorns-aprenentatge.jpg_2147148254-150x150.jpg 150w\" sizes=\"auto, (max-width: 120px) 100vw, 120px\" \/><\/a><\/p>\n<p>-Presentacions digitals a NODES.<\/p>\n<p>-EVA<\/p>\n<p>-Publicacions<\/p>\n<p>-BONES PR\u00c0CTIQUES<\/td>\n<\/tr>\n<tr>\n<td style=\"width: 324.444px;\">\n<h4 style=\"text-align: center;\"><span style=\"color: #800080;\"><a style=\"color: #800080;\" href=\"http:\/\/serveiseducatius.xtec.cat\/riberadebre\/comunitat\/compartim-docencia\/seguim-a\/\" target=\"_blank\" rel=\"noopener noreferrer\">Seguim a&#8230;<\/a><\/span><a href=\"https:\/\/serveiseducatius.xtec.cat\/riberadebre\/wp-content\/uploads\/usu1126\/2018\/10\/logo.jpg\"><img loading=\"lazy\" decoding=\"async\" class=\"wp-image-9533 aligncenter\" src=\"https:\/\/serveiseducatius.xtec.cat\/riberadebre\/wp-content\/uploads\/usu1126\/2018\/10\/logo.jpg\" alt=\"\" width=\"104\" height=\"127\" srcset=\"https:\/\/serveiseducatius.xtec.cat\/riberadebre\/wp-content\/uploads\/usu1126\/2018\/10\/logo.jpg 533w, https:\/\/serveiseducatius.xtec.cat\/riberadebre\/wp-content\/uploads\/usu1126\/2018\/10\/logo-245x300.jpg 245w\" sizes=\"auto, (max-width: 104px) 100vw, 104px\" \/><\/a><\/h4>\n<p>&#8211;<a href=\"https:\/\/serveiseducatius.xtec.cat\/riberadebre\/categoria\/seguim-a\/docents\/\" target=\"_blank\" rel=\"noopener noreferrer\">Docents<\/a><\/p>\n<p>-Centres<\/p>\n<p><a href=\"https:\/\/serveiseducatius.xtec.cat\/riberadebre\/categoria\/seguim-a\/illustradors-res-als-centres\/\" target=\"_blank\" rel=\"noopener noreferrer\">-Il\u00b7lustradors \/res als centres<\/a><\/p>\n<h4 style=\"text-align: center;\"><\/h4>\n<\/td>\n<td style=\"width: 304.444px;\">\n<h4 style=\"text-align: center;\"><span style=\"color: #0000ff;\">Felicitem a&#8230;<\/span><\/h4>\n<p><a href=\"https:\/\/serveiseducatius.xtec.cat\/riberadebre\/wp-content\/uploads\/usu1126\/2018\/10\/Mans-netes.png_1172691498.jpg\"><img loading=\"lazy\" decoding=\"async\" class=\"wp-image-9582 aligncenter\" src=\"https:\/\/serveiseducatius.xtec.cat\/riberadebre\/wp-content\/uploads\/usu1126\/2018\/10\/Mans-netes.png_1172691498.jpg\" alt=\"\" width=\"155\" height=\"120\" srcset=\"https:\/\/serveiseducatius.xtec.cat\/riberadebre\/wp-content\/uploads\/usu1126\/2018\/10\/Mans-netes.png_1172691498.jpg 555w, https:\/\/serveiseducatius.xtec.cat\/riberadebre\/wp-content\/uploads\/usu1126\/2018\/10\/Mans-netes.png_1172691498-300x233.jpg 300w\" sizes=\"auto, (max-width: 155px) 100vw, 155px\" \/><\/a><\/p>\n<p><a href=\"https:\/\/serveiseducatius.xtec.cat\/riberadebre\/categoria\/felicitem-a\/alumnes\/\" target=\"_blank\" rel=\"noopener noreferrer\">-Premis alumnat<\/a><\/p>\n<p>&#8211;<a href=\"https:\/\/serveiseducatius.xtec.cat\/riberadebre\/categoria\/felicitem-a\/centres-docents\/\" target=\"_blank\" rel=\"noopener noreferrer\">Premis centres<\/a><\/td>\n<td style=\"width: 288.889px;\">\n<h4 style=\"text-align: center;\"><strong>F\u00f2rum docents Ribera d&#8217;Ebre<\/strong> : <a href=\"https:\/\/serveiseducatius.xtec.cat\/riberadebre\/nodes\/ribera-docent\/forum\/topic\/encetem-aquest-forum-docent\/\" target=\"_blank\" rel=\"noopener noreferrer\">RIBERA DOCENT, clicant aqu\u00ed.<\/a><\/h4>\n<p><a href=\"https:\/\/serveiseducatius.xtec.cat\/riberadebre\/wp-content\/uploads\/usu1126\/2020\/04\/sere.gif\"><img loading=\"lazy\" decoding=\"async\" class=\"wp-image-11271 aligncenter\" src=\"https:\/\/serveiseducatius.xtec.cat\/riberadebre\/wp-content\/uploads\/usu1126\/2020\/04\/sere.gif\" alt=\"\" width=\"128\" height=\"127\" \/><\/a><\/p>\n<p>-NODES RIBERA obert<\/p>\n<p>-F\u00f2rums RIBERA oberts<\/td>\n<\/tr>\n<\/tbody>\n<\/table>\n","protected":false},"excerpt":{"rendered":"<p>https:\/\/ Activitats virtuals amb l&#8217;alumnat dels centres docents de la Ribera d&#8217;Ebre. -St. Jordi confinat-activitats alumnat. &#8211;Compartim EMOCIONS. -Lectures, contes i llibres compartits per alumnes. &#8211;Cuina &#8211;Activitat f\u00edsica i salut. &#8211;Jocs i reptes &#8220;jo em quedo a casa&#8221;. &#8211;M\u00fasica -Propostes globalitzades. Recursos que comparteix el professorat des de diferents \u00e0rees o \u00e0mbits. -Recomanacions per a [&hellip;]<\/p>\n","protected":false},"author":3,"featured_media":0,"parent":341,"menu_order":0,"comment_status":"closed","ping_status":"closed","template":"","meta":{"_bbp_topic_count":0,"_bbp_reply_count":0,"_bbp_total_topic_count":0,"_bbp_total_reply_count":0,"_bbp_voice_count":0,"_bbp_anonymous_reply_count":0,"_bbp_topic_count_hidden":0,"_bbp_reply_count_hidden":0,"_bbp_forum_subforum_count":0,"site-sidebar-layout":"default","site-content-layout":"","ast-site-content-layout":"","site-content-style":"default","site-sidebar-style":"default","ast-global-header-display":"","ast-banner-title-visibility":"","ast-main-header-display":"","ast-hfb-above-header-display":"","ast-hfb-below-header-display":"","ast-hfb-mobile-header-display":"","site-post-title":"","ast-breadcrumbs-content":"","ast-featured-img":"","footer-sml-layout":"","theme-transparent-header-meta":"","adv-header-id-meta":"","stick-header-meta":"","header-above-stick-meta":"","header-main-stick-meta":"","header-below-stick-meta":"","astra-migrate-meta-layouts":"default","ast-page-background-enabled":"default","ast-page-background-meta":{"desktop":{"background-color":"var(--ast-global-color-4)","background-image":"","background-repeat":"repeat","background-position":"center center","background-size":"auto","background-attachment":"scroll","background-type":"","background-media":"","overlay-type":"","overlay-color":"","overlay-opacity":"","overlay-gradient":""},"tablet":{"background-color":"","background-image":"","background-repeat":"repeat","background-position":"center center","background-size":"auto","background-attachment":"scroll","background-type":"","background-media":"","overlay-type":"","overlay-color":"","overlay-opacity":"","overlay-gradient":""},"mobile":{"background-color":"","background-image":"","background-repeat":"repeat","background-position":"center center","background-size":"auto","background-attachment":"scroll","background-type":"","background-media":"","overlay-type":"","overlay-color":"","overlay-opacity":"","overlay-gradient":""}},"ast-content-background-meta":{"desktop":{"background-color":"var(--ast-global-color-5)","background-image":"","background-repeat":"repeat","background-position":"center center","background-size":"auto","background-attachment":"scroll","background-type":"","background-media":"","overlay-type":"","overlay-color":"","overlay-opacity":"","overlay-gradient":""},"tablet":{"background-color":"var(--ast-global-color-5)","background-image":"","background-repeat":"repeat","background-position":"center center","background-size":"auto","background-attachment":"scroll","background-type":"","background-media":"","overlay-type":"","overlay-color":"","overlay-opacity":"","overlay-gradient":""},"mobile":{"background-color":"var(--ast-global-color-5)","background-image":"","background-repeat":"repeat","background-position":"center center","background-size":"auto","background-attachment":"scroll","background-type":"","background-media":"","overlay-type":"","overlay-color":"","overlay-opacity":"","overlay-gradient":""}},"footnotes":""},"class_list":["post-11178","page","type-page","status-publish","hentry"],"post_mailing_queue_ids":[],"_links":{"self":[{"href":"https:\/\/serveiseducatius.xtec.cat\/riberadebre\/wp-json\/wp\/v2\/pages\/11178","targetHints":{"allow":["GET"]}}],"collection":[{"href":"https:\/\/serveiseducatius.xtec.cat\/riberadebre\/wp-json\/wp\/v2\/pages"}],"about":[{"href":"https:\/\/serveiseducatius.xtec.cat\/riberadebre\/wp-json\/wp\/v2\/types\/page"}],"author":[{"embeddable":true,"href":"https:\/\/serveiseducatius.xtec.cat\/riberadebre\/wp-json\/wp\/v2\/users\/3"}],"replies":[{"embeddable":true,"href":"https:\/\/serveiseducatius.xtec.cat\/riberadebre\/wp-json\/wp\/v2\/comments?post=11178"}],"version-history":[{"count":4,"href":"https:\/\/serveiseducatius.xtec.cat\/riberadebre\/wp-json\/wp\/v2\/pages\/11178\/revisions"}],"predecessor-version":[{"id":12460,"href":"https:\/\/serveiseducatius.xtec.cat\/riberadebre\/wp-json\/wp\/v2\/pages\/11178\/revisions\/12460"}],"up":[{"embeddable":true,"href":"https:\/\/serveiseducatius.xtec.cat\/riberadebre\/wp-json\/wp\/v2\/pages\/341"}],"wp:attachment":[{"href":"https:\/\/serveiseducatius.xtec.cat\/riberadebre\/wp-json\/wp\/v2\/media?parent=11178"}],"curies":[{"name":"wp","href":"https:\/\/api.w.org\/{rel}","templated":true}]}}