{"id":10162,"date":"2019-04-30T07:02:18","date_gmt":"2019-04-30T05:02:18","guid":{"rendered":"http:\/\/serveiseducatius.xtec.cat\/riberadebre\/?page_id=10162"},"modified":"2026-03-26T15:59:22","modified_gmt":"2026-03-26T14:59:22","slug":"xarxa-formacio-per-centres","status":"publish","type":"page","link":"https:\/\/serveiseducatius.xtec.cat\/riberadebre\/formacio\/xarxa-formacio-per-centres\/","title":{"rendered":"XARXES RIBERA D&#8217;EBRE- Seminaris i coordinacions entre centres"},"content":{"rendered":"<p><strong>COORDINACIONS INTERCENTRES.\u00a0<\/strong><strong>PFZ RIBERA D&#8217;EBRE<\/strong><\/p>\n<h5>XARXES ENTRE CENTRES A LA RIBERA D&#8217;EBRE:<\/h5>\n<ul>\n<li><strong>Seminari de Direccions de centres de Prim\u00e0ria (Des del curs 2018-19 dins el PFZ) <\/strong>compartim drive i<a href=\"https:\/\/serveiseducatius.xtec.cat\/riberadebre\/categoria\/seminari-directors-centres-primaria\/\" target=\"_blank\" rel=\"noopener\"> recull a la web del SE.<\/a><\/li>\n<\/ul>\n<table style=\"height: 64px;\" border=\"0\" width=\"580\" cellspacing=\"0\" cellpadding=\"0\">\n<tbody>\n<tr style=\"height: 61px;\">\n<td style=\"width: 120px; height: 61px;\" align=\"RIGHT\" valign=\"TOP\"><b>\u00a0<\/b><\/td>\n<td style=\"width: 458px; height: 61px;\" valign=\"TOP\">Coordinaci\u00f3 dels directors i directores dels centres docents d\u2019educaci\u00f3 infantil-prim\u00e0ria de la Ribera d\u2019Ebre,\u00a0 en 6 sessions al llarg del curs.<\/td>\n<\/tr>\n<\/tbody>\n<\/table>\n<ul>\n<li><strong>Seminari de Caps d&#8217;Estudi de centres de Prim\u00e0ria, <\/strong><a href=\"https:\/\/serveiseducatius.xtec.cat\/riberadebre\/?s=seminari+caps+d%27estudi\" target=\"_blank\" rel=\"noopener\">compartim carpeta drive i enlla\u00e7os web.<\/a><\/li>\n<\/ul>\n<p><span style=\"font-family: arial, helvetica, geneva; font-size: small;\">\u00a0 \u00a0 \u00a0 Coordinaci\u00f3 de caps d&#8217;estudi dels centres docents de prim\u00e0ria de la Ribera d&#8217;Ebre per a compartir experi\u00e8ncies per a la renovaci\u00f3 pedag\u00f2gica, compartir metodologies innovadores i promoure canvis <\/span><span style=\"font-family: arial, helvetica, geneva; font-size: small;\">curriculars (5 sessions itinerants en dijous tarda) amb alguna sessi\u00f3 de coordinaci\u00f3 prim\u00e0ria-secund\u00e0ria amb els equips directius dels instituts.<\/span><\/p>\n<p>&nbsp;<\/p>\n<ul>\n<li><strong>Xarxa Territorial de Cultura Digital ( Subxarxes COOR i COMD ): <\/strong><a href=\"https:\/\/projectes.xtec.cat\/digital\/formacio-docent\/xtcd\/\" target=\"_blank\" rel=\"noopener\">https:\/\/projectes.xtec.cat\/xtcd\/<\/a><\/li>\n<\/ul>\n<p><span style=\"font-family: arial, helvetica, geneva; font-size: small;\">\u00a0 \u00a0 La XTCD \u00e9s un punt de trobada i acompanyament en el proc\u00e9s de transformaci\u00f3 digital dels centres educatius de Catalunya. S\u2019articula mitjan\u00e7ant <strong>seminaris web<\/strong>,\u00a0<strong>seminaris territorials<\/strong>\u00a0i\u00a0<strong>comunitats virtuals<\/strong>\u00a0(Nus) distribu\u00efts en 2 subxarxes: la subxarxa de la\u00a0<a href=\"https:\/\/projectes.xtec.cat\/digital\/formacio-docent\/xtcd\/subxarxa-de-la-comissio-digital-comd\/\">Comissi\u00f3 digital de centre (COMD)<\/a>\u00a0i la subxarxa de la\u00a0<a href=\"https:\/\/projectes.xtec.cat\/digital\/formacio-docent\/xtcd\/subxarxa-de-la-coordinacio-digital-de-centre-cdc\/\" data-type=\"link\" data-id=\"https:\/\/projectes.xtec.cat\/digital\/formacio-docent\/xtcd\/subxarxa-de-la-coordinacio-digital-de-centre-cdc\/\">Coordinaci\u00f3 digital de centre (CDC).<\/a> A la Ribera d&#8217;Ebre les sessions de la Subx COOR s\u00f3n presencials i tenen lloc en dijous al mat\u00ed i est\u00e0 formada per\u00a0 coordinadors i coordinadores dels centres de prim\u00e0ria, secund\u00e0ria, EOI i CFA. Totes les nostres publicacions relacionades amb la XTCD les podeu consultar <a href=\"https:\/\/serveiseducatius.xtec.cat\/riberadebre\/categoria\/xarxes\/xtcd\/\" target=\"_blank\" rel=\"noopener\"><strong>clicant aquest enlla\u00e7<\/strong><\/a>.\u00a0<\/span><\/p>\n<ul>\n<li><strong>Seminari d&#8217;Educaci\u00f3 Inclusiva<\/strong><\/li>\n<\/ul>\n<p><span style=\"font-family: arial, helvetica, geneva; font-size: small;\">Coordinaci\u00f3 dels equips d&#8217;inclusiva dels centres docents de la comarca per compartir experi\u00e8ncies i recursos dins l&#8217;\u00e0mbit de la inclusi\u00f3 i l&#8217;atenci\u00f3 a la diversitat sota la coordinaci\u00f3 de l&#8217;EAP.<\/span><\/p>\n<ul>\n<li><strong>Seminari de Biblioteques Escolars de la Ribera d&#8217;Ebre <\/strong>( seminari iniciat l&#8217;any 2010 <a href=\"https:\/\/serveiseducatius.xtec.cat\/riberadebre\/categoria\/seminari-biblioteques-escolars\/\" target=\"_blank\" rel=\"noopener noreferrer\">i continua l&#8217;any 2025-26<\/a>)<\/li>\n<\/ul>\n<p><span style=\"font-family: arial, helvetica, geneva; font-size: small;\">\u00a0 \u00a0 \u00a0 Coordinaci\u00f3 entre les mestres responsables les biblioteques escolars de la Ribera d&#8217;Ebre per compartir recursos, propostes lectores o pautes de cerca des de la biblioteca, seguint les directrius del Programa de Biblioteques Escolars del Departament d&#8217;Educaci\u00f3, fent xarxa al territori amb les biblioteques p\u00fabliques i els serveis en l\u00ednia, sota la coordinaci\u00f3 del CRP. (5 sessions itinerants en dimecres tarda) Disposava fins l&#8217;any 2023 d&#8217;un espai bloc propi: <a href=\"https:\/\/blocs.xtec.cat\/bibliotequesescolarsriberadebre\/\" target=\"_blank\" rel=\"noopener noreferrer\">https:\/\/blocs.xtec.cat\/bibliotequesescolarsriberadebre\/<\/a><\/span><\/p>\n<ul>\n<li><strong>Seminari d&#8217;especialistes d&#8217;angl\u00e8s Prim\u00e0ria-Secund\u00e0ria (iniciat el curs PFZ 19-20 i continua el curs 2025-26)<\/strong><\/li>\n<\/ul>\n<p><span style=\"font-family: arial, helvetica, geneva; font-size: small;\">Coordinaci\u00f3 entre especialistes d&#8217;angl\u00e8s, principalment de les escoles de la Ribera d&#8217;Ebre per a l&#8217;intercanvi d&#8217;experi\u00e8ncies i recursos ( 5 sessions al llarg del curs). Les publicacions relacionades amb aquest seminari les podeu consultar <a href=\"https:\/\/serveiseducatius.xtec.cat\/riberadebre\/categoria\/grup-mestres-angles\/\" target=\"_blank\" rel=\"noopener\"><strong>clicant aquest enlla\u00e7<\/strong><\/a>.\u00a0<\/span><\/p>\n<ul>\n<li><strong>Seminari de coordinaci\u00f3 d&#8217;educaci\u00f3 infantil i cicle inicial<\/strong> ( iniciat el curs 2018-19 i continua el curs 2025-26).<\/li>\n<\/ul>\n<p><span style=\"font-family: arial, helvetica, geneva; font-size: small;\">Coordinaci\u00f3 entre docents d&#8217;Educaci\u00f3 Infantil. Intercanvien experi\u00e8ncies i recursos i creen espais virtuals per compartir propostes did\u00e0ctiques. Les sessions s\u00f3n itinerants per afavorir aquest intercanvi i poder con\u00e8ixer l&#8217;organitzaci\u00f3 dels espais educatius.\u00a0<\/span><\/p>\n<ul>\n<li><strong>Seminari d&#8217;educaci\u00f3 f\u00edsica i Pla Catal\u00e0 de l&#8217;Esport:<\/strong><\/li>\n<\/ul>\n<p><span style=\"font-family: arial, helvetica, geneva; font-size: small;\">Coordinaci\u00f3 entre el professorat d&#8217;educaci\u00f3 f\u00edsica dels centres de prim\u00e0ria i secund\u00e0ria de la comarca.<\/span><\/p>\n<ul>\n<li><strong>Seminari de coordinaci\u00f3 referents salut i suport vital b\u00e0sic (SVB) prim\u00e0ria-secund\u00e0ria <\/strong>\u00a0(<a href=\"https:\/\/serveiseducatius.xtec.cat\/riberadebre\/?s=svb\" target=\"_blank\" rel=\"noopener\">Inici curs 2020-21<\/a>, proposta PFZ 2025-26)<\/li>\n<\/ul>\n<p><span style=\"font-family: arial, helvetica, geneva; font-size: small;\">Coordinaci\u00f3 dels equips docents referents de salut dels centres seguint les pautes del Programa de Suport Vital B\u00e0sic.<\/span><\/p>\n<p>&nbsp;<\/p>\n<ul>\n<li><strong>Seminari de coordinaci\u00f3 d&#8217;Escoles Verdes\u00a0<\/strong> (Nou el curs 19-20, <a href=\"https:\/\/serveiseducatius.xtec.cat\/riberadebre\/categoria\/escoles-verdes\/\" target=\"_blank\" rel=\"noopener noreferrer\">inici seminari PFZ curs 2020-21 i proposat el curs 2025-26)<\/a><\/li>\n<\/ul>\n<p><span style=\"font-family: arial, helvetica, geneva; font-size: small;\">Coordinaci\u00f3 entre els centres que participen en el Programa d&#8217;Educaci\u00f3 per a la Sostenibilitat i tenen el Pla d&#8217;Escola Verda.<\/span><\/p>\n<p>&nbsp;<\/p>\n<ul>\n<li><a href=\"https:\/\/serveiseducatius.xtec.cat\/riberadebre\/categoria\/dinamitzacio\/tradijoc\/\" target=\"_blank\" rel=\"noopener\"><strong>Tradijoc (Grup de Treball-PFZ Ribera d&#8217;Ebre),<\/strong> GT iniciat l&#8217;any 20212 i continua el curs 2025-26.<\/a><\/li>\n<\/ul>\n<p><span style=\"font-family: arial, helvetica, geneva; font-size: small;\">Coordinaci\u00f3 del professorat de secund\u00e0ria implicat en la trobada del Tradijoc\u00a0 amb alumnes de primer d&#8217;ESO de la Ribera d&#8217;Ebre i la Terra Alta.<\/span><\/p>\n<p>&nbsp;<\/p>\n<p>XARXES TERRITORIALS:<\/p>\n<ul>\n<li><a href=\"https:\/\/serveiseducatius.xtec.cat\/riberadebre\/portada\/xarxa-deducacio-infantil-terres-de-lebre\/\" target=\"_blank\" rel=\"noopener\"><strong>XEITE-<\/strong> <\/a>XARXA EDUCACI\u00d3 INFANTIL TERRES DE L&#8217;EBRE- inici curs 2025-26.<\/li>\n<\/ul>\n<p>&nbsp;<\/p>\n<ul>\n<li><strong>Coordinaci\u00f3 xarxa de compet\u00e8ncies (a la Ribera, territorial TE i en centre): <a href=\"https:\/\/projectes.xtec.cat\/xarxacb\/\" target=\"_blank\" rel=\"noopener noreferrer\">https:\/\/projectes.xtec.cat\/xarxacb\/<\/a><\/strong><\/li>\n<\/ul>\n<table style=\"height: 61px;\" border=\"0\" cellspacing=\"0\" cellpadding=\"0\">\n<tbody>\n<tr style=\"height: 61px;\">\n<td style=\"height: 61px; width: 1053.33px;\" valign=\"TOP\"><span style=\"font-family: arial, helvetica, geneva; font-size: small;\">Centres que formen part de la Xarxa de compet\u00e8ncies per a desenvolupar processos de millora en l&#8217;adquisici\u00f3 de les compet\u00e8ncies del seu alumnat, segons proposta territorial a les Terres de l&#8217;Ebre i projectes de centres.<\/span><\/td>\n<\/tr>\n<\/tbody>\n<\/table>\n<ul>\n<li style=\"list-style-type: none;\">\n<ul>\n<li><strong>Xarxa de Millora Educativa (Anterior Xarxa de Transformaci\u00f3 Educativa ,<\/strong><em>\u00a0a partir de l&#8217;anterior xarxa d&#8217;Escola Nova 21 que finalitza el curs 2019-20)<\/em> <strong>junt als LABORATORIS DE TRANSFORMACI\u00d3 EDUCATIVA, coordinaci\u00f3 territorial Terres de l&#8217;Ebre : <\/strong><a href=\"https:\/\/projectes.xtec.cat\/transformacioenxarxa\/\">https:\/\/projectes.xtec.cat\/transformacioenxarxa\/<\/a><\/li>\n<\/ul>\n<\/li>\n<\/ul>\n<p>&nbsp;<\/p>\n<ul>\n<li><a href=\"https:\/\/projectes.xtec.cat\/convivenciapositiva\/categoria\/enfocament-restauratiu\/\" target=\"_blank\" rel=\"noopener\"><strong>Xarxa Enfocament Restauratiu<\/strong><\/a> (centres que participen en la formaci\u00f3 interna de l&#8217;ER i Xarxa ERG com a PIN desenvolupats)<\/li>\n<\/ul>\n<p>&nbsp;<\/p>\n<ul>\n<li><strong>Xarxa de Compet\u00e8ncia Lectora<\/strong> (A la Ribera d&#8217;Ebre tenim centres de primer, de segon any i de tercer any el curs 2025-26 que realitzen les<a href=\"https:\/\/xtec.gencat.cat\/ca\/formacio\/formaciogeneralprofessorat\/llengues\/competencia-lectora\/\" target=\"_blank\" rel=\"noopener\"> formacions XCL<\/a> a claustre en coordinaci\u00f3 ELIC territorial a Terres de l&#8217;Ebre)<\/li>\n<\/ul>\n<p>&nbsp;<\/p>\n<ul>\n<li><strong>Xarxa STEAM.CAT:<\/strong> <a href=\"https:\/\/projectes.xtec.cat\/steamcat\/\" target=\"_blank\" rel=\"noopener noreferrer\">https:\/\/projectes.xtec.cat\/steamcat\/<\/a><\/li>\n<\/ul>\n<p>ANTERIORS:<\/p>\n<ul>\n<li>Grup de treball <a href=\"https:\/\/serveiseducatius.xtec.cat\/riberadebre\/?s=cam%C3%AD+de+sirga\" target=\"_blank\" rel=\"noopener\"><strong>CAM\u00cd DE SIRGA<\/strong><\/a>, grup de docents iniciat el curs 2016-17, per a donar a con\u00e8ixer la comarca enfocant a l&#8217;Ebre i punts geolocalitzats del cam\u00ed de sirga (finalitza el curs 2023-24).<\/li>\n<\/ul>\n<p>&nbsp;<\/p>\n<ul>\n<li><a href=\"https:\/\/serveiseducatius.xtec.cat\/riberadebre\/?s=360\" target=\"_blank\" rel=\"noopener noreferrer\">XARXA TERRITORIAL <strong>EDUCACI\u00d3 360<\/strong> A LA RIBERA D&#8217;EBRE<\/a>, inici taller intercentres a partir de la confer\u00e8ncia de sensibilitzaci\u00f3 al segon trimestre del curs 2020-21, codi PFZ 8080401808\u00a0\u00a0\u00a0<em><b>Compartim oportunitats d&#8217;aprenentatge. Educar a temps complet. Educaci\u00f3 360.<\/b><\/em><\/li>\n<\/ul>\n<p>&nbsp;<\/p>\n<ul>\n<li><strong>Coordinaci\u00f3 de Llars d&#8217;Infants <\/strong>(Visita formativa intercentres-Nou el curs 2018-19 i continua fins el curs 2022-23 on despr\u00e9s s&#8217;incorporen a la <a href=\"https:\/\/serveiseducatius.xtec.cat\/riberadebre\/portada\/xarxa-deducacio-infantil-terres-de-lebre\/\" target=\"_blank\" rel=\"noopener\"><strong>XEITE<\/strong>&#8211; XARXA TERRITORIAL D&#8217;EDUCACI\u00d3 INFANTIL TERRES DE L&#8217;EBRE.<\/a><\/li>\n<\/ul>\n<p><span style=\"font-family: arial, helvetica, geneva; font-size: small;\">Coordinaci\u00f3 de totes les llars d&#8217;infants de la Ribera per a compartir metodologies innovadores a partir d&#8217;una xerrada d&#8217;una persona referent o d&#8217;una visita a una altra llar.\u00a0<\/span><\/p>\n<p>&nbsp;<\/p>\n<p>+++++Consultar mapa de <strong>Programes d&#8217;Innovaci\u00f3<\/strong> per a completar les xarxes de centres del Departament d&#8217;Educaci\u00f3: <a href=\"https:\/\/innovacio.xtec.gencat.cat\/programes\" target=\"_blank\" rel=\"noopener noreferrer\">https:\/\/innovacio.xtec.gencat.cat\/programes<\/a><\/p>\n<p>&nbsp;<\/p>\n<p>A la web del SE anem publicant les novetats de cada xarxa al llarg de cada curs i des del CRP s&#8217;acompanya a cada xarxa o seminari.<\/p>\n<p><!--a=1--><\/p>\n<p><!--a=1--><\/p>\n<p><!--a=1--><\/p>\n<p><!--a=1--><\/p>\n<p><!--a=1--><\/p>\n<p><!--a=1--><\/p>\n<p><!--a=1--><\/p>\n<p><!--a=1--><\/p>\n<p><!--a=1--><\/p>\n<p><!--a=1--><\/p>\n","protected":false},"excerpt":{"rendered":"<p>COORDINACIONS INTERCENTRES.\u00a0PFZ RIBERA D&#8217;EBRE XARXES ENTRE CENTRES A LA RIBERA D&#8217;EBRE: Seminari de Direccions de centres de Prim\u00e0ria (Des del curs 2018-19 dins el PFZ) compartim drive i recull a la web del SE. \u00a0 Coordinaci\u00f3 dels directors i directores dels centres docents d\u2019educaci\u00f3 infantil-prim\u00e0ria de la Ribera d\u2019Ebre,\u00a0 en 6 sessions al llarg del [&hellip;]<\/p>\n","protected":false},"author":3,"featured_media":0,"parent":416,"menu_order":1,"comment_status":"closed","ping_status":"closed","template":"","meta":{"_bbp_topic_count":0,"_bbp_reply_count":0,"_bbp_total_topic_count":0,"_bbp_total_reply_count":0,"_bbp_voice_count":0,"_bbp_anonymous_reply_count":0,"_bbp_topic_count_hidden":0,"_bbp_reply_count_hidden":0,"_bbp_forum_subforum_count":0,"site-sidebar-layout":"default","site-content-layout":"","ast-site-content-layout":"default","site-content-style":"default","site-sidebar-style":"default","ast-global-header-display":"","ast-banner-title-visibility":"","ast-main-header-display":"","ast-hfb-above-header-display":"","ast-hfb-below-header-display":"","ast-hfb-mobile-header-display":"","site-post-title":"","ast-breadcrumbs-content":"","ast-featured-img":"","footer-sml-layout":"","theme-transparent-header-meta":"disabled","adv-header-id-meta":"","stick-header-meta":"","header-above-stick-meta":"","header-main-stick-meta":"","header-below-stick-meta":"","astra-migrate-meta-layouts":"set","ast-page-background-enabled":"default","ast-page-background-meta":{"desktop":{"background-color":"var(--ast-global-color-4)","background-image":"","background-repeat":"repeat","background-position":"center center","background-size":"auto","background-attachment":"scroll","background-type":"","background-media":"","overlay-type":"","overlay-color":"","overlay-opacity":"","overlay-gradient":""},"tablet":{"background-color":"","background-image":"","background-repeat":"repeat","background-position":"center center","background-size":"auto","background-attachment":"scroll","background-type":"","background-media":"","overlay-type":"","overlay-color":"","overlay-opacity":"","overlay-gradient":""},"mobile":{"background-color":"","background-image":"","background-repeat":"repeat","background-position":"center center","background-size":"auto","background-attachment":"scroll","background-type":"","background-media":"","overlay-type":"","overlay-color":"","overlay-opacity":"","overlay-gradient":""}},"ast-content-background-meta":{"desktop":{"background-color":"var(--ast-global-color-5)","background-image":"","background-repeat":"repeat","background-position":"center center","background-size":"auto","background-attachment":"scroll","background-type":"","background-media":"","overlay-type":"","overlay-color":"","overlay-opacity":"","overlay-gradient":""},"tablet":{"background-color":"var(--ast-global-color-5)","background-image":"","background-repeat":"repeat","background-position":"center center","background-size":"auto","background-attachment":"scroll","background-type":"","background-media":"","overlay-type":"","overlay-color":"","overlay-opacity":"","overlay-gradient":""},"mobile":{"background-color":"var(--ast-global-color-5)","background-image":"","background-repeat":"repeat","background-position":"center center","background-size":"auto","background-attachment":"scroll","background-type":"","background-media":"","overlay-type":"","overlay-color":"","overlay-opacity":"","overlay-gradient":""}},"footnotes":""},"class_list":["post-10162","page","type-page","status-publish","hentry"],"post_mailing_queue_ids":[],"_links":{"self":[{"href":"https:\/\/serveiseducatius.xtec.cat\/riberadebre\/wp-json\/wp\/v2\/pages\/10162","targetHints":{"allow":["GET"]}}],"collection":[{"href":"https:\/\/serveiseducatius.xtec.cat\/riberadebre\/wp-json\/wp\/v2\/pages"}],"about":[{"href":"https:\/\/serveiseducatius.xtec.cat\/riberadebre\/wp-json\/wp\/v2\/types\/page"}],"author":[{"embeddable":true,"href":"https:\/\/serveiseducatius.xtec.cat\/riberadebre\/wp-json\/wp\/v2\/users\/3"}],"replies":[{"embeddable":true,"href":"https:\/\/serveiseducatius.xtec.cat\/riberadebre\/wp-json\/wp\/v2\/comments?post=10162"}],"version-history":[{"count":8,"href":"https:\/\/serveiseducatius.xtec.cat\/riberadebre\/wp-json\/wp\/v2\/pages\/10162\/revisions"}],"predecessor-version":[{"id":22328,"href":"https:\/\/serveiseducatius.xtec.cat\/riberadebre\/wp-json\/wp\/v2\/pages\/10162\/revisions\/22328"}],"up":[{"embeddable":true,"href":"https:\/\/serveiseducatius.xtec.cat\/riberadebre\/wp-json\/wp\/v2\/pages\/416"}],"wp:attachment":[{"href":"https:\/\/serveiseducatius.xtec.cat\/riberadebre\/wp-json\/wp\/v2\/media?parent=10162"}],"curies":[{"name":"wp","href":"https:\/\/api.w.org\/{rel}","templated":true}]}}