{"id":10116,"date":"2019-04-27T23:56:04","date_gmt":"2019-04-27T21:56:04","guid":{"rendered":"http:\/\/serveiseducatius.xtec.cat\/riberadebre\/?page_id=10116"},"modified":"2022-05-03T16:53:25","modified_gmt":"2022-05-03T14:53:25","slug":"orinetacions-modalitats-i-formats-pfz","status":"publish","type":"page","link":"https:\/\/serveiseducatius.xtec.cat\/riberadebre\/formacio\/orinetacions-modalitats-i-formats-pfz\/","title":{"rendered":"Orientacions, Modalitats i Formats PFZ"},"content":{"rendered":"<header class=\"entry-header\">\n<h1 class=\"entry-title\">Modalitats i formats PFZ<\/h1>\n<\/header>\n<div class=\"entry-content\">\n<p><strong>MODALITATS I FORMATS DE FORMACI\u00d3<\/strong><\/p>\n<p><img loading=\"lazy\" decoding=\"async\" class=\"alignright wp-image-8206\" src=\"https:\/\/serveiseducatius.xtec.cat\/altpenedes\/wp-content\/uploads\/usu763\/2019\/04\/modalitats19-20.jpg\" sizes=\"auto, (max-width: 688px) 100vw, 688px\" srcset=\"https:\/\/serveiseducatius.xtec.cat\/altpenedes\/wp-content\/uploads\/usu763\/2019\/04\/modalitats19-20.jpg 902w, https:\/\/serveiseducatius.xtec.cat\/altpenedes\/wp-content\/uploads\/usu763\/2019\/04\/modalitats19-20-150x86.jpg 150w, https:\/\/serveiseducatius.xtec.cat\/altpenedes\/wp-content\/uploads\/usu763\/2019\/04\/modalitats19-20-300x173.jpg 300w, https:\/\/serveiseducatius.xtec.cat\/altpenedes\/wp-content\/uploads\/usu763\/2019\/04\/modalitats19-20-768x442.jpg 768w\" alt=\"\" width=\"688\" height=\"396\" \/>Les diferents modalitats de formaci\u00f3 han de respondre a la finalitat de l\u2019acci\u00f3 formativa i impliquen una din\u00e0mica espec\u00edfica de treball del professorat participant.<\/p>\n<p>Les activitats de formaci\u00f3 es poden classificar en les modalitats seg\u00fcents:<\/p>\n<ol>\n<li><strong>Formaci\u00f3 en centre:<\/strong> Assessorament (m\u00ednim 20 h), Formaci\u00f3 interna de centre (FIC), Taller a centre i Visita formativa a centre.<\/li>\n<li><strong>Formaci\u00f3 per a centres:<\/strong> Seminari de coordinaci\u00f3, Curs\/seminari d\u2019equips de centre, Taller d\u2019equips de centre.<\/li>\n<li><strong>Formaci\u00f3 individual:<\/strong> Taller, Curs, Seminari, Grup de treball, Confer\u00e8ncia, Taula rodona, Trobada pedag\u00f2gica d&#8217;intercanvi d\u2019experi\u00e8ncies, Jornada, Estada formativa a l\u2019empresa i Estada formativa a l\u2019estranger.<\/li>\n<\/ol>\n<ul>\n<li><\/li>\n<\/ul>\n<p>* Trobareu m\u00e9s informaci\u00f3 sobre la <strong>Formaci\u00f3 interna de centre<\/strong> (FIC) en els enlla\u00e7os: <a href=\"http:\/\/ateneu.xtec.cat\/wikiform\/wikiexport\/fic\/dir\/index\" target=\"_blank\" rel=\"noopener noreferrer\">Materials FIC (Ateneu)<\/a>\u00a0|\u00a0<a href=\"http:\/\/ateneu.xtec.cat\/wikiform\/wikiexport\/fic_orientacio\/fic_segui\/index\" target=\"_blank\" rel=\"noopener noreferrer\">Orientacions per al suport i el seguiment de la FIC<\/a><\/p>\n<p>Podeu ampliar caracter\u00edstiques de cada modalitat <a href=\"https:\/\/serveiseducatius.xtec.cat\/riberadebre\/formacio\/\" target=\"_blank\" rel=\"noopener\">a la p\u00e0gina de FORMACI\u00d3<\/a> i consultant al CRP.<\/p>\n<h4><\/h4>\n<p><span style=\"font-weight: 400;\">Les activitats de formaci\u00f3 es poden organitzar en tres <\/span><b>formats<\/b><span style=\"font-weight: 400;\">:\u00a0<\/span><\/p>\n<table>\n<tbody>\n<tr>\n<td><b>Presencials<\/b><\/td>\n<td><b>Semipresencials<\/b><\/td>\n<td><b>En l\u00ednia<\/b><\/td>\n<\/tr>\n<tr>\n<td><span style=\"font-weight: 400;\">Totes les sessions s\u00f3n presencials (en un espai f\u00edsic concret)<\/span><\/td>\n<td><span style=\"font-weight: 400;\">Combinaci\u00f3 de sessions presencials i sessions en l\u00ednia<\/span><\/p>\n<p><span style=\"font-weight: 400;\">Les sessions en l\u00ednia poden ser s\u00edncrones, as\u00edncrones o mixtes.<\/span><\/td>\n<td><span style=\"font-weight: 400;\">Totes les sessions s\u00f3n en l\u00ednia\u00a0<\/span><\/p>\n<p><span style=\"font-weight: 400;\">Les sessions en l\u00ednia poden ser s\u00edncrones, as\u00edncrones (*) o mixtes.<\/span><\/td>\n<\/tr>\n<\/tbody>\n<\/table>\n<\/div>\n","protected":false},"excerpt":{"rendered":"<p>Modalitats i formats PFZ MODALITATS I FORMATS DE FORMACI\u00d3 Les diferents modalitats de formaci\u00f3 han de respondre a la finalitat de l\u2019acci\u00f3 formativa i impliquen una din\u00e0mica espec\u00edfica de treball del professorat participant. Les activitats de formaci\u00f3 es poden classificar en les modalitats seg\u00fcents: Formaci\u00f3 en centre: Assessorament (m\u00ednim 20 h), Formaci\u00f3 interna de centre [&hellip;]<\/p>\n","protected":false},"author":3,"featured_media":0,"parent":416,"menu_order":1,"comment_status":"closed","ping_status":"closed","template":"","meta":{"_bbp_topic_count":0,"_bbp_reply_count":0,"_bbp_total_topic_count":0,"_bbp_total_reply_count":0,"_bbp_voice_count":0,"_bbp_anonymous_reply_count":0,"_bbp_topic_count_hidden":0,"_bbp_reply_count_hidden":0,"_bbp_forum_subforum_count":0,"site-sidebar-layout":"default","site-content-layout":"","ast-site-content-layout":"","site-content-style":"default","site-sidebar-style":"default","ast-global-header-display":"","ast-banner-title-visibility":"","ast-main-header-display":"","ast-hfb-above-header-display":"","ast-hfb-below-header-display":"","ast-hfb-mobile-header-display":"","site-post-title":"","ast-breadcrumbs-content":"","ast-featured-img":"","footer-sml-layout":"","theme-transparent-header-meta":"","adv-header-id-meta":"","stick-header-meta":"","header-above-stick-meta":"","header-main-stick-meta":"","header-below-stick-meta":"","astra-migrate-meta-layouts":"default","ast-page-background-enabled":"default","ast-page-background-meta":{"desktop":{"background-color":"var(--ast-global-color-4)","background-image":"","background-repeat":"repeat","background-position":"center center","background-size":"auto","background-attachment":"scroll","background-type":"","background-media":"","overlay-type":"","overlay-color":"","overlay-opacity":"","overlay-gradient":""},"tablet":{"background-color":"","background-image":"","background-repeat":"repeat","background-position":"center center","background-size":"auto","background-attachment":"scroll","background-type":"","background-media":"","overlay-type":"","overlay-color":"","overlay-opacity":"","overlay-gradient":""},"mobile":{"background-color":"","background-image":"","background-repeat":"repeat","background-position":"center center","background-size":"auto","background-attachment":"scroll","background-type":"","background-media":"","overlay-type":"","overlay-color":"","overlay-opacity":"","overlay-gradient":""}},"ast-content-background-meta":{"desktop":{"background-color":"var(--ast-global-color-5)","background-image":"","background-repeat":"repeat","background-position":"center center","background-size":"auto","background-attachment":"scroll","background-type":"","background-media":"","overlay-type":"","overlay-color":"","overlay-opacity":"","overlay-gradient":""},"tablet":{"background-color":"var(--ast-global-color-5)","background-image":"","background-repeat":"repeat","background-position":"center center","background-size":"auto","background-attachment":"scroll","background-type":"","background-media":"","overlay-type":"","overlay-color":"","overlay-opacity":"","overlay-gradient":""},"mobile":{"background-color":"var(--ast-global-color-5)","background-image":"","background-repeat":"repeat","background-position":"center center","background-size":"auto","background-attachment":"scroll","background-type":"","background-media":"","overlay-type":"","overlay-color":"","overlay-opacity":"","overlay-gradient":""}},"footnotes":""},"class_list":["post-10116","page","type-page","status-publish","hentry"],"post_mailing_queue_ids":[],"_links":{"self":[{"href":"https:\/\/serveiseducatius.xtec.cat\/riberadebre\/wp-json\/wp\/v2\/pages\/10116","targetHints":{"allow":["GET"]}}],"collection":[{"href":"https:\/\/serveiseducatius.xtec.cat\/riberadebre\/wp-json\/wp\/v2\/pages"}],"about":[{"href":"https:\/\/serveiseducatius.xtec.cat\/riberadebre\/wp-json\/wp\/v2\/types\/page"}],"author":[{"embeddable":true,"href":"https:\/\/serveiseducatius.xtec.cat\/riberadebre\/wp-json\/wp\/v2\/users\/3"}],"replies":[{"embeddable":true,"href":"https:\/\/serveiseducatius.xtec.cat\/riberadebre\/wp-json\/wp\/v2\/comments?post=10116"}],"version-history":[{"count":4,"href":"https:\/\/serveiseducatius.xtec.cat\/riberadebre\/wp-json\/wp\/v2\/pages\/10116\/revisions"}],"predecessor-version":[{"id":14581,"href":"https:\/\/serveiseducatius.xtec.cat\/riberadebre\/wp-json\/wp\/v2\/pages\/10116\/revisions\/14581"}],"up":[{"embeddable":true,"href":"https:\/\/serveiseducatius.xtec.cat\/riberadebre\/wp-json\/wp\/v2\/pages\/416"}],"wp:attachment":[{"href":"https:\/\/serveiseducatius.xtec.cat\/riberadebre\/wp-json\/wp\/v2\/media?parent=10116"}],"curies":[{"name":"wp","href":"https:\/\/api.w.org\/{rel}","templated":true}]}}