{"id":416,"date":"2015-11-25T15:58:53","date_gmt":"2015-11-25T14:58:53","guid":{"rendered":"http:\/\/serveiseducatius.xtec.cat\/priorat\/?page_id=416"},"modified":"2022-11-11T09:51:06","modified_gmt":"2022-11-11T08:51:06","slug":"formacio","status":"publish","type":"page","link":"https:\/\/serveiseducatius.xtec.cat\/priorat\/formacio\/","title":{"rendered":"Formaci\u00f3"},"content":{"rendered":"<p><strong>L\u2019oferta formativa del Departament d\u2019Educaci\u00f3 per a tot el professorat es pot consultar des del portal :<\/strong>\u00a0<a href=\"http:\/\/xtec.gencat.cat\/ca\/formacio\/\" target=\"_blank\" rel=\"noopener noreferrer\">http:\/\/xtec.gencat.cat\/ca\/formacio\/<\/a><\/p>\n<p><strong>Des del cercador de formacions a XTEC es poden consultar les activitats dels diferents\u00a0 PFZ i altres activitats organitzades pel Departament d&#8217;Educaci\u00f3 o reconegudes.\u00a0<\/strong><\/p>\n<p><strong>LES L\u00cdNIES ESTRAT\u00c8GIQUES DE LA FORMACI\u00d3, segons \u201cCriteris, instruccions i orientacions\u201d\u00a0<\/strong>tenen per finalitat impulsar el desenvolupament professional en els \u00e0mbits seg\u00fcents:<br \/>\n1. Compet\u00e8ncies professionals docents: definir el nou marc de refer\u00e8ncia de les compet\u00e8ncies<br \/>\nprofessionals docents per a la transformaci\u00f3 del sistema educatiu.<br \/>\n2. Inducci\u00f3 a la doc\u00e8ncia: avan\u00e7ar cap a un nou model d\u2019inducci\u00f3 a la doc\u00e8ncia i centres de<br \/>\nrefer\u00e8ncia per a la formaci\u00f3 inicial.<br \/>\n3. Centres educatius en l\u00ednia: impulsar la innovaci\u00f3 organitzativa i metodol\u00f2gica en els processos<br \/>\nd\u2019educaci\u00f3 h\u00edbrida a trav\u00e9s de la formaci\u00f3, els recursos digitals i la promoci\u00f3 del treball en xarxa.<br \/>\n4. Cultura digital: capacitar digitalment l\u2019alumnat i el professorat en el marc del Pla Digital de<br \/>\nCatalunya.<br \/>\n5. Nous contextos i recursos per al desenvolupament professional: promoure plans de formaci\u00f3 als<br \/>\ncentres, a la zona educativa i a les xarxes per al desenvolupament professional docent en<br \/>\ncol\u00b7laboraci\u00f3 amb els agents educatius de l\u2019entorn.<br \/>\n6. Aprenentatge competencial: afavorir metodologies innovadores per al treball competencial amb<br \/>\npropostes did\u00e0ctiques, gesti\u00f3 de projectes transversals i models d\u2019avaluaci\u00f3 competencials, en<br \/>\nun marc pluriling\u00fce i d\u2019orientaci\u00f3 educativa personalitzada.<br \/>\n7. Educaci\u00f3 inclusiva: generar itineraris d\u2019aprenentatge personalitzats, amb interrelaci\u00f3 d\u2019emocions,<br \/>\nmotivaci\u00f3 i cognici\u00f3, posant en valor la difer\u00e8ncia com a oportunitat d\u2019aprenentatge per al conjunt<br \/>\nde la comunitat educativa.<br \/>\n8. Perspectiva de g\u00e8nere: afavorir una educaci\u00f3 sense estereotips sexistes ni discriminacions,<br \/>\nrelacionades amb el g\u00e8nere o amb l\u2019orientaci\u00f3 afectiva-sexual, aix\u00ed com una orientaci\u00f3<br \/>\nacad\u00e8mica i professional no sexista.<br \/>\n9. Educaci\u00f3 per a la sostenibilitat: contribuir a trav\u00e9s de la formaci\u00f3 docent a l\u2019assoliment dels<br \/>\nObjectius per a un Desenvolupament Sostenible (ODS), com a marc competencial de la<br \/>\nciutadania catalana del segle XXI.<br \/>\n10. Evid\u00e8ncies d\u2019impacte: impulsar processos d\u2019avaluaci\u00f3 de la formaci\u00f3, generadors d\u2019evid\u00e8ncies<br \/>\nper permetre la presa de decisions orientades a la millora i la rendici\u00f3 de comptes com a cultura<br \/>\nde centre.<\/p>\n<p>&nbsp;<\/p>\n<p>Dins la formaci\u00f3 permanent del professorat, les modalitats del PFZ prioritzades s\u00f3n les formacions en centre.<\/p>\n<p><strong>MODALITATS DE FORMACI\u00d3 EN CENTRE, INTERNES DE CENTRE:<\/strong><\/p>\n<ol>\n<li><strong>Assessorament en centre (m\u00ednim 20 h)<\/strong><\/li>\n<\/ol>\n<ul>\n<li>Modalitat formativa amb intervenci\u00f3 de professional expert que s\u2019adre\u00e7a a la majoria del claustre per a desenvolupar projectes compartits i consolidar pr\u00e0ctiques educatives\u00a0que reverteixin en la millora dels aprenentatges de l\u2019alumnat. Implica un comprom\u00eds del centre de fer un treball de seguiment intern sobre la transfer\u00e8ncia a l\u2019aula. \u00c9s liderat per l\u2019equip directiu.<\/li>\n<li>T\u00e9 una durada no inferior a 20 hores, amb una part de treball aut\u00f2nom al centre destinat a realitzar tasques planificades en relaci\u00f3 a l\u2019aprofitament i la transfer\u00e8ncia immediata.<\/li>\n<li>Avaluaci\u00f3 positiva de les tasques individuals i grupals sobre la transfer\u00e8ncia immediata. Recollit al q\u00fcestionari final i al document de valoraci\u00f3 final del centre (informe final) junt al resum de seguiment dels serveis educatius amb el vistiplau de l\u2019inspector\/a del centre. Document de valoraci\u00f3 final que s\u2019inclour\u00e0 en la mem\u00f2ria anual del centre.<\/li>\n<\/ul>\n<ol start=\"2\">\n<li><strong>Formaci\u00f3 interna de centre (FIC)<br \/>\n<\/strong><\/li>\n<\/ol>\n<ul>\n<li>Modalitat formativa que t\u00e9 lloc dins de cada centre educatiu per a la reflexi\u00f3 sistematitzada amb eines d\u2019autodiagnosi, materials de formaci\u00f3 pautats, protocols i instruments d\u2019avaluaci\u00f3. Adre\u00e7at a la majoria del claustre o equip docent al qual va dirigit (80%). Document de valoraci\u00f3 final que s\u2019inclour\u00e0 en la mem\u00f2ria anual del centre.\u00a0<a href=\"http:\/\/ateneu.xtec.cat\/wikiform\/wikiexport\/fic\/dir\/index\" target=\"_blank\" rel=\"noopener\">Consulteu les orientacions segons nivell educatiu.<\/a><\/li>\n<li>\u00c9s liderat i dinamitzat per un equip de coordinaci\u00f3 format per tres persones del centre entre les quals almenys una \u00e9s de l\u2019equip directiu.<\/li>\n<li>Comprom\u00eds del centre de fer un treball de seguiment intern sobre la transfer\u00e8ncia a l\u2019aula. Document de valoraci\u00f3 final que s\u2019inclour\u00e0 en la mem\u00f2ria anual del centre. Informe final i seguiment del CRP amb vistiplau d\u2019inspecci\u00f3.<\/li>\n<li>T\u00e9 una durada de 45 hores (FIC itinerari guiat) amb 30 hores presencials i 15 hores de treball intern per realitzar les tasques planificades en relaci\u00f3 amb l\u2019aprofitament i la transfer\u00e8ncia immediata a l\u2019aula o al centre. (La FIC d\u2019itinerari propi t\u00e9 una durada de 30 hores).<\/li>\n<\/ul>\n<ol start=\"3\">\n<li><strong>Taller a centre (m\u00e0xim 20 h)<\/strong><\/li>\n<\/ol>\n<ul>\n<li>Modalitat formativa de car\u00e0cter concret i pr\u00e0ctic orientada a la millora d\u2019alguna compet\u00e8ncia professional del professorat. S\u2019adre\u00e7a a la majoria del claustre o a un col\u00b7lectiu determinat del centre.<\/li>\n<li style=\"font-weight: 400;\" aria-level=\"1\"><span style=\"font-weight: 400;\">Sense l\u00edmit m\u00e0xim ni m\u00ednim de hores.<\/span><\/li>\n<li>En general, el taller \u00e9s impartit per un professional expert que certificar\u00e0 com a formador\/a.<\/li>\n<\/ul>\n<p>4.\u00a0<strong>Visita formativa a centre\u00a0<\/strong><\/p>\n<ul>\n<li>Modalitat formativa de car\u00e0cter concret i pr\u00e0ctic orientada a promoure un proc\u00e9s de reflexi\u00f3 sobre la pr\u00f2pia pr\u00e0ctica a partir de con\u00e8ixer i compartir experi\u00e8ncies d\u2019\u00e8xit o de bones pr\u00e0ctiques consolidades. Ha d\u2019implicar l\u2019equip docent i ha de conduir a la millora d\u2019algun aspecte metodol\u00f2gic , organitzatiu o de relaci\u00f3 amb l\u2019entorn.<\/li>\n<li>Durada total m\u00ednima de 15 hores (distribu\u00efdes en un m\u00ednim de 2 sessions separades en el temps) amb un ter\u00e7 dedicat al treball intern col\u00b7lectiu a realitzar les propostes d\u2019accions en relaci\u00f3 amb l\u2019aprofitament i la transfer\u00e8ncia immediata de la formaci\u00f3 en el centre.<\/li>\n<\/ul>\n<p>Consultar al CRP per con\u00e8ixer els detalls d\u2019aquestes tipologies formatives segons criteris organitzatius.<\/p>\n<p>Es proposen tamb\u00e9 modalitats formatives per a centres, entre diferents centres (seminaris, grups de treball,\u2026)<\/p>\n<p><strong>FORMATS DE LES ACTIVITATS:<\/strong><\/p>\n<p>Les\u00a0activitats de formaci\u00f3 es poden organitzar en tres formats:<\/p>\n<p>Presencials\u00a0 \/ Semipresencials \/\u00a0 En l\u00ednia (s\u00edncrones, as\u00edncrones o mixtes)<\/p>\n","protected":false},"excerpt":{"rendered":"<p>L\u2019oferta formativa del Departament d\u2019Educaci\u00f3 per a tot el professorat es pot consultar des del portal :\u00a0http:\/\/xtec.gencat.cat\/ca\/formacio\/ Des del cercador de formacions a XTEC es poden consultar les activitats dels diferents\u00a0 PFZ i altres activitats organitzades pel Departament d&#8217;Educaci\u00f3 o reconegudes.\u00a0 LES L\u00cdNIES ESTRAT\u00c8GIQUES DE LA FORMACI\u00d3, segons \u201cCriteris, instruccions i orientacions\u201d\u00a0tenen per finalitat impulsar [&hellip;]<\/p>\n","protected":false},"author":1,"featured_media":0,"parent":0,"menu_order":0,"comment_status":"closed","ping_status":"closed","template":"","meta":{"_bbp_topic_count":0,"_bbp_reply_count":0,"_bbp_total_topic_count":0,"_bbp_total_reply_count":0,"_bbp_voice_count":0,"_bbp_anonymous_reply_count":0,"_bbp_topic_count_hidden":0,"_bbp_reply_count_hidden":0,"_bbp_forum_subforum_count":0,"site-sidebar-layout":"default","site-content-layout":"","ast-site-content-layout":"","site-content-style":"default","site-sidebar-style":"default","ast-global-header-display":"","ast-banner-title-visibility":"","ast-main-header-display":"","ast-hfb-above-header-display":"","ast-hfb-below-header-display":"","ast-hfb-mobile-header-display":"","site-post-title":"","ast-breadcrumbs-content":"","ast-featured-img":"","footer-sml-layout":"","theme-transparent-header-meta":"","adv-header-id-meta":"","stick-header-meta":"","header-above-stick-meta":"","header-main-stick-meta":"","header-below-stick-meta":"","astra-migrate-meta-layouts":"default","ast-page-background-enabled":"default","ast-page-background-meta":{"desktop":{"background-color":"var(--ast-global-color-4)","background-image":"","background-repeat":"repeat","background-position":"center center","background-size":"auto","background-attachment":"scroll","background-type":"","background-media":"","overlay-type":"","overlay-color":"","overlay-opacity":"","overlay-gradient":""},"tablet":{"background-color":"","background-image":"","background-repeat":"repeat","background-position":"center center","background-size":"auto","background-attachment":"scroll","background-type":"","background-media":"","overlay-type":"","overlay-color":"","overlay-opacity":"","overlay-gradient":""},"mobile":{"background-color":"","background-image":"","background-repeat":"repeat","background-position":"center center","background-size":"auto","background-attachment":"scroll","background-type":"","background-media":"","overlay-type":"","overlay-color":"","overlay-opacity":"","overlay-gradient":""}},"ast-content-background-meta":{"desktop":{"background-color":"var(--ast-global-color-5)","background-image":"","background-repeat":"repeat","background-position":"center center","background-size":"auto","background-attachment":"scroll","background-type":"","background-media":"","overlay-type":"","overlay-color":"","overlay-opacity":"","overlay-gradient":""},"tablet":{"background-color":"var(--ast-global-color-5)","background-image":"","background-repeat":"repeat","background-position":"center center","background-size":"auto","background-attachment":"scroll","background-type":"","background-media":"","overlay-type":"","overlay-color":"","overlay-opacity":"","overlay-gradient":""},"mobile":{"background-color":"var(--ast-global-color-5)","background-image":"","background-repeat":"repeat","background-position":"center center","background-size":"auto","background-attachment":"scroll","background-type":"","background-media":"","overlay-type":"","overlay-color":"","overlay-opacity":"","overlay-gradient":""}},"footnotes":""},"class_list":["post-416","page","type-page","status-publish","hentry"],"post_mailing_queue_ids":[],"_links":{"self":[{"href":"https:\/\/serveiseducatius.xtec.cat\/priorat\/wp-json\/wp\/v2\/pages\/416","targetHints":{"allow":["GET"]}}],"collection":[{"href":"https:\/\/serveiseducatius.xtec.cat\/priorat\/wp-json\/wp\/v2\/pages"}],"about":[{"href":"https:\/\/serveiseducatius.xtec.cat\/priorat\/wp-json\/wp\/v2\/types\/page"}],"author":[{"embeddable":true,"href":"https:\/\/serveiseducatius.xtec.cat\/priorat\/wp-json\/wp\/v2\/users\/1"}],"replies":[{"embeddable":true,"href":"https:\/\/serveiseducatius.xtec.cat\/priorat\/wp-json\/wp\/v2\/comments?post=416"}],"version-history":[{"count":3,"href":"https:\/\/serveiseducatius.xtec.cat\/priorat\/wp-json\/wp\/v2\/pages\/416\/revisions"}],"predecessor-version":[{"id":8433,"href":"https:\/\/serveiseducatius.xtec.cat\/priorat\/wp-json\/wp\/v2\/pages\/416\/revisions\/8433"}],"wp:attachment":[{"href":"https:\/\/serveiseducatius.xtec.cat\/priorat\/wp-json\/wp\/v2\/media?parent=416"}],"curies":[{"name":"wp","href":"https:\/\/api.w.org\/{rel}","templated":true}]}}