{"id":338,"date":"2015-11-24T18:40:49","date_gmt":"2015-11-24T17:40:49","guid":{"rendered":"http:\/\/serveiseducatius.xtec.cat\/priorat\/?page_id=338"},"modified":"2025-11-10T13:30:30","modified_gmt":"2025-11-10T12:30:30","slug":"centres-educatius","status":"publish","type":"page","link":"https:\/\/serveiseducatius.xtec.cat\/priorat\/comunitat\/centres-educatius\/","title":{"rendered":"Centres educatius"},"content":{"rendered":"<table class=\" aligncenter\" style=\"height: 1651px; width: 80.9578%;\">\n<tbody>\n<tr style=\"height: 112px;\">\n<td style=\"width: 772.979px; text-align: center; height: 112px;\" colspan=\"7\">\n<h2><span style=\"color: #3366ff;\"><strong>CENTRES EDUCATIUS DE L&#8217;\u00c0MBIT D&#8217;ACTUACI\u00d3<\/strong><\/span><\/h2>\n<h2><span style=\"color: #3366ff;\"><strong> DEL SERVEI EDUCATIU DEL PRIORAT<\/strong><strong>\u00a0<\/strong><strong>\u00a0<\/strong><\/span><\/h2>\n<\/td>\n<\/tr>\n<tr style=\"height: 47px;\">\n<td style=\"width: 81.7917px; height: 47px;\"><strong>CODI CENTRE<\/strong><\/td>\n<td style=\"width: 105.594px; height: 47px;\"><strong>CENTRE<\/strong><\/td>\n<td style=\"width: 142px; height: 47px;\"><strong>ADRE\u00c7A<\/strong><\/td>\n<td style=\"width: 65px; height: 47px;\"><strong>C.P.<\/strong><\/td>\n<td style=\"width: 118.312px; height: 47px;\"><strong>POBLACI\u00d3<\/strong><\/td>\n<td style=\"width: 104px; height: 47px;\"><strong>TEL\u00c8FON<\/strong><\/td>\n<td style=\"width: 144.281px; height: 47px;\"><strong>CORREU ELECTR\u00d2NIC<\/strong><\/td>\n<\/tr>\n<tr style=\"height: 50px;\">\n<td style=\"width: 772.979px; height: 50px;\" colspan=\"7\">\n<h5><span style=\"color: #ff9900;\"><strong>LLAR D&#8217;INFANTS<\/strong><\/span><\/h5>\n<\/td>\n<\/tr>\n<tr style=\"height: 142px;\">\n<td style=\"width: 81.7917px; height: 142px;\">43012502<\/td>\n<td style=\"width: 105.594px; height: 142px;\">LLAR D&#8217;INFANTS MUNICIPAL EL PATUFET<\/td>\n<td style=\"width: 142px; height: 142px;\">C\/ COMTE DE RIUS, 10<\/td>\n<td style=\"width: 65px; height: 142px;\">43360<\/td>\n<td style=\"width: 118.312px; height: 142px;\">CORNUDELLA<\/td>\n<td style=\"width: 104px; height: 142px;\">661 35 14 85<\/td>\n<td style=\"width: 144.281px; height: 142px;\"><a style=\"color: #2795b6;\" href=\"mailto:e3012502@xtec.cat\">e3012502@xtec.cat<\/a><\/td>\n<\/tr>\n<tr style=\"height: 77px;\">\n<td style=\"width: 81.7917px; height: 60px;\">43007555<\/td>\n<td style=\"width: 105.594px; height: 60px;\">LLAR D&#8217; INFANTS MUNICIPAL L&#8217;ESP\u00cdGOL<\/td>\n<td style=\"width: 142px; height: 60px;\">C\/ DE LES FORQUES, S\/N<\/td>\n<td style=\"width: 65px; height: 60px;\">43730<\/td>\n<td style=\"width: 118.312px; height: 60px;\">FALSET<\/td>\n<td style=\"width: 104px; height: 60px;\">636 23 13 68<\/td>\n<td style=\"width: 144.281px; height: 60px;\"><a href=\"mailto:e3007555@xtec.cat\">e3007555@xtec.cat<\/a><\/td>\n<\/tr>\n<tr style=\"height: 50px;\">\n<td style=\"width: 772.979px; height: 50px;\" colspan=\"7\">\n<h5><span style=\"color: #ff9900;\"><strong>EDUCACI\u00d3 INFANTIL I PRIM\u00c0RIA<\/strong><\/span><\/h5>\n<\/td>\n<\/tr>\n<tr style=\"height: 32px;\">\n<td style=\"width: 772.979px; height: 32px;\" colspan=\"7\"><a href=\"https:\/\/agora.xtec.cat\/zerbaixpriorat\/\"><strong>ZER BAIX PRIORAT<\/strong><\/a><\/td>\n<\/tr>\n<tr style=\"height: 47px;\">\n<td style=\"width: 81.7917px; height: 47px;\">43000512<\/td>\n<td style=\"width: 105.594px; height: 47px;\"><a href=\"https:\/\/agora.xtec.cat\/zerbaixpriorat\/categoria\/sarrai\/\">ESC\u00a0 EL SARRA\u00cd<\/a><\/td>\n<td style=\"width: 142px; height: 47px;\">Pg. PRIORAT, 2<\/td>\n<td style=\"width: 65px; height: 47px;\">43738<\/td>\n<td style=\"width: 118.312px; height: 47px;\">BELLMUNT DEL PRIORAT<\/td>\n<td style=\"width: 104px; height: 47px;\">977 83 09 37<\/td>\n<td style=\"width: 144.281px; height: 47px;\"><a href=\"mailto:e3000512@xtec.cat\">e3000512@xtec.cat<\/a><\/td>\n<\/tr>\n<tr style=\"height: 62px;\">\n<td style=\"width: 81.7917px; height: 62px;\">43001498<\/td>\n<td style=\"width: 105.594px; height: 62px;\"><a href=\"https:\/\/agora.xtec.cat\/zerbaixpriorat\/categoria\/onzesetembre\/\">ESC\u00a0 ONZE DE SETEMBRE<\/a><\/td>\n<td style=\"width: 142px; height: 62px;\">C\/ JOAQUIM ROYO I VIDAL, 10<\/td>\n<td style=\"width: 65px; height: 62px;\">43736<\/td>\n<td style=\"width: 118.312px; height: 62px;\">MASROIG, EL<\/td>\n<td style=\"width: 104px; height: 62px;\">977 82 54 36<\/td>\n<td style=\"width: 144.281px; height: 62px;\"><a href=\"mailto:e3001498@xtec.cat\">e3001498@xtec.cat<\/a><\/td>\n<\/tr>\n<tr style=\"height: 62px;\">\n<td style=\"width: 81.7917px; height: 62px;\">43005509<\/td>\n<td style=\"width: 105.594px; height: 62px;\"><a href=\"https:\/\/agora.xtec.cat\/zerbaixpriorat\/categoria\/rossendgiol\/\">ESC\u00a0 ROSSEND GIOL<\/a><\/td>\n<td style=\"width: 142px; height: 62px;\">C\/ ROSSEND GIOL, S\/N<\/td>\n<td style=\"width: 65px; height: 62px;\">43739<\/td>\n<td style=\"width: 118.312px; height: 62px;\">PORRERA<\/td>\n<td style=\"width: 104px; height: 62px;\">977 82 82 27<\/td>\n<td style=\"width: 144.281px; height: 62px;\"><a href=\"mailto:e3005509@xtec.cat\">e3005509@xtec.cat<\/a><\/td>\n<\/tr>\n<tr style=\"height: 32px;\">\n<td style=\"width: 772.979px; height: 32px;\" colspan=\"7\"><a href=\"https:\/\/agora.xtec.cat\/zerlagla\/\"><strong>ZER L&#8217;AGL\u00c0<\/strong><\/a><\/td>\n<\/tr>\n<tr style=\"height: 47px;\">\n<td style=\"width: 81.7917px; height: 47px;\">43001310<\/td>\n<td style=\"width: 105.594px; height: 47px;\">ESC LLICORELLA<\/td>\n<td style=\"width: 142px; height: 47px;\">C\/ PIRO, S\/N<\/td>\n<td style=\"width: 65px; height: 47px;\">43737<\/td>\n<td style=\"width: 118.312px; height: 47px;\">GRATALLOPS<\/td>\n<td style=\"width: 104px; height: 47px;\">977 83 94 37<\/td>\n<td style=\"width: 144.281px; height: 47px;\"><a href=\"mailto:e3001310@xtec.cat\">e3001310@xtec.cat<\/a><\/td>\n<\/tr>\n<tr style=\"height: 32px;\">\n<td style=\"width: 81.7917px; height: 32px;\">43005455<\/td>\n<td style=\"width: 105.594px; height: 32px;\">ESC PIUS XII<\/td>\n<td style=\"width: 142px; height: 32px;\">Ctra. al Masroig, S\/N<\/td>\n<td style=\"width: 65px; height: 32px;\">43736<\/td>\n<td style=\"width: 118.312px; height: 32px;\">MOLAR, EL<\/td>\n<td style=\"width: 104px; height: 32px;\">977 82 54 72<\/td>\n<td style=\"width: 144.281px; height: 32px;\"><a href=\"mailto:e3005455@xtec.cat\">e3005455@xtec.cat<\/a><\/td>\n<\/tr>\n<tr style=\"height: 47px;\">\n<td style=\"width: 81.7917px; height: 47px;\">43010839<\/td>\n<td style=\"width: 105.594px; height: 47px;\">ESC SERRA MAJOR<\/td>\n<td style=\"width: 142px; height: 47px;\">Ctra. de GRATALLOPS S\/n<\/td>\n<td style=\"width: 65px; height: 47px;\">43374<\/td>\n<td style=\"width: 118.312px; height: 47px;\">VILELLA BAIXA, LA<\/td>\n<td style=\"width: 104px; height: 47px;\">977 83 90 25<\/td>\n<td style=\"width: 144.281px; height: 47px;\"><a href=\"mailto:e3010839@xtec.cat\">e3010839@xtec.cat<\/a><\/td>\n<\/tr>\n<tr style=\"height: 32px;\">\n<td style=\"width: 772.979px; height: 32px;\" colspan=\"7\"><a href=\"https:\/\/agora.xtec.cat\/zerlesvinyes\/zer\/\"><strong>ZER LES VINYES<\/strong><\/a><\/td>\n<\/tr>\n<tr style=\"height: 47px;\">\n<td style=\"width: 81.7917px; height: 47px;\">43000792<\/td>\n<td style=\"width: 105.594px; height: 47px;\"><a href=\"https:\/\/agora.xtec.cat\/zerlesvinyes\/sant-isidre\/\">ESC SANT ISIDRE<\/a><\/td>\n<td style=\"width: 142px; height: 47px;\">PL. CARRASCLET, 35<\/td>\n<td style=\"width: 65px; height: 47px;\">43776<\/td>\n<td style=\"width: 118.312px; height: 47px;\">CAP\u00c7ANES<\/td>\n<td style=\"width: 104px; height: 47px;\">977 17 83 17<\/td>\n<td style=\"width: 144.281px; height: 47px;\"><a href=\"mailto:e3000792@xtec.cat\">e3000792@xtec.cat<\/a><\/td>\n<\/tr>\n<tr style=\"height: 47px;\">\n<td style=\"width: 81.7917px; height: 47px;\">43001334<\/td>\n<td style=\"width: 105.594px; height: 47px;\"><a href=\"https:\/\/agora.xtec.cat\/zerlesvinyes\/sant-feliu\/\">ESC SANT FELIU<\/a><\/td>\n<td style=\"width: 142px; height: 47px;\">CARRETERA, S\/N<\/td>\n<td style=\"width: 65px; height: 47px;\">43777<\/td>\n<td style=\"width: 118.312px; height: 47px;\">GUIAMETS, ELS<\/td>\n<td style=\"width: 104px; height: 47px;\">977 41 30 37<\/td>\n<td style=\"width: 144.281px; height: 47px;\"><a href=\"mailto:e3001334@xtec.cat\">e3001334@xtec.cat<\/a><\/td>\n<\/tr>\n<tr style=\"height: 47px;\">\n<td style=\"width: 81.7917px; height: 47px;\">43001383<\/td>\n<td style=\"width: 105.594px; height: 47px;\"><a href=\"https:\/\/agora.xtec.cat\/zerlesvinyes\/anicet-villar\/\">ESC\u00a0 ANICET VILLAR<\/a><\/td>\n<td style=\"width: 142px; height: 47px;\">BAIXADA DE LA FONT,14<\/td>\n<td style=\"width: 65px; height: 47px;\">43775<\/td>\n<td style=\"width: 118.312px; height: 47px;\">MAR\u00c7\u00c0<\/td>\n<td style=\"width: 104px; height: 47px;\">977 17 82 16<\/td>\n<td style=\"width: 144.281px; height: 47px;\"><a href=\"mailto:e3001383@xtec.cat\">e3001383@xtec.cat<\/a><\/td>\n<\/tr>\n<tr style=\"height: 47px;\">\n<td style=\"width: 81.7917px; height: 47px;\">43005510<\/td>\n<td style=\"width: 105.594px; height: 47px;\"><a href=\"https:\/\/agora.xtec.cat\/zerlesvinyes\/josep-riba\/\">ESC JOSEP RIBA\u00a0<\/a><\/td>\n<td style=\"width: 142px; height: 47px;\">C\/MAJOR<\/td>\n<td style=\"width: 65px; height: 47px;\">43746<\/td>\n<td style=\"width: 118.312px; height: 47px;\">SERRA D&#8217; ALMOS, LA<\/td>\n<td style=\"width: 104px; height: 47px;\">977 41 74 00<\/td>\n<td style=\"width: 144.281px; height: 47px;\"><a href=\"mailto:e3003835@xtec.cat\">e3003835@xtec.cat<\/a><\/td>\n<\/tr>\n<tr style=\"height: 32px;\">\n<td style=\"width: 772.979px; height: 32px;\" colspan=\"7\"><a href=\"https:\/\/agora.xtec.cat\/zermontsant\/\"><strong>ZER MONTSANT<\/strong><\/a><\/td>\n<\/tr>\n<tr style=\"height: 47px;\">\n<td style=\"width: 81.7917px; height: 47px;\">43005339<\/td>\n<td style=\"width: 105.594px; height: 47px;\">ESC MONTSANT<\/td>\n<td style=\"width: 142px; height: 47px;\">C. LA PALMA, 31 B<\/td>\n<td style=\"width: 65px; height: 47px;\">43372<\/td>\n<td style=\"width: 118.312px; height: 47px;\">BISBAL DE FALSET, LA<\/td>\n<td style=\"width: 104px; height: 47px;\">977 81 92 43<\/td>\n<td style=\"width: 144.281px; height: 47px;\"><a href=\"mailto:e3005339@xtec.cat\">e3005339@xtec.cat<\/a><\/td>\n<\/tr>\n<tr style=\"height: 47px;\">\n<td style=\"width: 81.7917px; height: 47px;\">43000676<\/td>\n<td style=\"width: 105.594px; height: 47px;\"><a href=\"https:\/\/agora.xtec.cat\/ceipelcastell\/\">ESC EL CASTELL<\/a><\/td>\n<td style=\"width: 142px; height: 47px;\">C\/ MAJOR,78<\/td>\n<td style=\"width: 65px; height: 47px;\">43373<\/td>\n<td style=\"width: 118.312px; height: 47px;\">CABAC\u00c9S<\/td>\n<td style=\"width: 104px; height: 47px;\">977 83 94 57<\/td>\n<td style=\"width: 144.281px; height: 47px;\"><a href=\"mailto:e3000676@xtec.cat\">e3000676@xtec.cat<\/a><\/td>\n<\/tr>\n<tr style=\"height: 32px;\">\n<td style=\"width: 772.979px; height: 32px;\" colspan=\"7\"><a href=\"https:\/\/agora.xtec.cat\/zermsp\/\"><strong>ZER MONTSANT- SERRA DE PRADES<\/strong><\/a><\/td>\n<\/tr>\n<tr style=\"height: 32px;\">\n<td style=\"width: 81.7917px; height: 32px;\">43002053<\/td>\n<td style=\"width: 105.594px; height: 32px;\"><a href=\"https:\/\/agora.xtec.cat\/ceip-garbi-poboleda\/\">ESC GARB\u00cd<\/a><\/td>\n<td style=\"width: 142px; height: 32px;\">C\/ NOU, 97 BAIX<\/td>\n<td style=\"width: 65px; height: 32px;\">43376<\/td>\n<td style=\"width: 118.312px; height: 32px;\">POBOLEDA<\/td>\n<td style=\"width: 104px; height: 32px;\">977 82 71 27<\/td>\n<td style=\"width: 144.281px; height: 32px;\"><a href=\"mailto:e3002053@xtec.cat\">e3002053@xtec.cat<\/a><\/td>\n<\/tr>\n<tr style=\"height: 47px;\">\n<td style=\"width: 81.7917px; height: 47px;\">43005510<\/td>\n<td style=\"width: 105.594px; height: 47px;\"><a href=\"https:\/\/agora.xtec.cat\/escolaserradeprades\/\">ESC SERRA DE PRADES<\/a><\/td>\n<td style=\"width: 142px; height: 47px;\">C. DE LA MURALLA S\/N<\/td>\n<td style=\"width: 65px; height: 47px;\">43364<\/td>\n<td style=\"width: 118.312px; height: 47px;\">PRADES<\/td>\n<td style=\"width: 104px; height: 47px;\">977 86 80 11<\/td>\n<td style=\"width: 144.281px; height: 47px;\"><a href=\"mailto:e3005510@xtec.cat\">e3005510@xtec.cat<\/a><\/td>\n<\/tr>\n<tr style=\"height: 47px;\">\n<td style=\"width: 81.7917px; height: 47px;\">43004487<\/td>\n<td style=\"width: 105.594px; height: 47px;\"><a href=\"https:\/\/agora.xtec.cat\/escolamontsant\/\">ESC MONTSANT<\/a><\/td>\n<td style=\"width: 142px; height: 47px;\">C\/ VERGE DE MONTSERRAT, 2<\/td>\n<td style=\"width: 65px; height: 47px;\">43363<\/td>\n<td style=\"width: 118.312px; height: 47px;\">ULLDEMOLINS<\/td>\n<td style=\"width: 104px; height: 47px;\">977 56 16 80<\/td>\n<td style=\"width: 144.281px; height: 47px;\"><a href=\"mailto:e3004487@xtec.cat\">e3004487@xtec.cat<\/a><\/td>\n<\/tr>\n<tr style=\"height: 32px;\">\n<td style=\"width: 772.979px; height: 32px;\" colspan=\"7\"><strong>ESCOLA<\/strong><\/td>\n<\/tr>\n<tr style=\"height: 47px;\">\n<td style=\"width: 81.7917px; height: 47px;\">43001051<\/td>\n<td style=\"width: 105.594px; height: 47px;\"><a href=\"https:\/\/escola-antoni-vilanova.jimdo.com\/\">ESC ANTONI VILANOVA<\/a><\/td>\n<td style=\"width: 142px; height: 47px;\">AV. REUS, 2<\/td>\n<td style=\"width: 65px; height: 47px;\">43730<\/td>\n<td style=\"width: 118.312px; height: 47px;\">FALSET<\/td>\n<td style=\"width: 104px; height: 47px;\">977 83 12 47<\/td>\n<td style=\"width: 144.281px; height: 47px;\"><a href=\"mailto:e3001051@xtec.cat\">e3001051@xtec.cat<\/a><\/td>\n<\/tr>\n<tr style=\"height: 50px;\">\n<td style=\"width: 772.979px; height: 50px;\" colspan=\"7\">\n<h5><span style=\"color: #ff9900;\"><strong>EDUCACI\u00d3 INFANTIL, PRIM\u00c0RIA I <\/strong><\/span><span style=\"color: #ff9900;\"><strong>SECUND\u00c0RIA<\/strong><\/span><\/h5>\n<\/td>\n<\/tr>\n<tr style=\"height: 32px;\">\n<td style=\"height: 32px; width: 772.979px;\" colspan=\"7\"><strong>INSTITUT ESCOLA<\/strong><\/td>\n<\/tr>\n<tr style=\"height: 62px;\">\n<td style=\"width: 81.7917px; height: 62px;\">43013087<\/td>\n<td style=\"width: 105.594px; height: 62px;\"><a href=\"https:\/\/agora.xtec.cat\/iemontsant\/\">INS ESC CORBATERA<\/a><\/td>\n<td style=\"width: 142px; height: 62px;\">C\/ COMTE RIUS S\/N<\/td>\n<td style=\"width: 65px; height: 62px;\">43360<\/td>\n<td style=\"width: 118.312px; height: 62px;\">CORNUDELLA DE MONTSANT<\/td>\n<td style=\"width: 104px; height: 62px;\">977 82 10 50<\/td>\n<td style=\"width: 144.281px; height: 62px;\"><a href=\"mailto:bustia@ins-larany.cat\">e3013087@xtec.cat<\/a><\/td>\n<\/tr>\n<tr style=\"height: 50px;\">\n<td style=\"width: 772.979px; height: 50px;\" colspan=\"7\">\n<h5><span style=\"color: #ff9900;\"><strong>EDUCACI\u00d3 SECUND\u00c0RIA<\/strong><\/span><\/h5>\n<\/td>\n<\/tr>\n<tr style=\"height: 47px;\">\n<td style=\"width: 81.7917px; height: 47px;\">43006691<\/td>\n<td style=\"width: 105.594px; height: 47px;\"><a href=\"https:\/\/agora.xtec.cat\/iespriorat\/\">INS PRIORAT<\/a><\/td>\n<td style=\"width: 142px; height: 47px;\">CRTA. DE PORRERA,S\/N<\/td>\n<td style=\"width: 65px; height: 47px;\">43730<\/td>\n<td style=\"width: 118.312px; height: 47px;\">FALSET<\/td>\n<td style=\"width: 104px; height: 47px;\">977 83 03 38<\/td>\n<td style=\"width: 144.281px; height: 47px;\"><a href=\"mailto:e3006691@xtec.cat\">e3006691@xtec.cat<\/a><\/td>\n<\/tr>\n<\/tbody>\n<\/table>\n<p style=\"text-align: justify;\">\n","protected":false},"excerpt":{"rendered":"<p>CENTRES EDUCATIUS DE L&#8217;\u00c0MBIT D&#8217;ACTUACI\u00d3 DEL SERVEI EDUCATIU DEL PRIORAT\u00a0\u00a0 CODI CENTRE CENTRE ADRE\u00c7A C.P. POBLACI\u00d3 TEL\u00c8FON CORREU ELECTR\u00d2NIC LLAR D&#8217;INFANTS 43012502 LLAR D&#8217;INFANTS MUNICIPAL EL PATUFET C\/ COMTE DE RIUS, 10 43360 CORNUDELLA 661 35 14 85 e3012502@xtec.cat 43007555 LLAR D&#8217; INFANTS MUNICIPAL L&#8217;ESP\u00cdGOL C\/ DE LES FORQUES, S\/N 43730 FALSET 636 23 13 [&hellip;]<\/p>\n","protected":false},"author":1,"featured_media":0,"parent":341,"menu_order":10,"comment_status":"closed","ping_status":"closed","template":"","meta":{"_bbp_topic_count":0,"_bbp_reply_count":0,"_bbp_total_topic_count":0,"_bbp_total_reply_count":0,"_bbp_voice_count":0,"_bbp_anonymous_reply_count":0,"_bbp_topic_count_hidden":0,"_bbp_reply_count_hidden":0,"_bbp_forum_subforum_count":0,"site-sidebar-layout":"default","site-content-layout":"","ast-site-content-layout":"full-width-container","site-content-style":"default","site-sidebar-style":"default","ast-global-header-display":"","ast-banner-title-visibility":"","ast-main-header-display":"","ast-hfb-above-header-display":"","ast-hfb-below-header-display":"","ast-hfb-mobile-header-display":"","site-post-title":"","ast-breadcrumbs-content":"","ast-featured-img":"","footer-sml-layout":"","theme-transparent-header-meta":"default","adv-header-id-meta":"","stick-header-meta":"","header-above-stick-meta":"","header-main-stick-meta":"","header-below-stick-meta":"","astra-migrate-meta-layouts":"set","ast-page-background-enabled":"default","ast-page-background-meta":{"desktop":{"background-color":"var(--ast-global-color-4)","background-image":"","background-repeat":"repeat","background-position":"center center","background-size":"auto","background-attachment":"scroll","background-type":"","background-media":"","overlay-type":"","overlay-color":"","overlay-opacity":"","overlay-gradient":""},"tablet":{"background-color":"","background-image":"","background-repeat":"repeat","background-position":"center center","background-size":"auto","background-attachment":"scroll","background-type":"","background-media":"","overlay-type":"","overlay-color":"","overlay-opacity":"","overlay-gradient":""},"mobile":{"background-color":"","background-image":"","background-repeat":"repeat","background-position":"center center","background-size":"auto","background-attachment":"scroll","background-type":"","background-media":"","overlay-type":"","overlay-color":"","overlay-opacity":"","overlay-gradient":""}},"ast-content-background-meta":{"desktop":{"background-color":"var(--ast-global-color-5)","background-image":"","background-repeat":"repeat","background-position":"center center","background-size":"auto","background-attachment":"scroll","background-type":"","background-media":"","overlay-type":"","overlay-color":"","overlay-opacity":"","overlay-gradient":""},"tablet":{"background-color":"var(--ast-global-color-5)","background-image":"","background-repeat":"repeat","background-position":"center center","background-size":"auto","background-attachment":"scroll","background-type":"","background-media":"","overlay-type":"","overlay-color":"","overlay-opacity":"","overlay-gradient":""},"mobile":{"background-color":"var(--ast-global-color-5)","background-image":"","background-repeat":"repeat","background-position":"center center","background-size":"auto","background-attachment":"scroll","background-type":"","background-media":"","overlay-type":"","overlay-color":"","overlay-opacity":"","overlay-gradient":""}},"footnotes":""},"class_list":["post-338","page","type-page","status-publish","hentry"],"post_mailing_queue_ids":[],"_links":{"self":[{"href":"https:\/\/serveiseducatius.xtec.cat\/priorat\/wp-json\/wp\/v2\/pages\/338","targetHints":{"allow":["GET"]}}],"collection":[{"href":"https:\/\/serveiseducatius.xtec.cat\/priorat\/wp-json\/wp\/v2\/pages"}],"about":[{"href":"https:\/\/serveiseducatius.xtec.cat\/priorat\/wp-json\/wp\/v2\/types\/page"}],"author":[{"embeddable":true,"href":"https:\/\/serveiseducatius.xtec.cat\/priorat\/wp-json\/wp\/v2\/users\/1"}],"replies":[{"embeddable":true,"href":"https:\/\/serveiseducatius.xtec.cat\/priorat\/wp-json\/wp\/v2\/comments?post=338"}],"version-history":[{"count":7,"href":"https:\/\/serveiseducatius.xtec.cat\/priorat\/wp-json\/wp\/v2\/pages\/338\/revisions"}],"predecessor-version":[{"id":9053,"href":"https:\/\/serveiseducatius.xtec.cat\/priorat\/wp-json\/wp\/v2\/pages\/338\/revisions\/9053"}],"up":[{"embeddable":true,"href":"https:\/\/serveiseducatius.xtec.cat\/priorat\/wp-json\/wp\/v2\/pages\/341"}],"wp:attachment":[{"href":"https:\/\/serveiseducatius.xtec.cat\/priorat\/wp-json\/wp\/v2\/media?parent=338"}],"curies":[{"name":"wp","href":"https:\/\/api.w.org\/{rel}","templated":true}]}}