{"id":1314,"date":"2016-03-15T10:23:40","date_gmt":"2016-03-15T09:23:40","guid":{"rendered":"http:\/\/serveiseducatius.xtec.cat\/priorat\/?page_id=1314"},"modified":"2022-11-11T10:08:27","modified_gmt":"2022-11-11T09:08:27","slug":"calendari-pfz","status":"publish","type":"page","link":"https:\/\/serveiseducatius.xtec.cat\/priorat\/formacio\/calendari-pfz\/","title":{"rendered":"Calendari PFZ El Priorat"},"content":{"rendered":"<p>Detecci\u00f3 de necessitats Formatives: mar\u00e7- abril<\/p>\n<p>Reuni\u00f3 de la Comissi\u00f3 del PFZ del Priorat per aprovar les activitats de formaci\u00f3: Maig<\/p>\n<p>Aprovaci\u00f3 de les activitats proposades per la comissi\u00f3 del PFZ del Priorat: Juny-Juliol<\/p>\n<p>Publicaci\u00f3 a l&#8217;XTEC de les activitats: Agost<\/p>\n<p>Inscripci\u00f3:<\/p>\n<table class=\"taula_base table\" style=\"width: 50.2048%; height: 133px;\" summary=\"Calendari d'inscripci\u00f3 a la formaci\u00f3\">\n<thead>\n<tr style=\"height: 57px;\">\n<th style=\"width: 23.3333%; height: 57px;\" scope=\"col\">Per\u00edodes d&#8217;inscripci\u00f3<\/th>\n<th style=\"width: 25.2174%; height: 57px;\" scope=\"col\">Sol\u00b7licitud de pla\u00e7a<\/th>\n<th style=\"width: 25.3623%; height: 57px;\" scope=\"col\">Consulta d\u2019adjudicacions<\/th>\n<th style=\"width: 24.2029%; height: 57px;\" scope=\"col\">Inici de les activitats<\/th>\n<\/tr>\n<\/thead>\n<tbody>\n<tr style=\"height: 33px;\">\n<th style=\"width: 23.3333%; height: 33px;\" scope=\"row\">Primer torn<\/th>\n<td style=\"width: 25.2174%; height: 33px;\">2a quinzena de setembre<\/td>\n<td style=\"width: 25.3623%; height: 33px;\">1a quinzena d&#8217;octubre<\/td>\n<td style=\"width: 24.2029%; height: 33px;\">2a quinzena d&#8217;octubre<\/td>\n<\/tr>\n<tr style=\"height: 33px;\">\n<th style=\"width: 23.3333%; height: 33px;\" scope=\"row\">Segon torn<\/th>\n<td style=\"width: 25.2174%; height: 33px;\">1a quinzena de gener<\/td>\n<td style=\"width: 25.3623%; height: 33px;\">2a quinzena de gener<\/td>\n<td style=\"width: 24.2029%; height: 33px;\">1a quinzena de febrer<\/td>\n<\/tr>\n<tr>\n<th style=\"width: 23.3333%;\">Singular<\/th>\n<td style=\"width: 25.2174%;\" colspan=\"3\">Excepcionalment es poden obrir per\u00edodes d&#8217;inscripci\u00f3 diferents als estipulats.<\/td>\n<\/tr>\n<\/tbody>\n<\/table>\n","protected":false},"excerpt":{"rendered":"<p>Detecci\u00f3 de necessitats Formatives: mar\u00e7- abril Reuni\u00f3 de la Comissi\u00f3 del PFZ del Priorat per aprovar les activitats de formaci\u00f3: Maig Aprovaci\u00f3 de les activitats proposades per la comissi\u00f3 del PFZ del Priorat: Juny-Juliol Publicaci\u00f3 a l&#8217;XTEC de les activitats: Agost Inscripci\u00f3: Per\u00edodes d&#8217;inscripci\u00f3 Sol\u00b7licitud de pla\u00e7a Consulta d\u2019adjudicacions Inici de les activitats Primer torn [&hellip;]<\/p>\n","protected":false},"author":1,"featured_media":0,"parent":416,"menu_order":0,"comment_status":"closed","ping_status":"closed","template":"","meta":{"_bbp_topic_count":0,"_bbp_reply_count":0,"_bbp_total_topic_count":0,"_bbp_total_reply_count":0,"_bbp_voice_count":0,"_bbp_anonymous_reply_count":0,"_bbp_topic_count_hidden":0,"_bbp_reply_count_hidden":0,"_bbp_forum_subforum_count":0,"site-sidebar-layout":"default","site-content-layout":"","ast-site-content-layout":"","site-content-style":"default","site-sidebar-style":"default","ast-global-header-display":"","ast-banner-title-visibility":"","ast-main-header-display":"","ast-hfb-above-header-display":"","ast-hfb-below-header-display":"","ast-hfb-mobile-header-display":"","site-post-title":"","ast-breadcrumbs-content":"","ast-featured-img":"","footer-sml-layout":"","theme-transparent-header-meta":"","adv-header-id-meta":"","stick-header-meta":"","header-above-stick-meta":"","header-main-stick-meta":"","header-below-stick-meta":"","astra-migrate-meta-layouts":"default","ast-page-background-enabled":"default","ast-page-background-meta":{"desktop":{"background-color":"var(--ast-global-color-4)","background-image":"","background-repeat":"repeat","background-position":"center center","background-size":"auto","background-attachment":"scroll","background-type":"","background-media":"","overlay-type":"","overlay-color":"","overlay-opacity":"","overlay-gradient":""},"tablet":{"background-color":"","background-image":"","background-repeat":"repeat","background-position":"center center","background-size":"auto","background-attachment":"scroll","background-type":"","background-media":"","overlay-type":"","overlay-color":"","overlay-opacity":"","overlay-gradient":""},"mobile":{"background-color":"","background-image":"","background-repeat":"repeat","background-position":"center center","background-size":"auto","background-attachment":"scroll","background-type":"","background-media":"","overlay-type":"","overlay-color":"","overlay-opacity":"","overlay-gradient":""}},"ast-content-background-meta":{"desktop":{"background-color":"var(--ast-global-color-5)","background-image":"","background-repeat":"repeat","background-position":"center center","background-size":"auto","background-attachment":"scroll","background-type":"","background-media":"","overlay-type":"","overlay-color":"","overlay-opacity":"","overlay-gradient":""},"tablet":{"background-color":"var(--ast-global-color-5)","background-image":"","background-repeat":"repeat","background-position":"center center","background-size":"auto","background-attachment":"scroll","background-type":"","background-media":"","overlay-type":"","overlay-color":"","overlay-opacity":"","overlay-gradient":""},"mobile":{"background-color":"var(--ast-global-color-5)","background-image":"","background-repeat":"repeat","background-position":"center center","background-size":"auto","background-attachment":"scroll","background-type":"","background-media":"","overlay-type":"","overlay-color":"","overlay-opacity":"","overlay-gradient":""}},"footnotes":""},"class_list":["post-1314","page","type-page","status-publish","hentry"],"post_mailing_queue_ids":[],"_links":{"self":[{"href":"https:\/\/serveiseducatius.xtec.cat\/priorat\/wp-json\/wp\/v2\/pages\/1314","targetHints":{"allow":["GET"]}}],"collection":[{"href":"https:\/\/serveiseducatius.xtec.cat\/priorat\/wp-json\/wp\/v2\/pages"}],"about":[{"href":"https:\/\/serveiseducatius.xtec.cat\/priorat\/wp-json\/wp\/v2\/types\/page"}],"author":[{"embeddable":true,"href":"https:\/\/serveiseducatius.xtec.cat\/priorat\/wp-json\/wp\/v2\/users\/1"}],"replies":[{"embeddable":true,"href":"https:\/\/serveiseducatius.xtec.cat\/priorat\/wp-json\/wp\/v2\/comments?post=1314"}],"version-history":[{"count":3,"href":"https:\/\/serveiseducatius.xtec.cat\/priorat\/wp-json\/wp\/v2\/pages\/1314\/revisions"}],"predecessor-version":[{"id":8436,"href":"https:\/\/serveiseducatius.xtec.cat\/priorat\/wp-json\/wp\/v2\/pages\/1314\/revisions\/8436"}],"up":[{"embeddable":true,"href":"https:\/\/serveiseducatius.xtec.cat\/priorat\/wp-json\/wp\/v2\/pages\/416"}],"wp:attachment":[{"href":"https:\/\/serveiseducatius.xtec.cat\/priorat\/wp-json\/wp\/v2\/media?parent=1314"}],"curies":[{"name":"wp","href":"https:\/\/api.w.org\/{rel}","templated":true}]}}