{"id":9370,"date":"2018-11-20T15:59:15","date_gmt":"2018-11-20T14:59:15","guid":{"rendered":"http:\/\/serveiseducatius.xtec.cat\/pladurgell\/?page_id=9370"},"modified":"2021-11-08T17:16:12","modified_gmt":"2021-11-08T16:16:12","slug":"entorn-i-cultura-patrimoni","status":"publish","type":"page","link":"https:\/\/serveiseducatius.xtec.cat\/pladurgell\/entorn-i-cultura-patrimoni\/","title":{"rendered":"Pla Educatiu d&#8217;Entorn- Patrimoni"},"content":{"rendered":"<p>Un dels objectius de la Comissi\u00f3 d&#8217;Entorn i Cultura, del Pla Educatiu d&#8217;Entorn de Mollerussa, \u00e9s vetllar pel coneixement i respecte dels elements patrimonials materials i immaterials per part de tota la comunitat educativa de la ciutat. De tots ells, se n&#8217;ha fet una selecci\u00f3 de deu per tal d&#8217;endegar el treball des dels centres educatius, de ben segur ja iniciat en projectes propis .<\/p>\n<p>Aquests elements s&#8217;han documentat de manera individual en un format de fitxa per tal de facilitar la tasca de cerca d&#8217;informaci\u00f3 a docents i alumnat. Actualment n&#8217;hi ha cinc de documentats a l&#8217;espera de completar la resta .<a href=\"https:\/\/serveiseducatius.xtec.cat\/pladurgell\/general\/tallers-de-patrimoni-del-pla-educatiu-dentorn-de-mollerussa\/\"> Llegir m\u00e9s<\/a>.<\/p>\n<p>Per donar suport a la proposta, durant el curs 2018-2019, en col\u00b7laboraci\u00f3 amb Sola\u00e7, es promouen tallers art\u00edstics que les escoles podran sol\u00b7licitar, sense cost, amb el grup classe que determinin.<\/p>\n<p>Podeu consultar les fitxes informatives de cada element patrimonial clicant damunt de les imatges.<\/p>\n<table style=\"height: 589px; width: 90.2833%; border-collapse: collapse; border-style: hidden;\" border=\"1\">\n<tbody>\n<tr style=\"height: 444px;\">\n<td style=\"width: 19.94%; height: 444px; border-style: hidden;\">&nbsp;<\/p>\n<p>&nbsp;<\/p>\n<p>&nbsp;<\/p>\n<p>&nbsp;<\/p>\n<p><a href=\"https:\/\/drive.google.com\/file\/d\/1OzshFNzPbhEvocbkyahF-TwtZD0tWkNU\/view\"><img loading=\"lazy\" decoding=\"async\" class=\"wp-image-9377 aligncenter\" src=\"https:\/\/serveiseducatius.xtec.cat\/pladurgell\/wp-content\/uploads\/usu1141\/2018\/11\/firaSJ_redu\u00eft-724x1024.jpg\" alt=\"\" width=\"236\" height=\"334\" srcset=\"https:\/\/serveiseducatius.xtec.cat\/pladurgell\/wp-content\/uploads\/usu1141\/2018\/11\/firaSJ_redu\u00eft-724x1024.jpg 724w, https:\/\/serveiseducatius.xtec.cat\/pladurgell\/wp-content\/uploads\/usu1141\/2018\/11\/firaSJ_redu\u00eft-212x300.jpg 212w, https:\/\/serveiseducatius.xtec.cat\/pladurgell\/wp-content\/uploads\/usu1141\/2018\/11\/firaSJ_redu\u00eft-768x1086.jpg 768w\" sizes=\"auto, (max-width: 236px) 100vw, 236px\" \/><\/a><\/p>\n<p>&nbsp;<\/p>\n<p>&nbsp;<\/p>\n<p>&nbsp;<\/td>\n<td style=\"width: 20.015%; height: 444px; border-style: hidden;\"><a href=\"https:\/\/drive.google.com\/file\/d\/1hp-76jkfU28MAFFY_OSrR96QnEvCEEdY\/view\"><img loading=\"lazy\" decoding=\"async\" class=\"wp-image-9374 aligncenter\" src=\"https:\/\/serveiseducatius.xtec.cat\/pladurgell\/wp-content\/uploads\/usu1141\/2018\/11\/portada_ajuntament-reduit-724x1024.jpg\" alt=\"\" width=\"241\" height=\"340\" srcset=\"https:\/\/serveiseducatius.xtec.cat\/pladurgell\/wp-content\/uploads\/usu1141\/2018\/11\/portada_ajuntament-reduit-724x1024.jpg 724w, https:\/\/serveiseducatius.xtec.cat\/pladurgell\/wp-content\/uploads\/usu1141\/2018\/11\/portada_ajuntament-reduit-212x300.jpg 212w, https:\/\/serveiseducatius.xtec.cat\/pladurgell\/wp-content\/uploads\/usu1141\/2018\/11\/portada_ajuntament-reduit-768x1086.jpg 768w\" sizes=\"auto, (max-width: 241px) 100vw, 241px\" \/><\/a><\/td>\n<td style=\"width: 20.015%; height: 444px; border-style: hidden;\">&nbsp;<\/p>\n<p><a href=\"https:\/\/drive.google.com\/file\/d\/1TXoH2j2Mu8qqx1_4tX7iY_b0r5BamFCw\/view\"><img loading=\"lazy\" decoding=\"async\" class=\"wp-image-9376 aligncenter\" src=\"https:\/\/serveiseducatius.xtec.cat\/pladurgell\/wp-content\/uploads\/usu1141\/2018\/11\/portada_arxiu_redu\u00eft-724x1024.jpg\" alt=\"\" width=\"238\" height=\"336\" srcset=\"https:\/\/serveiseducatius.xtec.cat\/pladurgell\/wp-content\/uploads\/usu1141\/2018\/11\/portada_arxiu_redu\u00eft-724x1024.jpg 724w, https:\/\/serveiseducatius.xtec.cat\/pladurgell\/wp-content\/uploads\/usu1141\/2018\/11\/portada_arxiu_redu\u00eft-212x300.jpg 212w, https:\/\/serveiseducatius.xtec.cat\/pladurgell\/wp-content\/uploads\/usu1141\/2018\/11\/portada_arxiu_redu\u00eft-768x1086.jpg 768w\" sizes=\"auto, (max-width: 238px) 100vw, 238px\" \/><\/a><\/td>\n<td style=\"width: 20.015%; height: 444px; border-style: hidden;\"><a href=\"https:\/\/drive.google.com\/file\/d\/1R0jjxWbyJ1xK67lOynr2QGU1YCsZGV0a\/view\"><img loading=\"lazy\" decoding=\"async\" class=\"alignnone wp-image-9378\" src=\"https:\/\/serveiseducatius.xtec.cat\/pladurgell\/wp-content\/uploads\/usu1141\/2018\/11\/ECCU_redu\u00eft-724x1024.jpg\" alt=\"\" width=\"235\" height=\"333\" srcset=\"https:\/\/serveiseducatius.xtec.cat\/pladurgell\/wp-content\/uploads\/usu1141\/2018\/11\/ECCU_redu\u00eft-724x1024.jpg 724w, https:\/\/serveiseducatius.xtec.cat\/pladurgell\/wp-content\/uploads\/usu1141\/2018\/11\/ECCU_redu\u00eft-212x300.jpg 212w, https:\/\/serveiseducatius.xtec.cat\/pladurgell\/wp-content\/uploads\/usu1141\/2018\/11\/ECCU_redu\u00eft-768x1086.jpg 768w\" sizes=\"auto, (max-width: 235px) 100vw, 235px\" \/><\/a><\/td>\n<td style=\"width: 20.015%; height: 444px;\">\u00a0<a href=\"https:\/\/drive.google.com\/file\/d\/1Vnnh-SAx3QHyftcuj3yj7XyPhm3rMa-v\/view\"><img loading=\"lazy\" decoding=\"async\" class=\"alignnone wp-image-9379\" src=\"https:\/\/serveiseducatius.xtec.cat\/pladurgell\/wp-content\/uploads\/usu1141\/2018\/11\/Museu_vestits_paper_redu\u00eft-724x1024.jpg\" alt=\"\" width=\"215\" height=\"304\" srcset=\"https:\/\/serveiseducatius.xtec.cat\/pladurgell\/wp-content\/uploads\/usu1141\/2018\/11\/Museu_vestits_paper_redu\u00eft-724x1024.jpg 724w, https:\/\/serveiseducatius.xtec.cat\/pladurgell\/wp-content\/uploads\/usu1141\/2018\/11\/Museu_vestits_paper_redu\u00eft-212x300.jpg 212w, https:\/\/serveiseducatius.xtec.cat\/pladurgell\/wp-content\/uploads\/usu1141\/2018\/11\/Museu_vestits_paper_redu\u00eft-768x1086.jpg 768w\" sizes=\"auto, (max-width: 215px) 100vw, 215px\" \/><\/a><\/td>\n<\/tr>\n<tr>\n<td style=\"width: 19.94%; border-style: hidden;\"><\/td>\n<td style=\"width: 20.015%; border-style: hidden;\"><\/td>\n<td style=\"width: 20.015%; border-style: hidden;\"><\/td>\n<td style=\"width: 20.015%; border-style: hidden;\"><\/td>\n<td style=\"width: 20.015%;\"><\/td>\n<\/tr>\n<\/tbody>\n<\/table>\n<p><a href=\"https:\/\/drive.google.com\/file\/d\/1oRAAO0dgeKEjx-ViaZ1hCxhSsqb2VrR-\/view\"><img loading=\"lazy\" decoding=\"async\" class=\"alignnone wp-image-9733\" src=\"https:\/\/serveiseducatius.xtec.cat\/pladurgell\/wp-content\/uploads\/usu1141\/2019\/02\/niubo-724x1024.jpg\" alt=\"\" width=\"183\" height=\"258\" srcset=\"https:\/\/serveiseducatius.xtec.cat\/pladurgell\/wp-content\/uploads\/usu1141\/2019\/02\/niubo-724x1024.jpg 724w, https:\/\/serveiseducatius.xtec.cat\/pladurgell\/wp-content\/uploads\/usu1141\/2019\/02\/niubo-212x300.jpg 212w, https:\/\/serveiseducatius.xtec.cat\/pladurgell\/wp-content\/uploads\/usu1141\/2019\/02\/niubo-768x1086.jpg 768w\" sizes=\"auto, (max-width: 183px) 100vw, 183px\" \/>\u00a0\u00a0\u00a0\u00a0\u00a0\u00a0\u00a0<\/a><a href=\"https:\/\/drive.google.com\/file\/d\/1DvLKWfyFGcZLiPRq17ez_DdmGPYnPimP\/view\"><img loading=\"lazy\" decoding=\"async\" class=\"wp-image-9736 alignleft\" src=\"https:\/\/serveiseducatius.xtec.cat\/pladurgell\/wp-content\/uploads\/usu1141\/2019\/02\/isidori-724x1024.jpg\" alt=\"\" width=\"184\" height=\"260\" srcset=\"https:\/\/serveiseducatius.xtec.cat\/pladurgell\/wp-content\/uploads\/usu1141\/2019\/02\/isidori-724x1024.jpg 724w, https:\/\/serveiseducatius.xtec.cat\/pladurgell\/wp-content\/uploads\/usu1141\/2019\/02\/isidori-212x300.jpg 212w, https:\/\/serveiseducatius.xtec.cat\/pladurgell\/wp-content\/uploads\/usu1141\/2019\/02\/isidori-768x1086.jpg 768w\" sizes=\"auto, (max-width: 184px) 100vw, 184px\" \/><\/a><a href=\"https:\/\/drive.google.com\/file\/d\/1PN8UxSthJNXxfKam1CadVcZXL0Yt5cwz\/view\"><img loading=\"lazy\" decoding=\"async\" class=\"alignnone wp-image-9966\" src=\"https:\/\/serveiseducatius.xtec.cat\/pladurgell\/wp-content\/uploads\/usu1141\/2019\/05\/portada-laserra-724x1024.jpg\" alt=\"\" width=\"183\" height=\"259\" srcset=\"https:\/\/serveiseducatius.xtec.cat\/pladurgell\/wp-content\/uploads\/usu1141\/2019\/05\/portada-laserra-724x1024.jpg 724w, https:\/\/serveiseducatius.xtec.cat\/pladurgell\/wp-content\/uploads\/usu1141\/2019\/05\/portada-laserra-212x300.jpg 212w, https:\/\/serveiseducatius.xtec.cat\/pladurgell\/wp-content\/uploads\/usu1141\/2019\/05\/portada-laserra-768x1086.jpg 768w\" sizes=\"auto, (max-width: 183px) 100vw, 183px\" \/><\/a><a href=\"https:\/\/drive.google.com\/file\/d\/1wEwQ9QTE8_xL7Fon-n7Q_RD-lNYcc7nT\/view\"><img loading=\"lazy\" decoding=\"async\" class=\"wp-image-9968 alignleft\" src=\"https:\/\/serveiseducatius.xtec.cat\/pladurgell\/wp-content\/uploads\/usu1141\/2019\/05\/portada_mercat-724x1024.jpg\" alt=\"\" width=\"183\" height=\"260\" srcset=\"https:\/\/serveiseducatius.xtec.cat\/pladurgell\/wp-content\/uploads\/usu1141\/2019\/05\/portada_mercat-724x1024.jpg 724w, https:\/\/serveiseducatius.xtec.cat\/pladurgell\/wp-content\/uploads\/usu1141\/2019\/05\/portada_mercat-212x300.jpg 212w, https:\/\/serveiseducatius.xtec.cat\/pladurgell\/wp-content\/uploads\/usu1141\/2019\/05\/portada_mercat-768x1086.jpg 768w\" sizes=\"auto, (max-width: 183px) 100vw, 183px\" \/><\/a><a href=\"https:\/\/drive.google.com\/file\/d\/1T-4fDsO9ISnpqCOT8zxd5ezyQPoWJykq\/view\"><img loading=\"lazy\" decoding=\"async\" class=\"wp-image-9967 alignleft\" src=\"https:\/\/serveiseducatius.xtec.cat\/pladurgell\/wp-content\/uploads\/usu1141\/2019\/05\/Esgl\u00e9sia-724x1024.jpg\" alt=\"\" width=\"182\" height=\"257\" srcset=\"https:\/\/serveiseducatius.xtec.cat\/pladurgell\/wp-content\/uploads\/usu1141\/2019\/05\/Esgl\u00e9sia-724x1024.jpg 724w, https:\/\/serveiseducatius.xtec.cat\/pladurgell\/wp-content\/uploads\/usu1141\/2019\/05\/Esgl\u00e9sia-212x300.jpg 212w, https:\/\/serveiseducatius.xtec.cat\/pladurgell\/wp-content\/uploads\/usu1141\/2019\/05\/Esgl\u00e9sia-768x1086.jpg 768w\" sizes=\"auto, (max-width: 182px) 100vw, 182px\" \/><\/a><\/p>\n","protected":false},"excerpt":{"rendered":"<p>Un dels objectius de la Comissi\u00f3 d&#8217;Entorn i Cultura, del Pla Educatiu d&#8217;Entorn de Mollerussa, \u00e9s vetllar pel coneixement i [&hellip;]<\/p>\n","protected":false},"author":1,"featured_media":0,"parent":0,"menu_order":0,"comment_status":"closed","ping_status":"closed","template":"","meta":{"_bbp_topic_count":0,"_bbp_reply_count":0,"_bbp_total_topic_count":0,"_bbp_total_reply_count":0,"_bbp_voice_count":0,"_bbp_anonymous_reply_count":0,"_bbp_topic_count_hidden":0,"_bbp_reply_count_hidden":0,"_bbp_forum_subforum_count":0,"site-sidebar-layout":"default","site-content-layout":"","ast-site-content-layout":"","site-content-style":"default","site-sidebar-style":"default","ast-global-header-display":"","ast-banner-title-visibility":"","ast-main-header-display":"","ast-hfb-above-header-display":"","ast-hfb-below-header-display":"","ast-hfb-mobile-header-display":"","site-post-title":"","ast-breadcrumbs-content":"","ast-featured-img":"","footer-sml-layout":"","theme-transparent-header-meta":"","adv-header-id-meta":"","stick-header-meta":"","header-above-stick-meta":"","header-main-stick-meta":"","header-below-stick-meta":"","astra-migrate-meta-layouts":"default","ast-page-background-enabled":"default","ast-page-background-meta":{"desktop":{"background-color":"var(--ast-global-color-4)","background-image":"","background-repeat":"repeat","background-position":"center center","background-size":"auto","background-attachment":"scroll","background-type":"","background-media":"","overlay-type":"","overlay-color":"","overlay-opacity":"","overlay-gradient":""},"tablet":{"background-color":"","background-image":"","background-repeat":"repeat","background-position":"center center","background-size":"auto","background-attachment":"scroll","background-type":"","background-media":"","overlay-type":"","overlay-color":"","overlay-opacity":"","overlay-gradient":""},"mobile":{"background-color":"","background-image":"","background-repeat":"repeat","background-position":"center center","background-size":"auto","background-attachment":"scroll","background-type":"","background-media":"","overlay-type":"","overlay-color":"","overlay-opacity":"","overlay-gradient":""}},"ast-content-background-meta":{"desktop":{"background-color":"var(--ast-global-color-5)","background-image":"","background-repeat":"repeat","background-position":"center center","background-size":"auto","background-attachment":"scroll","background-type":"","background-media":"","overlay-type":"","overlay-color":"","overlay-opacity":"","overlay-gradient":""},"tablet":{"background-color":"var(--ast-global-color-5)","background-image":"","background-repeat":"repeat","background-position":"center center","background-size":"auto","background-attachment":"scroll","background-type":"","background-media":"","overlay-type":"","overlay-color":"","overlay-opacity":"","overlay-gradient":""},"mobile":{"background-color":"var(--ast-global-color-5)","background-image":"","background-repeat":"repeat","background-position":"center center","background-size":"auto","background-attachment":"scroll","background-type":"","background-media":"","overlay-type":"","overlay-color":"","overlay-opacity":"","overlay-gradient":""}},"footnotes":""},"class_list":["post-9370","page","type-page","status-publish","hentry"],"post_mailing_queue_ids":[],"_links":{"self":[{"href":"https:\/\/serveiseducatius.xtec.cat\/pladurgell\/wp-json\/wp\/v2\/pages\/9370","targetHints":{"allow":["GET"]}}],"collection":[{"href":"https:\/\/serveiseducatius.xtec.cat\/pladurgell\/wp-json\/wp\/v2\/pages"}],"about":[{"href":"https:\/\/serveiseducatius.xtec.cat\/pladurgell\/wp-json\/wp\/v2\/types\/page"}],"author":[{"embeddable":true,"href":"https:\/\/serveiseducatius.xtec.cat\/pladurgell\/wp-json\/wp\/v2\/users\/1"}],"replies":[{"embeddable":true,"href":"https:\/\/serveiseducatius.xtec.cat\/pladurgell\/wp-json\/wp\/v2\/comments?post=9370"}],"version-history":[{"count":4,"href":"https:\/\/serveiseducatius.xtec.cat\/pladurgell\/wp-json\/wp\/v2\/pages\/9370\/revisions"}],"predecessor-version":[{"id":14665,"href":"https:\/\/serveiseducatius.xtec.cat\/pladurgell\/wp-json\/wp\/v2\/pages\/9370\/revisions\/14665"}],"wp:attachment":[{"href":"https:\/\/serveiseducatius.xtec.cat\/pladurgell\/wp-json\/wp\/v2\/media?parent=9370"}],"curies":[{"name":"wp","href":"https:\/\/api.w.org\/{rel}","templated":true}]}}