{"id":8595,"date":"2018-01-24T11:21:44","date_gmt":"2018-01-24T10:21:44","guid":{"rendered":"http:\/\/serveiseducatius.xtec.cat\/pladurgell\/?page_id=8595"},"modified":"2025-03-24T12:15:45","modified_gmt":"2025-03-24T11:15:45","slug":"llengues-estrangeres","status":"publish","type":"page","link":"https:\/\/serveiseducatius.xtec.cat\/pladurgell\/programes\/projectes-educatius\/llengues-estrangeres\/","title":{"rendered":"Lleng\u00fces estrangeres"},"content":{"rendered":"<p>Per tal\u00a0que els centres educatius desenvolupin projectes ling\u00fc\u00edstics de\u00a0qualitat, \u00e9s essencial\u00a0aprofundir\u00a0en la formaci\u00f3 del professorat implicat en les accions educatives en lleng\u00fces estrangeres curriculars.<\/p>\n<p>El Departament d&#8217;Educaci\u00f3 promou un Pla d&#8217;Acci\u00f3 per al pluriling\u00fcisme efectiu de l\u2019alumnat mitjan\u00e7ant un conjunt de programes i projectes en diverses lleng\u00fces que inclouen diverses activitats de formaci\u00f3. Podeu consultar la informaci\u00f3 al seg\u00fcent <a href=\"https:\/\/projectes.xtec.cat\/internacional\/\" target=\"_blank\" rel=\"noopener\">Nodes de projectes internacionals<\/a>.<\/p>\n<p>A la nostra web tamb\u00e9 podeu trobar informaci\u00f3 i articles relacionats amb:<\/p>\n<ul>\n<li><a href=\"https:\/\/serveiseducatius.xtec.cat\/pladurgell\/categoria\/erasmus\/\" target=\"_blank\" rel=\"noopener\">Erasmus+<\/a><\/li>\n<li><a href=\"https:\/\/xtec.gencat.cat\/ca\/projectes\/plurilinguisme\/programes\/institucionals\/gep\/\" target=\"_blank\" rel=\"noopener\">GEP<\/a><\/li>\n<li><a href=\"https:\/\/sites.google.com\/xtec.cat\/llenguesestrangereslleida\/inici?authuser=0\" target=\"_blank\" rel=\"noopener\">Site de lleng\u00fces estrangeres ST de Lleida<\/a><\/li>\n<\/ul>\n\n\n        <div class=\"wp-block-getwid-post-carousel custom-post-type-post has-slides-gap-small is-carousel has-arrows-outside has-dots-outside\">\n            <div data-slider-option=\"{&quot;sliderSlidesToShowDesktop&quot;:&quot;4&quot;,&quot;getwid_slidesToShowLaptop&quot;:&quot;1&quot;,&quot;getwid_slidesToShowTablet&quot;:&quot;1&quot;,&quot;getwid_slidesToShowMobile&quot;:&quot;1&quot;,&quot;getwid_autoplay_speed&quot;:6000,&quot;getwid_animation_speed&quot;:800,&quot;getwid_slidesToScroll&quot;:&quot;1&quot;,&quot;getwid_autoplay&quot;:false,&quot;getwid_pause_on_hover&quot;:false,&quot;getwid_infinite&quot;:true,&quot;getwid_center_mode&quot;:false,&quot;getwid_arrows&quot;:&quot;outside&quot;,&quot;getwid_dots&quot;:&quot;outside&quot;}\" class=\"wp-block-getwid-post-carousel__wrapper\">\n                \t\t\t\t\t\t\t<div class=\"wp-block-getwid-post-carousel__slide\">\n\t\t\t\t\t\t\t\t\n<div class=\"wp-block-getwid-post-carousel__post\">\n            <div class=\"wp-block-getwid-post-carousel__post-thumbnail\">\n            <a href=\"https:\/\/serveiseducatius.xtec.cat\/pladurgell\/portada\/convocatoria-per-sollicitar-auxiliar-de-conversa\/\"><img loading=\"lazy\" decoding=\"async\" width=\"640\" height=\"480\" src=\"https:\/\/serveiseducatius.xtec.cat\/pladurgell\/wp-content\/uploads\/usu1141\/2025\/03\/pac.png\" class=\"attachment-post-thumbnail size-post-thumbnail wp-post-image\" alt=\"\" srcset=\"https:\/\/serveiseducatius.xtec.cat\/pladurgell\/wp-content\/uploads\/usu1141\/2025\/03\/pac.png 640w, https:\/\/serveiseducatius.xtec.cat\/pladurgell\/wp-content\/uploads\/usu1141\/2025\/03\/pac-300x225.png 300w\" sizes=\"auto, (max-width: 640px) 100vw, 640px\" \/><\/a>\n        <\/div>\n        <div class=\"wp-block-getwid-post-carousel__post-content-wrapper\">\n        <div class=\"wp-block-getwid-post-carousel__post-header\">\n            <h3 class=\"wp-block-getwid-post-carousel__post-title\"><a href=\"https:\/\/serveiseducatius.xtec.cat\/pladurgell\/portada\/convocatoria-per-sollicitar-auxiliar-de-conversa\/\">Convocat\u00f2ria per sol\u00b7licitar Auxiliar de conversa<\/a><\/h3>        <\/div>\n        <div class=\"wp-block-getwid-post-carousel__post-excerpt\"><p>Us informem que s&#8217;ha publicat al&nbsp;Portal de centres&nbsp;la convocat\u00f2ria del Programa d\u2019Auxiliars de Conversa per al curs 2025-2026, per als [&hellip;]<\/p>\n<\/div>\n    <\/div>\n<\/div>\n\n\t\t\t\t\t\t\t<\/div>\n\t\t\t\t\t\t\t\t\t\t\t\t\t<div class=\"wp-block-getwid-post-carousel__slide\">\n\t\t\t\t\t\t\t\t\n<div class=\"wp-block-getwid-post-carousel__post\">\n            <div class=\"wp-block-getwid-post-carousel__post-thumbnail\">\n            <a href=\"https:\/\/serveiseducatius.xtec.cat\/pladurgell\/portada\/borsa-de-persones-formadores-dels-programes-dinnovacio-i-de-formacio-de-la-subdireccio-general-de-llengues\/\"><img loading=\"lazy\" decoding=\"async\" width=\"300\" height=\"300\" src=\"https:\/\/serveiseducatius.xtec.cat\/pladurgell\/wp-content\/uploads\/usu1141\/2025\/02\/AICLE-e1740583672397.jpg\" class=\"attachment-post-thumbnail size-post-thumbnail wp-post-image\" alt=\"\" \/><\/a>\n        <\/div>\n        <div class=\"wp-block-getwid-post-carousel__post-content-wrapper\">\n        <div class=\"wp-block-getwid-post-carousel__post-header\">\n            <h3 class=\"wp-block-getwid-post-carousel__post-title\"><a href=\"https:\/\/serveiseducatius.xtec.cat\/pladurgell\/portada\/borsa-de-persones-formadores-dels-programes-dinnovacio-i-de-formacio-de-la-subdireccio-general-de-llengues\/\">Borsa de persones formadores dels programes d&#8217;innovaci\u00f3 i de formaci\u00f3 de la Subdirecci\u00f3 General de Lleng\u00fces<\/a><\/h3>        <\/div>\n        <div class=\"wp-block-getwid-post-carousel__post-excerpt\"><p>Obert el formulari d\u2019inscripci\u00f3 a la borsa de persones formadores i expertes en l\u2019ensenyament de lleng\u00fces. La convocat\u00f2ria en curs&nbsp;va [&hellip;]<\/p>\n<\/div>\n    <\/div>\n<\/div>\n\n\t\t\t\t\t\t\t<\/div>\n\t\t\t\t\t\t\t\t\t\t\t\t\t<div class=\"wp-block-getwid-post-carousel__slide\">\n\t\t\t\t\t\t\t\t\n<div class=\"wp-block-getwid-post-carousel__post\">\n            <div class=\"wp-block-getwid-post-carousel__post-thumbnail\">\n            <a href=\"https:\/\/serveiseducatius.xtec.cat\/pladurgell\/portada\/programa-auxiliars-de-conversa-de-la-quota-del-mefpd\/\"><img loading=\"lazy\" decoding=\"async\" width=\"250\" height=\"290\" src=\"https:\/\/serveiseducatius.xtec.cat\/pladurgell\/wp-content\/uploads\/usu1141\/2024\/03\/aux-conversa24-25-1.png\" class=\"attachment-post-thumbnail size-post-thumbnail wp-post-image\" alt=\"\" \/><\/a>\n        <\/div>\n        <div class=\"wp-block-getwid-post-carousel__post-content-wrapper\">\n        <div class=\"wp-block-getwid-post-carousel__post-header\">\n            <h3 class=\"wp-block-getwid-post-carousel__post-title\"><a href=\"https:\/\/serveiseducatius.xtec.cat\/pladurgell\/portada\/programa-auxiliars-de-conversa-de-la-quota-del-mefpd\/\">Programa auxiliars de conversa de la quota del MEFPD<\/a><\/h3>        <\/div>\n        <div class=\"wp-block-getwid-post-carousel__post-excerpt\"><p>Al Portal de centre trobareu publicada la convocat\u00f2ria del Programa auxiliars de conversa de la quota del MEFPD per al [&hellip;]<\/p>\n<\/div>\n    <\/div>\n<\/div>\n\n\t\t\t\t\t\t\t<\/div>\n\t\t\t\t\t\t\t\t\t\t\t\t\t<div class=\"wp-block-getwid-post-carousel__slide\">\n\t\t\t\t\t\t\t\t\n<div class=\"wp-block-getwid-post-carousel__post\">\n            <div class=\"wp-block-getwid-post-carousel__post-thumbnail\">\n            <a href=\"https:\/\/serveiseducatius.xtec.cat\/pladurgell\/general\/convocatoria-dauxiliars-de-conversa\/\"><img loading=\"lazy\" decoding=\"async\" width=\"300\" height=\"231\" src=\"https:\/\/serveiseducatius.xtec.cat\/pladurgell\/wp-content\/uploads\/usu1141\/2023\/02\/pac-aux-conversa-copia-e1578904542401.jpg\" class=\"attachment-post-thumbnail size-post-thumbnail wp-post-image\" alt=\"\" \/><\/a>\n        <\/div>\n        <div class=\"wp-block-getwid-post-carousel__post-content-wrapper\">\n        <div class=\"wp-block-getwid-post-carousel__post-header\">\n            <h3 class=\"wp-block-getwid-post-carousel__post-title\"><a href=\"https:\/\/serveiseducatius.xtec.cat\/pladurgell\/general\/convocatoria-dauxiliars-de-conversa\/\">Convocat\u00f2ria d&#8217;auxiliars de conversa<\/a><\/h3>        <\/div>\n        <div class=\"wp-block-getwid-post-carousel__post-excerpt\"><p>Entre el 7 i el 21 de febrer est\u00e0 obert el termini per sol\u00b7licitar un auxiliar de conversa per al [&hellip;]<\/p>\n<\/div>\n    <\/div>\n<\/div>\n\n\t\t\t\t\t\t\t<\/div>\n\t\t\t\t\t\t\t\t\t\t\t\t\t<div class=\"wp-block-getwid-post-carousel__slide\">\n\t\t\t\t\t\t\t\t\n<div class=\"wp-block-getwid-post-carousel__post\">\n            <div class=\"wp-block-getwid-post-carousel__post-thumbnail\">\n            <a href=\"https:\/\/serveiseducatius.xtec.cat\/pladurgell\/general\/iii-cicle-de-webinars-de-lensenyament-i-aprenentatge-de-les-llengues-2023\/\"><img loading=\"lazy\" decoding=\"async\" width=\"467\" height=\"560\" src=\"https:\/\/serveiseducatius.xtec.cat\/pladurgell\/wp-content\/uploads\/usu1141\/2022\/12\/image.png\" class=\"attachment-post-thumbnail size-post-thumbnail wp-post-image\" alt=\"\" srcset=\"https:\/\/serveiseducatius.xtec.cat\/pladurgell\/wp-content\/uploads\/usu1141\/2022\/12\/image.png 467w, https:\/\/serveiseducatius.xtec.cat\/pladurgell\/wp-content\/uploads\/usu1141\/2022\/12\/image-250x300.png 250w\" sizes=\"auto, (max-width: 467px) 100vw, 467px\" \/><\/a>\n        <\/div>\n        <div class=\"wp-block-getwid-post-carousel__post-content-wrapper\">\n        <div class=\"wp-block-getwid-post-carousel__post-header\">\n            <h3 class=\"wp-block-getwid-post-carousel__post-title\"><a href=\"https:\/\/serveiseducatius.xtec.cat\/pladurgell\/general\/iii-cicle-de-webinars-de-lensenyament-i-aprenentatge-de-les-llengues-2023\/\">III Cicle de webinars de l&#8217;ensenyament i aprenentatge de les lleng\u00fces 2023<\/a><\/h3>        <\/div>\n        <div class=\"wp-block-getwid-post-carousel__post-excerpt\"><p>Fins el 9 de gener, inscripcions obertes al\u00a0 III cicle de webinars \u201cNous horitzons en l\u2019ensenyament i aprenentatge de les [&hellip;]<\/p>\n<\/div>\n    <\/div>\n<\/div>\n\n\t\t\t\t\t\t\t<\/div>\n\t\t\t\t\t\t            <\/div>\n        <\/div>\n        ","protected":false},"excerpt":{"rendered":"<p>Per tal\u00a0que els centres educatius desenvolupin projectes ling\u00fc\u00edstics de\u00a0qualitat, \u00e9s essencial\u00a0aprofundir\u00a0en la formaci\u00f3 del professorat implicat en les accions educatives [&hellip;]<\/p>\n","protected":false},"author":1,"featured_media":0,"parent":20781,"menu_order":0,"comment_status":"closed","ping_status":"closed","template":"","meta":{"_bbp_topic_count":0,"_bbp_reply_count":0,"_bbp_total_topic_count":0,"_bbp_total_reply_count":0,"_bbp_voice_count":0,"_bbp_anonymous_reply_count":0,"_bbp_topic_count_hidden":0,"_bbp_reply_count_hidden":0,"_bbp_forum_subforum_count":0,"site-sidebar-layout":"default","site-content-layout":"","ast-site-content-layout":"default","site-content-style":"default","site-sidebar-style":"default","ast-global-header-display":"","ast-banner-title-visibility":"","ast-main-header-display":"","ast-hfb-above-header-display":"","ast-hfb-below-header-display":"","ast-hfb-mobile-header-display":"","site-post-title":"","ast-breadcrumbs-content":"","ast-featured-img":"","footer-sml-layout":"","theme-transparent-header-meta":"","adv-header-id-meta":"","stick-header-meta":"","header-above-stick-meta":"","header-main-stick-meta":"","header-below-stick-meta":"","astra-migrate-meta-layouts":"set","ast-page-background-enabled":"default","ast-page-background-meta":{"desktop":{"background-color":"var(--ast-global-color-4)","background-image":"","background-repeat":"repeat","background-position":"center center","background-size":"auto","background-attachment":"scroll","background-type":"","background-media":"","overlay-type":"","overlay-color":"","overlay-opacity":"","overlay-gradient":""},"tablet":{"background-color":"","background-image":"","background-repeat":"repeat","background-position":"center center","background-size":"auto","background-attachment":"scroll","background-type":"","background-media":"","overlay-type":"","overlay-color":"","overlay-opacity":"","overlay-gradient":""},"mobile":{"background-color":"","background-image":"","background-repeat":"repeat","background-position":"center center","background-size":"auto","background-attachment":"scroll","background-type":"","background-media":"","overlay-type":"","overlay-color":"","overlay-opacity":"","overlay-gradient":""}},"ast-content-background-meta":{"desktop":{"background-color":"var(--ast-global-color-5)","background-image":"","background-repeat":"repeat","background-position":"center center","background-size":"auto","background-attachment":"scroll","background-type":"","background-media":"","overlay-type":"","overlay-color":"","overlay-opacity":"","overlay-gradient":""},"tablet":{"background-color":"var(--ast-global-color-5)","background-image":"","background-repeat":"repeat","background-position":"center center","background-size":"auto","background-attachment":"scroll","background-type":"","background-media":"","overlay-type":"","overlay-color":"","overlay-opacity":"","overlay-gradient":""},"mobile":{"background-color":"var(--ast-global-color-5)","background-image":"","background-repeat":"repeat","background-position":"center center","background-size":"auto","background-attachment":"scroll","background-type":"","background-media":"","overlay-type":"","overlay-color":"","overlay-opacity":"","overlay-gradient":""}},"footnotes":""},"class_list":["post-8595","page","type-page","status-publish","hentry"],"post_mailing_queue_ids":[],"_links":{"self":[{"href":"https:\/\/serveiseducatius.xtec.cat\/pladurgell\/wp-json\/wp\/v2\/pages\/8595","targetHints":{"allow":["GET"]}}],"collection":[{"href":"https:\/\/serveiseducatius.xtec.cat\/pladurgell\/wp-json\/wp\/v2\/pages"}],"about":[{"href":"https:\/\/serveiseducatius.xtec.cat\/pladurgell\/wp-json\/wp\/v2\/types\/page"}],"author":[{"embeddable":true,"href":"https:\/\/serveiseducatius.xtec.cat\/pladurgell\/wp-json\/wp\/v2\/users\/1"}],"replies":[{"embeddable":true,"href":"https:\/\/serveiseducatius.xtec.cat\/pladurgell\/wp-json\/wp\/v2\/comments?post=8595"}],"version-history":[{"count":5,"href":"https:\/\/serveiseducatius.xtec.cat\/pladurgell\/wp-json\/wp\/v2\/pages\/8595\/revisions"}],"predecessor-version":[{"id":21059,"href":"https:\/\/serveiseducatius.xtec.cat\/pladurgell\/wp-json\/wp\/v2\/pages\/8595\/revisions\/21059"}],"up":[{"embeddable":true,"href":"https:\/\/serveiseducatius.xtec.cat\/pladurgell\/wp-json\/wp\/v2\/pages\/20781"}],"wp:attachment":[{"href":"https:\/\/serveiseducatius.xtec.cat\/pladurgell\/wp-json\/wp\/v2\/media?parent=8595"}],"curies":[{"name":"wp","href":"https:\/\/api.w.org\/{rel}","templated":true}]}}