{"id":548,"date":"2015-11-26T18:10:47","date_gmt":"2015-11-26T17:10:47","guid":{"rendered":"http:\/\/serveiseducatius.xtec.cat\/pladurgell\/?page_id=548"},"modified":"2025-02-27T16:33:12","modified_gmt":"2025-02-27T15:33:12","slug":"zona-formadors","status":"publish","type":"page","link":"https:\/\/serveiseducatius.xtec.cat\/pladurgell\/zona-formadors\/","title":{"rendered":"Xarxa de compet\u00e8ncies"},"content":{"rendered":"\n<figure class=\"wp-block-image size-full is-resized\"><a href=\"https:\/\/serveiseducatius.xtec.cat\/pladurgell\/wp-content\/uploads\/usu1141\/2024\/12\/Copia-de-Nou-logo-cb-1024x362-1.png\"><img loading=\"lazy\" decoding=\"async\" width=\"1024\" height=\"362\" src=\"https:\/\/serveiseducatius.xtec.cat\/pladurgell\/wp-content\/uploads\/usu1141\/2024\/12\/Copia-de-Nou-logo-cb-1024x362-1.png\" alt=\"Logo Xarxa de Compet\u00e8ncies\" class=\"wp-image-20254\" style=\"width:340px;height:auto\" srcset=\"https:\/\/serveiseducatius.xtec.cat\/pladurgell\/wp-content\/uploads\/usu1141\/2024\/12\/Copia-de-Nou-logo-cb-1024x362-1.png 1024w, https:\/\/serveiseducatius.xtec.cat\/pladurgell\/wp-content\/uploads\/usu1141\/2024\/12\/Copia-de-Nou-logo-cb-1024x362-1-300x106.png 300w, https:\/\/serveiseducatius.xtec.cat\/pladurgell\/wp-content\/uploads\/usu1141\/2024\/12\/Copia-de-Nou-logo-cb-1024x362-1-768x272.png 768w\" sizes=\"auto, (max-width: 1024px) 100vw, 1024px\" \/><\/a><\/figure>\n\n\n<p>\u00a0<\/p>\n<p>\u00a0<\/p>\n<p>La Xarxa de Compet\u00e8ncies est\u00e0 formada per un equip de docents que desenvolupen el treball per compet\u00e8ncies als seus centres, elaboren instruments de suport per orientar els processos de reflexi\u00f3 i la gesti\u00f3 del curr\u00edculum per compet\u00e8ncies b\u00e0siques i comparteixen processos d&#8217;autoavaluaci\u00f3.<\/p>\n<p>Les escoles que hi pertanyen es divideixen el 10 xarxes. Els centres educatius del Pla d&#8217;Urgell pertanyen a la XCB7 juntament amb centres del Segri\u00e0, La Segarra, Les Garrigues, La Noguera, El Pallars Sobir\u00e0, el Pallars Juss\u00e0, La Vall d&#8217;Aran.<br \/>Els centres de la nostra comarca que formen part de la xarxa s\u00f3n:<\/p>\n<table style=\"height: 204px; width: 804px;\" width=\"408\">\n<tbody>\n<tr>\n<td style=\"width: 397px;\">NOM DEL CENTRE<\/td>\n<td style=\"width: 209px;\">CURS D&#8217;INCORPORACI\u00d3<\/td>\n<\/tr>\n<tr>\n<td style=\"width: 397px;\">Escola Sant Miquel de Miralcamp<\/td>\n<td style=\"width: 209px;\">2017-2018<\/td>\n<\/tr>\n<tr>\n<td style=\"width: 397px;\">Escola Mestre Ignasi Peraire de Mollerussa<\/td>\n<td style=\"width: 209px;\">2017-2018<\/td>\n<\/tr>\n<tr>\n<td style=\"width: 397px;\">Institut La Serra de Mollerussa<\/td>\n<td style=\"width: 209px;\">2017-2018<\/td>\n<\/tr>\n<tr>\n<td style=\"width: 397px;\">Institut Mollerussa IV de Mollerussa<\/td>\n<td style=\"width: 209px;\">2018-2019<\/td>\n<\/tr>\n<tr>\n<td style=\"width: 397px;\">ZER Vent Ser\u00e8 (Castellnou de Seana i Vila-sana)<\/td>\n<td style=\"width: 209px;\">2018-2019<\/td>\n<\/tr>\n<tr>\n<td style=\"width: 397px;\">Escola Pompeu Fabra de Mollerussa<\/td>\n<td style=\"width: 209px;\">2018-2019<\/td>\n<\/tr>\n<tr>\n<td style=\"width: 397px;\">Centre de Formaci\u00f3 de Persones Adultes<\/td>\n<td style=\"width: 209px;\">2018-2019<\/td>\n<\/tr>\n<\/tbody>\n<\/table>\n<p><a href=\"http:\/\/xtec.gencat.cat\/web\/.content\/curriculum\/xarxacb\/documents\/Qui-som.pdf\">M\u00e9s informaci\u00f3<\/a><\/p>\n<p><img loading=\"lazy\" decoding=\"async\" class=\"alignleft\" src=\"https:\/\/lh3.googleusercontent.com\/tXQdEQYkS2zbfZvrDfWv6i6-s9bcvbkkGOdDZ7l7Pe4rZBxJqF39RFW9jo-iIn4XExW6DdK1fpNMUWRjrk_JabBG-Ffw9RyZPOBVd_FdQjvaO59o_wlWAgIBl5mJVm-L0SjAyYF4eAML2_EBHJv9SBNPxMHrhaxLhcAcoUQtsQTzu7aLWTa4bsipooOTobGE9TGRW3--GoR_Xb2Jp9cHjhFwfYHyTN2pMlwjowjI-Aart0-UKj41uMi1WFMroMl0vctalx89GgThPSqV2BSmpJtgdw7mKeIR5cvGbx9hJznSDECkSHhD6LV8RxgJJSTwoe6fW95Wg0Hp33qnoqQGOqI9oLGVFrXUOIkGN5OJj_n-slZhSIXae4mg5ou8s5WcZJXKhWPLaL7egGgWdKFHo7nGEggMZemdxLdo88wrq2Jz0pga4pObZnavN8E19o6rpGvtbiIMQYI3iu1rt8yLI1XDAxHqfKVHq_WYcA6gdnHZnOZ0A-607Rg5SR_OfKUX-qLU3uR2udgNp-ddCh6Qyj8Oa10_QY7rFCsJyPaIuKZ3FxQHGqX3R5yKw0Z4DccexWcyWG4X-BzXPnGnIo9RVz7GLww5Jxg8gRc4Y-w=w1274-h900-no\" width=\"376\" height=\"266\" \/><\/p>\n<p>\u00a0<\/p>\n<p>\u00a0<\/p>\n<p>V\u00eddeo- <a href=\"http:\/\/xtec.gencat.cat\/ca\/curriculum\/xarxacb\/jornades\/jornada2015video\/\">Canvis en el centre, per on comencem?<\/a> &#8211; Sobre els docents coordinadors i els docents equips impulsors de centre<\/p>\n<p>\u00a0<\/p>\n<p>\u00a0<\/p>\n<p>Podreu trobar molts materials de suport i propostes a l &#8216;espai <a href=\"https:\/\/projectes.xtec.cat\/xarxacb\/#\" target=\"_blank\" rel=\"noopener\">Xarxa CB<\/a>\u00a0 de l&#8217;xtec.<\/p>\n<p>\u00a0<\/p>\n<p>\u00a0<\/p>\n<p>\u00a0<\/p>\n<p>\u00a0<\/p>","protected":false},"excerpt":{"rendered":"<p>\u00a0 \u00a0 La Xarxa de Compet\u00e8ncies est\u00e0 formada per un equip de docents que desenvolupen el treball per compet\u00e8ncies als [&hellip;]<\/p>\n","protected":false},"author":1,"featured_media":0,"parent":0,"menu_order":30,"comment_status":"closed","ping_status":"closed","template":"","meta":{"_bbp_topic_count":0,"_bbp_reply_count":0,"_bbp_total_topic_count":0,"_bbp_total_reply_count":0,"_bbp_voice_count":0,"_bbp_anonymous_reply_count":0,"_bbp_topic_count_hidden":0,"_bbp_reply_count_hidden":0,"_bbp_forum_subforum_count":0,"site-sidebar-layout":"default","site-content-layout":"","ast-site-content-layout":"default","site-content-style":"default","site-sidebar-style":"default","ast-global-header-display":"","ast-banner-title-visibility":"","ast-main-header-display":"","ast-hfb-above-header-display":"","ast-hfb-below-header-display":"","ast-hfb-mobile-header-display":"","site-post-title":"","ast-breadcrumbs-content":"","ast-featured-img":"","footer-sml-layout":"","theme-transparent-header-meta":"","adv-header-id-meta":"","stick-header-meta":"","header-above-stick-meta":"","header-main-stick-meta":"","header-below-stick-meta":"","astra-migrate-meta-layouts":"set","ast-page-background-enabled":"default","ast-page-background-meta":{"desktop":{"background-color":"var(--ast-global-color-4)","background-image":"","background-repeat":"repeat","background-position":"center center","background-size":"auto","background-attachment":"scroll","background-type":"","background-media":"","overlay-type":"","overlay-color":"","overlay-opacity":"","overlay-gradient":""},"tablet":{"background-color":"","background-image":"","background-repeat":"repeat","background-position":"center center","background-size":"auto","background-attachment":"scroll","background-type":"","background-media":"","overlay-type":"","overlay-color":"","overlay-opacity":"","overlay-gradient":""},"mobile":{"background-color":"","background-image":"","background-repeat":"repeat","background-position":"center center","background-size":"auto","background-attachment":"scroll","background-type":"","background-media":"","overlay-type":"","overlay-color":"","overlay-opacity":"","overlay-gradient":""}},"ast-content-background-meta":{"desktop":{"background-color":"var(--ast-global-color-5)","background-image":"","background-repeat":"repeat","background-position":"center center","background-size":"auto","background-attachment":"scroll","background-type":"","background-media":"","overlay-type":"","overlay-color":"","overlay-opacity":"","overlay-gradient":""},"tablet":{"background-color":"var(--ast-global-color-5)","background-image":"","background-repeat":"repeat","background-position":"center center","background-size":"auto","background-attachment":"scroll","background-type":"","background-media":"","overlay-type":"","overlay-color":"","overlay-opacity":"","overlay-gradient":""},"mobile":{"background-color":"var(--ast-global-color-5)","background-image":"","background-repeat":"repeat","background-position":"center center","background-size":"auto","background-attachment":"scroll","background-type":"","background-media":"","overlay-type":"","overlay-color":"","overlay-opacity":"","overlay-gradient":""}},"footnotes":""},"class_list":["post-548","page","type-page","status-publish","hentry"],"post_mailing_queue_ids":[],"_links":{"self":[{"href":"https:\/\/serveiseducatius.xtec.cat\/pladurgell\/wp-json\/wp\/v2\/pages\/548","targetHints":{"allow":["GET"]}}],"collection":[{"href":"https:\/\/serveiseducatius.xtec.cat\/pladurgell\/wp-json\/wp\/v2\/pages"}],"about":[{"href":"https:\/\/serveiseducatius.xtec.cat\/pladurgell\/wp-json\/wp\/v2\/types\/page"}],"author":[{"embeddable":true,"href":"https:\/\/serveiseducatius.xtec.cat\/pladurgell\/wp-json\/wp\/v2\/users\/1"}],"replies":[{"embeddable":true,"href":"https:\/\/serveiseducatius.xtec.cat\/pladurgell\/wp-json\/wp\/v2\/comments?post=548"}],"version-history":[{"count":3,"href":"https:\/\/serveiseducatius.xtec.cat\/pladurgell\/wp-json\/wp\/v2\/pages\/548\/revisions"}],"predecessor-version":[{"id":20734,"href":"https:\/\/serveiseducatius.xtec.cat\/pladurgell\/wp-json\/wp\/v2\/pages\/548\/revisions\/20734"}],"wp:attachment":[{"href":"https:\/\/serveiseducatius.xtec.cat\/pladurgell\/wp-json\/wp\/v2\/media?parent=548"}],"curies":[{"name":"wp","href":"https:\/\/api.w.org\/{rel}","templated":true}]}}