{"id":20864,"date":"2025-03-04T14:50:14","date_gmt":"2025-03-04T13:50:14","guid":{"rendered":"https:\/\/serveiseducatius.xtec.cat\/pladurgell\/?page_id=20864"},"modified":"2025-05-12T13:05:45","modified_gmt":"2025-05-12T11:05:45","slug":"fira-de-robotica-educativa-al-pla-durgell","status":"publish","type":"page","link":"https:\/\/serveiseducatius.xtec.cat\/pladurgell\/fira-de-robotica-educativa-al-pla-durgell\/","title":{"rendered":"Fira de Rob\u00f2tica Educativa al Pla d&#8217;Urgell"},"content":{"rendered":"\n<figure class=\"wp-block-image aligncenter size-full is-resized\"><a href=\"https:\/\/serveiseducatius.xtec.cat\/pladurgell\/wp-content\/uploads\/usu1141\/2025\/03\/Pla_robot.png\"><img loading=\"lazy\" decoding=\"async\" width=\"500\" height=\"500\" src=\"https:\/\/serveiseducatius.xtec.cat\/pladurgell\/wp-content\/uploads\/usu1141\/2025\/03\/Pla_robot.png\" alt=\"\" class=\"wp-image-20906\" style=\"width:394px;height:auto\" srcset=\"https:\/\/serveiseducatius.xtec.cat\/pladurgell\/wp-content\/uploads\/usu1141\/2025\/03\/Pla_robot.png 500w, https:\/\/serveiseducatius.xtec.cat\/pladurgell\/wp-content\/uploads\/usu1141\/2025\/03\/Pla_robot-300x300.png 300w, https:\/\/serveiseducatius.xtec.cat\/pladurgell\/wp-content\/uploads\/usu1141\/2025\/03\/Pla_robot-150x150.png 150w\" sizes=\"auto, (max-width: 500px) 100vw, 500px\" \/><\/a><\/figure>\n\n\n\n<p>El <strong>8 de maig de 2025<\/strong> tindr\u00e0 lloc la <strong>1a Fira de Rob\u00f2tica Educativa al Pla d&#8217;Urgell<\/strong>, al Pavell\u00f3 Firal de Mollerussa.<\/p>\n\n\n\n<p>Els <strong>objectius <\/strong>de la Fira s\u00f3n:<\/p>\n\n\n\n<ul class=\"wp-block-list\">\n<li>Promoure un intercanvi d\u2019experi\u00e8ncies de rob\u00f2tica entre els centres de la comarca<\/li>\n\n\n\n<li>Permetre fer una observaci\u00f3 d&#8217;activitats de rob\u00f2tica diferents a les que es fan al propi centre<\/li>\n\n\n\n<li>Donar una oportunitat als centres d\u2019agafar noves idees per a fer activitats de rob\u00f2tica a l&#8217;aula<\/li>\n\n\n\n<li>Despertar vocacions en l\u2019\u00e0mbit de la rob\u00f2tica i la programaci\u00f3 donant a con\u00e8ixer empreses del territori que hi estan relacionades<\/li>\n\n\n\n<li>Con\u00e8ixer algunes aplicacions reals del m\u00f3n de la rob\u00f2tica i la programaci\u00f3: educaci\u00f3, sanitat, empresa..<\/li>\n<\/ul>\n\n\n\n<p>Les escoles de la comarca exposaran activitats d&#8217;\u00e8xit que realitzen a l&#8217;aula, amb l&#8217;alumnat de Cicle Superior i de 1r i 2n d&#8217;ESO. Aix\u00ed mateix, hi haur\u00e0 estands d&#8217;empreses de la comarca que estan relacionades amb la programaci\u00f3 i la rob\u00f2tica (Salt\u00f3 Group, iClotet, Sistemes Electr\u00f2nics Progr\u00e9s, Lindis, Arcusin, Resquitx), per tal de donar-les a con\u00e8ixer a l&#8217;alumnat, tant al que exposa, com a l&#8217;alumnat d&#8217;ESO i de Cicles Formatius que cursen optatives relacionades amb aquests camps. Tamb\u00e9 hi haur\u00e0 un estand de l\u2019equip Robotech, guanyadors del primer premi mundial a l\u2019excel\u00b7l\u00e8ncia en enginyeria de la First&nbsp; Lego League 2025.<\/p>\n\n\n\n<figure class=\"wp-block-image aligncenter size-large is-resized\"><a href=\"https:\/\/serveiseducatius.xtec.cat\/pladurgell\/wp-content\/uploads\/usu1141\/2025\/04\/Cartell-Fira-robotica.png\"><img loading=\"lazy\" decoding=\"async\" width=\"724\" height=\"1024\" src=\"https:\/\/serveiseducatius.xtec.cat\/pladurgell\/wp-content\/uploads\/usu1141\/2025\/04\/Cartell-Fira-robotica-724x1024.png\" alt=\"\" class=\"wp-image-21201\" style=\"width:515px;height:auto\" srcset=\"https:\/\/serveiseducatius.xtec.cat\/pladurgell\/wp-content\/uploads\/usu1141\/2025\/04\/Cartell-Fira-robotica-724x1024.png 724w, https:\/\/serveiseducatius.xtec.cat\/pladurgell\/wp-content\/uploads\/usu1141\/2025\/04\/Cartell-Fira-robotica-212x300.png 212w, https:\/\/serveiseducatius.xtec.cat\/pladurgell\/wp-content\/uploads\/usu1141\/2025\/04\/Cartell-Fira-robotica-768x1086.png 768w, https:\/\/serveiseducatius.xtec.cat\/pladurgell\/wp-content\/uploads\/usu1141\/2025\/04\/Cartell-Fira-robotica-1086x1536.png 1086w, https:\/\/serveiseducatius.xtec.cat\/pladurgell\/wp-content\/uploads\/usu1141\/2025\/04\/Cartell-Fira-robotica-1448x2048.png 1448w, https:\/\/serveiseducatius.xtec.cat\/pladurgell\/wp-content\/uploads\/usu1141\/2025\/04\/Cartell-Fira-robotica.png 1587w\" sizes=\"auto, (max-width: 724px) 100vw, 724px\" \/><\/a><\/figure>\n\n\n\n<p>Per a l&#8217;alumnat expositor s&#8217;oferiran tallers relacionats amb la rob\u00f2tica i la programaci\u00f3 a c\u00e0rrec de les seg\u00fcents empreses: Salt\u00f3 Group, iClotet i Nubulus.<\/p>\n\n\n\n<p>Volem agrair a Salt\u00f3 Group pel seu patrocini, a Agrupem Pla d&#8217;Urgell per ser el pont cap a les empreses que participen a la fira, tant les que exposen com les que fan tallers, i a totes aquestes empreses, que han rebut amb tan bona acollida la Fira. Aix\u00ed mateix tamb\u00e9 agra\u00efm la col\u00b7laboraci\u00f3 del Consell Comarcal del Pla d&#8217;Urgell, per fer possible el transport de l&#8217;alumnat de la comarca cap a Mollerussa i de l&#8217;Ajuntament de Mollerussa per cedir-nos les instal\u00b7lacions i adequar l&#8217;espai a les necessitats de la Fira. Agrair tamb\u00e9 la pres\u00e8ncia de Robotech, per compartir la seva experi\u00e8ncia a la First Lego League.<\/p>\n\n\n\n<p>I sobretot volem agrair a totes les escoles i instituts participants, perqu\u00e8 sense ells aquesta Fira de Rob\u00f2tica no seria possible. <\/p>\n\n\n\n        <div class=\"wp-block-getwid-post-carousel custom-post-type-post has-slides-gap-small is-carousel has-arrows-outside has-dots-outside\">\n            <div data-slider-option=\"{&quot;sliderSlidesToShowDesktop&quot;:&quot;3&quot;,&quot;getwid_slidesToShowLaptop&quot;:&quot;1&quot;,&quot;getwid_slidesToShowTablet&quot;:&quot;1&quot;,&quot;getwid_slidesToShowMobile&quot;:&quot;1&quot;,&quot;getwid_autoplay_speed&quot;:6000,&quot;getwid_animation_speed&quot;:800,&quot;getwid_slidesToScroll&quot;:&quot;1&quot;,&quot;getwid_autoplay&quot;:false,&quot;getwid_pause_on_hover&quot;:false,&quot;getwid_infinite&quot;:true,&quot;getwid_center_mode&quot;:false,&quot;getwid_arrows&quot;:&quot;outside&quot;,&quot;getwid_dots&quot;:&quot;outside&quot;}\" class=\"wp-block-getwid-post-carousel__wrapper\">\n                \t\t\t\t\t\t\t<div class=\"wp-block-getwid-post-carousel__slide\">\n\t\t\t\t\t\t\t\t\n<div class=\"wp-block-getwid-post-carousel__post\">\n            <div class=\"wp-block-getwid-post-carousel__post-thumbnail\">\n            <a href=\"https:\/\/serveiseducatius.xtec.cat\/pladurgell\/general\/exit-de-la-1a-fira-de-robotica-educativa-del-pla-durgell\/\"><img loading=\"lazy\" decoding=\"async\" width=\"500\" height=\"500\" src=\"https:\/\/serveiseducatius.xtec.cat\/pladurgell\/wp-content\/uploads\/usu1141\/2025\/03\/Pla_robot.png\" class=\"attachment-post-thumbnail size-post-thumbnail wp-post-image\" alt=\"\" srcset=\"https:\/\/serveiseducatius.xtec.cat\/pladurgell\/wp-content\/uploads\/usu1141\/2025\/03\/Pla_robot.png 500w, https:\/\/serveiseducatius.xtec.cat\/pladurgell\/wp-content\/uploads\/usu1141\/2025\/03\/Pla_robot-300x300.png 300w, https:\/\/serveiseducatius.xtec.cat\/pladurgell\/wp-content\/uploads\/usu1141\/2025\/03\/Pla_robot-150x150.png 150w\" sizes=\"auto, (max-width: 500px) 100vw, 500px\" \/><\/a>\n        <\/div>\n        <div class=\"wp-block-getwid-post-carousel__post-content-wrapper\">\n        <div class=\"wp-block-getwid-post-carousel__post-header\">\n            <h3 class=\"wp-block-getwid-post-carousel__post-title\"><a href=\"https:\/\/serveiseducatius.xtec.cat\/pladurgell\/general\/exit-de-la-1a-fira-de-robotica-educativa-del-pla-durgell\/\">\u00c8xit de la 1a Fira de Rob\u00f2tica Educativa del Pla d&#8217;Urgell<\/a><\/h3>        <\/div>\n        <div class=\"wp-block-getwid-post-carousel__post-excerpt\"><p>El passat dijous 8 de maig va tenir lloc la 1a Fira de Rob\u00f2tica Educativa del Pla d&#8217;Urgell, organtizada pel [&hellip;]<\/p>\n<\/div>\n    <\/div>\n<\/div>\n\n\t\t\t\t\t\t\t<\/div>\n\t\t\t\t\t\t\t\t\t\t\t\t\t<div class=\"wp-block-getwid-post-carousel__slide\">\n\t\t\t\t\t\t\t\t\n<div class=\"wp-block-getwid-post-carousel__post\">\n            <div class=\"wp-block-getwid-post-carousel__post-thumbnail\">\n            <a href=\"https:\/\/serveiseducatius.xtec.cat\/pladurgell\/general\/fira-de-robotica-educativa-pla-durgell\/\"><img loading=\"lazy\" decoding=\"async\" width=\"1587\" height=\"2245\" src=\"https:\/\/serveiseducatius.xtec.cat\/pladurgell\/wp-content\/uploads\/usu1141\/2025\/04\/Cartell-Fira-robotica.png\" class=\"attachment-post-thumbnail size-post-thumbnail wp-post-image\" alt=\"\" srcset=\"https:\/\/serveiseducatius.xtec.cat\/pladurgell\/wp-content\/uploads\/usu1141\/2025\/04\/Cartell-Fira-robotica.png 1587w, https:\/\/serveiseducatius.xtec.cat\/pladurgell\/wp-content\/uploads\/usu1141\/2025\/04\/Cartell-Fira-robotica-212x300.png 212w, https:\/\/serveiseducatius.xtec.cat\/pladurgell\/wp-content\/uploads\/usu1141\/2025\/04\/Cartell-Fira-robotica-724x1024.png 724w, https:\/\/serveiseducatius.xtec.cat\/pladurgell\/wp-content\/uploads\/usu1141\/2025\/04\/Cartell-Fira-robotica-768x1086.png 768w, https:\/\/serveiseducatius.xtec.cat\/pladurgell\/wp-content\/uploads\/usu1141\/2025\/04\/Cartell-Fira-robotica-1086x1536.png 1086w, https:\/\/serveiseducatius.xtec.cat\/pladurgell\/wp-content\/uploads\/usu1141\/2025\/04\/Cartell-Fira-robotica-1448x2048.png 1448w\" sizes=\"auto, (max-width: 1587px) 100vw, 1587px\" \/><\/a>\n        <\/div>\n        <div class=\"wp-block-getwid-post-carousel__post-content-wrapper\">\n        <div class=\"wp-block-getwid-post-carousel__post-header\">\n            <h3 class=\"wp-block-getwid-post-carousel__post-title\"><a href=\"https:\/\/serveiseducatius.xtec.cat\/pladurgell\/general\/fira-de-robotica-educativa-pla-durgell\/\">Fira de rob\u00f2tica educativa Pla d&#8217;Urgell<\/a><\/h3>        <\/div>\n        <div class=\"wp-block-getwid-post-carousel__post-excerpt\"><p>Aquest dijous dia 8 de maig tindr\u00e0 lloc la primera edici\u00f3 de la Fira rob\u00f2tica educativa Pla d&#8217;Urgell organitzada pel [&hellip;]<\/p>\n<\/div>\n    <\/div>\n<\/div>\n\n\t\t\t\t\t\t\t<\/div>\n\t\t\t\t\t\t            <\/div>\n        <\/div>\n        ","protected":false},"excerpt":{"rendered":"<p>El 8 de maig de 2025 tindr\u00e0 lloc la 1a Fira de Rob\u00f2tica Educativa al Pla d&#8217;Urgell, al Pavell\u00f3 Firal [&hellip;]<\/p>\n","protected":false},"author":1,"featured_media":0,"parent":0,"menu_order":0,"comment_status":"closed","ping_status":"close","template":"","meta":{"_bbp_topic_count":0,"_bbp_reply_count":0,"_bbp_total_topic_count":0,"_bbp_total_reply_count":0,"_bbp_voice_count":0,"_bbp_anonymous_reply_count":0,"_bbp_topic_count_hidden":0,"_bbp_reply_count_hidden":0,"_bbp_forum_subforum_count":0,"site-sidebar-layout":"default","site-content-layout":"","ast-site-content-layout":"default","site-content-style":"default","site-sidebar-style":"default","ast-global-header-display":"","ast-banner-title-visibility":"","ast-main-header-display":"","ast-hfb-above-header-display":"","ast-hfb-below-header-display":"","ast-hfb-mobile-header-display":"","site-post-title":"","ast-breadcrumbs-content":"","ast-featured-img":"","footer-sml-layout":"","theme-transparent-header-meta":"","adv-header-id-meta":"","stick-header-meta":"","header-above-stick-meta":"","header-main-stick-meta":"","header-below-stick-meta":"","astra-migrate-meta-layouts":"set","ast-page-background-enabled":"default","ast-page-background-meta":{"desktop":{"background-color":"var(--ast-global-color-4)","background-image":"","background-repeat":"repeat","background-position":"center center","background-size":"auto","background-attachment":"scroll","background-type":"","background-media":"","overlay-type":"","overlay-color":"","overlay-opacity":"","overlay-gradient":""},"tablet":{"background-color":"","background-image":"","background-repeat":"repeat","background-position":"center center","background-size":"auto","background-attachment":"scroll","background-type":"","background-media":"","overlay-type":"","overlay-color":"","overlay-opacity":"","overlay-gradient":""},"mobile":{"background-color":"","background-image":"","background-repeat":"repeat","background-position":"center center","background-size":"auto","background-attachment":"scroll","background-type":"","background-media":"","overlay-type":"","overlay-color":"","overlay-opacity":"","overlay-gradient":""}},"ast-content-background-meta":{"desktop":{"background-color":"var(--ast-global-color-5)","background-image":"","background-repeat":"repeat","background-position":"center center","background-size":"auto","background-attachment":"scroll","background-type":"","background-media":"","overlay-type":"","overlay-color":"","overlay-opacity":"","overlay-gradient":""},"tablet":{"background-color":"var(--ast-global-color-5)","background-image":"","background-repeat":"repeat","background-position":"center center","background-size":"auto","background-attachment":"scroll","background-type":"","background-media":"","overlay-type":"","overlay-color":"","overlay-opacity":"","overlay-gradient":""},"mobile":{"background-color":"var(--ast-global-color-5)","background-image":"","background-repeat":"repeat","background-position":"center center","background-size":"auto","background-attachment":"scroll","background-type":"","background-media":"","overlay-type":"","overlay-color":"","overlay-opacity":"","overlay-gradient":""}},"footnotes":""},"class_list":["post-20864","page","type-page","status-publish","hentry"],"post_mailing_queue_ids":[],"_links":{"self":[{"href":"https:\/\/serveiseducatius.xtec.cat\/pladurgell\/wp-json\/wp\/v2\/pages\/20864","targetHints":{"allow":["GET"]}}],"collection":[{"href":"https:\/\/serveiseducatius.xtec.cat\/pladurgell\/wp-json\/wp\/v2\/pages"}],"about":[{"href":"https:\/\/serveiseducatius.xtec.cat\/pladurgell\/wp-json\/wp\/v2\/types\/page"}],"author":[{"embeddable":true,"href":"https:\/\/serveiseducatius.xtec.cat\/pladurgell\/wp-json\/wp\/v2\/users\/1"}],"replies":[{"embeddable":true,"href":"https:\/\/serveiseducatius.xtec.cat\/pladurgell\/wp-json\/wp\/v2\/comments?post=20864"}],"version-history":[{"count":7,"href":"https:\/\/serveiseducatius.xtec.cat\/pladurgell\/wp-json\/wp\/v2\/pages\/20864\/revisions"}],"predecessor-version":[{"id":21318,"href":"https:\/\/serveiseducatius.xtec.cat\/pladurgell\/wp-json\/wp\/v2\/pages\/20864\/revisions\/21318"}],"wp:attachment":[{"href":"https:\/\/serveiseducatius.xtec.cat\/pladurgell\/wp-json\/wp\/v2\/media?parent=20864"}],"curies":[{"name":"wp","href":"https:\/\/api.w.org\/{rel}","templated":true}]}}