{"id":20835,"date":"2025-03-04T10:38:33","date_gmt":"2025-03-04T09:38:33","guid":{"rendered":"https:\/\/serveiseducatius.xtec.cat\/pladurgell\/?page_id=20835"},"modified":"2025-03-04T10:38:34","modified_gmt":"2025-03-04T09:38:34","slug":"escoles-verdes","status":"publish","type":"page","link":"https:\/\/serveiseducatius.xtec.cat\/pladurgell\/programes\/projectes-educatius\/escoles-verdes\/","title":{"rendered":"Escoles Verdes"},"content":{"rendered":"\n<figure class=\"wp-block-image aligncenter size-full is-resized\"><a href=\"https:\/\/serveiseducatius.xtec.cat\/pladurgell\/wp-content\/uploads\/usu1141\/2025\/03\/Icona_escoles_verdes.jpg\"><img decoding=\"async\" src=\"https:\/\/serveiseducatius.xtec.cat\/pladurgell\/wp-content\/uploads\/usu1141\/2025\/03\/Icona_escoles_verdes.jpg\" alt=\"\" class=\"wp-image-20836\" style=\"width:244px;height:auto\"\/><\/a><\/figure>\n\n\n\n<p>El programa escoles verdes sorgeix com un comprom\u00eds per donar suport a tots els centres educatius de Catalunya que volen innovar, incloure, avan\u00e7ar, sistematitzar i organitzar accions educatives que tinguin la finalitat d\u2019afrontar, des de l\u2019educaci\u00f3, els nous reptes i valors de la sostenibilitat.<\/p>\n\n\n\n<p>M\u00e9s informaci\u00f3 a:&nbsp;<a href=\"http:\/\/mediambient.gencat.cat\/ca\/05_ambits_dactuacio\/educacio_i_sostenibilitat\/educacio_per_a_la_sostenibilitat\/escoles_verdes\/\" target=\"_blank\" rel=\"noreferrer noopener\"><strong>Departament de Territori i Sostenibilitat<\/strong><\/a><\/p>\n\n\n\n<p><strong>ESCOLES VERDES AL PLA D\u2019URGELL<\/strong><\/p>\n\n\n\n<p><strong>Escola Arnau Berenguer \u2013&nbsp;<\/strong>El Palau d\u2019Anglesola<strong>,&nbsp;<\/strong><strong>Escola Minyons d\u2019Urgell \u2013&nbsp;<\/strong>Fondarella<strong>,&nbsp;<\/strong><strong>Escola Francesc Arenes \u2013&nbsp;<\/strong>Golm\u00e9s<strong>, Escola Mare de D\u00e9u de l\u2019Horta \u2013&nbsp;<\/strong>Ivars d\u2019Urgell<strong>, Escola El Sitjar \u2013&nbsp;<\/strong>Linyola<strong>, Escola Sant Miquel \u2013&nbsp;<\/strong>Miralcamp,&nbsp;<strong>Escola Mestre Ignasi Peraire \u2013&nbsp;<\/strong>Mollerussa<strong>, Escola Pompeu Fabra \u2013&nbsp;<\/strong>Mollerussa<strong>, Escola Vedruna \u2013&nbsp;<\/strong>Mollerussa<strong>, Centre d\u2019Educaci\u00f3 Especial Silo\u00e9 \u2013&nbsp;<\/strong>Mollerussa,<strong>&nbsp;Institut Terres de Ponent \u2013&nbsp;&nbsp;<\/strong>Mollerussa \u2013&nbsp;<strong>Institut Salt del Duran \u2013&nbsp;<\/strong>Mollerussa \u2013&nbsp;<strong>ZER Vent Ser\u00e8 \u2013&nbsp;<\/strong>Castellnou de Seana i Vila-sana i&nbsp;&nbsp;<strong>Llar d\u2019infants Lo caragolet-&nbsp;<\/strong>Fondarella.<\/p>\n\n\n\n        <div class=\"wp-block-getwid-post-carousel custom-post-type-post has-slides-gap-small is-carousel has-arrows-outside has-dots-outside\">\n            <div data-slider-option=\"{&quot;sliderSlidesToShowDesktop&quot;:&quot;3&quot;,&quot;getwid_slidesToShowLaptop&quot;:&quot;1&quot;,&quot;getwid_slidesToShowTablet&quot;:&quot;1&quot;,&quot;getwid_slidesToShowMobile&quot;:&quot;1&quot;,&quot;getwid_autoplay_speed&quot;:6000,&quot;getwid_animation_speed&quot;:800,&quot;getwid_slidesToScroll&quot;:&quot;1&quot;,&quot;getwid_autoplay&quot;:false,&quot;getwid_pause_on_hover&quot;:false,&quot;getwid_infinite&quot;:true,&quot;getwid_center_mode&quot;:false,&quot;getwid_arrows&quot;:&quot;outside&quot;,&quot;getwid_dots&quot;:&quot;outside&quot;}\" class=\"wp-block-getwid-post-carousel__wrapper\">\n                \t\t\t\t\t\t\t<div class=\"wp-block-getwid-post-carousel__slide\">\n\t\t\t\t\t\t\t\t\n<div class=\"wp-block-getwid-post-carousel__post\">\n            <div class=\"wp-block-getwid-post-carousel__post-thumbnail\">\n            <a href=\"https:\/\/serveiseducatius.xtec.cat\/pladurgell\/portada\/seminari-educacio-per-a-la-sostenibilitat\/\"><img loading=\"lazy\" decoding=\"async\" width=\"300\" height=\"300\" src=\"https:\/\/serveiseducatius.xtec.cat\/pladurgell\/wp-content\/uploads\/usu1141\/2021\/07\/Icona_programa_escoles_verdes_color-e1625571989959.png\" class=\"attachment-post-thumbnail size-post-thumbnail wp-post-image\" alt=\"\" \/><\/a>\n        <\/div>\n        <div class=\"wp-block-getwid-post-carousel__post-content-wrapper\">\n        <div class=\"wp-block-getwid-post-carousel__post-header\">\n            <h3 class=\"wp-block-getwid-post-carousel__post-title\"><a href=\"https:\/\/serveiseducatius.xtec.cat\/pladurgell\/portada\/seminari-educacio-per-a-la-sostenibilitat\/\">Seminari Educaci\u00f3 per a la sostenibilitat<\/a><\/h3>        <\/div>\n        <div class=\"wp-block-getwid-post-carousel__post-excerpt\"><p>Ahir vam realitzar la darrera sessi\u00f3 del Seminari de coordinaci\u00f3 Educaci\u00f3 per a la sostenibilitat. Comissions de seguiment d&#8217;Escoles Verdes [&hellip;]<\/p>\n<\/div>\n    <\/div>\n<\/div>\n\n\t\t\t\t\t\t\t<\/div>\n\t\t\t\t\t\t\t\t\t\t\t\t\t<div class=\"wp-block-getwid-post-carousel__slide\">\n\t\t\t\t\t\t\t\t\n<div class=\"wp-block-getwid-post-carousel__post\">\n            <div class=\"wp-block-getwid-post-carousel__post-thumbnail\">\n            <a href=\"https:\/\/serveiseducatius.xtec.cat\/pladurgell\/general\/nova-maleta-pedagogica-per-saber-el-teu-consum-daigua\/\"><img loading=\"lazy\" decoding=\"async\" width=\"1587\" height=\"2245\" src=\"https:\/\/serveiseducatius.xtec.cat\/pladurgell\/wp-content\/uploads\/usu1141\/2024\/01\/Cartells-Maletes.png\" class=\"attachment-post-thumbnail size-post-thumbnail wp-post-image\" alt=\"\" srcset=\"https:\/\/serveiseducatius.xtec.cat\/pladurgell\/wp-content\/uploads\/usu1141\/2024\/01\/Cartells-Maletes.png 1587w, https:\/\/serveiseducatius.xtec.cat\/pladurgell\/wp-content\/uploads\/usu1141\/2024\/01\/Cartells-Maletes-212x300.png 212w, https:\/\/serveiseducatius.xtec.cat\/pladurgell\/wp-content\/uploads\/usu1141\/2024\/01\/Cartells-Maletes-724x1024.png 724w, https:\/\/serveiseducatius.xtec.cat\/pladurgell\/wp-content\/uploads\/usu1141\/2024\/01\/Cartells-Maletes-768x1086.png 768w, https:\/\/serveiseducatius.xtec.cat\/pladurgell\/wp-content\/uploads\/usu1141\/2024\/01\/Cartells-Maletes-1086x1536.png 1086w, https:\/\/serveiseducatius.xtec.cat\/pladurgell\/wp-content\/uploads\/usu1141\/2024\/01\/Cartells-Maletes-1448x2048.png 1448w\" sizes=\"auto, (max-width: 1587px) 100vw, 1587px\" \/><\/a>\n        <\/div>\n        <div class=\"wp-block-getwid-post-carousel__post-content-wrapper\">\n        <div class=\"wp-block-getwid-post-carousel__post-header\">\n            <h3 class=\"wp-block-getwid-post-carousel__post-title\"><a href=\"https:\/\/serveiseducatius.xtec.cat\/pladurgell\/general\/nova-maleta-pedagogica-per-saber-el-teu-consum-daigua\/\">Nova maleta pedag\u00f2gica: Per saber el teu consum d&#8217;aigua<\/a><\/h3>        <\/div>\n        <div class=\"wp-block-getwid-post-carousel__post-excerpt\"><p>Per saber el teu consum d&#8217;aigua\u00a0\u00e9s un recurs educatiu de la Fundaci\u00f3 &#8220;la Caixa&#8221; que\u00a0 pret\u00e9n fomentar les actituds positives [&hellip;]<\/p>\n<\/div>\n    <\/div>\n<\/div>\n\n\t\t\t\t\t\t\t<\/div>\n\t\t\t\t\t\t\t\t\t\t\t\t\t<div class=\"wp-block-getwid-post-carousel__slide\">\n\t\t\t\t\t\t\t\t\n<div class=\"wp-block-getwid-post-carousel__post\">\n            <div class=\"wp-block-getwid-post-carousel__post-thumbnail\">\n            <a href=\"https:\/\/serveiseducatius.xtec.cat\/pladurgell\/general\/forum-descoles-verdes-de-primaria\/\"><img loading=\"lazy\" decoding=\"async\" width=\"300\" height=\"304\" src=\"https:\/\/serveiseducatius.xtec.cat\/pladurgell\/wp-content\/uploads\/usu1141\/2023\/02\/unnamed-1-e1678366286384.jpg\" class=\"attachment-post-thumbnail size-post-thumbnail wp-post-image\" alt=\"\" \/><\/a>\n        <\/div>\n        <div class=\"wp-block-getwid-post-carousel__post-content-wrapper\">\n        <div class=\"wp-block-getwid-post-carousel__post-header\">\n            <h3 class=\"wp-block-getwid-post-carousel__post-title\"><a href=\"https:\/\/serveiseducatius.xtec.cat\/pladurgell\/general\/forum-descoles-verdes-de-primaria\/\">F\u00f2rum d&#8217;Escoles Verdes de Prim\u00e0ria<\/a><\/h3>        <\/div>\n        <div class=\"wp-block-getwid-post-carousel__post-excerpt\"><p>Aquesta primavera es faran 4 f\u00f2rums territorials d&#8217;Escoles Verdes, dos a la Plana de Lleida i dos a les comarques [&hellip;]<\/p>\n<\/div>\n    <\/div>\n<\/div>\n\n\t\t\t\t\t\t\t<\/div>\n\t\t\t\t\t\t\t\t\t\t\t\t\t<div class=\"wp-block-getwid-post-carousel__slide\">\n\t\t\t\t\t\t\t\t\n<div class=\"wp-block-getwid-post-carousel__post\">\n            <div class=\"wp-block-getwid-post-carousel__post-thumbnail\">\n            <a href=\"https:\/\/serveiseducatius.xtec.cat\/pladurgell\/general\/lets-clean-up-europe\/\"><img loading=\"lazy\" decoding=\"async\" width=\"300\" height=\"300\" src=\"https:\/\/serveiseducatius.xtec.cat\/pladurgell\/wp-content\/uploads\/usu1141\/2023\/02\/unnamed-e1676918427965.jpg\" class=\"attachment-post-thumbnail size-post-thumbnail wp-post-image\" alt=\"\" \/><\/a>\n        <\/div>\n        <div class=\"wp-block-getwid-post-carousel__post-content-wrapper\">\n        <div class=\"wp-block-getwid-post-carousel__post-header\">\n            <h3 class=\"wp-block-getwid-post-carousel__post-title\"><a href=\"https:\/\/serveiseducatius.xtec.cat\/pladurgell\/general\/lets-clean-up-europe\/\">LET&#8217;S CLEAN UP EUROPE!<\/a><\/h3>        <\/div>\n        <div class=\"wp-block-getwid-post-carousel__post-excerpt\"><p>Organitza una acci\u00f3 de neteja d&#8217;un espai natural i suma&#8217;t a la Let&#8217;s Clean Europe!!!\u00a0 \u00c9s una acci\u00f3 comuna a [&hellip;]<\/p>\n<\/div>\n    <\/div>\n<\/div>\n\n\t\t\t\t\t\t\t<\/div>\n\t\t\t\t\t\t\t\t\t\t\t\t\t<div class=\"wp-block-getwid-post-carousel__slide\">\n\t\t\t\t\t\t\t\t\n<div class=\"wp-block-getwid-post-carousel__post\">\n            <div class=\"wp-block-getwid-post-carousel__post-thumbnail\">\n            <a href=\"https:\/\/serveiseducatius.xtec.cat\/pladurgell\/general\/formacio-biodiversitat-i-maneig-ecologic-de-lhort-escolar\/\"><img loading=\"lazy\" decoding=\"async\" width=\"300\" height=\"400\" src=\"https:\/\/serveiseducatius.xtec.cat\/pladurgell\/wp-content\/uploads\/usu1141\/2023\/02\/image002-e1676641641988.png\" class=\"attachment-post-thumbnail size-post-thumbnail wp-post-image\" alt=\"\" \/><\/a>\n        <\/div>\n        <div class=\"wp-block-getwid-post-carousel__post-content-wrapper\">\n        <div class=\"wp-block-getwid-post-carousel__post-header\">\n            <h3 class=\"wp-block-getwid-post-carousel__post-title\"><a href=\"https:\/\/serveiseducatius.xtec.cat\/pladurgell\/general\/formacio-biodiversitat-i-maneig-ecologic-de-lhort-escolar\/\">Formaci\u00f3, Biodiversitat i maneig ecol\u00f2gic de l\u2019hort escolar<\/a><\/h3>        <\/div>\n        <div class=\"wp-block-getwid-post-carousel__post-excerpt\"><p>En el marc del Seminari d&#8217;Escoles Verdes del Pla d&#8217;Urgell, s&#8217;ha organitzat un taller sobre Biodiversitat i maneig ecol\u00f2gic de [&hellip;]<\/p>\n<\/div>\n    <\/div>\n<\/div>\n\n\t\t\t\t\t\t\t<\/div>\n\t\t\t\t\t\t            <\/div>\n        <\/div>\n        ","protected":false},"excerpt":{"rendered":"<p>El programa escoles verdes sorgeix com un comprom\u00eds per donar suport a tots els centres educatius de Catalunya que volen [&hellip;]<\/p>\n","protected":false},"author":1,"featured_media":0,"parent":20781,"menu_order":1,"comment_status":"closed","ping_status":"close","template":"","meta":{"_bbp_topic_count":0,"_bbp_reply_count":0,"_bbp_total_topic_count":0,"_bbp_total_reply_count":0,"_bbp_voice_count":0,"_bbp_anonymous_reply_count":0,"_bbp_topic_count_hidden":0,"_bbp_reply_count_hidden":0,"_bbp_forum_subforum_count":0,"site-sidebar-layout":"default","site-content-layout":"","ast-site-content-layout":"default","site-content-style":"default","site-sidebar-style":"default","ast-global-header-display":"","ast-banner-title-visibility":"","ast-main-header-display":"","ast-hfb-above-header-display":"","ast-hfb-below-header-display":"","ast-hfb-mobile-header-display":"","site-post-title":"","ast-breadcrumbs-content":"","ast-featured-img":"","footer-sml-layout":"","theme-transparent-header-meta":"","adv-header-id-meta":"","stick-header-meta":"","header-above-stick-meta":"","header-main-stick-meta":"","header-below-stick-meta":"","astra-migrate-meta-layouts":"set","ast-page-background-enabled":"default","ast-page-background-meta":{"desktop":{"background-color":"var(--ast-global-color-4)","background-image":"","background-repeat":"repeat","background-position":"center center","background-size":"auto","background-attachment":"scroll","background-type":"","background-media":"","overlay-type":"","overlay-color":"","overlay-opacity":"","overlay-gradient":""},"tablet":{"background-color":"","background-image":"","background-repeat":"repeat","background-position":"center center","background-size":"auto","background-attachment":"scroll","background-type":"","background-media":"","overlay-type":"","overlay-color":"","overlay-opacity":"","overlay-gradient":""},"mobile":{"background-color":"","background-image":"","background-repeat":"repeat","background-position":"center center","background-size":"auto","background-attachment":"scroll","background-type":"","background-media":"","overlay-type":"","overlay-color":"","overlay-opacity":"","overlay-gradient":""}},"ast-content-background-meta":{"desktop":{"background-color":"var(--ast-global-color-5)","background-image":"","background-repeat":"repeat","background-position":"center center","background-size":"auto","background-attachment":"scroll","background-type":"","background-media":"","overlay-type":"","overlay-color":"","overlay-opacity":"","overlay-gradient":""},"tablet":{"background-color":"var(--ast-global-color-5)","background-image":"","background-repeat":"repeat","background-position":"center center","background-size":"auto","background-attachment":"scroll","background-type":"","background-media":"","overlay-type":"","overlay-color":"","overlay-opacity":"","overlay-gradient":""},"mobile":{"background-color":"var(--ast-global-color-5)","background-image":"","background-repeat":"repeat","background-position":"center center","background-size":"auto","background-attachment":"scroll","background-type":"","background-media":"","overlay-type":"","overlay-color":"","overlay-opacity":"","overlay-gradient":""}},"footnotes":""},"class_list":["post-20835","page","type-page","status-publish","hentry"],"post_mailing_queue_ids":[],"_links":{"self":[{"href":"https:\/\/serveiseducatius.xtec.cat\/pladurgell\/wp-json\/wp\/v2\/pages\/20835","targetHints":{"allow":["GET"]}}],"collection":[{"href":"https:\/\/serveiseducatius.xtec.cat\/pladurgell\/wp-json\/wp\/v2\/pages"}],"about":[{"href":"https:\/\/serveiseducatius.xtec.cat\/pladurgell\/wp-json\/wp\/v2\/types\/page"}],"author":[{"embeddable":true,"href":"https:\/\/serveiseducatius.xtec.cat\/pladurgell\/wp-json\/wp\/v2\/users\/1"}],"replies":[{"embeddable":true,"href":"https:\/\/serveiseducatius.xtec.cat\/pladurgell\/wp-json\/wp\/v2\/comments?post=20835"}],"version-history":[{"count":1,"href":"https:\/\/serveiseducatius.xtec.cat\/pladurgell\/wp-json\/wp\/v2\/pages\/20835\/revisions"}],"predecessor-version":[{"id":20837,"href":"https:\/\/serveiseducatius.xtec.cat\/pladurgell\/wp-json\/wp\/v2\/pages\/20835\/revisions\/20837"}],"up":[{"embeddable":true,"href":"https:\/\/serveiseducatius.xtec.cat\/pladurgell\/wp-json\/wp\/v2\/pages\/20781"}],"wp:attachment":[{"href":"https:\/\/serveiseducatius.xtec.cat\/pladurgell\/wp-json\/wp\/v2\/media?parent=20835"}],"curies":[{"name":"wp","href":"https:\/\/api.w.org\/{rel}","templated":true}]}}