{"id":20702,"date":"2025-02-26T14:55:47","date_gmt":"2025-02-26T13:55:47","guid":{"rendered":"https:\/\/serveiseducatius.xtec.cat\/pladurgell\/?page_id=20702"},"modified":"2025-02-28T13:53:50","modified_gmt":"2025-02-28T12:53:50","slug":"crp","status":"publish","type":"page","link":"https:\/\/serveiseducatius.xtec.cat\/pladurgell\/el-servei-educatiu\/equip\/crp\/","title":{"rendered":"CRP"},"content":{"rendered":"\n<p>El <strong>Centre de Recursos Pedag\u00f2gics<\/strong> d\u00f3na suport a l\u2019activitat pedag\u00f2gica dels centres i a la tasca docent del professorat. Les nostres funcions s\u00f3n: <\/p>\n\n\n\n<ul class=\"wp-block-list\">\n<li>Detecci\u00f3, proposici\u00f3, coordinaci\u00f3 i organitzaci\u00f3 de les activitats de formaci\u00f3 permanent<\/li>\n\n\n\n<li>Assessorament pedag\u00f2gic i tecnol\u00f2gic (TAC)<\/li>\n\n\n\n<li>Gesti\u00f3 de recursos i materials pedag\u00f2gics<\/li>\n\n\n\n<li>Suport a les activitats docents i a l\u2019intercanvi d\u2019experi\u00e8ncies educatives<\/li>\n<\/ul>\n\n\n\n<p>Des del curs 2024\/25 el CRP compta amb una nova professional, l&#8217;<strong>Educadora Social<\/strong>, que duu a terme el projecte <strong>Reconnect-ES<\/strong>. Aquest programa consisteix en tasques de detecci\u00f3, coordinaci\u00f3 i assessorament a joves d&#8217;entre 16 i 24 anys que han abandonat l&#8217;escolaritzaci\u00f3.<\/p>\n\n\n\n<p><a href=\"http:\/\/serveiseducatius.xtec.cat\/pladurgell\/docs\/crp-professionals-adscrits\/\">Professionals adscrits<\/a><br><a href=\"http:\/\/xtec.gencat.cat\/ca\/serveis\/sez\/crp\/\">M\u00e9s informaci\u00f3 (XTEC)<\/a><\/p>\n","protected":false},"excerpt":{"rendered":"<p>El Centre de Recursos Pedag\u00f2gics d\u00f3na suport a l\u2019activitat pedag\u00f2gica dels centres i a la tasca docent del professorat. Les [&hellip;]<\/p>\n","protected":false},"author":1,"featured_media":0,"parent":306,"menu_order":0,"comment_status":"closed","ping_status":"close","template":"","meta":{"_bbp_topic_count":0,"_bbp_reply_count":0,"_bbp_total_topic_count":0,"_bbp_total_reply_count":0,"_bbp_voice_count":0,"_bbp_anonymous_reply_count":0,"_bbp_topic_count_hidden":0,"_bbp_reply_count_hidden":0,"_bbp_forum_subforum_count":0,"site-sidebar-layout":"default","site-content-layout":"","ast-site-content-layout":"default","site-content-style":"default","site-sidebar-style":"default","ast-global-header-display":"","ast-banner-title-visibility":"","ast-main-header-display":"","ast-hfb-above-header-display":"","ast-hfb-below-header-display":"","ast-hfb-mobile-header-display":"","site-post-title":"","ast-breadcrumbs-content":"","ast-featured-img":"","footer-sml-layout":"","theme-transparent-header-meta":"","adv-header-id-meta":"","stick-header-meta":"","header-above-stick-meta":"","header-main-stick-meta":"","header-below-stick-meta":"","astra-migrate-meta-layouts":"set","ast-page-background-enabled":"default","ast-page-background-meta":{"desktop":{"background-color":"var(--ast-global-color-4)","background-image":"","background-repeat":"repeat","background-position":"center center","background-size":"auto","background-attachment":"scroll","background-type":"","background-media":"","overlay-type":"","overlay-color":"","overlay-opacity":"","overlay-gradient":""},"tablet":{"background-color":"","background-image":"","background-repeat":"repeat","background-position":"center center","background-size":"auto","background-attachment":"scroll","background-type":"","background-media":"","overlay-type":"","overlay-color":"","overlay-opacity":"","overlay-gradient":""},"mobile":{"background-color":"","background-image":"","background-repeat":"repeat","background-position":"center center","background-size":"auto","background-attachment":"scroll","background-type":"","background-media":"","overlay-type":"","overlay-color":"","overlay-opacity":"","overlay-gradient":""}},"ast-content-background-meta":{"desktop":{"background-color":"var(--ast-global-color-5)","background-image":"","background-repeat":"repeat","background-position":"center center","background-size":"auto","background-attachment":"scroll","background-type":"","background-media":"","overlay-type":"","overlay-color":"","overlay-opacity":"","overlay-gradient":""},"tablet":{"background-color":"var(--ast-global-color-5)","background-image":"","background-repeat":"repeat","background-position":"center center","background-size":"auto","background-attachment":"scroll","background-type":"","background-media":"","overlay-type":"","overlay-color":"","overlay-opacity":"","overlay-gradient":""},"mobile":{"background-color":"var(--ast-global-color-5)","background-image":"","background-repeat":"repeat","background-position":"center center","background-size":"auto","background-attachment":"scroll","background-type":"","background-media":"","overlay-type":"","overlay-color":"","overlay-opacity":"","overlay-gradient":""}},"footnotes":""},"class_list":["post-20702","page","type-page","status-publish","hentry"],"post_mailing_queue_ids":[],"_links":{"self":[{"href":"https:\/\/serveiseducatius.xtec.cat\/pladurgell\/wp-json\/wp\/v2\/pages\/20702","targetHints":{"allow":["GET"]}}],"collection":[{"href":"https:\/\/serveiseducatius.xtec.cat\/pladurgell\/wp-json\/wp\/v2\/pages"}],"about":[{"href":"https:\/\/serveiseducatius.xtec.cat\/pladurgell\/wp-json\/wp\/v2\/types\/page"}],"author":[{"embeddable":true,"href":"https:\/\/serveiseducatius.xtec.cat\/pladurgell\/wp-json\/wp\/v2\/users\/1"}],"replies":[{"embeddable":true,"href":"https:\/\/serveiseducatius.xtec.cat\/pladurgell\/wp-json\/wp\/v2\/comments?post=20702"}],"version-history":[{"count":2,"href":"https:\/\/serveiseducatius.xtec.cat\/pladurgell\/wp-json\/wp\/v2\/pages\/20702\/revisions"}],"predecessor-version":[{"id":20784,"href":"https:\/\/serveiseducatius.xtec.cat\/pladurgell\/wp-json\/wp\/v2\/pages\/20702\/revisions\/20784"}],"up":[{"embeddable":true,"href":"https:\/\/serveiseducatius.xtec.cat\/pladurgell\/wp-json\/wp\/v2\/pages\/306"}],"wp:attachment":[{"href":"https:\/\/serveiseducatius.xtec.cat\/pladurgell\/wp-json\/wp\/v2\/media?parent=20702"}],"curies":[{"name":"wp","href":"https:\/\/api.w.org\/{rel}","templated":true}]}}