{"id":8589,"date":"2026-01-15T09:39:01","date_gmt":"2026-01-15T08:39:01","guid":{"rendered":"https:\/\/serveiseducatius.xtec.cat\/pladelestany\/?page_id=8589"},"modified":"2026-02-19T11:06:17","modified_gmt":"2026-02-19T10:06:17","slug":"ia","status":"publish","type":"page","link":"https:\/\/serveiseducatius.xtec.cat\/pladelestany\/les-nostres-activitats\/suport-digital-pla-de-lestany\/ia\/","title":{"rendered":"IA"},"content":{"rendered":"\n<div class=\"wp-block-columns is-layout-flex wp-container-core-columns-is-layout-1 wp-block-columns-is-layout-flex\">\n<div class=\"wp-block-column is-layout-flow wp-block-column-is-layout-flow\"><p><iframe loading=\"lazy\" src=\"https:\/\/drive.google.com\/file\/d\/1A77GWtg9-8We4JY0n_otbsvztv9yR1tv\/preview\" width=\"640\" height=\"720\"><\/iframe><\/p>\n<\/div>\n<\/div>\n\n\n\n<p>Aquest document presenta el marc de la&nbsp;<strong>Compet\u00e8ncia Digital Docent en Intel\u00b7lig\u00e8ncia Artificial (CDD-IA)<\/strong>, desenvolupat pel Departament d\u2019Educaci\u00f3 i Formaci\u00f3 Professional de la Generalitat de Catalunya per al sistema educatiu catal\u00e0. En resposta a la r\u00e0pida irrupci\u00f3 de la IA generativa, que est\u00e0 transformant l\u2019acc\u00e9s al coneixement i la creaci\u00f3 de continguts, aquest marc estableix els coneixements, les habilitats i les actituds necess\u00e0ries perqu\u00e8 els docents integrin aquesta tecnologia de manera responsable, cr\u00edtica i efica\u00e7.<\/p>\n\n\n\n<figure class=\"wp-block-embed is-type-video is-provider-youtube wp-block-embed-youtube wp-embed-aspect-16-9 wp-has-aspect-ratio\"><div class=\"wp-block-embed__wrapper\">\n<div class=\"ast-oembed-container \" style=\"height: 100%;\"><iframe loading=\"lazy\" title=\"Compet\u00e8ncia digital docent en intel\u00b7lig\u00e8ncia artificial\" width=\"500\" height=\"281\" src=\"https:\/\/www.youtube.com\/embed\/etzt1SRmo0c?feature=oembed\" frameborder=\"0\" allow=\"accelerometer; autoplay; clipboard-write; encrypted-media; gyroscope; picture-in-picture; web-share\" referrerpolicy=\"strict-origin-when-cross-origin\" allowfullscreen><\/iframe><\/div>\n<\/div><\/figure>\n\n\n\n<h2 class=\"wp-block-heading has-ast-global-color-1-color has-ast-global-color-0-background-color has-text-color has-background has-link-color wp-elements-c77971ae9328d1b541b07521c6c635af\" style=\"border-style:none;border-width:0px\"><a href=\"https:\/\/projectes.xtec.cat\/ia\/\" target=\"_blank\" rel=\"noreferrer noopener\">Espai web d&#8217;Intel\u00b7lig\u00e8ncia artificial <\/a><\/h2>\n\n\n\n<h2 class=\"wp-block-heading\">Recursos i enlla\u00e7os:<\/h2>\n\n\n\n<ul class=\"wp-block-list\">\n<li>Formacions fetes d\u2019IA a Girona I Banyoles:\n<ul class=\"wp-block-list\">\n<li><a href=\"https:\/\/sites.google.com\/xtec.cat\/iaraque\/p%C3%A0gina-principal\" target=\"_blank\" rel=\"noreferrer noopener\">I Ara, qu\u00e8? Intel\u00b7lig\u00e8ncia Artificial Generativa per a docents<\/a><\/li>\n\n\n\n<li><a href=\"https:\/\/docs.google.com\/presentation\/d\/1RimVKNnELgAPfH1sN4O3KAjUmXADmIvxulpuLqNVGnQ\/edit?slide=id.g36553bbc4e3_0_0#slide=id.g36553bbc4e3_0_0\" target=\"_blank\" rel=\"noreferrer noopener\">De la calculadora a ChatGPT<\/a><\/li>\n\n\n\n<li><a href=\"https:\/\/drive.google.com\/file\/d\/1Gy5qcSa9n0IUpUxKAGFBIBkUPpYf-2j-\/view?usp=drive_link\" target=\"_blank\" rel=\"noreferrer noopener\">IAG en els centres educatius. Per on comencem?<\/a><\/li>\n<\/ul>\n<\/li>\n\n\n\n<li><a href=\"https:\/\/www.youtube.com\/playlist?list=PL1G8SlWrQojgUy7Aw_tqhu76Zh6NvWpIL\" target=\"_blank\" rel=\"noreferrer noopener\">Llista de reproducci\u00f3&nbsp;<\/a>Cultura Digital<\/li>\n\n\n\n<li>Nova opci\u00f3 de NotebookLm: resums amb v\u00eddeo i infografies. Exemples:\n<ul class=\"wp-block-list\">\n<li><a href=\"https:\/\/docs.google.com\/document\/d\/1uPXjzp-z0XSUz3AtI-ixnW3JDYcXA1NrT-6xEvFQ1dU\/edit?tab=t.0#heading=h.6rb6a0vlr5t3\" target=\"_blank\" rel=\"noreferrer noopener\">Llibre INVENTAR PER APRENDRE<\/a>&nbsp;(resum en \u00e0udio i resum en v\u00eddeo)<\/li>\n\n\n\n<li><a href=\"https:\/\/drive.google.com\/file\/d\/1FRspqkOhZYvM4aSRJHy8XEARkDH35r44\/view?usp=sharing\" target=\"_blank\" rel=\"noreferrer noopener\">Resum subxarxa<\/a>&nbsp;(resum en v\u00eddeo)<\/li>\n\n\n\n<li><a href=\"https:\/\/drive.google.com\/file\/d\/1EekT_O-HaDL8yKmgMGcbeLmKh1ec5oSW\/view?usp=sharing\" target=\"_blank\" rel=\"noreferrer noopener\">Infografies<\/a><\/li>\n<\/ul>\n<\/li>\n\n\n\n<li>Canva:\n<ul class=\"wp-block-list\">\n<li><a href=\"https:\/\/www.canva.com\/design\/DAG3Ea0KpWI\/GBFx36RAaetHefRLT7pPkw\/view?utm_content=DAG3Ea0KpWI&amp;utm_campaign=designshare&amp;utm_medium=link2&amp;utm_source=uniquelinks&amp;utlId=hf1598e4ce5#12\" target=\"_blank\" rel=\"noreferrer noopener\">Presentacions<\/a><\/li>\n<\/ul>\n<\/li>\n\n\n\n<li>Enlla\u00e7os a Notebooklm per fer consultes de:\n<ul class=\"wp-block-list\">\n<li><a href=\"https:\/\/notebooklm.google.com\/notebook\/70efde60-e871-4427-bf08-9731f6e52a1f\">Plaques, complements i accessoris<\/a>&nbsp;<\/li>\n\n\n\n<li><a href=\"https:\/\/notebooklm.google.com\/notebook\/421e00c8-9ff7-4cd2-923a-a687ccc9a996\">Robots educatius<\/a><\/li>\n\n\n\n<li><a href=\"https:\/\/notebooklm.google.com\/notebook\/b0100f60-d847-4600-913a-00ec7a2c77af\" target=\"_blank\" rel=\"noreferrer noopener\">Maleta audiovisual<\/a><\/li>\n<\/ul>\n<\/li>\n<\/ul>\n\n\n\n<p class=\"has-ast-global-color-0-background-color has-background has-medium-font-size\"><strong>Eines d&#8217;aula (a partir de la diapositiva 7)<\/strong><\/p>\n\n\n<p><iframe loading=\"lazy\" src=\"https:\/\/docs.google.com\/presentation\/d\/e\/2PACX-1vS68O0017hZJPLOOXarQOs9nT1NOx5RPHMPPjJUbQmQgzA1iR6MS6pvvG0UFz47vOO0v0GwwGHRZMV4\/pubembed?start=false&#038;loop=false&#038;delayms=3000\" frameborder=\"0\" width=\"960\" height=\"569\" allowfullscreen=\"true\" mozallowfullscreen=\"true\" webkitallowfullscreen=\"true\"><\/iframe><\/p>\n","protected":false},"excerpt":{"rendered":"<p>Aquest document presenta el marc de la&nbsp;Compet\u00e8ncia Digital Docent en Intel\u00b7lig\u00e8ncia Artificial (CDD-IA), desenvolupat pel Departament d\u2019Educaci\u00f3 i Formaci\u00f3 Professional [&hellip;]<\/p>\n","protected":false},"author":1,"featured_media":0,"parent":6100,"menu_order":0,"comment_status":"closed","ping_status":"close","template":"","meta":{"site-sidebar-layout":"default","site-content-layout":"","ast-site-content-layout":"default","site-content-style":"default","site-sidebar-style":"default","ast-global-header-display":"","ast-banner-title-visibility":"","ast-main-header-display":"","ast-hfb-above-header-display":"","ast-hfb-below-header-display":"","ast-hfb-mobile-header-display":"","site-post-title":"","ast-breadcrumbs-content":"","ast-featured-img":"","footer-sml-layout":"","theme-transparent-header-meta":"","adv-header-id-meta":"","stick-header-meta":"","header-above-stick-meta":"","header-main-stick-meta":"","header-below-stick-meta":"","astra-migrate-meta-layouts":"set","ast-page-background-enabled":"default","ast-page-background-meta":{"desktop":{"background-color":"var(--ast-global-color-4)","background-image":"","background-repeat":"repeat","background-position":"center center","background-size":"auto","background-attachment":"scroll","background-type":"","background-media":"","overlay-type":"","overlay-color":"","overlay-opacity":"","overlay-gradient":""},"tablet":{"background-color":"","background-image":"","background-repeat":"repeat","background-position":"center center","background-size":"auto","background-attachment":"scroll","background-type":"","background-media":"","overlay-type":"","overlay-color":"","overlay-opacity":"","overlay-gradient":""},"mobile":{"background-color":"","background-image":"","background-repeat":"repeat","background-position":"center center","background-size":"auto","background-attachment":"scroll","background-type":"","background-media":"","overlay-type":"","overlay-color":"","overlay-opacity":"","overlay-gradient":""}},"ast-content-background-meta":{"desktop":{"background-color":"var(--ast-global-color-5)","background-image":"","background-repeat":"repeat","background-position":"center center","background-size":"auto","background-attachment":"scroll","background-type":"","background-media":"","overlay-type":"","overlay-color":"","overlay-opacity":"","overlay-gradient":""},"tablet":{"background-color":"var(--ast-global-color-5)","background-image":"","background-repeat":"repeat","background-position":"center center","background-size":"auto","background-attachment":"scroll","background-type":"","background-media":"","overlay-type":"","overlay-color":"","overlay-opacity":"","overlay-gradient":""},"mobile":{"background-color":"var(--ast-global-color-5)","background-image":"","background-repeat":"repeat","background-position":"center center","background-size":"auto","background-attachment":"scroll","background-type":"","background-media":"","overlay-type":"","overlay-color":"","overlay-opacity":"","overlay-gradient":""}},"footnotes":""},"class_list":["post-8589","page","type-page","status-publish","hentry"],"post_mailing_queue_ids":[],"_links":{"self":[{"href":"https:\/\/serveiseducatius.xtec.cat\/pladelestany\/wp-json\/wp\/v2\/pages\/8589","targetHints":{"allow":["GET"]}}],"collection":[{"href":"https:\/\/serveiseducatius.xtec.cat\/pladelestany\/wp-json\/wp\/v2\/pages"}],"about":[{"href":"https:\/\/serveiseducatius.xtec.cat\/pladelestany\/wp-json\/wp\/v2\/types\/page"}],"author":[{"embeddable":true,"href":"https:\/\/serveiseducatius.xtec.cat\/pladelestany\/wp-json\/wp\/v2\/users\/1"}],"replies":[{"embeddable":true,"href":"https:\/\/serveiseducatius.xtec.cat\/pladelestany\/wp-json\/wp\/v2\/comments?post=8589"}],"version-history":[{"count":6,"href":"https:\/\/serveiseducatius.xtec.cat\/pladelestany\/wp-json\/wp\/v2\/pages\/8589\/revisions"}],"predecessor-version":[{"id":8785,"href":"https:\/\/serveiseducatius.xtec.cat\/pladelestany\/wp-json\/wp\/v2\/pages\/8589\/revisions\/8785"}],"up":[{"embeddable":true,"href":"https:\/\/serveiseducatius.xtec.cat\/pladelestany\/wp-json\/wp\/v2\/pages\/6100"}],"wp:attachment":[{"href":"https:\/\/serveiseducatius.xtec.cat\/pladelestany\/wp-json\/wp\/v2\/media?parent=8589"}],"curies":[{"name":"wp","href":"https:\/\/api.w.org\/{rel}","templated":true}]}}