{"id":8499,"date":"2025-12-15T16:10:10","date_gmt":"2025-12-15T15:10:10","guid":{"rendered":"https:\/\/serveiseducatius.xtec.cat\/pladelestany\/?page_id=8499"},"modified":"2025-12-15T16:10:10","modified_gmt":"2025-12-15T15:10:10","slug":"per-crear-avatars","status":"publish","type":"page","link":"https:\/\/serveiseducatius.xtec.cat\/pladelestany\/escola-inclusiva\/inclusio-digital\/per-crear-avatars\/","title":{"rendered":"Per crear avatars"},"content":{"rendered":"\n<figure class=\"wp-block-image aligncenter size-large\"><a href=\"https:\/\/serveiseducatius.xtec.cat\/pladelestany\/wp-content\/uploads\/usu771\/2025\/12\/Inclusio-digital-portades-7.png\"><img loading=\"lazy\" decoding=\"async\" width=\"1024\" height=\"256\" src=\"https:\/\/serveiseducatius.xtec.cat\/pladelestany\/wp-content\/uploads\/usu771\/2025\/12\/Inclusio-digital-portades-7-1024x256.png\" alt=\"\" class=\"wp-image-8500\" srcset=\"https:\/\/serveiseducatius.xtec.cat\/pladelestany\/wp-content\/uploads\/usu771\/2025\/12\/Inclusio-digital-portades-7-1024x256.png 1024w, https:\/\/serveiseducatius.xtec.cat\/pladelestany\/wp-content\/uploads\/usu771\/2025\/12\/Inclusio-digital-portades-7-300x75.png 300w, https:\/\/serveiseducatius.xtec.cat\/pladelestany\/wp-content\/uploads\/usu771\/2025\/12\/Inclusio-digital-portades-7-768x192.png 768w, https:\/\/serveiseducatius.xtec.cat\/pladelestany\/wp-content\/uploads\/usu771\/2025\/12\/Inclusio-digital-portades-7-1536x384.png 1536w, https:\/\/serveiseducatius.xtec.cat\/pladelestany\/wp-content\/uploads\/usu771\/2025\/12\/Inclusio-digital-portades-7.png 1920w\" sizes=\"auto, (max-width: 1024px) 100vw, 1024px\" \/><\/a><\/figure>\n\n\n\n<p>Un avatar \u00e9s un personatge virtual creat per un mateix i al qual hom li dona les caracter\u00edstiques i trets f\u00edsics que desitgi.<\/p>\n\n\n\n<p>Amb aquestes aplicacions i eines aqu\u00ed exposades, l&#8217;alumnat pot crear el seu personatge, el seu <em>avatar<\/em>, i fer-los parlar amb all\u00f2 que s&#8217;ha enregistrat o escrit. Despr\u00e9s pot exportar-se o afegir-se a algun altre lloc web per presentar treballs o exposar temes diversos.<\/p>\n\n\n\n<div class=\"wp-block-columns is-layout-flex wp-container-core-columns-is-layout-1 wp-block-columns-is-layout-flex\">\n<div class=\"wp-block-column is-vertically-aligned-center is-layout-flow wp-block-column-is-layout-flow\" style=\"flex-basis:33.33%\">\n<p class=\"has-text-align-center\"><strong><strong><strong><a href=\"https:\/\/makebeliefscomix.com\/Comix\/\" target=\"_blank\" rel=\"noreferrer noopener\">Voki<\/a><\/strong><\/strong><\/strong><\/p>\n<\/div>\n\n\n\n<div class=\"wp-block-column is-layout-flow wp-block-column-is-layout-flow\" style=\"flex-basis:66.66%\">\n<p class=\"has-ast-global-color-1-color has-text-color has-link-color wp-elements-2c708859b90e97ea3f9141173f9aef02\">Permet crear un personatge ( o utilitzar una fotografia pr\u00f2pia ), editar-lo canviant faccions del rostre, roba i decorat i donar-li veu, b\u00e9 sigui escrivint el text o dictant-lo amb la veu.<\/p>\n\n\n\n<p class=\"has-ast-global-color-1-color has-text-color has-link-color wp-elements-6cb90582b4ebc6d0483a83dea8f30bfa\">No cal registrar-se per a la versi\u00f3 senzilla.<strong>(<\/strong><a href=\"http:\/\/www.google.com\/url?q=http%3A%2F%2Fwww.voki.com&amp;sa=D&amp;sntz=1&amp;usg=AOvVaw104TNr350gJ9sqT76qNNyp\" target=\"_blank\" rel=\"noreferrer noopener\"><strong>+<\/strong><\/a><strong>)<\/strong><\/p>\n<\/div>\n<\/div>\n\n\n\n<div class=\"wp-block-columns has-background is-layout-flex wp-container-core-columns-is-layout-2 wp-block-columns-is-layout-flex\" style=\"background-color:#eaf2dd\">\n<div class=\"wp-block-column is-vertically-aligned-center is-layout-flow wp-block-column-is-layout-flow\" style=\"flex-basis:33.33%\">\n<p class=\"has-text-align-center\"><strong><strong><a href=\"https:\/\/blabberize.com\/\" target=\"_blank\" rel=\"noreferrer noopener\"><strong>Blabberize<\/strong><\/a><\/strong><\/strong><\/p>\n<\/div>\n\n\n\n<div class=\"wp-block-column is-layout-flow wp-block-column-is-layout-flow\" style=\"flex-basis:66.66%\">\n<p>A un personatge (foto o dibuix ) li dones veu ( a trav\u00e9s d&#8217;un escrit o gravant el so ) i aquest mou la boca mentre ho repeteix. El moviment de la boca l&#8217;edita un mateix, marcant quins punts vol que es moguin de la imatge i fins a on ha de gesticular la &#8220;boca&#8221;.<\/p>\n\n\n\n<p>Permet treballar sense registrar-se. <strong>(<\/strong><a href=\"http:\/\/www.google.com\/url?q=http%3A%2F%2Fblabberize.com%2F&amp;sa=D&amp;sntz=1&amp;usg=AOvVaw0C7vn1ujZRHGaN_aDoBKMp\" target=\"_blank\" rel=\"noreferrer noopener\"><strong>+<\/strong><\/a><strong>)<\/strong><\/p>\n<\/div>\n<\/div>\n\n\n\n<p class=\"has-white-color has-text-color has-link-color wp-elements-7e4ac651328708ea719ac0894fa30934\">.<\/p>\n\n\n\n<p class=\"has-white-color has-text-color has-link-color wp-elements-7e4ac651328708ea719ac0894fa30934\">.<\/p>\n\n\n\n<figure class=\"wp-block-image alignright size-large is-resized\"><a href=\"https:\/\/serveiseducatius.xtec.cat\/pladelestany\/escola-inclusiva\/inclusio-digital\/\"><img loading=\"lazy\" decoding=\"async\" width=\"1024\" height=\"1024\" src=\"https:\/\/serveiseducatius.xtec.cat\/pladelestany\/wp-content\/uploads\/usu771\/2025\/12\/12-1024x1024.png\" alt=\"\" class=\"wp-image-8440\" style=\"width:179px;height:auto\" srcset=\"https:\/\/serveiseducatius.xtec.cat\/pladelestany\/wp-content\/uploads\/usu771\/2025\/12\/12-1024x1024.png 1024w, https:\/\/serveiseducatius.xtec.cat\/pladelestany\/wp-content\/uploads\/usu771\/2025\/12\/12-300x300.png 300w, https:\/\/serveiseducatius.xtec.cat\/pladelestany\/wp-content\/uploads\/usu771\/2025\/12\/12-150x150.png 150w, https:\/\/serveiseducatius.xtec.cat\/pladelestany\/wp-content\/uploads\/usu771\/2025\/12\/12-768x768.png 768w, https:\/\/serveiseducatius.xtec.cat\/pladelestany\/wp-content\/uploads\/usu771\/2025\/12\/12.png 1080w\" sizes=\"auto, (max-width: 1024px) 100vw, 1024px\" \/><\/a><\/figure>\n","protected":false},"excerpt":{"rendered":"<p>Un avatar \u00e9s un personatge virtual creat per un mateix i al qual hom li dona les caracter\u00edstiques i trets [&hellip;]<\/p>\n","protected":false},"author":1,"featured_media":0,"parent":8393,"menu_order":0,"comment_status":"closed","ping_status":"close","template":"","meta":{"site-sidebar-layout":"default","site-content-layout":"","ast-site-content-layout":"default","site-content-style":"default","site-sidebar-style":"default","ast-global-header-display":"","ast-banner-title-visibility":"","ast-main-header-display":"","ast-hfb-above-header-display":"","ast-hfb-below-header-display":"","ast-hfb-mobile-header-display":"","site-post-title":"disabled","ast-breadcrumbs-content":"","ast-featured-img":"","footer-sml-layout":"","theme-transparent-header-meta":"","adv-header-id-meta":"","stick-header-meta":"","header-above-stick-meta":"","header-main-stick-meta":"","header-below-stick-meta":"","astra-migrate-meta-layouts":"set","ast-page-background-enabled":"default","ast-page-background-meta":{"desktop":{"background-color":"var(--ast-global-color-4)","background-image":"","background-repeat":"repeat","background-position":"center center","background-size":"auto","background-attachment":"scroll","background-type":"","background-media":"","overlay-type":"","overlay-color":"","overlay-opacity":"","overlay-gradient":""},"tablet":{"background-color":"","background-image":"","background-repeat":"repeat","background-position":"center center","background-size":"auto","background-attachment":"scroll","background-type":"","background-media":"","overlay-type":"","overlay-color":"","overlay-opacity":"","overlay-gradient":""},"mobile":{"background-color":"","background-image":"","background-repeat":"repeat","background-position":"center center","background-size":"auto","background-attachment":"scroll","background-type":"","background-media":"","overlay-type":"","overlay-color":"","overlay-opacity":"","overlay-gradient":""}},"ast-content-background-meta":{"desktop":{"background-color":"var(--ast-global-color-5)","background-image":"","background-repeat":"repeat","background-position":"center center","background-size":"auto","background-attachment":"scroll","background-type":"","background-media":"","overlay-type":"","overlay-color":"","overlay-opacity":"","overlay-gradient":""},"tablet":{"background-color":"var(--ast-global-color-5)","background-image":"","background-repeat":"repeat","background-position":"center center","background-size":"auto","background-attachment":"scroll","background-type":"","background-media":"","overlay-type":"","overlay-color":"","overlay-opacity":"","overlay-gradient":""},"mobile":{"background-color":"var(--ast-global-color-5)","background-image":"","background-repeat":"repeat","background-position":"center center","background-size":"auto","background-attachment":"scroll","background-type":"","background-media":"","overlay-type":"","overlay-color":"","overlay-opacity":"","overlay-gradient":""}},"footnotes":""},"class_list":["post-8499","page","type-page","status-publish","hentry"],"post_mailing_queue_ids":[],"_links":{"self":[{"href":"https:\/\/serveiseducatius.xtec.cat\/pladelestany\/wp-json\/wp\/v2\/pages\/8499","targetHints":{"allow":["GET"]}}],"collection":[{"href":"https:\/\/serveiseducatius.xtec.cat\/pladelestany\/wp-json\/wp\/v2\/pages"}],"about":[{"href":"https:\/\/serveiseducatius.xtec.cat\/pladelestany\/wp-json\/wp\/v2\/types\/page"}],"author":[{"embeddable":true,"href":"https:\/\/serveiseducatius.xtec.cat\/pladelestany\/wp-json\/wp\/v2\/users\/1"}],"replies":[{"embeddable":true,"href":"https:\/\/serveiseducatius.xtec.cat\/pladelestany\/wp-json\/wp\/v2\/comments?post=8499"}],"version-history":[{"count":1,"href":"https:\/\/serveiseducatius.xtec.cat\/pladelestany\/wp-json\/wp\/v2\/pages\/8499\/revisions"}],"predecessor-version":[{"id":8501,"href":"https:\/\/serveiseducatius.xtec.cat\/pladelestany\/wp-json\/wp\/v2\/pages\/8499\/revisions\/8501"}],"up":[{"embeddable":true,"href":"https:\/\/serveiseducatius.xtec.cat\/pladelestany\/wp-json\/wp\/v2\/pages\/8393"}],"wp:attachment":[{"href":"https:\/\/serveiseducatius.xtec.cat\/pladelestany\/wp-json\/wp\/v2\/media?parent=8499"}],"curies":[{"name":"wp","href":"https:\/\/api.w.org\/{rel}","templated":true}]}}