{"id":8478,"date":"2025-12-15T12:20:06","date_gmt":"2025-12-15T11:20:06","guid":{"rendered":"https:\/\/serveiseducatius.xtec.cat\/pladelestany\/?page_id=8478"},"modified":"2025-12-15T15:49:43","modified_gmt":"2025-12-15T14:49:43","slug":"per-ordenar-idees-i-fer-mapes-conceptuals","status":"publish","type":"page","link":"https:\/\/serveiseducatius.xtec.cat\/pladelestany\/escola-inclusiva\/inclusio-digital\/per-ordenar-idees-i-fer-mapes-conceptuals\/","title":{"rendered":"Per ordenar idees i fer mapes conceptuals"},"content":{"rendered":"\n<figure class=\"wp-block-image aligncenter size-large\"><a href=\"https:\/\/serveiseducatius.xtec.cat\/pladelestany\/wp-content\/uploads\/usu771\/2025\/12\/Inclusio-digital-portades-4.png\"><img loading=\"lazy\" decoding=\"async\" width=\"1024\" height=\"256\" src=\"https:\/\/serveiseducatius.xtec.cat\/pladelestany\/wp-content\/uploads\/usu771\/2025\/12\/Inclusio-digital-portades-4-1024x256.png\" alt=\"\" class=\"wp-image-8479\" srcset=\"https:\/\/serveiseducatius.xtec.cat\/pladelestany\/wp-content\/uploads\/usu771\/2025\/12\/Inclusio-digital-portades-4-1024x256.png 1024w, https:\/\/serveiseducatius.xtec.cat\/pladelestany\/wp-content\/uploads\/usu771\/2025\/12\/Inclusio-digital-portades-4-300x75.png 300w, https:\/\/serveiseducatius.xtec.cat\/pladelestany\/wp-content\/uploads\/usu771\/2025\/12\/Inclusio-digital-portades-4-768x192.png 768w, https:\/\/serveiseducatius.xtec.cat\/pladelestany\/wp-content\/uploads\/usu771\/2025\/12\/Inclusio-digital-portades-4-1536x384.png 1536w, https:\/\/serveiseducatius.xtec.cat\/pladelestany\/wp-content\/uploads\/usu771\/2025\/12\/Inclusio-digital-portades-4.png 1920w\" sizes=\"auto, (max-width: 1024px) 100vw, 1024px\" \/><\/a><\/figure>\n\n\n\n<div class=\"wp-block-columns is-layout-flex wp-container-core-columns-is-layout-1 wp-block-columns-is-layout-flex\">\n<div class=\"wp-block-column is-vertically-aligned-center is-layout-flow wp-block-column-is-layout-flow\" style=\"flex-basis:33.33%\">\n<p class=\"has-text-align-center\"><strong><strong><a href=\"https:\/\/logopediaceepalau.blogspot.com\/\" target=\"_blank\" rel=\"noreferrer noopener\">Canvastera<\/a><\/strong><\/strong><\/p>\n<\/div>\n\n\n\n<div class=\"wp-block-column is-layout-flow wp-block-column-is-layout-flow\" style=\"flex-basis:66.66%\">\n<p class=\"has-ast-global-color-1-color has-text-color has-link-color wp-elements-0fb2a9fdde2dacc3241fdb733324f59a\">Per fer murals\/p\u00f2sters. Amb moltes icones i imatges per enriquir el projecte, que permet inserir-hi v\u00eddeos i imatges pr\u00f2pies. <strong>(<\/strong><a href=\"http:\/\/www.google.com\/url?q=http%3A%2F%2Fedu.glogster.com%2F&amp;sa=D&amp;sntz=1&amp;usg=AOvVaw28dSdIcd_gCApoZzJ6a2FY\" target=\"_blank\" rel=\"noreferrer noopener\"><strong>+<\/strong><\/a><strong>)<\/strong><\/p>\n<\/div>\n<\/div>\n\n\n\n<div class=\"wp-block-columns has-background is-layout-flex wp-container-core-columns-is-layout-2 wp-block-columns-is-layout-flex\" style=\"background-color:#eaf2dd\">\n<div class=\"wp-block-column is-vertically-aligned-center is-layout-flow wp-block-column-is-layout-flow\" style=\"flex-basis:33.33%\">\n<p class=\"has-text-align-center\"><strong><strong><a href=\"https:\/\/llengua.gencat.cat\/ca\/llengua_signes_catalana\/\" target=\"_blank\" rel=\"noreferrer noopener\">Canva<\/a><\/strong><\/strong><\/p>\n<\/div>\n\n\n\n<div class=\"wp-block-column is-layout-flow wp-block-column-is-layout-flow\" style=\"flex-basis:66.66%\">\n<p>Per fer dissenys de revistes, maquetaci\u00f3, p\u00f2sters&#8230; <strong>(<\/strong><a href=\"https:\/\/www.google.com\/url?q=https%3A%2F%2Fwww.canva.com%2F&amp;sa=D&amp;sntz=1&amp;usg=AOvVaw11CGIoLHCqm5-8GAFqRorP\" target=\"_blank\" rel=\"noreferrer noopener\"><strong>+<\/strong><\/a><strong>)<\/strong><\/p>\n<\/div>\n<\/div>\n\n\n\n<div class=\"wp-block-columns is-layout-flex wp-container-core-columns-is-layout-3 wp-block-columns-is-layout-flex\">\n<div class=\"wp-block-column is-vertically-aligned-center is-layout-flow wp-block-column-is-layout-flow\" style=\"flex-basis:33.33%\">\n<p class=\"has-text-align-center\"><strong><strong><a href=\"https:\/\/nulab.com\/es\/cacoo\/\" target=\"_blank\" rel=\"noreferrer noopener\">Cacoo<\/a><\/strong><\/strong><\/p>\n<\/div>\n\n\n\n<div class=\"wp-block-column is-layout-flow wp-block-column-is-layout-flow\" style=\"flex-basis:66.66%\">\n<p class=\"has-ast-global-color-1-color has-text-color has-link-color wp-elements-7be9f5c581d2e6c7dfcd41cf8b6f736c\">Eina per fer diagrames de barres, murals expositius&#8230; de forma col\u00b7laborativa. <strong>(<\/strong><a href=\"https:\/\/www.google.com\/url?q=https%3A%2F%2Fcacoo.com%2Flang%2Fes%2F&amp;sa=D&amp;sntz=1&amp;usg=AOvVaw1Q_ypqmOURy21AH8IV9ogq\" target=\"_blank\" rel=\"noreferrer noopener\"><strong>+<\/strong><\/a><strong>)<\/strong><\/p>\n<\/div>\n<\/div>\n\n\n\n<div class=\"wp-block-columns has-background is-layout-flex wp-container-core-columns-is-layout-4 wp-block-columns-is-layout-flex\" style=\"background-color:#eaf2dd\">\n<div class=\"wp-block-column is-vertically-aligned-center is-layout-flow wp-block-column-is-layout-flow\" style=\"flex-basis:33.33%\">\n<p class=\"has-text-align-center\"><strong><a href=\"https:\/\/bubbl.us\/\" target=\"_blank\" rel=\"noreferrer noopener\">Bubbl.us<\/a><\/strong><\/p>\n<\/div>\n\n\n\n<div class=\"wp-block-column is-layout-flow wp-block-column-is-layout-flow\" style=\"flex-basis:66.66%\">\n<p>Per fer mapes conceptuals senzill i atractius amb facilitat. <strong>(<\/strong><a href=\"https:\/\/www.google.com\/url?q=https%3A%2F%2Fbubbl.us%2F&amp;sa=D&amp;sntz=1&amp;usg=AOvVaw2aJt3AfMCmlyvm_SxyT-Du\" target=\"_blank\" rel=\"noreferrer noopener\"><strong>+<\/strong><\/a><strong>)<\/strong><\/p>\n<\/div>\n<\/div>\n\n\n\n<div class=\"wp-block-columns is-layout-flex wp-container-core-columns-is-layout-5 wp-block-columns-is-layout-flex\">\n<div class=\"wp-block-column is-vertically-aligned-center is-layout-flow wp-block-column-is-layout-flow\" style=\"flex-basis:33.33%\">\n<p class=\"has-text-align-center\"><strong><strong><a href=\"https:\/\/padlet.com\/\" target=\"_blank\" rel=\"noreferrer noopener\">Padlet<\/a><\/strong><\/strong><\/p>\n<\/div>\n\n\n\n<div class=\"wp-block-column is-layout-flow wp-block-column-is-layout-flow\" style=\"flex-basis:66.66%\">\n<p class=\"has-ast-global-color-1-color has-text-color has-link-color wp-elements-ddf7abd713ab66c96df682bb9262a0bc\">Mur col\u00b7laboratiu on els usuaris poden enganxar-hi notes i comentaris, links, imatges, v\u00eddeos&#8230; <strong>(<\/strong><a href=\"https:\/\/www.google.com\/url?q=https%3A%2F%2Fpadlet.com%2F&amp;sa=D&amp;sntz=1&amp;usg=AOvVaw2_IspiGwLYeexQXVYO-P4X\" target=\"_blank\" rel=\"noreferrer noopener\"><strong>+<\/strong><\/a><strong>)<\/strong><\/p>\n\n\n\n<p class=\"has-ast-global-color-1-color has-text-color has-link-color wp-elements-4c2952322b7633eacb9aad46e29ba6fc\">Tutorial. <strong>(<\/strong><a href=\"http:\/\/www.google.com\/url?q=http%3A%2F%2Fes.slideshare.net%2Fmariajesusmusica%2Fpadlet-tutorial-22327363%3Fref%3Dhttp%3A%2F%2Fwww.mariajesusmusica.com%2F1%2Fpost%2F2013%2F06%2Ftutorial-de-padlet-herramienta-20-para-crear-corchos-virtuales.html&amp;sa=D&amp;sntz=1&amp;usg=AOvVaw0Lln9Tj3Dd1i1mhl063ofh\" target=\"_blank\" rel=\"noreferrer noopener\"><strong>+<\/strong><\/a><strong>)<\/strong><\/p>\n<\/div>\n<\/div>\n\n\n\n<div class=\"wp-block-columns has-background is-layout-flex wp-container-core-columns-is-layout-6 wp-block-columns-is-layout-flex\" style=\"background-color:#eaf2dd\">\n<div class=\"wp-block-column is-vertically-aligned-center is-layout-flow wp-block-column-is-layout-flow\" style=\"flex-basis:33.33%\">\n<p class=\"has-text-align-center\"><strong><a href=\"https:\/\/wordart.com\/\" target=\"_blank\" rel=\"noreferrer noopener\">WordArt<\/a><\/strong><\/p>\n<\/div>\n\n\n\n<div class=\"wp-block-column is-layout-flow wp-block-column-is-layout-flow\" style=\"flex-basis:66.66%\">\n<p>Per fer n\u00favols de paraules. Permet que les paraules omplin un dibuix, escollir font, colors, transpar\u00e8ncies&#8230; <strong>(<\/strong><a href=\"https:\/\/www.google.com\/url?q=https%3A%2F%2Fwordart.com%2F&amp;sa=D&amp;sntz=1&amp;usg=AOvVaw0HFDrmxrpP3YZR-gb5ibwX\" target=\"_blank\" rel=\"noreferrer noopener\"><strong>+<\/strong><\/a><strong>)<\/strong><\/p>\n<\/div>\n<\/div>\n\n\n\n<p class=\"has-white-color has-text-color has-link-color wp-elements-7e4ac651328708ea719ac0894fa30934\">.<\/p>\n\n\n\n<p class=\"has-white-color has-text-color has-link-color wp-elements-7e4ac651328708ea719ac0894fa30934\">.<\/p>\n\n\n\n<figure class=\"wp-block-image alignright size-large is-resized\"><a href=\"https:\/\/serveiseducatius.xtec.cat\/pladelestany\/escola-inclusiva\/inclusio-digital\/\"><img loading=\"lazy\" decoding=\"async\" width=\"1024\" height=\"1024\" src=\"https:\/\/serveiseducatius.xtec.cat\/pladelestany\/wp-content\/uploads\/usu771\/2025\/12\/12-1024x1024.png\" alt=\"\" class=\"wp-image-8440\" style=\"width:179px;height:auto\" srcset=\"https:\/\/serveiseducatius.xtec.cat\/pladelestany\/wp-content\/uploads\/usu771\/2025\/12\/12-1024x1024.png 1024w, https:\/\/serveiseducatius.xtec.cat\/pladelestany\/wp-content\/uploads\/usu771\/2025\/12\/12-300x300.png 300w, https:\/\/serveiseducatius.xtec.cat\/pladelestany\/wp-content\/uploads\/usu771\/2025\/12\/12-150x150.png 150w, https:\/\/serveiseducatius.xtec.cat\/pladelestany\/wp-content\/uploads\/usu771\/2025\/12\/12-768x768.png 768w, https:\/\/serveiseducatius.xtec.cat\/pladelestany\/wp-content\/uploads\/usu771\/2025\/12\/12.png 1080w\" sizes=\"auto, (max-width: 1024px) 100vw, 1024px\" \/><\/a><\/figure>\n","protected":false},"excerpt":{"rendered":"<p>Canvastera Per fer murals\/p\u00f2sters. Amb moltes icones i imatges per enriquir el projecte, que permet inserir-hi v\u00eddeos i imatges pr\u00f2pies. [&hellip;]<\/p>\n","protected":false},"author":1,"featured_media":0,"parent":8393,"menu_order":0,"comment_status":"closed","ping_status":"close","template":"","meta":{"site-sidebar-layout":"default","site-content-layout":"","ast-site-content-layout":"default","site-content-style":"default","site-sidebar-style":"default","ast-global-header-display":"","ast-banner-title-visibility":"","ast-main-header-display":"","ast-hfb-above-header-display":"","ast-hfb-below-header-display":"","ast-hfb-mobile-header-display":"","site-post-title":"disabled","ast-breadcrumbs-content":"","ast-featured-img":"","footer-sml-layout":"","theme-transparent-header-meta":"","adv-header-id-meta":"","stick-header-meta":"","header-above-stick-meta":"","header-main-stick-meta":"","header-below-stick-meta":"","astra-migrate-meta-layouts":"set","ast-page-background-enabled":"default","ast-page-background-meta":{"desktop":{"background-color":"var(--ast-global-color-4)","background-image":"","background-repeat":"repeat","background-position":"center center","background-size":"auto","background-attachment":"scroll","background-type":"","background-media":"","overlay-type":"","overlay-color":"","overlay-opacity":"","overlay-gradient":""},"tablet":{"background-color":"","background-image":"","background-repeat":"repeat","background-position":"center center","background-size":"auto","background-attachment":"scroll","background-type":"","background-media":"","overlay-type":"","overlay-color":"","overlay-opacity":"","overlay-gradient":""},"mobile":{"background-color":"","background-image":"","background-repeat":"repeat","background-position":"center center","background-size":"auto","background-attachment":"scroll","background-type":"","background-media":"","overlay-type":"","overlay-color":"","overlay-opacity":"","overlay-gradient":""}},"ast-content-background-meta":{"desktop":{"background-color":"var(--ast-global-color-5)","background-image":"","background-repeat":"repeat","background-position":"center center","background-size":"auto","background-attachment":"scroll","background-type":"","background-media":"","overlay-type":"","overlay-color":"","overlay-opacity":"","overlay-gradient":""},"tablet":{"background-color":"var(--ast-global-color-5)","background-image":"","background-repeat":"repeat","background-position":"center center","background-size":"auto","background-attachment":"scroll","background-type":"","background-media":"","overlay-type":"","overlay-color":"","overlay-opacity":"","overlay-gradient":""},"mobile":{"background-color":"var(--ast-global-color-5)","background-image":"","background-repeat":"repeat","background-position":"center center","background-size":"auto","background-attachment":"scroll","background-type":"","background-media":"","overlay-type":"","overlay-color":"","overlay-opacity":"","overlay-gradient":""}},"footnotes":""},"class_list":["post-8478","page","type-page","status-publish","hentry"],"post_mailing_queue_ids":[],"_links":{"self":[{"href":"https:\/\/serveiseducatius.xtec.cat\/pladelestany\/wp-json\/wp\/v2\/pages\/8478","targetHints":{"allow":["GET"]}}],"collection":[{"href":"https:\/\/serveiseducatius.xtec.cat\/pladelestany\/wp-json\/wp\/v2\/pages"}],"about":[{"href":"https:\/\/serveiseducatius.xtec.cat\/pladelestany\/wp-json\/wp\/v2\/types\/page"}],"author":[{"embeddable":true,"href":"https:\/\/serveiseducatius.xtec.cat\/pladelestany\/wp-json\/wp\/v2\/users\/1"}],"replies":[{"embeddable":true,"href":"https:\/\/serveiseducatius.xtec.cat\/pladelestany\/wp-json\/wp\/v2\/comments?post=8478"}],"version-history":[{"count":1,"href":"https:\/\/serveiseducatius.xtec.cat\/pladelestany\/wp-json\/wp\/v2\/pages\/8478\/revisions"}],"predecessor-version":[{"id":8480,"href":"https:\/\/serveiseducatius.xtec.cat\/pladelestany\/wp-json\/wp\/v2\/pages\/8478\/revisions\/8480"}],"up":[{"embeddable":true,"href":"https:\/\/serveiseducatius.xtec.cat\/pladelestany\/wp-json\/wp\/v2\/pages\/8393"}],"wp:attachment":[{"href":"https:\/\/serveiseducatius.xtec.cat\/pladelestany\/wp-json\/wp\/v2\/media?parent=8478"}],"curies":[{"name":"wp","href":"https:\/\/api.w.org\/{rel}","templated":true}]}}