{"id":8471,"date":"2025-12-15T12:03:26","date_gmt":"2025-12-15T11:03:26","guid":{"rendered":"https:\/\/serveiseducatius.xtec.cat\/pladelestany\/?page_id=8471"},"modified":"2025-12-15T15:49:20","modified_gmt":"2025-12-15T14:49:20","slug":"per-fer-presentacions-dinamiques","status":"publish","type":"page","link":"https:\/\/serveiseducatius.xtec.cat\/pladelestany\/escola-inclusiva\/inclusio-digital\/per-fer-presentacions-dinamiques\/","title":{"rendered":"Per fer presentacions din\u00e0miques"},"content":{"rendered":"\n<figure class=\"wp-block-image aligncenter size-large\"><a href=\"https:\/\/serveiseducatius.xtec.cat\/pladelestany\/wp-content\/uploads\/usu771\/2025\/12\/Inclusio-digital-portades-3.png\"><img loading=\"lazy\" decoding=\"async\" width=\"1024\" height=\"256\" src=\"https:\/\/serveiseducatius.xtec.cat\/pladelestany\/wp-content\/uploads\/usu771\/2025\/12\/Inclusio-digital-portades-3-1024x256.png\" alt=\"\" class=\"wp-image-8473\" srcset=\"https:\/\/serveiseducatius.xtec.cat\/pladelestany\/wp-content\/uploads\/usu771\/2025\/12\/Inclusio-digital-portades-3-1024x256.png 1024w, https:\/\/serveiseducatius.xtec.cat\/pladelestany\/wp-content\/uploads\/usu771\/2025\/12\/Inclusio-digital-portades-3-300x75.png 300w, https:\/\/serveiseducatius.xtec.cat\/pladelestany\/wp-content\/uploads\/usu771\/2025\/12\/Inclusio-digital-portades-3-768x192.png 768w, https:\/\/serveiseducatius.xtec.cat\/pladelestany\/wp-content\/uploads\/usu771\/2025\/12\/Inclusio-digital-portades-3-1536x384.png 1536w, https:\/\/serveiseducatius.xtec.cat\/pladelestany\/wp-content\/uploads\/usu771\/2025\/12\/Inclusio-digital-portades-3.png 1920w\" sizes=\"auto, (max-width: 1024px) 100vw, 1024px\" \/><\/a><\/figure>\n\n\n\n<div class=\"wp-block-columns is-layout-flex wp-container-core-columns-is-layout-1 wp-block-columns-is-layout-flex\">\n<div class=\"wp-block-column is-vertically-aligned-center is-layout-flow wp-block-column-is-layout-flow\" style=\"flex-basis:33.33%\">\n<p class=\"has-text-align-center\"><strong><strong><a href=\"https:\/\/logopediaceepalau.blogspot.com\/\" target=\"_blank\" rel=\"noreferrer noopener\">Prezi<\/a><\/strong><\/strong><\/p>\n<\/div>\n\n\n\n<div class=\"wp-block-column is-layout-flow wp-block-column-is-layout-flow\" style=\"flex-basis:66.66%\">\n<p class=\"has-ast-global-color-1-color has-text-color has-link-color wp-elements-adfcba4a5132dee220be7ba685388085\">Sobre una superf\u00edcie virtual molt ample organitzes el contingut de la presentaci\u00f3. Permet inserir imatges, v\u00eddeos, enlla\u00e7os&#8230;<\/p>\n\n\n\n<p class=\"has-ast-global-color-1-color has-text-color has-link-color wp-elements-a017406d25b22e1bce390d3f05e2ec65\">Numerant el contingut, aquest es presenta de forma din\u00e0mica, amb traslacions entre &#8220;diapositives&#8221; en format zoom-in zoom-out.<strong> (<\/strong><a href=\"https:\/\/www.google.com\/url?q=https%3A%2F%2Fprezi.com%2F&amp;sa=D&amp;sntz=1&amp;usg=AOvVaw2icWA8oWDc_cgRKufRaZX4\" target=\"_blank\" rel=\"noreferrer noopener\"><strong>+<\/strong><\/a><strong>)<\/strong><\/p>\n<\/div>\n<\/div>\n\n\n\n<div class=\"wp-block-columns has-background is-layout-flex wp-container-core-columns-is-layout-2 wp-block-columns-is-layout-flex\" style=\"background-color:#eaf2dd\">\n<div class=\"wp-block-column is-vertically-aligned-center is-layout-flow wp-block-column-is-layout-flow\" style=\"flex-basis:33.33%\">\n<p class=\"has-text-align-center\"><strong><strong><a href=\"https:\/\/llengua.gencat.cat\/ca\/llengua_signes_catalana\/\" target=\"_blank\" rel=\"noreferrer noopener\">Powtoon<\/a><\/strong><\/strong><\/p>\n<\/div>\n\n\n\n<div class=\"wp-block-column is-layout-flow wp-block-column-is-layout-flow\" style=\"flex-basis:66.66%\">\n<p>A l&#8217;estil d&#8217;una presentaci\u00f3 de diapositives, permet afegir-hi animacions de forma senzilla ja incloses dins el lloc, diversos fons o trancisions entre diapositives animades i curioses, que fan que el resultat sigui com un curtmetratge d&#8217;animaci\u00f3. <strong>(<\/strong><a href=\"http:\/\/www.google.com\/url?q=http%3A%2F%2Fwww.powtoon.com%2Fhome%2Fg%2Fes%2F&amp;sa=D&amp;sntz=1&amp;usg=AOvVaw1AQ11MCWiVn56s9mdc_KDh\" target=\"_blank\" rel=\"noreferrer noopener\"><strong>+<\/strong><\/a><strong>)<\/strong><\/p>\n\n\n\n<p>Videotutorial (1a Part)<strong>(<\/strong><a href=\"https:\/\/www.youtube.com\/watch?v=zW4YrG0Wdws\" target=\"_blank\" rel=\"noreferrer noopener\"><strong>+<\/strong><\/a><strong>)<\/strong>. Videotutorial (2a Part)<strong>(<\/strong><a href=\"https:\/\/www.youtube.com\/watch?v=pP1ntw15fHo\" target=\"_blank\" rel=\"noreferrer noopener\"><strong>+<\/strong><\/a><strong>)<\/strong>.<\/p>\n<\/div>\n<\/div>\n\n\n\n<div class=\"wp-block-columns is-layout-flex wp-container-core-columns-is-layout-3 wp-block-columns-is-layout-flex\">\n<div class=\"wp-block-column is-vertically-aligned-center is-layout-flow wp-block-column-is-layout-flow\" style=\"flex-basis:33.33%\">\n<p class=\"has-text-align-center\"><strong><strong><a href=\"https:\/\/logopediaceepalau.blogspot.com\/\" target=\"_blank\" rel=\"noreferrer noopener\">Genially<\/a><\/strong><\/strong><\/p>\n<\/div>\n\n\n\n<div class=\"wp-block-column is-layout-flow wp-block-column-is-layout-flow\" style=\"flex-basis:66.66%\">\n<p class=\"has-ast-global-color-1-color has-text-color has-link-color wp-elements-6b2b2687629b9b2cc2fbfd2580492436\">Crea imatges i presentacions interactives, activitats gamificades, escape rooms i m\u00e9s.\u00a0<\/p>\n<\/div>\n<\/div>\n\n\n\n<div class=\"wp-block-columns has-background is-layout-flex wp-container-core-columns-is-layout-4 wp-block-columns-is-layout-flex\" style=\"background-color:#eaf2dd\">\n<div class=\"wp-block-column is-vertically-aligned-center is-layout-flow wp-block-column-is-layout-flow\" style=\"flex-basis:33.33%\">\n<p class=\"has-text-align-center\"><strong><a href=\"https:\/\/www.visme.co\/\">Visme<\/a><\/strong><\/p>\n<\/div>\n\n\n\n<div class=\"wp-block-column is-layout-flow wp-block-column-is-layout-flow\" style=\"flex-basis:66.66%\">\n<p>Crea infografies i presentacions interactives.\u00a0<\/p>\n<\/div>\n<\/div>\n\n\n\n<div class=\"wp-block-columns is-layout-flex wp-container-core-columns-is-layout-5 wp-block-columns-is-layout-flex\">\n<div class=\"wp-block-column is-vertically-aligned-center is-layout-flow wp-block-column-is-layout-flow\" style=\"flex-basis:33.33%\">\n<p class=\"has-text-align-center\"><strong><strong><a href=\"https:\/\/www.mentimeter.com\/es-ES\" target=\"_blank\" rel=\"noreferrer noopener\">Mentimeter<\/a><\/strong><\/strong><\/p>\n<\/div>\n\n\n\n<div class=\"wp-block-column is-layout-flow wp-block-column-is-layout-flow\" style=\"flex-basis:66.66%\">\n<p class=\"has-ast-global-color-1-color has-text-color has-link-color wp-elements-74ae201115dd0d1be322fc0cecb42d3d\">Presentacions amb comentaris amb temps real.\u00a0<\/p>\n<\/div>\n<\/div>\n\n\n\n<p class=\"has-white-color has-text-color has-link-color wp-elements-7e4ac651328708ea719ac0894fa30934\">.<\/p>\n\n\n\n<p class=\"has-background\" style=\"background-color:#eaf2dd\">La <strong>Realitat Augmentada<\/strong> i la <strong>Realitat Virtual<\/strong> poden ajudar-nos a millorar i a enriquir les presentacions. <strong>(<\/strong><a href=\"https:\/\/sites.google.com\/a\/xtec.cat\/inclusio_digital_pladelestany\/realitat-augmentada-i-realitat-virtual\"><strong>+<\/strong><\/a><strong>)<\/strong><\/p>\n\n\n\n<p class=\"has-white-color has-text-color has-link-color wp-elements-7e4ac651328708ea719ac0894fa30934\">.<\/p>\n\n\n\n<figure class=\"wp-block-image alignright size-large is-resized\"><a href=\"https:\/\/serveiseducatius.xtec.cat\/pladelestany\/escola-inclusiva\/inclusio-digital\/\"><img loading=\"lazy\" decoding=\"async\" width=\"1024\" height=\"1024\" src=\"https:\/\/serveiseducatius.xtec.cat\/pladelestany\/wp-content\/uploads\/usu771\/2025\/12\/12-1024x1024.png\" alt=\"\" class=\"wp-image-8440\" style=\"width:179px;height:auto\" srcset=\"https:\/\/serveiseducatius.xtec.cat\/pladelestany\/wp-content\/uploads\/usu771\/2025\/12\/12-1024x1024.png 1024w, https:\/\/serveiseducatius.xtec.cat\/pladelestany\/wp-content\/uploads\/usu771\/2025\/12\/12-300x300.png 300w, https:\/\/serveiseducatius.xtec.cat\/pladelestany\/wp-content\/uploads\/usu771\/2025\/12\/12-150x150.png 150w, https:\/\/serveiseducatius.xtec.cat\/pladelestany\/wp-content\/uploads\/usu771\/2025\/12\/12-768x768.png 768w, https:\/\/serveiseducatius.xtec.cat\/pladelestany\/wp-content\/uploads\/usu771\/2025\/12\/12.png 1080w\" sizes=\"auto, (max-width: 1024px) 100vw, 1024px\" \/><\/a><\/figure>\n","protected":false},"excerpt":{"rendered":"<p>Prezi Sobre una superf\u00edcie virtual molt ample organitzes el contingut de la presentaci\u00f3. Permet inserir imatges, v\u00eddeos, enlla\u00e7os&#8230; Numerant el [&hellip;]<\/p>\n","protected":false},"author":1,"featured_media":0,"parent":8393,"menu_order":0,"comment_status":"closed","ping_status":"close","template":"","meta":{"site-sidebar-layout":"default","site-content-layout":"","ast-site-content-layout":"default","site-content-style":"default","site-sidebar-style":"default","ast-global-header-display":"","ast-banner-title-visibility":"","ast-main-header-display":"","ast-hfb-above-header-display":"","ast-hfb-below-header-display":"","ast-hfb-mobile-header-display":"","site-post-title":"disabled","ast-breadcrumbs-content":"","ast-featured-img":"","footer-sml-layout":"","theme-transparent-header-meta":"","adv-header-id-meta":"","stick-header-meta":"","header-above-stick-meta":"","header-main-stick-meta":"","header-below-stick-meta":"","astra-migrate-meta-layouts":"set","ast-page-background-enabled":"default","ast-page-background-meta":{"desktop":{"background-color":"var(--ast-global-color-4)","background-image":"","background-repeat":"repeat","background-position":"center center","background-size":"auto","background-attachment":"scroll","background-type":"","background-media":"","overlay-type":"","overlay-color":"","overlay-opacity":"","overlay-gradient":""},"tablet":{"background-color":"","background-image":"","background-repeat":"repeat","background-position":"center center","background-size":"auto","background-attachment":"scroll","background-type":"","background-media":"","overlay-type":"","overlay-color":"","overlay-opacity":"","overlay-gradient":""},"mobile":{"background-color":"","background-image":"","background-repeat":"repeat","background-position":"center center","background-size":"auto","background-attachment":"scroll","background-type":"","background-media":"","overlay-type":"","overlay-color":"","overlay-opacity":"","overlay-gradient":""}},"ast-content-background-meta":{"desktop":{"background-color":"var(--ast-global-color-5)","background-image":"","background-repeat":"repeat","background-position":"center center","background-size":"auto","background-attachment":"scroll","background-type":"","background-media":"","overlay-type":"","overlay-color":"","overlay-opacity":"","overlay-gradient":""},"tablet":{"background-color":"var(--ast-global-color-5)","background-image":"","background-repeat":"repeat","background-position":"center center","background-size":"auto","background-attachment":"scroll","background-type":"","background-media":"","overlay-type":"","overlay-color":"","overlay-opacity":"","overlay-gradient":""},"mobile":{"background-color":"var(--ast-global-color-5)","background-image":"","background-repeat":"repeat","background-position":"center center","background-size":"auto","background-attachment":"scroll","background-type":"","background-media":"","overlay-type":"","overlay-color":"","overlay-opacity":"","overlay-gradient":""}},"footnotes":""},"class_list":["post-8471","page","type-page","status-publish","hentry"],"post_mailing_queue_ids":[],"_links":{"self":[{"href":"https:\/\/serveiseducatius.xtec.cat\/pladelestany\/wp-json\/wp\/v2\/pages\/8471","targetHints":{"allow":["GET"]}}],"collection":[{"href":"https:\/\/serveiseducatius.xtec.cat\/pladelestany\/wp-json\/wp\/v2\/pages"}],"about":[{"href":"https:\/\/serveiseducatius.xtec.cat\/pladelestany\/wp-json\/wp\/v2\/types\/page"}],"author":[{"embeddable":true,"href":"https:\/\/serveiseducatius.xtec.cat\/pladelestany\/wp-json\/wp\/v2\/users\/1"}],"replies":[{"embeddable":true,"href":"https:\/\/serveiseducatius.xtec.cat\/pladelestany\/wp-json\/wp\/v2\/comments?post=8471"}],"version-history":[{"count":2,"href":"https:\/\/serveiseducatius.xtec.cat\/pladelestany\/wp-json\/wp\/v2\/pages\/8471\/revisions"}],"predecessor-version":[{"id":8476,"href":"https:\/\/serveiseducatius.xtec.cat\/pladelestany\/wp-json\/wp\/v2\/pages\/8471\/revisions\/8476"}],"up":[{"embeddable":true,"href":"https:\/\/serveiseducatius.xtec.cat\/pladelestany\/wp-json\/wp\/v2\/pages\/8393"}],"wp:attachment":[{"href":"https:\/\/serveiseducatius.xtec.cat\/pladelestany\/wp-json\/wp\/v2\/media?parent=8471"}],"curies":[{"name":"wp","href":"https:\/\/api.w.org\/{rel}","templated":true}]}}