{"id":8458,"date":"2025-12-12T13:25:00","date_gmt":"2025-12-12T12:25:00","guid":{"rendered":"https:\/\/serveiseducatius.xtec.cat\/pladelestany\/?page_id=8458"},"modified":"2025-12-15T11:38:07","modified_gmt":"2025-12-15T10:38:07","slug":"per-facilitar-la-comunicacio","status":"publish","type":"page","link":"https:\/\/serveiseducatius.xtec.cat\/pladelestany\/escola-inclusiva\/inclusio-digital\/per-facilitar-la-comunicacio\/","title":{"rendered":"Per facilitar la comunicaci\u00f3"},"content":{"rendered":"\n<figure class=\"wp-block-image aligncenter size-large\"><a href=\"https:\/\/serveiseducatius.xtec.cat\/pladelestany\/wp-content\/uploads\/usu771\/2025\/12\/Inclusio-digital-portades-2.png\"><img loading=\"lazy\" decoding=\"async\" width=\"1024\" height=\"256\" src=\"https:\/\/serveiseducatius.xtec.cat\/pladelestany\/wp-content\/uploads\/usu771\/2025\/12\/Inclusio-digital-portades-2-1024x256.png\" alt=\"\" class=\"wp-image-8459\" srcset=\"https:\/\/serveiseducatius.xtec.cat\/pladelestany\/wp-content\/uploads\/usu771\/2025\/12\/Inclusio-digital-portades-2-1024x256.png 1024w, https:\/\/serveiseducatius.xtec.cat\/pladelestany\/wp-content\/uploads\/usu771\/2025\/12\/Inclusio-digital-portades-2-300x75.png 300w, https:\/\/serveiseducatius.xtec.cat\/pladelestany\/wp-content\/uploads\/usu771\/2025\/12\/Inclusio-digital-portades-2-768x192.png 768w, https:\/\/serveiseducatius.xtec.cat\/pladelestany\/wp-content\/uploads\/usu771\/2025\/12\/Inclusio-digital-portades-2-1536x384.png 1536w, https:\/\/serveiseducatius.xtec.cat\/pladelestany\/wp-content\/uploads\/usu771\/2025\/12\/Inclusio-digital-portades-2.png 1920w\" sizes=\"auto, (max-width: 1024px) 100vw, 1024px\" \/><\/a><\/figure>\n\n\n\n<div class=\"wp-block-columns is-layout-flex wp-container-core-columns-is-layout-1 wp-block-columns-is-layout-flex\">\n<div class=\"wp-block-column is-vertically-aligned-center is-layout-flow wp-block-column-is-layout-flow\" style=\"flex-basis:33.33%\">\n<p class=\"has-text-align-center\"><strong><strong><a href=\"https:\/\/logopediaceepalau.blogspot.com\/\" target=\"_blank\" rel=\"noreferrer noopener\">Quaderns de comunicaci\u00f3<\/a><\/strong><\/strong><\/p>\n<\/div>\n\n\n\n<div class=\"wp-block-column is-layout-flow wp-block-column-is-layout-flow\" style=\"flex-basis:66.66%\">\n<p class=\"has-ast-global-color-1-color has-text-color has-link-color wp-elements-7b1ec11dbbe631b5bbd4757ef9e7393e\">Orientacions, reflexions i criteris per crear-ne de propis. Tipus de pictogrames. Cont\u00e9 un enlla\u00e7 a un generador de quaderns de comunicaci\u00f3. <strong>(<\/strong><a href=\"http:\/\/logopediaceepalau.blogspot.com.es\/\" target=\"_blank\" rel=\"noreferrer noopener\"><strong>+<\/strong><\/a><strong>)<\/strong><\/p>\n<\/div>\n<\/div>\n\n\n\n<div class=\"wp-block-columns has-background is-layout-flex wp-container-core-columns-is-layout-2 wp-block-columns-is-layout-flex\" style=\"background-color:#eaf2dd\">\n<div class=\"wp-block-column is-vertically-aligned-center is-layout-flow wp-block-column-is-layout-flow\" style=\"flex-basis:33.33%\">\n<p class=\"has-text-align-center\"><strong><strong><a href=\"https:\/\/llengua.gencat.cat\/ca\/llengua_signes_catalana\/\" target=\"_blank\" rel=\"noreferrer noopener\">Llengua de signes catalana<\/a><\/strong><\/strong><\/p>\n<\/div>\n\n\n\n<div class=\"wp-block-column is-layout-flow wp-block-column-is-layout-flow\" style=\"flex-basis:66.66%\">\n<ul class=\"wp-block-list\">\n<li>Signe 2. Conversor llengua escrita a llengua de signes catalana:<br><a href=\"http:\/\/www.xtec.cat\/dnee\/tcp\/signe2.htm\">http:\/\/www.xtec.cat\/dnee\/tcp\/signe2.htm<\/a><br><a href=\"http:\/\/www.xtec.cat\/~bvidiell\/signe\/bsigne0.htm\">http:\/\/www.xtec.cat\/~bvidiell\/signe\/bsigne0.htm<\/a><\/li>\n<\/ul>\n\n\n\n<ul class=\"wp-block-list\">\n<li>Mira que dic. Diccionari en llengua de signes amb 3500 videos (CD)<\/li>\n<\/ul>\n<\/div>\n<\/div>\n\n\n\n<div class=\"wp-block-columns is-layout-flex wp-container-core-columns-is-layout-3 wp-block-columns-is-layout-flex\">\n<div class=\"wp-block-column is-vertically-aligned-center is-layout-flow wp-block-column-is-layout-flow\" style=\"flex-basis:33.33%\">\n<p class=\"has-text-align-center\"><strong><strong><a href=\"https:\/\/logopediaceepalau.blogspot.com\/\" target=\"_blank\" rel=\"noreferrer noopener\"><strong>Pictotraductor<\/strong><\/a><\/strong><\/strong><\/p>\n<\/div>\n\n\n\n<div class=\"wp-block-column is-layout-flow wp-block-column-is-layout-flow\" style=\"flex-basis:66.66%\">\n<p class=\"has-ast-global-color-1-color has-text-color has-link-color wp-elements-7b1ec11dbbe631b5bbd4757ef9e7393e\">Orientacions, reflexions i criteris per crear-ne de propis. Tipus de pictogrames. Cont\u00e9 un enlla\u00e7 a un generador de quaderns de comunicaci\u00f3. <strong>(<\/strong><a href=\"http:\/\/logopediaceepalau.blogspot.com.es\/\" target=\"_blank\" rel=\"noreferrer noopener\"><strong>+<\/strong><\/a><strong>)<\/strong><\/p>\n<\/div>\n<\/div>\n\n\n\n<div class=\"wp-block-columns has-background is-layout-flex wp-container-core-columns-is-layout-4 wp-block-columns-is-layout-flex\" style=\"background-color:#eaf2dd\">\n<div class=\"wp-block-column is-vertically-aligned-center is-layout-flow wp-block-column-is-layout-flow\" style=\"flex-basis:33.33%\">\n<p class=\"has-text-align-center\"><strong><strong><strong><a href=\"https:\/\/jocomunico.com\/#\/home\" target=\"_blank\" rel=\"noreferrer noopener\">JO Comunico<\/a><\/strong><\/strong><\/strong><\/p>\n<\/div>\n\n\n\n<div class=\"wp-block-column is-layout-flow wp-block-column-is-layout-flow\" style=\"flex-basis:66.66%\">\n<p class=\"has-ast-global-color-1-color has-text-color has-link-color wp-elements-4a8fcc368749ca106c2fa6376d2c03f2\">Aplicaci\u00f3 gratu\u00efta de Comunicaci\u00f3 Augmentativa i Alternativa (CAA) pensada per a persones amb trastorns greus de la parla que es comuniquen amb pictogrames. Cal registrar-se<strong>.(<\/strong><a href=\"https:\/\/www.google.com\/url?q=https%3A%2F%2Fjocomunico.com%2F%23%2Fhome&amp;sa=D&amp;sntz=1&amp;usg=AOvVaw1oaEjMkJeisnoeI5w9KQdY\" target=\"_blank\" rel=\"noreferrer noopener\"><strong>+<\/strong><\/a><strong>)<\/strong><\/p>\n<\/div>\n<\/div>\n\n\n\n<div class=\"wp-block-columns is-layout-flex wp-container-core-columns-is-layout-5 wp-block-columns-is-layout-flex\">\n<div class=\"wp-block-column is-vertically-aligned-center is-layout-flow wp-block-column-is-layout-flow\" style=\"flex-basis:33.33%\">\n<p class=\"has-text-align-center\"><strong><strong><strong>Comunicadors pictogr\u00e0fics<\/strong><\/strong><\/strong><\/p>\n<\/div>\n\n\n\n<div class=\"wp-block-column is-layout-flow wp-block-column-is-layout-flow\" style=\"flex-basis:66.66%\">\n<ul class=\"wp-block-list\">\n<li>Plaphoons. Programari per a la comunicaci\u00f3 pictogr\u00e0fica per a Windows i Linux. Compatible amb la s\u00edntesi de veu i sistemes d&#8217;escaneig http:<a href=\" http:\/\/www.lagares.org\"> http:\/\/www.lagares.org<\/a><\/li>\n\n\n\n<li>Tico. Sistema d&#8217;autor per a la comunicaci\u00f3 pictografica. Compatible per a Windows i Linux amb diversos sistemes d&#8217;escaneig: <a href=\"http:\/\/www.proyectotico.es\/wiki\/index.php\/Inicio\">http:\/\/www.proyectotico.es\/wiki\/index.php\/Inicio<\/a><\/li>\n\n\n\n<li>Compi. Comunicador pictogr\u00e0fic per a Linux: <a href=\"http:\/\/forja.guadalinex.org\/webs\/compi\">http:\/\/forja.guadalinex.org\/webs\/compi<\/a><\/li>\n<\/ul>\n<\/div>\n<\/div>\n\n\n\n<div class=\"wp-block-columns has-background is-layout-flex wp-container-core-columns-is-layout-6 wp-block-columns-is-layout-flex\" style=\"background-color:#eaf2dd\">\n<div class=\"wp-block-column is-vertically-aligned-center is-layout-flow wp-block-column-is-layout-flow\" style=\"flex-basis:33.33%\">\n<p class=\"has-text-align-center\"><strong>Sistemes pictogr\u00e0fics de comunicaci\u00f3<\/strong><\/p>\n\n\n\n<p class=\"has-text-align-center\">(biblioteques d&#8217;icones per la comunicaci\u00f3 pictogr\u00e0fica)<\/p>\n<\/div>\n\n\n\n<div class=\"wp-block-column is-layout-flow wp-block-column-is-layout-flow\" style=\"flex-basis:66.66%\">\n<ul class=\"wp-block-list\">\n<li><strong>Diccionari de s\u00edmbols SPC<\/strong>. 3500 icones vectorials SPC traduides al catal\u00e0: <a href=\"http:\/\/www.xtec.cat\/dnee\/spc\">http:\/\/www.xtec.cat\/dnee\/spc<\/a> (\u00das restringit a centres educatius de Catalunya)<\/li>\n\n\n\n<li><strong>MIC<\/strong>. 800 icones de tem\u00e0tica relacionada amb tem\u00e0tica de Catalunya: <a href=\"http:\/\/www.xtec.cat\/dnee\/mic\">http:\/\/www.xtec.cat\/dnee\/mic<\/a><\/li>\n\n\n\n<li><strong>Augmentativa<\/strong>. 4000 pictogrames i altres materials educatius: <a href=\"http:\/\/phobos.xtec.cat\/dnee\">http:\/\/phobos.xtec.cat\/dnee<\/a><\/li>\n\n\n\n<li><strong>AraSAAC<\/strong>. 4000 icones i altres materials, utilitats per a usuaris de pictogrames: <a href=\"http:\/\/www.catedu.es\/arasaac\">http:\/\/www.catedu.es\/arasaac<\/a><\/li>\n<\/ul>\n<\/div>\n<\/div>\n\n\n\n<figure class=\"wp-block-image alignright size-large is-resized\"><a href=\"https:\/\/serveiseducatius.xtec.cat\/pladelestany\/escola-inclusiva\/inclusio-digital\/\"><img loading=\"lazy\" decoding=\"async\" width=\"1024\" height=\"1024\" src=\"https:\/\/serveiseducatius.xtec.cat\/pladelestany\/wp-content\/uploads\/usu771\/2025\/12\/12-1024x1024.png\" alt=\"\" class=\"wp-image-8440\" style=\"width:179px;height:auto\" srcset=\"https:\/\/serveiseducatius.xtec.cat\/pladelestany\/wp-content\/uploads\/usu771\/2025\/12\/12-1024x1024.png 1024w, https:\/\/serveiseducatius.xtec.cat\/pladelestany\/wp-content\/uploads\/usu771\/2025\/12\/12-300x300.png 300w, https:\/\/serveiseducatius.xtec.cat\/pladelestany\/wp-content\/uploads\/usu771\/2025\/12\/12-150x150.png 150w, https:\/\/serveiseducatius.xtec.cat\/pladelestany\/wp-content\/uploads\/usu771\/2025\/12\/12-768x768.png 768w, https:\/\/serveiseducatius.xtec.cat\/pladelestany\/wp-content\/uploads\/usu771\/2025\/12\/12.png 1080w\" sizes=\"auto, (max-width: 1024px) 100vw, 1024px\" \/><\/a><\/figure>\n","protected":false},"excerpt":{"rendered":"<p>Quaderns de comunicaci\u00f3 Orientacions, reflexions i criteris per crear-ne de propis. Tipus de pictogrames. Cont\u00e9 un enlla\u00e7 a un generador [&hellip;]<\/p>\n","protected":false},"author":1,"featured_media":0,"parent":8393,"menu_order":0,"comment_status":"closed","ping_status":"close","template":"","meta":{"site-sidebar-layout":"default","site-content-layout":"","ast-site-content-layout":"default","site-content-style":"default","site-sidebar-style":"default","ast-global-header-display":"","ast-banner-title-visibility":"","ast-main-header-display":"","ast-hfb-above-header-display":"","ast-hfb-below-header-display":"","ast-hfb-mobile-header-display":"","site-post-title":"disabled","ast-breadcrumbs-content":"","ast-featured-img":"","footer-sml-layout":"","theme-transparent-header-meta":"","adv-header-id-meta":"","stick-header-meta":"","header-above-stick-meta":"","header-main-stick-meta":"","header-below-stick-meta":"","astra-migrate-meta-layouts":"set","ast-page-background-enabled":"default","ast-page-background-meta":{"desktop":{"background-color":"var(--ast-global-color-4)","background-image":"","background-repeat":"repeat","background-position":"center center","background-size":"auto","background-attachment":"scroll","background-type":"","background-media":"","overlay-type":"","overlay-color":"","overlay-opacity":"","overlay-gradient":""},"tablet":{"background-color":"","background-image":"","background-repeat":"repeat","background-position":"center center","background-size":"auto","background-attachment":"scroll","background-type":"","background-media":"","overlay-type":"","overlay-color":"","overlay-opacity":"","overlay-gradient":""},"mobile":{"background-color":"","background-image":"","background-repeat":"repeat","background-position":"center center","background-size":"auto","background-attachment":"scroll","background-type":"","background-media":"","overlay-type":"","overlay-color":"","overlay-opacity":"","overlay-gradient":""}},"ast-content-background-meta":{"desktop":{"background-color":"var(--ast-global-color-5)","background-image":"","background-repeat":"repeat","background-position":"center center","background-size":"auto","background-attachment":"scroll","background-type":"","background-media":"","overlay-type":"","overlay-color":"","overlay-opacity":"","overlay-gradient":""},"tablet":{"background-color":"var(--ast-global-color-5)","background-image":"","background-repeat":"repeat","background-position":"center center","background-size":"auto","background-attachment":"scroll","background-type":"","background-media":"","overlay-type":"","overlay-color":"","overlay-opacity":"","overlay-gradient":""},"mobile":{"background-color":"var(--ast-global-color-5)","background-image":"","background-repeat":"repeat","background-position":"center center","background-size":"auto","background-attachment":"scroll","background-type":"","background-media":"","overlay-type":"","overlay-color":"","overlay-opacity":"","overlay-gradient":""}},"footnotes":""},"class_list":["post-8458","page","type-page","status-publish","hentry"],"post_mailing_queue_ids":[],"_links":{"self":[{"href":"https:\/\/serveiseducatius.xtec.cat\/pladelestany\/wp-json\/wp\/v2\/pages\/8458","targetHints":{"allow":["GET"]}}],"collection":[{"href":"https:\/\/serveiseducatius.xtec.cat\/pladelestany\/wp-json\/wp\/v2\/pages"}],"about":[{"href":"https:\/\/serveiseducatius.xtec.cat\/pladelestany\/wp-json\/wp\/v2\/types\/page"}],"author":[{"embeddable":true,"href":"https:\/\/serveiseducatius.xtec.cat\/pladelestany\/wp-json\/wp\/v2\/users\/1"}],"replies":[{"embeddable":true,"href":"https:\/\/serveiseducatius.xtec.cat\/pladelestany\/wp-json\/wp\/v2\/comments?post=8458"}],"version-history":[{"count":4,"href":"https:\/\/serveiseducatius.xtec.cat\/pladelestany\/wp-json\/wp\/v2\/pages\/8458\/revisions"}],"predecessor-version":[{"id":8472,"href":"https:\/\/serveiseducatius.xtec.cat\/pladelestany\/wp-json\/wp\/v2\/pages\/8458\/revisions\/8472"}],"up":[{"embeddable":true,"href":"https:\/\/serveiseducatius.xtec.cat\/pladelestany\/wp-json\/wp\/v2\/pages\/8393"}],"wp:attachment":[{"href":"https:\/\/serveiseducatius.xtec.cat\/pladelestany\/wp-json\/wp\/v2\/media?parent=8458"}],"curies":[{"name":"wp","href":"https:\/\/api.w.org\/{rel}","templated":true}]}}