{"id":8424,"date":"2025-12-11T18:12:05","date_gmt":"2025-12-11T17:12:05","guid":{"rendered":"https:\/\/serveiseducatius.xtec.cat\/pladelestany\/?page_id=8424"},"modified":"2025-12-12T13:19:04","modified_gmt":"2025-12-12T12:19:04","slug":"per-facilitar-la-lectura","status":"publish","type":"page","link":"https:\/\/serveiseducatius.xtec.cat\/pladelestany\/escola-inclusiva\/inclusio-digital\/per-facilitar-la-lectura\/","title":{"rendered":"Per facilitar la lectura"},"content":{"rendered":"\n<figure class=\"wp-block-image aligncenter size-large\"><img loading=\"lazy\" decoding=\"async\" width=\"1024\" height=\"256\" src=\"https:\/\/serveiseducatius.xtec.cat\/pladelestany\/wp-content\/uploads\/usu771\/2025\/12\/Inclusio-digital-portades-1024x256.png\" alt=\"\" class=\"wp-image-8426\" srcset=\"https:\/\/serveiseducatius.xtec.cat\/pladelestany\/wp-content\/uploads\/usu771\/2025\/12\/Inclusio-digital-portades-1024x256.png 1024w, https:\/\/serveiseducatius.xtec.cat\/pladelestany\/wp-content\/uploads\/usu771\/2025\/12\/Inclusio-digital-portades-300x75.png 300w, https:\/\/serveiseducatius.xtec.cat\/pladelestany\/wp-content\/uploads\/usu771\/2025\/12\/Inclusio-digital-portades-768x192.png 768w, https:\/\/serveiseducatius.xtec.cat\/pladelestany\/wp-content\/uploads\/usu771\/2025\/12\/Inclusio-digital-portades-1536x384.png 1536w, https:\/\/serveiseducatius.xtec.cat\/pladelestany\/wp-content\/uploads\/usu771\/2025\/12\/Inclusio-digital-portades.png 1920w\" sizes=\"auto, (max-width: 1024px) 100vw, 1024px\" \/><\/figure>\n\n\n\n<p>&#8230;.<\/p>\n\n\n\n<div class=\"wp-block-columns is-layout-flex wp-container-core-columns-is-layout-1 wp-block-columns-is-layout-flex\">\n<div class=\"wp-block-column is-vertically-aligned-center is-layout-flow wp-block-column-is-layout-flow\" style=\"flex-basis:33.33%\">\n<p class=\"has-text-align-center\"><strong>S\u00edntesi de veu (aplicacions per a la transcripci\u00f3 de text a veu)<\/strong><\/p>\n<\/div>\n\n\n\n<div class=\"wp-block-column is-layout-flow wp-block-column-is-layout-flow\" style=\"flex-basis:66.66%\">\n<ul class=\"wp-block-list\">\n<li class=\"has-ast-global-color-1-color has-text-color has-link-color wp-elements-e31307c16179189d2db8bedf8abdbe17\">Upctv (catal\u00e0 i castell\u00e0): <a href=\"http:\/\/www.xtec.cat\/dnee\/tcp\/sintesiveu.htm \">http:\/\/www.xtec.cat\/dnee\/tcp\/sintesiveu.htm <\/a><\/li>\n\n\n\n<li>MsAgent (castell\u00e0, angles, franc\u00e8s, itali\u00e0). Sapi 4:<a href=\" http:\/\/www.microsoft.com\/products\/MsAgent\/main.aspx\"> http:\/\/www.microsoft.com\/products\/MsAgent\/main.aspx<\/a><\/li>\n\n\n\n<li>FesCat (veu catalana per a Linux): <a href=\"http:\/\/gps-tsc.upc.es\/veu\/festcat\">http:\/\/gps-tsc.upc.es\/veu\/festcat<\/a><\/li>\n\n\n\n<li>Lectura de textos. Lector de documents per la discapacitat visual, motriu i intel\u00b7lectual: <a href=\"http:\/\/www.lagares.org\">http:\/\/www.lagares.org<\/a><\/li>\n<\/ul>\n<\/div>\n<\/div>\n\n\n\n<div class=\"wp-block-columns has-background is-layout-flex wp-container-core-columns-is-layout-2 wp-block-columns-is-layout-flex\" style=\"background-color:#eaf2dd\">\n<div class=\"wp-block-column is-vertically-aligned-center is-layout-flow wp-block-column-is-layout-flow\" style=\"flex-basis:33.33%\">\n<p class=\"has-text-align-center\"><strong>Contes infantils amb sistemes alternatius i augmentatius de comunicaci\u00f3<\/strong><\/p>\n<\/div>\n\n\n\n<div class=\"wp-block-column is-layout-flow wp-block-column-is-layout-flow\" style=\"flex-basis:66.66%\">\n<p class=\"has-ast-global-color-1-color has-text-color has-link-color wp-elements-58ab7afd902e27f91903d734cabe8291\">Espai web: <a href=\"https:\/\/edu365.cat\/flash\/contes_spc\/index.htm\">https:\/\/edu365.cat\/flash\/contes_spc\/index.htm<\/a><\/p>\n<\/div>\n<\/div>\n\n\n\n<div class=\"wp-block-columns is-layout-flex wp-container-core-columns-is-layout-3 wp-block-columns-is-layout-flex\">\n<div class=\"wp-block-column is-vertically-aligned-center is-layout-flow wp-block-column-is-layout-flow\" style=\"flex-basis:33.33%\">\n<figure class=\"wp-block-image aligncenter size-full is-resized\"><a href=\"https:\/\/serveiseducatius.xtec.cat\/pladelestany\/wp-content\/uploads\/usu771\/2025\/12\/image-1.png\"><img loading=\"lazy\" decoding=\"async\" width=\"285\" height=\"337\" src=\"https:\/\/serveiseducatius.xtec.cat\/pladelestany\/wp-content\/uploads\/usu771\/2025\/12\/image-1.png\" alt=\"\" class=\"wp-image-8438\" style=\"width:199px;height:auto\" srcset=\"https:\/\/serveiseducatius.xtec.cat\/pladelestany\/wp-content\/uploads\/usu771\/2025\/12\/image-1.png 285w, https:\/\/serveiseducatius.xtec.cat\/pladelestany\/wp-content\/uploads\/usu771\/2025\/12\/image-1-254x300.png 254w\" sizes=\"auto, (max-width: 285px) 100vw, 285px\" \/><\/a><\/figure>\n<\/div>\n\n\n\n<div class=\"wp-block-column is-layout-flow wp-block-column-is-layout-flow\" style=\"flex-basis:66.66%\">\n<p class=\"has-ast-global-color-1-color has-text-color has-link-color wp-elements-6fa6e705b8292290b74d5a58233dab0e\">El Servei de Biblioteques Departament de Cultura de la Generalitat de Catalunya publica&nbsp;<a href=\"http:\/\/biblioteques.gencat.cat\/web\/.content\/tematic\/professionals\/bibliografies\/bibliografies_tematiques\/documents\/ADAPTATS.pdf\">la segona edici\u00f3 d&#8217;El calaix de la diversitat, que porta per t\u00edtol Llibres adaptats i recursos per a infants i joves amb discapacitat<\/a>.<\/p>\n\n\n\n<p>Espai web: <a href=\"https:\/\/biblioteques.gencat.cat\/ca\/detalls\/Noticia\/El-calaix-de-la-diversitat-llibres-adaptats-i-recursos-per-a-infants-i-joves-amb-discapacitat-00001\">https:\/\/biblioteques.gencat.cat\/ca\/detalls\/Noticia\/El-calaix-de-la-diversitat-llibres-adaptats-i-recursos-per-a-infants-i-joves-amb-discapacitat-00001<\/a><\/p>\n<\/div>\n<\/div>\n\n\n<p><iframe loading=\"lazy\" src=\"https:\/\/drive.google.com\/file\/d\/1Xgisf5I12XHutVbA6uD2bSupLjDBsYB-\/preview\" width=\"640\" height=\"820\" allow=\"autoplay\"><\/iframe><\/p>\n\n\n\n<figure class=\"wp-block-image alignright size-large is-resized\"><a href=\"https:\/\/serveiseducatius.xtec.cat\/pladelestany\/escola-inclusiva\/inclusio-digital\/\"><img loading=\"lazy\" decoding=\"async\" width=\"1024\" height=\"1024\" src=\"https:\/\/serveiseducatius.xtec.cat\/pladelestany\/wp-content\/uploads\/usu771\/2025\/12\/12-1024x1024.png\" alt=\"\" class=\"wp-image-8440\" style=\"width:179px;height:auto\" srcset=\"https:\/\/serveiseducatius.xtec.cat\/pladelestany\/wp-content\/uploads\/usu771\/2025\/12\/12-1024x1024.png 1024w, https:\/\/serveiseducatius.xtec.cat\/pladelestany\/wp-content\/uploads\/usu771\/2025\/12\/12-300x300.png 300w, https:\/\/serveiseducatius.xtec.cat\/pladelestany\/wp-content\/uploads\/usu771\/2025\/12\/12-150x150.png 150w, https:\/\/serveiseducatius.xtec.cat\/pladelestany\/wp-content\/uploads\/usu771\/2025\/12\/12-768x768.png 768w, https:\/\/serveiseducatius.xtec.cat\/pladelestany\/wp-content\/uploads\/usu771\/2025\/12\/12.png 1080w\" sizes=\"auto, (max-width: 1024px) 100vw, 1024px\" \/><\/a><\/figure>\n","protected":false},"excerpt":{"rendered":"<p>&#8230;. S\u00edntesi de veu (aplicacions per a la transcripci\u00f3 de text a veu) Contes infantils amb sistemes alternatius i augmentatius [&hellip;]<\/p>\n","protected":false},"author":1,"featured_media":0,"parent":8393,"menu_order":0,"comment_status":"closed","ping_status":"close","template":"","meta":{"site-sidebar-layout":"default","site-content-layout":"","ast-site-content-layout":"default","site-content-style":"default","site-sidebar-style":"default","ast-global-header-display":"","ast-banner-title-visibility":"","ast-main-header-display":"","ast-hfb-above-header-display":"","ast-hfb-below-header-display":"","ast-hfb-mobile-header-display":"","site-post-title":"disabled","ast-breadcrumbs-content":"","ast-featured-img":"","footer-sml-layout":"","theme-transparent-header-meta":"","adv-header-id-meta":"","stick-header-meta":"","header-above-stick-meta":"","header-main-stick-meta":"","header-below-stick-meta":"","astra-migrate-meta-layouts":"set","ast-page-background-enabled":"default","ast-page-background-meta":{"desktop":{"background-color":"var(--ast-global-color-4)","background-image":"","background-repeat":"repeat","background-position":"center center","background-size":"auto","background-attachment":"scroll","background-type":"","background-media":"","overlay-type":"","overlay-color":"","overlay-opacity":"","overlay-gradient":""},"tablet":{"background-color":"","background-image":"","background-repeat":"repeat","background-position":"center center","background-size":"auto","background-attachment":"scroll","background-type":"","background-media":"","overlay-type":"","overlay-color":"","overlay-opacity":"","overlay-gradient":""},"mobile":{"background-color":"","background-image":"","background-repeat":"repeat","background-position":"center center","background-size":"auto","background-attachment":"scroll","background-type":"","background-media":"","overlay-type":"","overlay-color":"","overlay-opacity":"","overlay-gradient":""}},"ast-content-background-meta":{"desktop":{"background-color":"var(--ast-global-color-5)","background-image":"","background-repeat":"repeat","background-position":"center center","background-size":"auto","background-attachment":"scroll","background-type":"","background-media":"","overlay-type":"","overlay-color":"","overlay-opacity":"","overlay-gradient":""},"tablet":{"background-color":"var(--ast-global-color-5)","background-image":"","background-repeat":"repeat","background-position":"center center","background-size":"auto","background-attachment":"scroll","background-type":"","background-media":"","overlay-type":"","overlay-color":"","overlay-opacity":"","overlay-gradient":""},"mobile":{"background-color":"var(--ast-global-color-5)","background-image":"","background-repeat":"repeat","background-position":"center center","background-size":"auto","background-attachment":"scroll","background-type":"","background-media":"","overlay-type":"","overlay-color":"","overlay-opacity":"","overlay-gradient":""}},"footnotes":""},"class_list":["post-8424","page","type-page","status-publish","hentry"],"post_mailing_queue_ids":[],"_links":{"self":[{"href":"https:\/\/serveiseducatius.xtec.cat\/pladelestany\/wp-json\/wp\/v2\/pages\/8424","targetHints":{"allow":["GET"]}}],"collection":[{"href":"https:\/\/serveiseducatius.xtec.cat\/pladelestany\/wp-json\/wp\/v2\/pages"}],"about":[{"href":"https:\/\/serveiseducatius.xtec.cat\/pladelestany\/wp-json\/wp\/v2\/types\/page"}],"author":[{"embeddable":true,"href":"https:\/\/serveiseducatius.xtec.cat\/pladelestany\/wp-json\/wp\/v2\/users\/1"}],"replies":[{"embeddable":true,"href":"https:\/\/serveiseducatius.xtec.cat\/pladelestany\/wp-json\/wp\/v2\/comments?post=8424"}],"version-history":[{"count":6,"href":"https:\/\/serveiseducatius.xtec.cat\/pladelestany\/wp-json\/wp\/v2\/pages\/8424\/revisions"}],"predecessor-version":[{"id":8457,"href":"https:\/\/serveiseducatius.xtec.cat\/pladelestany\/wp-json\/wp\/v2\/pages\/8424\/revisions\/8457"}],"up":[{"embeddable":true,"href":"https:\/\/serveiseducatius.xtec.cat\/pladelestany\/wp-json\/wp\/v2\/pages\/8393"}],"wp:attachment":[{"href":"https:\/\/serveiseducatius.xtec.cat\/pladelestany\/wp-json\/wp\/v2\/media?parent=8424"}],"curies":[{"name":"wp","href":"https:\/\/api.w.org\/{rel}","templated":true}]}}