{"id":8322,"date":"2025-12-09T11:49:04","date_gmt":"2025-12-09T10:49:04","guid":{"rendered":"https:\/\/serveiseducatius.xtec.cat\/pladelestany\/?page_id=8322"},"modified":"2026-01-21T18:32:10","modified_gmt":"2026-01-21T17:32:10","slug":"seminari-cocobe-pla-de-lestany","status":"publish","type":"page","link":"https:\/\/serveiseducatius.xtec.cat\/pladelestany\/escola-inclusiva\/cocobe\/seminari-cocobe-pla-de-lestany\/","title":{"rendered":"Seminari Cocobe Pla de l&#8217;Estany"},"content":{"rendered":"\n<p>En aquest espai trobareu les dates de les sessions del seminari i l&#8217;enlla\u00e7 a les presentacions.<\/p>\n\n\n\n<p>22 de maig de 9:30 a 12:30. Sessi\u00f3 territorial.<\/p>\n\n\n\n<p>Aquest seminari est\u00e0 lligat a la formaci\u00f3  <strong><a href=\"https:\/\/aplicacions.gestioeducativa.gencat.cat\/ords\/pls\/soloas\/pk_for_mod_ins.p_for_exhaustiu_activitat?p_header=Detall%20d%27activitat^pk_for_mod_ins.p_for_detall_activitat?p_codi=5061171506%26p_curs=2025-2026%26p_es_inscr=S&amp;p_codi=5061171506&amp;p_curs=2025-2026&amp;p_es_inscr=S\" target=\"_blank\" rel=\"noreferrer noopener\">5061171506 Coordinadors\/es coeducaci\u00f3 conviv\u00e8ncia i benestar<\/a><\/strong> on us heu inscrit els coordinadors\/es de cada centre educatiu de la comarca.<\/p>\n\n\n\n<p>La tasca individual per a completar la formaci\u00f3 \u00e9s la proposta d&#8217;una activitat a treballar al centre, amb totes les propostes del ST es generar\u00e0 un document pdf.<br>A la sessi\u00f3 final (22 de maig) es far\u00e0 una presentaci\u00f3 d&#8217;experi\u00e8ncies, a cada zona n&#8217;haurem d&#8217;escollir una per a presentar.<\/p>\n\n\n\n<p><\/p>\n\n\n\n<div class=\"wp-block-getwid-accordion has-icon-left\" data-active-element=\"none\">\n<div class=\"wp-block-getwid-accordion__header-wrapper\"><span class=\"wp-block-getwid-accordion__header\"><a href=\"#\"><span class=\"wp-block-getwid-accordion__header-title\">Sessi\u00f3 1 (14 de novembre) Sessi\u00f3 territorial<\/span><span class=\"wp-block-getwid-accordion__icon is-active\"><i class=\"fas fa-plus\"><\/i><\/span><span class=\"wp-block-getwid-accordion__icon is-passive\"><i class=\"fas fa-minus\"><\/i><\/span><\/a><\/span><\/div><div class=\"wp-block-getwid-accordion__content-wrapper\"><div class=\"wp-block-getwid-accordion__content\">\n<p>14 de novembre de 9:30 a 12:30.  Sessi\u00f3 territorial<\/p>\n\n\n<p><iframe loading=\"lazy\" src=\"https:\/\/drive.google.com\/file\/d\/1fu9Ca1q_6-MPEGVi835vUXeRowctwWs2\/preview\" width=\"640\" height=\"350\" allow=\"autoplay\"><\/iframe><\/p>\n\n\n<p><iframe loading=\"lazy\" src=\"https:\/\/drive.google.com\/file\/d\/1otH9Yw_kJA7tjmeFkAihf5bYZEFAQHCf\/preview\" width=\"640\" height=\"350\" allow=\"autoplay\"><\/iframe><\/p>\n<\/div><\/div>\n\n\n\n<div class=\"wp-block-getwid-accordion__header-wrapper\"><span class=\"wp-block-getwid-accordion__header\"><a href=\"#\"><span class=\"wp-block-getwid-accordion__header-title\">Sessi\u00f3 2 (26 de novembre) Sessi\u00f3 comarcal<\/span><span class=\"wp-block-getwid-accordion__icon is-active\"><i class=\"fas fa-plus\"><\/i><\/span><span class=\"wp-block-getwid-accordion__icon is-passive\"><i class=\"fas fa-minus\"><\/i><\/span><\/a><\/span><\/div><div class=\"wp-block-getwid-accordion__content-wrapper\"><div class=\"wp-block-getwid-accordion__content\">\n<p>26 de novembre de 17:30 a 19:30<\/p>\n\n\n\n<p>A la sessi\u00f3 s&#8217;ha parlat dels protocols (lila i verd) b\u00e0sics per a la gesti\u00f3 de la conviv\u00e8ncia al centre:<\/p>\n\n\n\n<p>\u00b7 <strong><a href=\"https:\/\/xtec.gencat.cat\/ca\/centres\/projeducatiu\/convivencia\/protocols\/conflictes-greus\/\" target=\"_blank\" rel=\"noreferrer noopener\">Procediment d\u2019intervenci\u00f3 en cas de faltes greument perjudicials per a la conviv\u00e8ncia<\/a><\/strong>\u00a0enlla\u00e7\u00a0<strong><a href=\"https:\/\/educacio.gencat.cat\/web\/.content\/home\/departament\/publicacions\/protocols\/intervencio-faltes-greus-convivencia\/protocol-intervencio-faltes-greus-convivencia.pdf\" target=\"_blank\" rel=\"noreferrer noopener\">al document pdf<\/a>\u00a0<\/strong><\/p>\n\n\n\n<p>\u00b7 <strong><a href=\"https:\/\/educacio.gencat.cat\/ca\/departament\/publicacions\/protocols\/actuacio-davant-violencia-ambit-educatiu\/index.html\" target=\"_blank\" rel=\"noreferrer noopener\">Protocol d&#8217;actuaci\u00f3 davant de qualsevol tipus de viol\u00e8ncia en l&#8217;\u00e0mbit educatiu<\/a><\/strong>\u00a0enlla\u00e7\u00a0\u00a0<strong><a href=\"https:\/\/educacio.gencat.cat\/web\/.content\/home\/departament\/publicacions\/protocols\/actuacio-davant-violencia-ambit-educatiu\/protocol-actuacio-davant-violencia.pdf\" target=\"_blank\" rel=\"noreferrer noopener\">al document pdf<\/a><\/strong>\u00a0<\/p>\n\n\n\n<p>Com s recurs s&#8217;ha parlat de l&#8217;espai\u00a0<a href=\"https:\/\/pdabullying.com\/ca\/inici\" target=\"_blank\" rel=\"noreferrer noopener\"><strong>PDA Bullying<\/strong><\/a><\/p>\n\n\n\n<p><a href=\"https:\/\/drive.google.com\/drive\/folders\/1Y2jJJpD_08Wleh_mAwS8hUNHthopgMa2?usp=drive_link\" target=\"_blank\" rel=\"noreferrer noopener\">Presentaci\u00f3 de les sessions 1 i 2<\/a> (acc\u00e9s exclusiu coordinacions Cocobe del seminari)<\/p>\n<\/div><\/div>\n\n\n\n<div class=\"wp-block-getwid-accordion__header-wrapper\"><span class=\"wp-block-getwid-accordion__header\"><a href=\"#\"><span class=\"wp-block-getwid-accordion__header-title\">Sessi\u00f3 3 (21 de gener) Sessi\u00f3 comarcal<\/span><span class=\"wp-block-getwid-accordion__icon is-active\"><i class=\"fas fa-plus\"><\/i><\/span><span class=\"wp-block-getwid-accordion__icon is-passive\"><i class=\"fas fa-minus\"><\/i><\/span><\/a><\/span><\/div><div class=\"wp-block-getwid-accordion__content-wrapper\"><div class=\"wp-block-getwid-accordion__content\">\n<p>21 de gener de 17:30 a 19:30. Sessi\u00f3 de zona.<\/p>\n\n\n\n<p><a href=\"https:\/\/drive.google.com\/drive\/folders\/1gVhLX8Ua9Nn-082bwzEZN1vGnnf4HAAg?usp=sharing\" target=\"_blank\" rel=\"noreferrer noopener\">Presentaci\u00f3<\/a> (acc\u00e9s exclusiu coordinacions Cocobe del seminari) <br><\/p>\n<\/div><\/div>\n\n\n\n<div class=\"wp-block-getwid-accordion__header-wrapper\"><span class=\"wp-block-getwid-accordion__header\"><a href=\"#\"><span class=\"wp-block-getwid-accordion__header-title\">Sessi\u00f3 4 (telem\u00e0tic. Fins al 27 de mar\u00e7)<\/span><span class=\"wp-block-getwid-accordion__icon is-active\"><i class=\"fas fa-plus\"><\/i><\/span><span class=\"wp-block-getwid-accordion__icon is-passive\"><i class=\"fas fa-minus\"><\/i><\/span><\/a><\/span><\/div><div class=\"wp-block-getwid-accordion__content-wrapper\"><div class=\"wp-block-getwid-accordion__content\">\n<p>Sessi\u00f3 telem\u00e0tica as\u00edncrona (entre el 22 de gener i 27 de mar\u00e7)<\/p>\n<\/div><\/div>\n\n\n\n<div class=\"wp-block-getwid-accordion__header-wrapper\"><span class=\"wp-block-getwid-accordion__header\"><a href=\"#\"><span class=\"wp-block-getwid-accordion__header-title\">Sessi\u00f3 5 (22 de maig) Sessi\u00f3 territorial<\/span><span class=\"wp-block-getwid-accordion__icon is-active\"><i class=\"fas fa-plus\"><\/i><\/span><span class=\"wp-block-getwid-accordion__icon is-passive\"><i class=\"fas fa-minus\"><\/i><\/span><\/a><\/span><\/div><div class=\"wp-block-getwid-accordion__content-wrapper\"><div class=\"wp-block-getwid-accordion__content\">\n<p>22 de maig de 9:30 a 12:30.  Sessi\u00f3 territorial.<\/p>\n<\/div><\/div>\n<\/div>\n","protected":false},"excerpt":{"rendered":"<p>En aquest espai trobareu les dates de les sessions del seminari i l&#8217;enlla\u00e7 a les presentacions. 22 de maig de [&hellip;]<\/p>\n","protected":false},"author":1,"featured_media":0,"parent":8266,"menu_order":0,"comment_status":"closed","ping_status":"close","template":"","meta":{"site-sidebar-layout":"default","site-content-layout":"","ast-site-content-layout":"default","site-content-style":"default","site-sidebar-style":"default","ast-global-header-display":"","ast-banner-title-visibility":"","ast-main-header-display":"","ast-hfb-above-header-display":"","ast-hfb-below-header-display":"","ast-hfb-mobile-header-display":"","site-post-title":"","ast-breadcrumbs-content":"","ast-featured-img":"","footer-sml-layout":"","theme-transparent-header-meta":"","adv-header-id-meta":"","stick-header-meta":"","header-above-stick-meta":"","header-main-stick-meta":"","header-below-stick-meta":"","astra-migrate-meta-layouts":"set","ast-page-background-enabled":"default","ast-page-background-meta":{"desktop":{"background-color":"var(--ast-global-color-4)","background-image":"","background-repeat":"repeat","background-position":"center center","background-size":"auto","background-attachment":"scroll","background-type":"","background-media":"","overlay-type":"","overlay-color":"","overlay-opacity":"","overlay-gradient":""},"tablet":{"background-color":"","background-image":"","background-repeat":"repeat","background-position":"center center","background-size":"auto","background-attachment":"scroll","background-type":"","background-media":"","overlay-type":"","overlay-color":"","overlay-opacity":"","overlay-gradient":""},"mobile":{"background-color":"","background-image":"","background-repeat":"repeat","background-position":"center center","background-size":"auto","background-attachment":"scroll","background-type":"","background-media":"","overlay-type":"","overlay-color":"","overlay-opacity":"","overlay-gradient":""}},"ast-content-background-meta":{"desktop":{"background-color":"var(--ast-global-color-5)","background-image":"","background-repeat":"repeat","background-position":"center center","background-size":"auto","background-attachment":"scroll","background-type":"","background-media":"","overlay-type":"","overlay-color":"","overlay-opacity":"","overlay-gradient":""},"tablet":{"background-color":"var(--ast-global-color-5)","background-image":"","background-repeat":"repeat","background-position":"center center","background-size":"auto","background-attachment":"scroll","background-type":"","background-media":"","overlay-type":"","overlay-color":"","overlay-opacity":"","overlay-gradient":""},"mobile":{"background-color":"var(--ast-global-color-5)","background-image":"","background-repeat":"repeat","background-position":"center center","background-size":"auto","background-attachment":"scroll","background-type":"","background-media":"","overlay-type":"","overlay-color":"","overlay-opacity":"","overlay-gradient":""}},"footnotes":""},"class_list":["post-8322","page","type-page","status-publish","hentry"],"post_mailing_queue_ids":[],"_links":{"self":[{"href":"https:\/\/serveiseducatius.xtec.cat\/pladelestany\/wp-json\/wp\/v2\/pages\/8322","targetHints":{"allow":["GET"]}}],"collection":[{"href":"https:\/\/serveiseducatius.xtec.cat\/pladelestany\/wp-json\/wp\/v2\/pages"}],"about":[{"href":"https:\/\/serveiseducatius.xtec.cat\/pladelestany\/wp-json\/wp\/v2\/types\/page"}],"author":[{"embeddable":true,"href":"https:\/\/serveiseducatius.xtec.cat\/pladelestany\/wp-json\/wp\/v2\/users\/1"}],"replies":[{"embeddable":true,"href":"https:\/\/serveiseducatius.xtec.cat\/pladelestany\/wp-json\/wp\/v2\/comments?post=8322"}],"version-history":[{"count":6,"href":"https:\/\/serveiseducatius.xtec.cat\/pladelestany\/wp-json\/wp\/v2\/pages\/8322\/revisions"}],"predecessor-version":[{"id":8633,"href":"https:\/\/serveiseducatius.xtec.cat\/pladelestany\/wp-json\/wp\/v2\/pages\/8322\/revisions\/8633"}],"up":[{"embeddable":true,"href":"https:\/\/serveiseducatius.xtec.cat\/pladelestany\/wp-json\/wp\/v2\/pages\/8266"}],"wp:attachment":[{"href":"https:\/\/serveiseducatius.xtec.cat\/pladelestany\/wp-json\/wp\/v2\/media?parent=8322"}],"curies":[{"name":"wp","href":"https:\/\/api.w.org\/{rel}","templated":true}]}}