{"id":806,"date":"2015-11-28T21:29:55","date_gmt":"2015-11-28T20:29:55","guid":{"rendered":"http:\/\/serveiseducatius.xtec.cat\/se-pladelestany\/?page_id=806"},"modified":"2025-09-17T13:42:33","modified_gmt":"2025-09-17T11:42:33","slug":"el-servei-educatiu","status":"publish","type":"page","link":"https:\/\/serveiseducatius.xtec.cat\/pladelestany\/el-servei-educatiu\/","title":{"rendered":"El servei educatiu"},"content":{"rendered":"\n<h4 class=\"wp-block-heading\">Contacte<\/h4>\n\n\n\n<p><strong>Tel\u00e8fon<\/strong>: 972573803<\/p>\n\n\n\n<p><strong>Correu electr\u00f2nic<\/strong>:<br>CRP: crp-pladelestany@xtec.cat<br>EAP: eap-pladelestany@xtec.cat<br>LIC: se-pladelestany@xtec.cat<\/p>\n\n\n\n<h4 class=\"wp-block-heading\">Funci\u00f3<\/h4>\n\n\n\n<p>Els <strong>Serveis Educatius<\/strong> del Departament d&#8217;Educaci\u00f3 i Formaci\u00f3 Professional donen suport i assessorament als centres educatius p\u00fablics i privats concertats de nivells educatius no universitaris. Cada servei educatiu est\u00e0 format per un equip multidisciplinar que ofereix els seg\u00fcents serveis:<\/p>\n\n\n\n<ul class=\"wp-block-list\">\n<li>Suport i assessorament en estrat\u00e8gies organitzatives, did\u00e0ctiques i metodol\u00f2giques per a l&#8217;assoliment de les <strong>compet\u00e8ncies b\u00e0siques.<\/strong><\/li>\n\n\n\n<li>Suport en la <strong>tutoria i l&#8217;orientaci\u00f3<\/strong> educativa.<\/li>\n\n\n\n<li><strong>Detecci\u00f3 preco\u00e7<\/strong> de les dificultats d&#8217;aprenentatge, socials, motrius i fer avaluacions psicopedag\u00f2giques.<\/li>\n\n\n\n<li>Assessorament sobre el proc\u00e9s d&#8217;escolaritzaci\u00f3 en <strong>necessitats educatives espec\u00edfiques i especials<\/strong> (NEE).<\/li>\n\n\n\n<li>Assessorament sobre <strong>adaptacions curriculars individuals<\/strong> (CI).<\/li>\n\n\n\n<li>Suport en la <strong>prevenci\u00f3 de l&#8217;abandonament escolar<\/strong> prematur.<\/li>\n\n\n\n<li>Suport en el tractament integrat de <strong>llengua i continguts<\/strong>.<\/li>\n\n\n\n<li>Planificaci\u00f3 i gesti\u00f3 del cat\u00e0leg de <strong>formaci\u00f3 del professorat<\/strong> de la zona.<\/li>\n\n\n\n<li>Suport i assessorament en did\u00e0ctica, <strong>innovaci\u00f3<\/strong> i\/o <strong>planificaci\u00f3<\/strong>: plans de millora, TAC, suport a la lectura\u2026<\/li>\n\n\n\n<li><strong>Servei de pr\u00e9stec<\/strong> de maquinari, v\u00eddeos i textos especialitzats en temes educatius.<\/li>\n\n\n\n<li>Suport a <strong>projectes internacionals<\/strong> pel desenvolupament del <strong>pluriling\u00fcisme<\/strong> i de les <strong>compet\u00e8ncies comunicatives<\/strong> dels alumnes.<\/li>\n<\/ul>\n\n\n\n<p>L&#8217;\u00e0mbit d&#8217;actuaci\u00f3 del servei educatiu&nbsp;\u00e9s la comarca del Pla de l&#8217;Estany.<\/p>\n\n\n\n<h4 class=\"wp-block-heading\">Qui pot fer la demanda dels serveis?<\/h4>\n\n\n\n<ul class=\"wp-block-list\">\n<li>Els centres, mitjan\u00e7ant els seus equips de direcci\u00f3.<\/li>\n\n\n\n<li>Col\u00b7lectius de docents, d&#8217;especialitat, de nivell, d&#8217;interessos, etc.<\/li>\n\n\n\n<li>Els docents directament.<\/li>\n\n\n\n<li>Altres entitats vinculades a l&#8217;Educaci\u00f3.<\/li>\n<\/ul>\n\n\n\n<h4 class=\"wp-block-heading\">Com es fa la demanda?<\/h4>\n\n\n\n<p>Trucant&nbsp;o enviant un correu electr\u00f2nic als diferents serveis:<\/p>\n\n\n\n<p>CRP:&nbsp;<strong>972&nbsp;573 456 &gt;&gt;&gt;<\/strong>&nbsp;<strong>crp-pladelestany@xtec.cat<\/strong><\/p>\n\n\n\n<p>EAP:&nbsp;<strong>972&nbsp;573 803 &gt;&gt;&gt;<\/strong>&nbsp;<strong>eap-pladelestany@xtec.cat<\/strong><\/p>\n\n\n\n<p>LIC:&nbsp;&nbsp;<strong>972&nbsp;573 803 &gt;&gt;&gt;<\/strong> <strong>se-pladelestany@xtec.cat<\/strong><\/p>\n\n\n\n<h4 class=\"wp-block-heading\">L\u00ednies priorit\u00e0ries dels serveis educatius per al curs 2024-2025<\/h4>\n\n\n\n<p>Les l\u00ednies priorit\u00e0ries d\u2019actuaci\u00f3 dels serveis educatius es fonamenten en les l\u00ednies estrat\u00e8giques que marca el document \u201cObjectius prioritaris del sistema educatiu\u201d dels documents d\u2019organitzaci\u00f3 i gesti\u00f3 de centres.<\/p>\n","protected":false},"excerpt":{"rendered":"<p>Contacte Tel\u00e8fon: 972573803 Correu electr\u00f2nic:CRP: crp-pladelestany@xtec.catEAP: eap-pladelestany@xtec.catLIC: se-pladelestany@xtec.cat Funci\u00f3 Els Serveis Educatius del Departament d&#8217;Educaci\u00f3 i Formaci\u00f3 Professional donen suport [&hellip;]<\/p>\n","protected":false},"author":5,"featured_media":0,"parent":0,"menu_order":0,"comment_status":"closed","ping_status":"closed","template":"page-templates\/side-menu.php","meta":{"site-sidebar-layout":"default","site-content-layout":"","ast-site-content-layout":"default","site-content-style":"default","site-sidebar-style":"default","ast-global-header-display":"","ast-banner-title-visibility":"","ast-main-header-display":"","ast-hfb-above-header-display":"","ast-hfb-below-header-display":"","ast-hfb-mobile-header-display":"","site-post-title":"","ast-breadcrumbs-content":"","ast-featured-img":"","footer-sml-layout":"","theme-transparent-header-meta":"","adv-header-id-meta":"","stick-header-meta":"","header-above-stick-meta":"","header-main-stick-meta":"","header-below-stick-meta":"","astra-migrate-meta-layouts":"set","ast-page-background-enabled":"default","ast-page-background-meta":{"desktop":{"background-color":"var(--ast-global-color-4)","background-image":"","background-repeat":"repeat","background-position":"center center","background-size":"auto","background-attachment":"scroll","background-type":"","background-media":"","overlay-type":"","overlay-color":"","overlay-opacity":"","overlay-gradient":""},"tablet":{"background-color":"","background-image":"","background-repeat":"repeat","background-position":"center center","background-size":"auto","background-attachment":"scroll","background-type":"","background-media":"","overlay-type":"","overlay-color":"","overlay-opacity":"","overlay-gradient":""},"mobile":{"background-color":"","background-image":"","background-repeat":"repeat","background-position":"center center","background-size":"auto","background-attachment":"scroll","background-type":"","background-media":"","overlay-type":"","overlay-color":"","overlay-opacity":"","overlay-gradient":""}},"ast-content-background-meta":{"desktop":{"background-color":"var(--ast-global-color-5)","background-image":"","background-repeat":"repeat","background-position":"center center","background-size":"auto","background-attachment":"scroll","background-type":"","background-media":"","overlay-type":"","overlay-color":"","overlay-opacity":"","overlay-gradient":""},"tablet":{"background-color":"var(--ast-global-color-5)","background-image":"","background-repeat":"repeat","background-position":"center center","background-size":"auto","background-attachment":"scroll","background-type":"","background-media":"","overlay-type":"","overlay-color":"","overlay-opacity":"","overlay-gradient":""},"mobile":{"background-color":"var(--ast-global-color-5)","background-image":"","background-repeat":"repeat","background-position":"center center","background-size":"auto","background-attachment":"scroll","background-type":"","background-media":"","overlay-type":"","overlay-color":"","overlay-opacity":"","overlay-gradient":""}},"footnotes":""},"class_list":["post-806","page","type-page","status-publish","hentry"],"post_mailing_queue_ids":[],"_links":{"self":[{"href":"https:\/\/serveiseducatius.xtec.cat\/pladelestany\/wp-json\/wp\/v2\/pages\/806","targetHints":{"allow":["GET"]}}],"collection":[{"href":"https:\/\/serveiseducatius.xtec.cat\/pladelestany\/wp-json\/wp\/v2\/pages"}],"about":[{"href":"https:\/\/serveiseducatius.xtec.cat\/pladelestany\/wp-json\/wp\/v2\/types\/page"}],"author":[{"embeddable":true,"href":"https:\/\/serveiseducatius.xtec.cat\/pladelestany\/wp-json\/wp\/v2\/users\/5"}],"replies":[{"embeddable":true,"href":"https:\/\/serveiseducatius.xtec.cat\/pladelestany\/wp-json\/wp\/v2\/comments?post=806"}],"version-history":[{"count":6,"href":"https:\/\/serveiseducatius.xtec.cat\/pladelestany\/wp-json\/wp\/v2\/pages\/806\/revisions"}],"predecessor-version":[{"id":7822,"href":"https:\/\/serveiseducatius.xtec.cat\/pladelestany\/wp-json\/wp\/v2\/pages\/806\/revisions\/7822"}],"wp:attachment":[{"href":"https:\/\/serveiseducatius.xtec.cat\/pladelestany\/wp-json\/wp\/v2\/media?parent=806"}],"curies":[{"name":"wp","href":"https:\/\/api.w.org\/{rel}","templated":true}]}}