{"id":7711,"date":"2025-07-11T14:23:07","date_gmt":"2025-07-11T12:23:07","guid":{"rendered":"https:\/\/serveiseducatius.xtec.cat\/pladelestany\/?page_id=7711"},"modified":"2025-10-30T13:00:16","modified_gmt":"2025-10-30T12:00:16","slug":"xerrades","status":"publish","type":"page","link":"https:\/\/serveiseducatius.xtec.cat\/pladelestany\/les-nostres-activitats\/setmana-de-la-ciencia\/xerrades\/","title":{"rendered":"Xerrades"},"content":{"rendered":"\n<figure class=\"wp-block-image aligncenter size-large\"><a href=\"https:\/\/serveiseducatius.xtec.cat\/pladelestany\/wp-content\/uploads\/usu771\/2025\/07\/8-1.png\"><img loading=\"lazy\" decoding=\"async\" width=\"1024\" height=\"256\" src=\"https:\/\/serveiseducatius.xtec.cat\/pladelestany\/wp-content\/uploads\/usu771\/2025\/07\/8-1-1024x256.png\" alt=\"\" class=\"wp-image-7678\" srcset=\"https:\/\/serveiseducatius.xtec.cat\/pladelestany\/wp-content\/uploads\/usu771\/2025\/07\/8-1-1024x256.png 1024w, https:\/\/serveiseducatius.xtec.cat\/pladelestany\/wp-content\/uploads\/usu771\/2025\/07\/8-1-300x75.png 300w, https:\/\/serveiseducatius.xtec.cat\/pladelestany\/wp-content\/uploads\/usu771\/2025\/07\/8-1-768x192.png 768w, https:\/\/serveiseducatius.xtec.cat\/pladelestany\/wp-content\/uploads\/usu771\/2025\/07\/8-1-1536x384.png 1536w, https:\/\/serveiseducatius.xtec.cat\/pladelestany\/wp-content\/uploads\/usu771\/2025\/07\/8-1.png 1920w\" sizes=\"auto, (max-width: 1024px) 100vw, 1024px\" \/><\/a><\/figure>\n\n\n\n<p><\/p>\n\n\n\n<p class=\"has-white-color has-text-color has-link-color wp-elements-9aa30ed850f84e5f49056794c0685abc\">. <\/p>\n\n\n\n<div class=\"wp-block-getwid-tabs\" data-active-tab=\"0\"><ul class=\"wp-block-getwid-tabs__nav-links\"><\/ul>\n<div class=\"wp-block-getwid-tabs__nav-link\"><span class=\"wp-block-getwid-tabs__title-wrapper\"><a href=\"#\"><span class=\"wp-block-getwid-tabs__title\">2025-26<\/span><\/a><\/span><\/div><div class=\"wp-block-getwid-tabs__tab-content-wrapper\"><div class=\"wp-block-getwid-tabs__tab-content\">\n<div class=\"wp-block-columns is-layout-flex wp-container-core-columns-is-layout-1 wp-block-columns-is-layout-flex\">\n<div class=\"wp-block-column is-layout-flow wp-block-column-is-layout-flow\" style=\"flex-basis:50%\">\n<figure class=\"wp-block-image aligncenter size-large\"><a href=\"https:\/\/serveiseducatius.xtec.cat\/pladelestany\/wp-content\/uploads\/usu771\/2025\/10\/Martina-Lepez-Estany-2n-A-1.jpg\"><img loading=\"lazy\" decoding=\"async\" width=\"721\" height=\"1024\" src=\"https:\/\/serveiseducatius.xtec.cat\/pladelestany\/wp-content\/uploads\/usu771\/2025\/10\/Martina-Lepez-Estany-2n-A-1-721x1024.jpg\" alt=\"\" class=\"wp-image-8088\" srcset=\"https:\/\/serveiseducatius.xtec.cat\/pladelestany\/wp-content\/uploads\/usu771\/2025\/10\/Martina-Lepez-Estany-2n-A-1-721x1024.jpg 721w, https:\/\/serveiseducatius.xtec.cat\/pladelestany\/wp-content\/uploads\/usu771\/2025\/10\/Martina-Lepez-Estany-2n-A-1-211x300.jpg 211w, https:\/\/serveiseducatius.xtec.cat\/pladelestany\/wp-content\/uploads\/usu771\/2025\/10\/Martina-Lepez-Estany-2n-A-1-768x1091.jpg 768w, https:\/\/serveiseducatius.xtec.cat\/pladelestany\/wp-content\/uploads\/usu771\/2025\/10\/Martina-Lepez-Estany-2n-A-1-1081x1536.jpg 1081w, https:\/\/serveiseducatius.xtec.cat\/pladelestany\/wp-content\/uploads\/usu771\/2025\/10\/Martina-Lepez-Estany-2n-A-1-1442x2048.jpg 1442w, https:\/\/serveiseducatius.xtec.cat\/pladelestany\/wp-content\/uploads\/usu771\/2025\/10\/Martina-Lepez-Estany-2n-A-1.jpg 1625w\" sizes=\"auto, (max-width: 721px) 100vw, 721px\" \/><\/a><\/figure>\n<\/div>\n\n\n\n<div class=\"wp-block-column is-layout-flow wp-block-column-is-layout-flow\" style=\"flex-basis:50%\">\n<p class=\"has-medium-font-size\"><strong>Dimecres 12 de novembre del 2025 \u2013&nbsp;<\/strong>Hora: 12:00h \u2013&nbsp;<strong>Auditori de Banyoles<\/strong><\/p>\n\n\n\n<p><strong>\u201c<strong>Tot \u00e9s qu\u00edmica, qu\u00edmica qu\u00e0ntica<\/strong>!\u201d,&nbsp;&nbsp;<\/strong>a c\u00e0rrec de&nbsp;<strong>S\u00edlvia Simon<\/strong>, directora de la C\u00e0tedra de Cultura Cient\u00edfica i Comunicaci\u00f3 Digital de la UdG.&nbsp;<\/p>\n\n\n\n<p><strong>Organitza:<\/strong>&nbsp;Grup de ci\u00e8ncies de secund\u00e0ria<\/p>\n\n\n\n<p><em>Adre\u00e7at a l\u2019alumnat de 1r de BXT<\/em>.<\/p>\n\n\n\n<p>Com a investigadora de l\u2019Institut de Qu\u00edmica Computacional i Cat\u00e0lisi mostrar\u00e9 com tant els qu\u00edmics computacionals com experimentals fan servir conceptes qu\u00e0ntics en el seu dia a dia. I molts d\u2019aquests no s\u00f3n pas gaire lluny del dia a dia de la societat!<\/p>\n\n\n\n<p class=\"has-white-color has-text-color has-link-color wp-elements-7e4ac651328708ea719ac0894fa30934\">.<\/p>\n\n\n\n<p class=\"has-medium-font-size\"><strong>Dijous 13&nbsp;de novembre del 2025&nbsp;\u2013&nbsp;<\/strong>Hora: entre 9:00 i 13:00h&nbsp;<strong>\u2013&nbsp;Ajuntament de Fontcoberta \u2013 Can Jan de la Farr\u00e9s<\/strong><\/p>\n\n\n\n<p><strong>Xerrada \u201cEls tr\u00edops al Pla de l\u2019Estany\u201d,&nbsp;&nbsp;<\/strong>a c\u00e0rrec de&nbsp;<strong>Dani Boix<\/strong>, professor agregat del Dept. de Ci\u00e8ncies Ambientals \/Institut d\u2019Ecologia Aqu\u00e0tica de la Universitat de Girona<\/p>\n\n\n\n<p><strong>Organitza:<\/strong>&nbsp;Grup de ci\u00e8ncies de secund\u00e0ria&nbsp;<\/p>\n\n\n\n<p><em>Adre\u00e7at a l\u2019alumnat de&nbsp;4t d\u2019ESO<\/em>.<\/p>\n\n\n\n<p class=\"has-white-color has-text-color has-link-color wp-elements-0085676ada918ca257463344f4a65cc2\"><em>Adre\u00e7at l\u2019alumnat de&nbsp;4t d\u2019E<\/em><\/p>\n<\/div>\n<\/div>\n\n\n\n<p class=\"has-medium-font-size\"><strong>Dissabte 22&nbsp;de novembre 2025&nbsp;\u2013&nbsp;<\/strong>Hora: 19:00h&nbsp;<strong>\u2013 Museu Darder de Banyoles<\/strong><\/p>\n\n\n\n<p><strong>Anunci de les persones guanyadores&nbsp;<\/strong>de les activitats de la XXI Setmana de la Ci\u00e8ncia al Pla de l\u2019Estany<\/p>\n\n\n\n<p>Xerrada: \u201c<strong>Max Planck: Derrota i drama. Una constant universal\u201d<\/strong>, a c\u00e0rrec d<strong>&#8216;<strong>Enric Figueras<\/strong><\/strong>.&nbsp;<\/p>\n\n\n\n<p>Max Planck \u00e9s un dels grans cient\u00edfics que van contribuir als inicis de la qu\u00e0ntica. Coneixerem la seva vida dins el context cient\u00edfic i hist\u00f2ric, a partir dels problemes que la ci\u00e8ncia investigava a finals del segle XIX i de la soluci\u00f3 que involucra el qu\u00e0ntum d\u2019acci\u00f3 que ell va proposar per al problema del \u201ccos negre\u201d. Tamb\u00e9, veurem com Einstein i Bohr, considerant aquesta soluci\u00f3, revolucionen la f\u00edsica i la qu\u00edmica amb l\u2019efecte fotoel\u00e8ctric i el nou model d\u2019\u00e0tom, respectivament. Per altra banda, detallarem els c\u00e0rrecs que va ocupar i la seva posici\u00f3 pol\u00edtica en una Alemanya immersa en conflictes b\u00e8l\u00b7lics, on la ci\u00e8ncia hi pot tenir un paper clau.<\/p>\n\n\n\n<p><strong>Organitza:<\/strong>&nbsp;Astrobanyoles, Centre de Recursos Pedag\u00f2gics del Pla de l\u2019Estany, Ajuntament de Banyoles, Museu Darder<\/p>\n\n\n\n<p><em>Aquesta xerrada \u00e9s oberta a totes les persones interessades.<\/em><\/p>\n\n\n\n<p><\/p>\n\n\n\n<p>.<\/p>\n\n\n\n<p><\/p>\n<\/div><\/div>\n\n\n\n<div class=\"wp-block-getwid-tabs__nav-link\"><span class=\"wp-block-getwid-tabs__title-wrapper\"><a href=\"#\"><span class=\"wp-block-getwid-tabs__title\">2024-25<\/span><\/a><\/span><\/div><div class=\"wp-block-getwid-tabs__tab-content-wrapper\"><div class=\"wp-block-getwid-tabs__tab-content\">\n<p><strong>Dimecres 13 de novembre del 2024 &#8211;&nbsp;<\/strong>Hora: 12:00h &#8211;&nbsp;<strong>Teatre de l&#8217;Escola la Vila<\/strong><\/p>\n\n\n\n<p><strong>\u201cDe professi\u00f3 Bot\u00e0nica: sorpresa i entusiasme\u201d,&nbsp;&nbsp;<\/strong>a c\u00e0rrec de&nbsp;<strong>Jordina Belmonte<\/strong>, professora del Dept. de Biologia animal, Biologia vegetal i d\u2019ecologia.&nbsp;<\/p>\n\n\n\n<p><strong>Organitza:<\/strong>&nbsp;Grup de ci\u00e8ncies de secund\u00e0ria<\/p>\n\n\n\n<p><em>Adre\u00e7at a l&#8217;alumnat de 1r de BXT<\/em>.<\/p>\n\n\n\n<p class=\"has-white-color has-text-color has-link-color wp-elements-9aa30ed850f84e5f49056794c0685abc\">. <\/p>\n\n\n\n<p><strong>Di<\/strong><strong>jous 14<\/strong><strong>&nbsp;de novembre del 202<\/strong><strong>4<\/strong><strong>&nbsp;&#8211;&nbsp;<\/strong>Hora: entre 9:00 i 13:00h&nbsp;<strong>&#8211;&nbsp;<\/strong><strong>Ajuntament de Fontcoberta \u2013 Can Jan de la Farr\u00e9s<\/strong><\/p>\n\n\n\n<p><strong>Xerrada \u201cEls tr\u00edops al Pla de l\u2019Estany&#8221;,&nbsp;&nbsp;<\/strong>a c\u00e0rrec de&nbsp;<strong>Dani Boix<\/strong>, professor agregat del Dept. de Ci\u00e8ncies Ambientals \/Institut d\u2019Ecologia Aqu\u00e0tica de la Universitat de Girona<\/p>\n\n\n\n<p><strong>Organitza:<\/strong>&nbsp;Grup de ci\u00e8ncies de secund\u00e0ria&nbsp;<\/p>\n\n\n\n<p><em>Adre\u00e7at a l&#8217;alumnat de&nbsp;4t d&#8217;ESO<\/em>.<\/p>\n\n\n\n<p class=\"has-white-color has-text-color has-link-color wp-elements-cce7699faaeff69a270c670a4269a35e\">. <\/p>\n\n\n\n<div class=\"wp-block-columns is-layout-flex wp-container-core-columns-is-layout-2 wp-block-columns-is-layout-flex\">\n<div class=\"wp-block-column is-layout-flow wp-block-column-is-layout-flow\" style=\"flex-basis:33.33%\">\n<figure class=\"wp-block-image size-full\"><a href=\"https:\/\/serveiseducatius.xtec.cat\/pladelestany\/wp-content\/uploads\/usu771\/2024\/11\/Cartell-SdC-24_A4.jpg\"><img loading=\"lazy\" decoding=\"async\" width=\"724\" height=\"1024\" src=\"https:\/\/serveiseducatius.xtec.cat\/pladelestany\/wp-content\/uploads\/usu771\/2024\/11\/Cartell-SdC-24_A4.jpg\" alt=\"\" class=\"wp-image-5755\" srcset=\"https:\/\/serveiseducatius.xtec.cat\/pladelestany\/wp-content\/uploads\/usu771\/2024\/11\/Cartell-SdC-24_A4.jpg 724w, https:\/\/serveiseducatius.xtec.cat\/pladelestany\/wp-content\/uploads\/usu771\/2024\/11\/Cartell-SdC-24_A4-212x300.jpg 212w\" sizes=\"auto, (max-width: 724px) 100vw, 724px\" \/><\/a><\/figure>\n<\/div>\n\n\n\n<div class=\"wp-block-column is-layout-flow wp-block-column-is-layout-flow\" style=\"flex-basis:66.66%\">\n<p><strong>Dissabte 1<\/strong><strong>6<\/strong><strong>&nbsp;de novembre 202<\/strong><strong>4<\/strong><strong>&nbsp;&#8211;&nbsp;<\/strong>Hora: 19:00h&nbsp;<strong>&#8211; Museu Darder de Banyoles<\/strong><\/p>\n\n\n\n<p><strong>Anunci de les persones guanyadores&nbsp;<\/strong>de les activitats de la XX Setmana de la Ci\u00e8ncia al Pla de l&#8217;Estany<\/p>\n\n\n\n<p>Xerrada: &#8220;<strong>JULI VERNE, EL VISIONARI MIOP&#8221;<\/strong>, a c\u00e0rrec de<strong>&nbsp;<\/strong><strong>Joan Llu\u00eds Llu\u00eds<\/strong>.&nbsp;<\/p>\n\n\n\n<p>Jules Verne, com no podia ser altrament, era un fill del seu temps. Per aix\u00f2 les seves obres respiren prejudicis comuns al segle XIX, uns prejudicis que sovint fem veure que no veiem per no interrompre la lectura de les aventures que ens ofereix. Quins s\u00f3n aquests prejudicis? Com es manifesten? D&#8217;on venen i qu\u00e8 signifiquen?<\/p>\n\n\n\n<p><strong>Organitza:<\/strong>&nbsp;Astrobanyoles, Centre de Recursos Pedag\u00f2gics del Pla de l\u2019Estany, Ajuntament de Banyoles, Museu Darder<\/p>\n\n\n\n<p><em>Aquesta xerrada \u00e9s oberta a totes les persones interessades.<\/em><\/p>\n<\/div>\n<\/div>\n<\/div><\/div>\n\n\n\n<div class=\"wp-block-getwid-tabs__nav-link\"><span class=\"wp-block-getwid-tabs__title-wrapper\"><a href=\"#\"><span class=\"wp-block-getwid-tabs__title\">Altres cursos<\/span><\/a><\/span><\/div><div class=\"wp-block-getwid-tabs__tab-content-wrapper\"><div class=\"wp-block-getwid-tabs__tab-content\">\n<p><\/p>\n<\/div><\/div>\n<\/div>\n\n\n\n<p class=\"has-white-color has-text-color has-link-color wp-elements-9aa30ed850f84e5f49056794c0685abc\">. <\/p>\n\n\n\n<figure class=\"wp-block-image alignright size-large is-resized\"><a href=\"https:\/\/serveiseducatius.xtec.cat\/pladelestany\/les-nostres-activitats\/setmana-de-la-ciencia\/\"><img loading=\"lazy\" decoding=\"async\" width=\"1024\" height=\"1024\" src=\"https:\/\/serveiseducatius.xtec.cat\/pladelestany\/wp-content\/uploads\/usu771\/2025\/07\/7-1-1024x1024.png\" alt=\"\" class=\"wp-image-7670\" style=\"width:143px;height:auto\" srcset=\"https:\/\/serveiseducatius.xtec.cat\/pladelestany\/wp-content\/uploads\/usu771\/2025\/07\/7-1-1024x1024.png 1024w, https:\/\/serveiseducatius.xtec.cat\/pladelestany\/wp-content\/uploads\/usu771\/2025\/07\/7-1-300x300.png 300w, https:\/\/serveiseducatius.xtec.cat\/pladelestany\/wp-content\/uploads\/usu771\/2025\/07\/7-1-150x150.png 150w, https:\/\/serveiseducatius.xtec.cat\/pladelestany\/wp-content\/uploads\/usu771\/2025\/07\/7-1-768x768.png 768w, https:\/\/serveiseducatius.xtec.cat\/pladelestany\/wp-content\/uploads\/usu771\/2025\/07\/7-1.png 1080w\" sizes=\"auto, (max-width: 1024px) 100vw, 1024px\" \/><\/a><\/figure>\n","protected":false},"excerpt":{"rendered":"<p>. .<\/p>\n","protected":false},"author":1,"featured_media":0,"parent":6224,"menu_order":0,"comment_status":"closed","ping_status":"close","template":"","meta":{"site-sidebar-layout":"default","site-content-layout":"","ast-site-content-layout":"default","site-content-style":"default","site-sidebar-style":"default","ast-global-header-display":"","ast-banner-title-visibility":"","ast-main-header-display":"","ast-hfb-above-header-display":"","ast-hfb-below-header-display":"","ast-hfb-mobile-header-display":"","site-post-title":"disabled","ast-breadcrumbs-content":"","ast-featured-img":"","footer-sml-layout":"","theme-transparent-header-meta":"","adv-header-id-meta":"","stick-header-meta":"","header-above-stick-meta":"","header-main-stick-meta":"","header-below-stick-meta":"","astra-migrate-meta-layouts":"set","ast-page-background-enabled":"default","ast-page-background-meta":{"desktop":{"background-color":"var(--ast-global-color-4)","background-image":"","background-repeat":"repeat","background-position":"center center","background-size":"auto","background-attachment":"scroll","background-type":"","background-media":"","overlay-type":"","overlay-color":"","overlay-opacity":"","overlay-gradient":""},"tablet":{"background-color":"","background-image":"","background-repeat":"repeat","background-position":"center center","background-size":"auto","background-attachment":"scroll","background-type":"","background-media":"","overlay-type":"","overlay-color":"","overlay-opacity":"","overlay-gradient":""},"mobile":{"background-color":"","background-image":"","background-repeat":"repeat","background-position":"center center","background-size":"auto","background-attachment":"scroll","background-type":"","background-media":"","overlay-type":"","overlay-color":"","overlay-opacity":"","overlay-gradient":""}},"ast-content-background-meta":{"desktop":{"background-color":"var(--ast-global-color-5)","background-image":"","background-repeat":"repeat","background-position":"center center","background-size":"auto","background-attachment":"scroll","background-type":"","background-media":"","overlay-type":"","overlay-color":"","overlay-opacity":"","overlay-gradient":""},"tablet":{"background-color":"var(--ast-global-color-5)","background-image":"","background-repeat":"repeat","background-position":"center center","background-size":"auto","background-attachment":"scroll","background-type":"","background-media":"","overlay-type":"","overlay-color":"","overlay-opacity":"","overlay-gradient":""},"mobile":{"background-color":"var(--ast-global-color-5)","background-image":"","background-repeat":"repeat","background-position":"center center","background-size":"auto","background-attachment":"scroll","background-type":"","background-media":"","overlay-type":"","overlay-color":"","overlay-opacity":"","overlay-gradient":""}},"footnotes":""},"class_list":["post-7711","page","type-page","status-publish","hentry"],"post_mailing_queue_ids":[],"_links":{"self":[{"href":"https:\/\/serveiseducatius.xtec.cat\/pladelestany\/wp-json\/wp\/v2\/pages\/7711","targetHints":{"allow":["GET"]}}],"collection":[{"href":"https:\/\/serveiseducatius.xtec.cat\/pladelestany\/wp-json\/wp\/v2\/pages"}],"about":[{"href":"https:\/\/serveiseducatius.xtec.cat\/pladelestany\/wp-json\/wp\/v2\/types\/page"}],"author":[{"embeddable":true,"href":"https:\/\/serveiseducatius.xtec.cat\/pladelestany\/wp-json\/wp\/v2\/users\/1"}],"replies":[{"embeddable":true,"href":"https:\/\/serveiseducatius.xtec.cat\/pladelestany\/wp-json\/wp\/v2\/comments?post=7711"}],"version-history":[{"count":6,"href":"https:\/\/serveiseducatius.xtec.cat\/pladelestany\/wp-json\/wp\/v2\/pages\/7711\/revisions"}],"predecessor-version":[{"id":8105,"href":"https:\/\/serveiseducatius.xtec.cat\/pladelestany\/wp-json\/wp\/v2\/pages\/7711\/revisions\/8105"}],"up":[{"embeddable":true,"href":"https:\/\/serveiseducatius.xtec.cat\/pladelestany\/wp-json\/wp\/v2\/pages\/6224"}],"wp:attachment":[{"href":"https:\/\/serveiseducatius.xtec.cat\/pladelestany\/wp-json\/wp\/v2\/media?parent=7711"}],"curies":[{"name":"wp","href":"https:\/\/api.w.org\/{rel}","templated":true}]}}