{"id":7700,"date":"2025-07-11T13:53:20","date_gmt":"2025-07-11T11:53:20","guid":{"rendered":"https:\/\/serveiseducatius.xtec.cat\/pladelestany\/?page_id=7700"},"modified":"2026-02-23T13:18:16","modified_gmt":"2026-02-23T12:18:16","slug":"experiments-a-les-escoles","status":"publish","type":"page","link":"https:\/\/serveiseducatius.xtec.cat\/pladelestany\/les-nostres-activitats\/setmana-de-la-ciencia\/experiments-a-les-escoles\/","title":{"rendered":"Experiments a les escoles"},"content":{"rendered":"\n<figure class=\"wp-block-image aligncenter size-large\"><a href=\"https:\/\/serveiseducatius.xtec.cat\/pladelestany\/wp-content\/uploads\/usu771\/2025\/07\/Sites-Setmana-de-la-Ciencia.png\"><img loading=\"lazy\" decoding=\"async\" width=\"1024\" height=\"256\" src=\"https:\/\/serveiseducatius.xtec.cat\/pladelestany\/wp-content\/uploads\/usu771\/2025\/07\/Sites-Setmana-de-la-Ciencia-1024x256.png\" alt=\"\" class=\"wp-image-7704\" srcset=\"https:\/\/serveiseducatius.xtec.cat\/pladelestany\/wp-content\/uploads\/usu771\/2025\/07\/Sites-Setmana-de-la-Ciencia-1024x256.png 1024w, https:\/\/serveiseducatius.xtec.cat\/pladelestany\/wp-content\/uploads\/usu771\/2025\/07\/Sites-Setmana-de-la-Ciencia-300x75.png 300w, https:\/\/serveiseducatius.xtec.cat\/pladelestany\/wp-content\/uploads\/usu771\/2025\/07\/Sites-Setmana-de-la-Ciencia-768x192.png 768w, https:\/\/serveiseducatius.xtec.cat\/pladelestany\/wp-content\/uploads\/usu771\/2025\/07\/Sites-Setmana-de-la-Ciencia-1536x384.png 1536w, https:\/\/serveiseducatius.xtec.cat\/pladelestany\/wp-content\/uploads\/usu771\/2025\/07\/Sites-Setmana-de-la-Ciencia.png 1920w\" sizes=\"auto, (max-width: 1024px) 100vw, 1024px\" \/><\/a><\/figure>\n\n\n\n<p class=\"has-medium-font-size\">Amb l&#8217;objectiu de fer part\u00edcips de la Setmana de la Ci\u00e8ncia als centres d&#8217;Educaci\u00f3 Infantil i Prim\u00e0ria de la zona, des del Centre de Recursos Pedag\u00f2gics us proposem uns experiments i activitats senzilles, relacionats amb la tem\u00e0tica escollida per a cada curs.<\/p>\n\n\n\n<p class=\"has-medium-font-size\">Es proposaran a inicis de novembre i el marge per entregar-ne els p\u00f2sters o treballs&nbsp;resultants ser\u00e0 fins a finals de gener, per&nbsp;l&#8217;11 de febrer, Dia de la Dona i la Nena a la Ci\u00e8ncia, que els centres ja disposin dels&nbsp;productes d&#8217;aquestes propostes per exposar-les al centre i comentar-ho i treballar-ho amb l&#8217;alumnat.<\/p>\n\n\n\n<div class=\"wp-block-getwid-tabs\" data-active-tab=\"0\"><ul class=\"wp-block-getwid-tabs__nav-links\"><\/ul>\n<div class=\"wp-block-getwid-tabs__nav-link\"><span class=\"wp-block-getwid-tabs__title-wrapper\"><a href=\"#\"><span class=\"wp-block-getwid-tabs__title\">2025-26<\/span><\/a><\/span><\/div><div class=\"wp-block-getwid-tabs__tab-content-wrapper\"><div class=\"wp-block-getwid-tabs__tab-content\">\n<div class=\"wp-block-columns is-layout-flex wp-container-core-columns-is-layout-1 wp-block-columns-is-layout-flex\">\n<div class=\"wp-block-column is-layout-flow wp-block-column-is-layout-flow\">\n<p class=\"has-text-align-center has-ast-global-color-0-background-color has-background has-medium-font-size\"><strong>Proposta d&#8217;experiments<\/strong><\/p>\n<\/div>\n\n\n\n<div class=\"wp-block-column is-layout-flow wp-block-column-is-layout-flow\">\n<p class=\"has-text-align-center has-ast-global-color-0-background-color has-background has-medium-font-size\"><strong>Cartells experiments<\/strong><\/p>\n\n\n\n<p class=\"has-white-color has-text-color has-link-color wp-elements-7e4ac651328708ea719ac0894fa30934\">.<\/p>\n<\/div>\n<\/div>\n\n\n\n<div class=\"wp-block-columns is-layout-flex wp-container-core-columns-is-layout-2 wp-block-columns-is-layout-flex\">\n<div class=\"wp-block-column is-layout-flow wp-block-column-is-layout-flow\"><p><iframe loading=\"lazy\" src=\"https:\/\/drive.google.com\/file\/d\/1S2V2rxlu1XNMYJAJZjvwuHPeei0MRRMv\/preview\" width=\"640\" height=\"750\" allow=\"autoplay\"><\/iframe><\/p>\n<\/div>\n\n\n\n<div class=\"wp-block-column is-layout-flow wp-block-column-is-layout-flow\"><p><iframe loading=\"lazy\" src=\"https:\/\/drive.google.com\/file\/d\/1UVOtezWZfemsAQo-DyFvEj0RamSP41Bt\/preview\" width=\"640\" height=\"750\"><\/iframe><\/p>\n<\/div>\n<\/div>\n\n\n\n<p class=\"has-white-color has-text-color has-link-color wp-elements-7e4ac651328708ea719ac0894fa30934\">.<\/p>\n\n\n\n<p>Centres participants aquesta edici\u00f3:<\/p>\n\n\n\n<ul class=\"wp-block-list\">\n<li>Escola Alzina Reclamadora<\/li>\n\n\n\n<li>Escola Bora Gran<\/li>\n\n\n\n<li>Escola Camins<\/li>\n\n\n\n<li>Escola Can Puig<\/li>\n\n\n\n<li>Escola La Vila Baldiri Reixac<\/li>\n\n\n\n<li>Escola Frigolet<\/li>\n\n\n\n<li>Escola La Draga<\/li>\n\n\n\n<li>Escola La Vall del Terri<\/li>\n<\/ul>\n<\/div><\/div>\n\n\n\n<div class=\"wp-block-getwid-tabs__nav-link\"><span class=\"wp-block-getwid-tabs__title-wrapper\"><a href=\"#\"><span class=\"wp-block-getwid-tabs__title\">2024-25<\/span><\/a><\/span><\/div><div class=\"wp-block-getwid-tabs__tab-content-wrapper\"><div class=\"wp-block-getwid-tabs__tab-content\">\n<p class=\"has-text-align-center\">&#8220;<strong>Oriol de Bol\u00f2s, un m\u00f3n de plantes<\/strong>&#8220;<\/p>\n\n\n\n<p class=\"has-text-align-center\"><strong>Tinta&#8230; Invisible?<\/strong><\/p>\n\n\n\n<p class=\"has-text-align-center\"><strong>Codifiquem missatges<\/strong><\/p>\n\n\n\n<p class=\"has-text-align-center\"><strong>Una errada? Moltes solucions!<\/strong><\/p>\n\n\n\n<p class=\"has-text-align-center\">Experiments i propostes (<a href=\"https:\/\/drive.google.com\/file\/d\/16wLZ4zievAAgEPm8Daq81B3i5Gszk9u0\/view?usp=drive_link\" target=\"_blank\" rel=\"noreferrer noopener\"><strong>PDF<\/strong><\/a>)&nbsp;<\/p>\n\n\n\n<p class=\"has-text-align-center\"><a href=\"https:\/\/sites.google.com\/a\/xtec.cat\/setmana_de_la_ciencia\/experiments-a-primaria\/p%C3%B2sters-2025\"><strong>P\u00f2sters dels experiments<\/strong><\/a><\/p>\n<\/div><\/div>\n\n\n\n<div class=\"wp-block-getwid-tabs__nav-link\"><span class=\"wp-block-getwid-tabs__title-wrapper\"><a href=\"#\"><span class=\"wp-block-getwid-tabs__title\">2023-24<\/span><\/a><\/span><\/div><div class=\"wp-block-getwid-tabs__tab-content-wrapper\"><div class=\"wp-block-getwid-tabs__tab-content\">\n<p class=\"has-text-align-center\">&#8220;<strong>Joan Or\u00f3, descobrint l\u2019origen de la vida<\/strong>&#8220;<\/p>\n\n\n\n<p class=\"has-text-align-center\"><strong>Per qu\u00e8 la Lluna t\u00e9 forats?<\/strong><\/p>\n\n\n\n<p class=\"has-text-align-center\"><strong>De nit a ple dia?<\/strong><\/p>\n\n\n\n<p class=\"has-text-align-center\"><strong>Del Sol a&#8230; on dius?<\/strong><\/p>\n\n\n\n<p class=\"has-text-align-center\"><strong>De l\u2019Ossa Major a la Polar&#8230;<\/strong><\/p>\n\n\n\n<p class=\"has-text-align-center\">Experiments i propostes d&#8217;astronomia (<a href=\"https:\/\/drive.google.com\/file\/d\/1Z7R_kq2WXKXQgYF_o8LloInK2PAMklwR\/view?usp=sharing\" target=\"_blank\" rel=\"noreferrer noopener\"><strong>PDF<\/strong><\/a>)&nbsp;<\/p>\n\n\n\n<p class=\"has-text-align-center\"><a href=\"https:\/\/sites.google.com\/a\/xtec.cat\/setmana_de_la_ciencia\/contes-curts-de-ci%C3%A8ncia\"><strong>Contes Curts de Ci\u00e8ncia<\/strong><\/a><\/p>\n<\/div><\/div>\n\n\n\n<div class=\"wp-block-getwid-tabs__nav-link\"><span class=\"wp-block-getwid-tabs__title-wrapper\"><a href=\"#\"><span class=\"wp-block-getwid-tabs__title\">2022-23<\/span><\/a><\/span><\/div><div class=\"wp-block-getwid-tabs__tab-content-wrapper\"><div class=\"wp-block-getwid-tabs__tab-content\">\n<p class=\"has-text-align-center\">&#8220;<strong>Ci\u00e8ncia ciutadana: La ci\u00e8ncia ets tu!<\/strong>&#8220;<\/p>\n\n\n\n<p class=\"has-text-align-center\">Experiments i proposta de ci\u00e8ncia ciutadana (<a href=\"https:\/\/drive.google.com\/file\/d\/1gp8MmUxpCykr58K3xDwjKmoWeIAXqXay\/view?usp=share_link\" target=\"_blank\" rel=\"noreferrer noopener\"><strong>PDF<\/strong><\/a>)&nbsp;<\/p>\n\n\n\n<p class=\"has-text-align-center\"><a href=\"https:\/\/view.genial.ly\/63515f868fffbf0011b99083\/interactive-content-arbres-de-catalunya\" target=\"_blank\" rel=\"noreferrer noopener\"><strong>ARBRES DE CATALUNYA<\/strong><\/a>. Clau dicot\u00f2mica d&#8217;identificaci\u00f3 (Genially)<\/p>\n\n\n\n<p class=\"has-text-align-center\"><a href=\"https:\/\/docs.google.com\/forms\/d\/e\/1FAIpQLSdmj_2yAcTdTb1Fa6R627lWWdJAnV5wV_7x5Lc1ArG6TsqqMg\/viewform\" target=\"_blank\" rel=\"noreferrer noopener\"><strong>FORMULARI<\/strong><\/a>&nbsp;informaci\u00f3 arbres del pati<\/p>\n\n\n\n<p class=\"has-text-align-center\"><a href=\"https:\/\/drive.google.com\/file\/d\/16EhRbvwgg_d2p_1_pls3e1QF52akVNxL\/view?usp=share_link\" target=\"_blank\" rel=\"noreferrer noopener\"><strong>MODEL<\/strong><\/a>&nbsp;de p\u00f2ster<\/p>\n\n\n\n<p class=\"has-text-align-center\"><a href=\"https:\/\/sites.google.com\/a\/xtec.cat\/setmana_de_la_ciencia\/contes-curts-de-ci%C3%A8ncia\"><strong>Contes Curts de Ci\u00e8ncia<\/strong><\/a><\/p>\n<\/div><\/div>\n\n\n\n<div class=\"wp-block-getwid-tabs__nav-link\"><span class=\"wp-block-getwid-tabs__title-wrapper\"><a href=\"#\"><span class=\"wp-block-getwid-tabs__title\">2021-22<\/span><\/a><\/span><\/div><div class=\"wp-block-getwid-tabs__tab-content-wrapper\"><div class=\"wp-block-getwid-tabs__tab-content\">\n<p class=\"has-text-align-center\">&#8220;<strong>Consum responsable &#8211; entorn saludable<\/strong>&#8220;<\/p>\n\n\n\n<p class=\"has-text-align-center\">Experiments de tem\u00e0tica mediambiental<\/p>\n\n\n\n<p class=\"has-text-align-center\"><a href=\"https:\/\/drive.google.com\/file\/d\/1hIxnGre7G_NebL0gjXTnM0G50nOYJvSW\/view?usp=sharing\" target=\"_blank\" rel=\"noreferrer noopener\">Proposta d&#8217;experiments<\/a><\/p>\n\n\n\n<p class=\"has-text-align-center\"><a href=\"https:\/\/drive.google.com\/drive\/folders\/1GH2ZTSJg0KFSLB3kk1R542HOVbJV9BkG?usp=sharing\" target=\"_blank\" rel=\"noreferrer noopener\">P\u00f2sters presentats<\/a><\/p>\n<\/div><\/div>\n\n\n\n<div class=\"wp-block-getwid-tabs__nav-link\"><span class=\"wp-block-getwid-tabs__title-wrapper\"><a href=\"#\"><span class=\"wp-block-getwid-tabs__title\">2020-21<\/span><\/a><\/span><\/div><div class=\"wp-block-getwid-tabs__tab-content-wrapper\"><div class=\"wp-block-getwid-tabs__tab-content\">\n<p class=\"has-text-align-center\">Experiments de gen\u00e8tica, amb&nbsp;<strong>RosAlinD FraNkin<\/strong><\/p>\n\n\n\n<p class=\"has-text-align-center\"><a href=\"https:\/\/drive.google.com\/file\/d\/10809Z9oGmvfb46wM-NUgK2fklPUvrfxJ\/view?usp=sharing\" target=\"_blank\" rel=\"noreferrer noopener\">Proposta activitats<\/a>&nbsp;(experiment o maqueta)<\/p>\n\n\n\n<p class=\"has-text-align-center\">Treballem la flotabilitat, amb&nbsp;<strong>Narc\u00eds Monturiol<\/strong><\/p>\n\n\n\n<p class=\"has-text-align-center\"><a href=\"https:\/\/drive.google.com\/file\/d\/1_eS70MNncwWfHSGGY0riVN-xAhleSOdO\/view?usp=sharing\" target=\"_blank\" rel=\"noreferrer noopener\">Proposta activitat<\/a><\/p>\n<\/div><\/div>\n\n\n\n<div class=\"wp-block-getwid-tabs__nav-link\"><span class=\"wp-block-getwid-tabs__title-wrapper\"><a href=\"#\"><span class=\"wp-block-getwid-tabs__title\">2019-20<\/span><\/a><\/span><\/div><div class=\"wp-block-getwid-tabs__tab-content-wrapper\"><div class=\"wp-block-getwid-tabs__tab-content\">\n<p class=\"has-text-align-center\"><strong>La taula peri\u00f2dica: Qu\u00edmica a l&#8217;aula!<\/strong><\/p>\n\n\n\n<p class=\"has-text-align-center\">Materials compartits a la&nbsp;<strong>xerrada-taller de modelatge Experimentaci\u00f3 a l&#8217;aula<\/strong>, amb la F\u00e0tima Dalmau<\/p>\n\n\n\n<p class=\"has-text-align-center\"><a href=\"https:\/\/drive.google.com\/open?id=1xCWkfyBcd_RYyWym5MyRCGxwfkfTn187\" target=\"_blank\" rel=\"noreferrer noopener\">Propostes i activitats<\/a><\/p>\n\n\n\n<p class=\"has-text-align-center\"><a href=\"https:\/\/drive.google.com\/open?id=1kYJgKNoe1XbEEO7GxD3Bhvpf8CjWUti4\" target=\"_blank\" rel=\"noreferrer noopener\">Qu\u00edmica did\u00e0ctica i continguts<\/a><\/p>\n\n\n\n<p class=\"has-text-align-center\"><a href=\"https:\/\/drive.google.com\/uc?export=download&amp;id=1ZcvqFV2bUbD1G3gag5qlPi6ho0tTKHCd\" target=\"_blank\" rel=\"noreferrer noopener\">Plantilla p\u00f2ster resum<\/a><\/p>\n\n\n\n<p class=\"has-text-align-center\"><\/p>\n\n\n<p><iframe loading=\"lazy\" src=\"https:\/\/docs.google.com\/file\/d\/1JSczWct57TgV2Qbf4ugFZFDs0a_kVLHA\/preview\" width=\"640\" height=\"480\" allow=\"autoplay\"><\/iframe><\/p>\n<\/div><\/div>\n\n\n\n<div class=\"wp-block-getwid-tabs__nav-link\"><span class=\"wp-block-getwid-tabs__title-wrapper\"><a href=\"#\"><span class=\"wp-block-getwid-tabs__title\">2018-19<\/span><\/a><\/span><\/div><div class=\"wp-block-getwid-tabs__tab-content-wrapper\"><div class=\"wp-block-getwid-tabs__tab-content\">\n<p class=\"has-text-align-center\"><strong>Nanoci\u00e8ncia<\/strong>!<\/p>\n\n\n\n<p class=\"has-text-align-center\"><a href=\"https:\/\/drive.google.com\/open?id=124g4OhCdZNJkJDwjfwc7uS-qWCryWkBl\" target=\"_blank\" rel=\"noreferrer noopener\">SETMANA DE LA CI\u00c8NCIA A LES ESCOLES<\/a><\/p>\n\n\n\n<p class=\"has-text-align-center\"><\/p>\n\n\n<p><iframe loading=\"lazy\" src=\"https:\/\/drive.google.com\/file\/d\/1-N8OjBNfE1dMo_Z-lVx2ZOZ1yEPaAmmj\/preview\" width=\"640\" height=\"480\" allow=\"autoplay\"><\/iframe><\/p>\n<\/div><\/div>\n\n\n\n<div class=\"wp-block-getwid-tabs__nav-link\"><span class=\"wp-block-getwid-tabs__title-wrapper\"><a href=\"#\"><span class=\"wp-block-getwid-tabs__title\">Altres cursos<\/span><\/a><\/span><\/div><div class=\"wp-block-getwid-tabs__tab-content-wrapper\"><div class=\"wp-block-getwid-tabs__tab-content\">\n<p><\/p>\n<\/div><\/div>\n<\/div>\n\n\n\n<p class=\"has-white-color has-text-color has-link-color wp-elements-7e4ac651328708ea719ac0894fa30934\">.<\/p>\n\n\n\n<figure class=\"wp-block-image alignright size-large is-resized\"><a href=\"https:\/\/serveiseducatius.xtec.cat\/pladelestany\/les-nostres-activitats\/setmana-de-la-ciencia\/\"><img loading=\"lazy\" decoding=\"async\" width=\"1024\" height=\"1024\" src=\"https:\/\/serveiseducatius.xtec.cat\/pladelestany\/wp-content\/uploads\/usu771\/2025\/07\/7-1-1024x1024.png\" alt=\"\" class=\"wp-image-7670\" style=\"width:143px;height:auto\" srcset=\"https:\/\/serveiseducatius.xtec.cat\/pladelestany\/wp-content\/uploads\/usu771\/2025\/07\/7-1-1024x1024.png 1024w, https:\/\/serveiseducatius.xtec.cat\/pladelestany\/wp-content\/uploads\/usu771\/2025\/07\/7-1-300x300.png 300w, https:\/\/serveiseducatius.xtec.cat\/pladelestany\/wp-content\/uploads\/usu771\/2025\/07\/7-1-150x150.png 150w, https:\/\/serveiseducatius.xtec.cat\/pladelestany\/wp-content\/uploads\/usu771\/2025\/07\/7-1-768x768.png 768w, https:\/\/serveiseducatius.xtec.cat\/pladelestany\/wp-content\/uploads\/usu771\/2025\/07\/7-1.png 1080w\" sizes=\"auto, (max-width: 1024px) 100vw, 1024px\" \/><\/a><\/figure>\n","protected":false},"excerpt":{"rendered":"<p>Amb l&#8217;objectiu de fer part\u00edcips de la Setmana de la Ci\u00e8ncia als centres d&#8217;Educaci\u00f3 Infantil i Prim\u00e0ria de la zona, [&hellip;]<\/p>\n","protected":false},"author":1,"featured_media":0,"parent":6224,"menu_order":0,"comment_status":"closed","ping_status":"close","template":"","meta":{"site-sidebar-layout":"default","site-content-layout":"","ast-site-content-layout":"default","site-content-style":"default","site-sidebar-style":"default","ast-global-header-display":"","ast-banner-title-visibility":"","ast-main-header-display":"","ast-hfb-above-header-display":"","ast-hfb-below-header-display":"","ast-hfb-mobile-header-display":"","site-post-title":"disabled","ast-breadcrumbs-content":"","ast-featured-img":"","footer-sml-layout":"","theme-transparent-header-meta":"","adv-header-id-meta":"","stick-header-meta":"","header-above-stick-meta":"","header-main-stick-meta":"","header-below-stick-meta":"","astra-migrate-meta-layouts":"set","ast-page-background-enabled":"default","ast-page-background-meta":{"desktop":{"background-color":"var(--ast-global-color-4)","background-image":"","background-repeat":"repeat","background-position":"center center","background-size":"auto","background-attachment":"scroll","background-type":"","background-media":"","overlay-type":"","overlay-color":"","overlay-opacity":"","overlay-gradient":""},"tablet":{"background-color":"","background-image":"","background-repeat":"repeat","background-position":"center center","background-size":"auto","background-attachment":"scroll","background-type":"","background-media":"","overlay-type":"","overlay-color":"","overlay-opacity":"","overlay-gradient":""},"mobile":{"background-color":"","background-image":"","background-repeat":"repeat","background-position":"center center","background-size":"auto","background-attachment":"scroll","background-type":"","background-media":"","overlay-type":"","overlay-color":"","overlay-opacity":"","overlay-gradient":""}},"ast-content-background-meta":{"desktop":{"background-color":"var(--ast-global-color-5)","background-image":"","background-repeat":"repeat","background-position":"center center","background-size":"auto","background-attachment":"scroll","background-type":"","background-media":"","overlay-type":"","overlay-color":"","overlay-opacity":"","overlay-gradient":""},"tablet":{"background-color":"var(--ast-global-color-5)","background-image":"","background-repeat":"repeat","background-position":"center center","background-size":"auto","background-attachment":"scroll","background-type":"","background-media":"","overlay-type":"","overlay-color":"","overlay-opacity":"","overlay-gradient":""},"mobile":{"background-color":"var(--ast-global-color-5)","background-image":"","background-repeat":"repeat","background-position":"center center","background-size":"auto","background-attachment":"scroll","background-type":"","background-media":"","overlay-type":"","overlay-color":"","overlay-opacity":"","overlay-gradient":""}},"footnotes":""},"class_list":["post-7700","page","type-page","status-publish","hentry"],"post_mailing_queue_ids":[],"_links":{"self":[{"href":"https:\/\/serveiseducatius.xtec.cat\/pladelestany\/wp-json\/wp\/v2\/pages\/7700","targetHints":{"allow":["GET"]}}],"collection":[{"href":"https:\/\/serveiseducatius.xtec.cat\/pladelestany\/wp-json\/wp\/v2\/pages"}],"about":[{"href":"https:\/\/serveiseducatius.xtec.cat\/pladelestany\/wp-json\/wp\/v2\/types\/page"}],"author":[{"embeddable":true,"href":"https:\/\/serveiseducatius.xtec.cat\/pladelestany\/wp-json\/wp\/v2\/users\/1"}],"replies":[{"embeddable":true,"href":"https:\/\/serveiseducatius.xtec.cat\/pladelestany\/wp-json\/wp\/v2\/comments?post=7700"}],"version-history":[{"count":6,"href":"https:\/\/serveiseducatius.xtec.cat\/pladelestany\/wp-json\/wp\/v2\/pages\/7700\/revisions"}],"predecessor-version":[{"id":8866,"href":"https:\/\/serveiseducatius.xtec.cat\/pladelestany\/wp-json\/wp\/v2\/pages\/7700\/revisions\/8866"}],"up":[{"embeddable":true,"href":"https:\/\/serveiseducatius.xtec.cat\/pladelestany\/wp-json\/wp\/v2\/pages\/6224"}],"wp:attachment":[{"href":"https:\/\/serveiseducatius.xtec.cat\/pladelestany\/wp-json\/wp\/v2\/media?parent=7700"}],"curies":[{"name":"wp","href":"https:\/\/api.w.org\/{rel}","templated":true}]}}