{"id":7580,"date":"2025-07-07T12:58:00","date_gmt":"2025-07-07T10:58:00","guid":{"rendered":"https:\/\/serveiseducatius.xtec.cat\/pladelestany\/?page_id=7580"},"modified":"2025-07-07T13:03:47","modified_gmt":"2025-07-07T11:03:47","slug":"kamishibai","status":"publish","type":"page","link":"https:\/\/serveiseducatius.xtec.cat\/pladelestany\/les-nostres-activitats\/seminaris\/dinamitzacio-biblioteques-escolars\/kamishibai\/","title":{"rendered":"Kamishibai"},"content":{"rendered":"\n<figure class=\"wp-block-image aligncenter size-large\"><a href=\"https:\/\/serveiseducatius.xtec.cat\/pladelestany\/wp-content\/uploads\/usu771\/2025\/07\/Sense-titol-1.png\"><img loading=\"lazy\" decoding=\"async\" width=\"1024\" height=\"198\" src=\"https:\/\/serveiseducatius.xtec.cat\/pladelestany\/wp-content\/uploads\/usu771\/2025\/07\/Sense-titol-1-1024x198.png\" alt=\"\" class=\"wp-image-7581\" srcset=\"https:\/\/serveiseducatius.xtec.cat\/pladelestany\/wp-content\/uploads\/usu771\/2025\/07\/Sense-titol-1-1024x198.png 1024w, https:\/\/serveiseducatius.xtec.cat\/pladelestany\/wp-content\/uploads\/usu771\/2025\/07\/Sense-titol-1-300x58.png 300w, https:\/\/serveiseducatius.xtec.cat\/pladelestany\/wp-content\/uploads\/usu771\/2025\/07\/Sense-titol-1-768x149.png 768w, https:\/\/serveiseducatius.xtec.cat\/pladelestany\/wp-content\/uploads\/usu771\/2025\/07\/Sense-titol-1.png 1199w\" sizes=\"auto, (max-width: 1024px) 100vw, 1024px\" \/><\/a><\/figure>\n\n\n\n<p>Des del Jap\u00f3 tradicional ens arriba aquesta manera d&#8217;explicar hist\u00f2ries.<\/p>\n\n\n\n<figure class=\"wp-block-image aligncenter size-full\"><a href=\"https:\/\/serveiseducatius.xtec.cat\/pladelestany\/wp-content\/uploads\/usu771\/2025\/07\/Sense-titolll.png\"><img loading=\"lazy\" decoding=\"async\" width=\"595\" height=\"129\" src=\"https:\/\/serveiseducatius.xtec.cat\/pladelestany\/wp-content\/uploads\/usu771\/2025\/07\/Sense-titolll.png\" alt=\"\" class=\"wp-image-7582\" srcset=\"https:\/\/serveiseducatius.xtec.cat\/pladelestany\/wp-content\/uploads\/usu771\/2025\/07\/Sense-titolll.png 595w, https:\/\/serveiseducatius.xtec.cat\/pladelestany\/wp-content\/uploads\/usu771\/2025\/07\/Sense-titolll-300x65.png 300w\" sizes=\"auto, (max-width: 595px) 100vw, 595px\" \/><\/a><\/figure>\n\n\n\n<p>Aqu\u00ed, hi trobareu un&nbsp;<strong>dossier&nbsp;<\/strong>amb l&#8217;explicaci\u00f3 hist\u00f2rica d&#8217;on sorgeix aquesta din\u00e0mica,&nbsp;com es duu a terme una presentaci\u00f3 i un petit glossari. Tamb\u00e9, el secret de l&#8217;organitzaci\u00f3 de les l\u00e0mines per tal que la sessi\u00f3 surti perfecta i un&nbsp;<strong>v\u00eddeo&nbsp;<\/strong>d&#8217;un conte, explicat amb Kamishibai.&nbsp;<\/p>\n\n\n\n<p class=\"has-text-align-center\">Dossier&nbsp;<a href=\"https:\/\/drive.google.com\/file\/d\/1XhReOQJNxlbh7XDkzzxNvF1e2iBHAmWN\/view?usp=sharing\" target=\"_blank\" rel=\"noreferrer noopener\"><strong>KAMISHIBAI,&nbsp; L&#8217;ART&nbsp; D&#8217;EXPLICAR&nbsp; CONTES<\/strong><\/a><\/p>\n\n\n\n<p class=\"has-text-align-center\"><strong>Avui<\/strong>, de&nbsp; l&#8217;<em>Anna Pujabet<\/em>, explicat amb Kamishibai<\/p>\n\n\n\n<figure class=\"wp-block-embed is-type-video is-provider-youtube wp-block-embed-youtube wp-embed-aspect-16-9 wp-has-aspect-ratio\"><div class=\"wp-block-embed__wrapper\">\n<div class=\"ast-oembed-container \" style=\"height: 100%;\"><iframe loading=\"lazy\" title=\"Avui, de Anna Pujabet, explica amb Kamishibai\" width=\"500\" height=\"281\" src=\"https:\/\/www.youtube.com\/embed\/UhCfOpASPeg?feature=oembed\" frameborder=\"0\" allow=\"accelerometer; autoplay; clipboard-write; encrypted-media; gyroscope; picture-in-picture; web-share\" referrerpolicy=\"strict-origin-when-cross-origin\" allowfullscreen><\/iframe><\/div>\n<\/div><\/figure>\n\n\n\n<p class=\"has-text-align-center\">Alguns contes per explicar amb un kamishibai:<\/p>\n\n\n\n<p class=\"has-text-align-center\"><a href=\"https:\/\/drive.google.com\/file\/d\/1AkcT5IXCjtRUJ0RbW3MMfZcgQPNMo9I6\/view?usp=sharing\" target=\"_blank\" rel=\"noreferrer noopener\"><strong>Avui<\/strong><\/a>, d&#8217;Anna Pujabet &#8211;<em>CATAL\u00c0<\/em>&#8211;<\/p>\n\n\n\n<p class=\"has-text-align-center\"><a href=\"https:\/\/drive.google.com\/file\/d\/1IIivyLyu1ojjLC8HeVDHGd2hIt0kkaSx\/view?usp=sharing\" target=\"_blank\" rel=\"noreferrer noopener\"><strong>El ni\u00f1o lobito<\/strong><\/a>,&nbsp; de M\u00aaIsabel Erro i Raquel Erce &#8211;&nbsp;<em>CASTELL\u00c0<\/em>&#8211;<\/p>\n\n\n\n<p class=\"has-text-align-center\"><a href=\"https:\/\/drive.google.com\/file\/d\/1haULlrY6hNVMObxOAK_gzvpqw_uTXPAi\/view?usp=sharing\" target=\"_blank\" rel=\"noreferrer noopener\"><strong>Bon y su croasan<\/strong><\/a>, de Ibai Asenjo, Xabier L\u00f3pez i Carlos Mart\u00edn &#8211;<em>CASTELL\u00c0 i FRANC\u00c9S<\/em>&#8211;<\/p>\n\n\n\n<p class=\"has-text-align-center\"><a href=\"https:\/\/docs.google.com\/document\/d\/1TXBVcdpU_NMAhWpN5c2r9Cn36e5xEuhN\/edit?usp=sharing&amp;ouid=105461906908128812330&amp;rtpof=true&amp;sd=true\" target=\"_blank\" rel=\"noreferrer noopener\"><strong>Per qu\u00e8 hi ha tantes pedres en el fons dels rius?<\/strong><\/a>,&nbsp; de Bel\u00e9n d\u00edaz i Antonio Amago&nbsp;&#8211;<em>CATAL\u00c0, CASTELL\u00c0 i&nbsp;<\/em><em>ANGL<\/em><em>\u00c9S<\/em>&#8211;<\/p>\n\n\n\n<p class=\"has-text-align-center\"><a href=\"https:\/\/kamishibai.educacion.navarra.es\/kamishibais\/descargar-kamishibais\/\" target=\"_blank\" rel=\"noreferrer noopener\">Molts m\u00e9s contes<\/a>. Creats per alumnat de la Comunitat de Navarra.<\/p>\n\n\n\n<p class=\"has-white-color has-text-color has-link-color wp-elements-7e4ac651328708ea719ac0894fa30934\">.<\/p>\n\n\n\n<figure class=\"wp-block-image alignright size-large is-resized\"><a href=\"https:\/\/serveiseducatius.xtec.cat\/pladelestany\/les-nostres-activitats\/seminaris\/dinamitzacio-biblioteques-escolars\/\"><img loading=\"lazy\" decoding=\"async\" width=\"1024\" height=\"1024\" src=\"https:\/\/serveiseducatius.xtec.cat\/pladelestany\/wp-content\/uploads\/usu771\/2025\/07\/Icones-SITES-Biblioteca-8-1024x1024.png\" alt=\"\" class=\"wp-image-7571\" style=\"width:152px;height:auto\" srcset=\"https:\/\/serveiseducatius.xtec.cat\/pladelestany\/wp-content\/uploads\/usu771\/2025\/07\/Icones-SITES-Biblioteca-8-1024x1024.png 1024w, https:\/\/serveiseducatius.xtec.cat\/pladelestany\/wp-content\/uploads\/usu771\/2025\/07\/Icones-SITES-Biblioteca-8-300x300.png 300w, https:\/\/serveiseducatius.xtec.cat\/pladelestany\/wp-content\/uploads\/usu771\/2025\/07\/Icones-SITES-Biblioteca-8-150x150.png 150w, https:\/\/serveiseducatius.xtec.cat\/pladelestany\/wp-content\/uploads\/usu771\/2025\/07\/Icones-SITES-Biblioteca-8-768x768.png 768w, https:\/\/serveiseducatius.xtec.cat\/pladelestany\/wp-content\/uploads\/usu771\/2025\/07\/Icones-SITES-Biblioteca-8.png 1080w\" sizes=\"auto, (max-width: 1024px) 100vw, 1024px\" \/><\/a><\/figure>\n","protected":false},"excerpt":{"rendered":"<p>Des del Jap\u00f3 tradicional ens arriba aquesta manera d&#8217;explicar hist\u00f2ries. Aqu\u00ed, hi trobareu un&nbsp;dossier&nbsp;amb l&#8217;explicaci\u00f3 hist\u00f2rica d&#8217;on sorgeix aquesta din\u00e0mica,&nbsp;com [&hellip;]<\/p>\n","protected":false},"author":1,"featured_media":0,"parent":6303,"menu_order":0,"comment_status":"closed","ping_status":"close","template":"","meta":{"site-sidebar-layout":"default","site-content-layout":"","ast-site-content-layout":"default","site-content-style":"default","site-sidebar-style":"default","ast-global-header-display":"","ast-banner-title-visibility":"","ast-main-header-display":"","ast-hfb-above-header-display":"","ast-hfb-below-header-display":"","ast-hfb-mobile-header-display":"","site-post-title":"","ast-breadcrumbs-content":"","ast-featured-img":"","footer-sml-layout":"","theme-transparent-header-meta":"","adv-header-id-meta":"","stick-header-meta":"","header-above-stick-meta":"","header-main-stick-meta":"","header-below-stick-meta":"","astra-migrate-meta-layouts":"set","ast-page-background-enabled":"default","ast-page-background-meta":{"desktop":{"background-color":"var(--ast-global-color-4)","background-image":"","background-repeat":"repeat","background-position":"center center","background-size":"auto","background-attachment":"scroll","background-type":"","background-media":"","overlay-type":"","overlay-color":"","overlay-opacity":"","overlay-gradient":""},"tablet":{"background-color":"","background-image":"","background-repeat":"repeat","background-position":"center center","background-size":"auto","background-attachment":"scroll","background-type":"","background-media":"","overlay-type":"","overlay-color":"","overlay-opacity":"","overlay-gradient":""},"mobile":{"background-color":"","background-image":"","background-repeat":"repeat","background-position":"center center","background-size":"auto","background-attachment":"scroll","background-type":"","background-media":"","overlay-type":"","overlay-color":"","overlay-opacity":"","overlay-gradient":""}},"ast-content-background-meta":{"desktop":{"background-color":"var(--ast-global-color-5)","background-image":"","background-repeat":"repeat","background-position":"center center","background-size":"auto","background-attachment":"scroll","background-type":"","background-media":"","overlay-type":"","overlay-color":"","overlay-opacity":"","overlay-gradient":""},"tablet":{"background-color":"var(--ast-global-color-5)","background-image":"","background-repeat":"repeat","background-position":"center center","background-size":"auto","background-attachment":"scroll","background-type":"","background-media":"","overlay-type":"","overlay-color":"","overlay-opacity":"","overlay-gradient":""},"mobile":{"background-color":"var(--ast-global-color-5)","background-image":"","background-repeat":"repeat","background-position":"center center","background-size":"auto","background-attachment":"scroll","background-type":"","background-media":"","overlay-type":"","overlay-color":"","overlay-opacity":"","overlay-gradient":""}},"footnotes":""},"class_list":["post-7580","page","type-page","status-publish","hentry"],"post_mailing_queue_ids":[],"_links":{"self":[{"href":"https:\/\/serveiseducatius.xtec.cat\/pladelestany\/wp-json\/wp\/v2\/pages\/7580","targetHints":{"allow":["GET"]}}],"collection":[{"href":"https:\/\/serveiseducatius.xtec.cat\/pladelestany\/wp-json\/wp\/v2\/pages"}],"about":[{"href":"https:\/\/serveiseducatius.xtec.cat\/pladelestany\/wp-json\/wp\/v2\/types\/page"}],"author":[{"embeddable":true,"href":"https:\/\/serveiseducatius.xtec.cat\/pladelestany\/wp-json\/wp\/v2\/users\/1"}],"replies":[{"embeddable":true,"href":"https:\/\/serveiseducatius.xtec.cat\/pladelestany\/wp-json\/wp\/v2\/comments?post=7580"}],"version-history":[{"count":4,"href":"https:\/\/serveiseducatius.xtec.cat\/pladelestany\/wp-json\/wp\/v2\/pages\/7580\/revisions"}],"predecessor-version":[{"id":7591,"href":"https:\/\/serveiseducatius.xtec.cat\/pladelestany\/wp-json\/wp\/v2\/pages\/7580\/revisions\/7591"}],"up":[{"embeddable":true,"href":"https:\/\/serveiseducatius.xtec.cat\/pladelestany\/wp-json\/wp\/v2\/pages\/6303"}],"wp:attachment":[{"href":"https:\/\/serveiseducatius.xtec.cat\/pladelestany\/wp-json\/wp\/v2\/media?parent=7580"}],"curies":[{"name":"wp","href":"https:\/\/api.w.org\/{rel}","templated":true}]}}