{"id":7558,"date":"2025-07-07T12:35:02","date_gmt":"2025-07-07T10:35:02","guid":{"rendered":"https:\/\/serveiseducatius.xtec.cat\/pladelestany\/?page_id=7558"},"modified":"2025-07-14T11:57:57","modified_gmt":"2025-07-14T09:57:57","slug":"biblioteca-daula","status":"publish","type":"page","link":"https:\/\/serveiseducatius.xtec.cat\/pladelestany\/les-nostres-activitats\/seminaris\/dinamitzacio-biblioteques-escolars\/biblioteca-daula\/","title":{"rendered":"Biblioteca d&#8217;aula"},"content":{"rendered":"<p><iframe loading=\"lazy\" src=\"https:\/\/drive.google.com\/file\/d\/1zd1kQFnnVEchCw_tmCnnIWB0_3TjBna6\/preview\" width=\"640\" height=\"480\" allow=\"autoplay\"><\/iframe><\/p>\n\n\n\n<h4 class=\"wp-block-heading\"><a href=\"https:\/\/repositori.educacio.gencat.cat\/bitstream\/handle\/20.500.12694\/1209\/biblioteca_aula_oportunitat_lectura_coneixement_2016.pdf?sequence=1&amp;isAllowed=y\" target=\"_blank\" rel=\"noreferrer noopener\"><strong>BIBLIOTECA D\u2019AULA: Una oportunitat per a la lectura i el coneixement<\/strong><\/a><\/h4>\n\n\n\n<p>Tots els espais del centre han de poder ser espais de lectura.<\/p>\n\n\n\n<p>A l&#8217;escola, a l&#8217;institut, hem de posar llibres a l&#8217;abast de l&#8217;alumnat, que se&#8217;ls trobin de cares i no puguin no agafar-los!<\/p>\n\n\n\n<p>Pensem en els espais que disposem i que destinem a&nbsp;<strong>espai de lectura (Biblioteca d&#8217;Aula)<\/strong>:<\/p>\n\n\n\n<ul class=\"wp-block-list\">\n<li>Acollidor<\/li>\n\n\n\n<li>Atractiu<\/li>\n\n\n\n<li>Situat amb criteri<\/li>\n\n\n\n<li>Com el delimitem<\/li>\n\n\n\n<li>Formal o informal per a la lectura? (Hom no llegeix igual si ho fa per estudiar o treballar que si ho fa per plaer)<\/li>\n\n\n\n<li>L&#8217;alumnat ha participat en la creaci\u00f3 d&#8217;aquest espai? Participa en l&#8217;organitzaci\u00f3 i en la gesti\u00f3?<\/li>\n<\/ul>\n\n\n\n<p>Els&nbsp;<strong>fons<\/strong>&nbsp;han de ser variats.<\/p>\n\n\n\n<p>Tot l&#8217;alumnat i professorat del centre i de la comunitat educativa hi ha de trobar materials que despertin el seu inter\u00e8s.<\/p>\n\n\n\n<p>Hi ha d&#8217;haver:<\/p>\n\n\n\n<ul class=\"wp-block-list\">\n<li>Fons suficient en quantitat<\/li>\n\n\n\n<li>Renovat peri\u00f2dicament<\/li>\n\n\n\n<li>Diversificat en tem\u00e0tiques<\/li>\n\n\n\n<li>Amb prefer\u00e8ncies de l&#8217;alumnat<\/li>\n\n\n\n<li>Llibres cl\u00e0ssics,&nbsp; ficci\u00f3, \u00e0lbums il\u00b7lustrats, revistes i premsa, llibres de coneixement,&nbsp;c\u00f2mic i novel\u00b7la gr\u00e0fica, poesia, produccions pr\u00f2pies, audiollibres&#8230;<\/li>\n<\/ul>\n\n\n\n<p><a href=\"https:\/\/santceloni.lasalle.cat\/download\/Quins-llibres-escollir-segons-ledat.pdf\" target=\"_blank\" rel=\"noreferrer noopener\"><strong>Quins llibres escollir segons l&#8217;edat?<\/strong><\/a>&nbsp;(LECXIT)<\/p>\n\n\n\n<p>I hem de realitzar-hi activitats de dinamitzaci\u00f3: <\/p>\n\n\n\n<ul class=\"wp-block-list\">\n<li>lectura en veu alta<\/li>\n\n\n\n<li>l&#8217;hora del conte<\/li>\n\n\n\n<li>lectura aut\u00f2noma<\/li>\n\n\n\n<li>lectura guiada i compartida<\/li>\n\n\n\n<li>registres de lectura<\/li>\n\n\n\n<li>recomanacions<\/li>\n\n\n\n<li>presentacions de llibres<\/li>\n\n\n\n<li>els m\u00e9s llegits<\/li>\n\n\n\n<li>pr\u00e9stec i maletes<\/li>\n<\/ul>\n\n\n\n<p class=\"has-white-color has-text-color has-link-color wp-elements-7e4ac651328708ea719ac0894fa30934\">.<\/p>\n\n\n\n<figure class=\"wp-block-image alignright size-large is-resized\"><a href=\"https:\/\/serveiseducatius.xtec.cat\/pladelestany\/les-nostres-activitats\/seminaris\/dinamitzacio-biblioteques-escolars\/\"><img loading=\"lazy\" decoding=\"async\" width=\"1024\" height=\"1024\" src=\"https:\/\/serveiseducatius.xtec.cat\/pladelestany\/wp-content\/uploads\/usu771\/2025\/07\/Icones-SITES-Biblioteca-8-1024x1024.png\" alt=\"\" class=\"wp-image-7571\" style=\"width:152px;height:auto\" srcset=\"https:\/\/serveiseducatius.xtec.cat\/pladelestany\/wp-content\/uploads\/usu771\/2025\/07\/Icones-SITES-Biblioteca-8-1024x1024.png 1024w, https:\/\/serveiseducatius.xtec.cat\/pladelestany\/wp-content\/uploads\/usu771\/2025\/07\/Icones-SITES-Biblioteca-8-300x300.png 300w, https:\/\/serveiseducatius.xtec.cat\/pladelestany\/wp-content\/uploads\/usu771\/2025\/07\/Icones-SITES-Biblioteca-8-150x150.png 150w, https:\/\/serveiseducatius.xtec.cat\/pladelestany\/wp-content\/uploads\/usu771\/2025\/07\/Icones-SITES-Biblioteca-8-768x768.png 768w, https:\/\/serveiseducatius.xtec.cat\/pladelestany\/wp-content\/uploads\/usu771\/2025\/07\/Icones-SITES-Biblioteca-8.png 1080w\" sizes=\"auto, (max-width: 1024px) 100vw, 1024px\" \/><\/a><\/figure>\n\n\n\n<p class=\"has-white-color has-text-color has-link-color wp-elements-c645e628e62f8fbab9d9726851472d16\"><\/p>\n","protected":false},"excerpt":{"rendered":"<p>BIBLIOTECA D\u2019AULA: Una oportunitat per a la lectura i el coneixement Tots els espais del centre han de poder ser [&hellip;]<\/p>\n","protected":false},"author":1,"featured_media":0,"parent":6303,"menu_order":0,"comment_status":"closed","ping_status":"close","template":"","meta":{"site-sidebar-layout":"default","site-content-layout":"","ast-site-content-layout":"default","site-content-style":"default","site-sidebar-style":"default","ast-global-header-display":"","ast-banner-title-visibility":"","ast-main-header-display":"","ast-hfb-above-header-display":"","ast-hfb-below-header-display":"","ast-hfb-mobile-header-display":"","site-post-title":"","ast-breadcrumbs-content":"","ast-featured-img":"","footer-sml-layout":"","theme-transparent-header-meta":"","adv-header-id-meta":"","stick-header-meta":"","header-above-stick-meta":"","header-main-stick-meta":"","header-below-stick-meta":"","astra-migrate-meta-layouts":"set","ast-page-background-enabled":"default","ast-page-background-meta":{"desktop":{"background-color":"var(--ast-global-color-4)","background-image":"","background-repeat":"repeat","background-position":"center center","background-size":"auto","background-attachment":"scroll","background-type":"","background-media":"","overlay-type":"","overlay-color":"","overlay-opacity":"","overlay-gradient":""},"tablet":{"background-color":"","background-image":"","background-repeat":"repeat","background-position":"center center","background-size":"auto","background-attachment":"scroll","background-type":"","background-media":"","overlay-type":"","overlay-color":"","overlay-opacity":"","overlay-gradient":""},"mobile":{"background-color":"","background-image":"","background-repeat":"repeat","background-position":"center center","background-size":"auto","background-attachment":"scroll","background-type":"","background-media":"","overlay-type":"","overlay-color":"","overlay-opacity":"","overlay-gradient":""}},"ast-content-background-meta":{"desktop":{"background-color":"var(--ast-global-color-5)","background-image":"","background-repeat":"repeat","background-position":"center center","background-size":"auto","background-attachment":"scroll","background-type":"","background-media":"","overlay-type":"","overlay-color":"","overlay-opacity":"","overlay-gradient":""},"tablet":{"background-color":"var(--ast-global-color-5)","background-image":"","background-repeat":"repeat","background-position":"center center","background-size":"auto","background-attachment":"scroll","background-type":"","background-media":"","overlay-type":"","overlay-color":"","overlay-opacity":"","overlay-gradient":""},"mobile":{"background-color":"var(--ast-global-color-5)","background-image":"","background-repeat":"repeat","background-position":"center center","background-size":"auto","background-attachment":"scroll","background-type":"","background-media":"","overlay-type":"","overlay-color":"","overlay-opacity":"","overlay-gradient":""}},"footnotes":""},"class_list":["post-7558","page","type-page","status-publish","hentry"],"post_mailing_queue_ids":[],"_links":{"self":[{"href":"https:\/\/serveiseducatius.xtec.cat\/pladelestany\/wp-json\/wp\/v2\/pages\/7558","targetHints":{"allow":["GET"]}}],"collection":[{"href":"https:\/\/serveiseducatius.xtec.cat\/pladelestany\/wp-json\/wp\/v2\/pages"}],"about":[{"href":"https:\/\/serveiseducatius.xtec.cat\/pladelestany\/wp-json\/wp\/v2\/types\/page"}],"author":[{"embeddable":true,"href":"https:\/\/serveiseducatius.xtec.cat\/pladelestany\/wp-json\/wp\/v2\/users\/1"}],"replies":[{"embeddable":true,"href":"https:\/\/serveiseducatius.xtec.cat\/pladelestany\/wp-json\/wp\/v2\/comments?post=7558"}],"version-history":[{"count":5,"href":"https:\/\/serveiseducatius.xtec.cat\/pladelestany\/wp-json\/wp\/v2\/pages\/7558\/revisions"}],"predecessor-version":[{"id":7730,"href":"https:\/\/serveiseducatius.xtec.cat\/pladelestany\/wp-json\/wp\/v2\/pages\/7558\/revisions\/7730"}],"up":[{"embeddable":true,"href":"https:\/\/serveiseducatius.xtec.cat\/pladelestany\/wp-json\/wp\/v2\/pages\/6303"}],"wp:attachment":[{"href":"https:\/\/serveiseducatius.xtec.cat\/pladelestany\/wp-json\/wp\/v2\/media?parent=7558"}],"curies":[{"name":"wp","href":"https:\/\/api.w.org\/{rel}","templated":true}]}}