{"id":7539,"date":"2025-07-07T12:11:12","date_gmt":"2025-07-07T10:11:12","guid":{"rendered":"https:\/\/serveiseducatius.xtec.cat\/pladelestany\/?page_id=7539"},"modified":"2026-02-09T15:05:53","modified_gmt":"2026-02-09T14:05:53","slug":"recursos","status":"publish","type":"page","link":"https:\/\/serveiseducatius.xtec.cat\/pladelestany\/les-nostres-activitats\/seminaris\/dinamitzacio-biblioteques-escolars\/recursos\/","title":{"rendered":"Recursos"},"content":{"rendered":"\n<div class=\"wp-block-columns has-ast-global-color-8-color has-text-color has-link-color wp-elements-6415760ea41810e1a71a3a5b06b61e68 is-layout-flex wp-container-core-columns-is-layout-1 wp-block-columns-is-layout-flex\">\n<div class=\"wp-block-column caixa-link is-layout-flow wp-block-column-is-layout-flow\">\n<h3 class=\"wp-block-heading\"><a href=\"https:\/\/projectes.xtec.cat\/bescat\/#\" target=\"_blank\" rel=\"noreferrer noopener\">NODES BE de Catalunya<\/a><\/h3>\n<\/div>\n\n\n\n<div class=\"wp-block-column caixa-link is-layout-flow wp-block-column-is-layout-flow\">\n<h3 class=\"wp-block-heading\"><a href=\"https:\/\/serveiseducatius.xtec.cat\/pladelestany\/les-nostres-activitats\/seminaris\/caps-destudis\/\" data-type=\"page\" data-id=\"6261\" target=\"_blank\" rel=\"noreferrer noopener\"><\/a><a href=\"http:\/\/xtec.gencat.cat\/ca\/projectes\/biblioteca\">BE PuntEDU<\/a><\/h3>\n<\/div>\n\n\n\n<div class=\"wp-block-column caixa-link is-layout-flow wp-block-column-is-layout-flow\">\n<h3 class=\"wp-block-heading\"><a href=\"https:\/\/serveiseducatius.xtec.cat\/pladelestany\/les-nostres-activitats\/seminaris\/coordinadors-pedagogics\/\" data-type=\"page\" data-id=\"6266\" target=\"_blank\" rel=\"noreferrer noopener\"><\/a><a href=\"http:\/\/xtec.gencat.cat\/ca\/projectes\/biblioteca\/epergam\">e-P\u00e8rgam<\/a><\/h3>\n<\/div>\n<\/div>\n\n\n\n<div class=\"wp-block-columns has-ast-global-color-8-color has-text-color has-link-color wp-elements-61db3abbdbdf88f56c980fb67994e596 is-layout-flex wp-container-core-columns-is-layout-2 wp-block-columns-is-layout-flex\">\n<div class=\"wp-block-column caixa-link is-layout-flow wp-block-column-is-layout-flow\">\n<h3 class=\"wp-block-heading\"><a href=\"https:\/\/drive.google.com\/file\/d\/0Bz2zhYZKP1HpZldfSGs4NDNVWVU\/view\" data-type=\"link\" data-id=\"https:\/\/drive.google.com\/file\/d\/0Bz2zhYZKP1HpZldfSGs4NDNVWVU\/view\" target=\"_blank\" rel=\"noreferrer noopener\"><\/a><a href=\"https:\/\/drive.google.com\/file\/d\/0Bz2zhYZKP1HpZldfSGs4NDNVWVU\/view\">Directrius i est\u00e0ndards<\/a><\/h3>\n<\/div>\n\n\n\n<div class=\"wp-block-column caixa-link is-layout-flow wp-block-column-is-layout-flow\">\n<h3 class=\"wp-block-heading\"><a href=\"https:\/\/www.dropbox.com\/s\/h6612a0yv0rg35h\/directrius_ifla_biblio_escolar_web.pdf?dl=0\" data-type=\"link\" data-id=\"https:\/\/www.dropbox.com\/s\/h6612a0yv0rg35h\/directrius_ifla_biblio_escolar_web.pdf?dl=0\" target=\"_blank\" rel=\"noreferrer noopener\"><\/a><a href=\"http:\/\/xtec.gencat.cat\/ca\/projectes\/biblioteca\"><\/a><a href=\"https:\/\/www.dropbox.com\/s\/h6612a0yv0rg35h\/directrius_ifla_biblio_escolar_web.pdf?dl=0\">Directrius IFLA<\/a><\/h3>\n<\/div>\n\n\n\n<div class=\"wp-block-column caixa-link is-layout-flow wp-block-column-is-layout-flow\">\n<h3 class=\"wp-block-heading\"><a href=\"https:\/\/drive.google.com\/file\/d\/0Bz2zhYZKP1Hpb01seE1SYWFtbmc\/view\" data-type=\"link\" data-id=\"https:\/\/drive.google.com\/file\/d\/0Bz2zhYZKP1Hpb01seE1SYWFtbmc\/view\" target=\"_blank\" rel=\"noreferrer noopener\"><\/a><a href=\"http:\/\/xtec.gencat.cat\/ca\/projectes\/biblioteca\/epergam\"><\/a><a href=\"https:\/\/drive.google.com\/file\/d\/0Bz2zhYZKP1Hpb01seE1SYWFtbmc\/view\">Crit\u00e8ris esporga BE<\/a><\/h3>\n<\/div>\n<\/div>\n\n\n\n<div class=\"wp-block-columns has-ast-global-color-8-color has-text-color has-link-color wp-elements-dd612ac16a0eeb70c0fd3ef307887f65 is-layout-flex wp-container-core-columns-is-layout-3 wp-block-columns-is-layout-flex\">\n<div class=\"wp-block-column caixa-link is-layout-flow wp-block-column-is-layout-flow\">\n<h3 class=\"wp-block-heading\"><a href=\"https:\/\/drive.google.com\/file\/d\/1TwynIc4LRJaBkIlfU4zbZb1VzKiNlHxx\/view\" data-type=\"link\" data-id=\"https:\/\/drive.google.com\/file\/d\/1TwynIc4LRJaBkIlfU4zbZb1VzKiNlHxx\/view\" target=\"_blank\" rel=\"noreferrer noopener\"><\/a><a href=\"https:\/\/drive.google.com\/file\/d\/0Bz2zhYZKP1HpZldfSGs4NDNVWVU\/view\"><\/a><a href=\"https:\/\/drive.google.com\/file\/d\/1TwynIc4LRJaBkIlfU4zbZb1VzKiNlHxx\/view\">Foment h\u00e0bit lector ESO (article)<\/a><\/h3>\n<\/div>\n\n\n\n<div class=\"wp-block-column caixa-link is-layout-flow wp-block-column-is-layout-flow\">\n<h3 class=\"wp-block-heading\"><a href=\"http:\/\/merli.xtec.cat\/merli\/cerca\/directoriInicial.jsp\" data-type=\"link\" data-id=\"http:\/\/merli.xtec.cat\/merli\/cerca\/directoriInicial.jsp\" target=\"_blank\" rel=\"noreferrer noopener\"><\/a><a href=\"http:\/\/xtec.gencat.cat\/ca\/projectes\/biblioteca\"><\/a><a href=\"https:\/\/www.dropbox.com\/s\/h6612a0yv0rg35h\/directrius_ifla_biblio_escolar_web.pdf?dl=0\"><\/a><a href=\"http:\/\/merli.xtec.cat\/merli\/cerca\/directoriInicial.jsp\">Cercador Merl\u00ed<\/a><\/h3>\n<\/div>\n\n\n\n<div class=\"wp-block-column caixa-link is-layout-flow wp-block-column-is-layout-flow\">\n<h3 class=\"wp-block-heading\"><a href=\"https:\/\/drive.google.com\/file\/d\/1YHXZZpC3pEjWPovAHJ2ly5oJLj-N5GKF\/view\" data-type=\"link\" data-id=\"https:\/\/drive.google.com\/file\/d\/1YHXZZpC3pEjWPovAHJ2ly5oJLj-N5GKF\/view\" target=\"_blank\" rel=\"noreferrer noopener\"><\/a><a href=\"http:\/\/xtec.gencat.cat\/ca\/projectes\/biblioteca\/epergam\"><\/a><a href=\"https:\/\/drive.google.com\/file\/d\/0Bz2zhYZKP1Hpb01seE1SYWFtbmc\/view\"><\/a><a href=\"https:\/\/drive.google.com\/file\/d\/1YHXZZpC3pEjWPovAHJ2ly5oJLj-N5GKF\/view\">Activitats de dinamitzaci\u00f3<\/a><\/h3>\n<\/div>\n<\/div>\n\n\n\n<div class=\"wp-block-columns has-ast-global-color-8-color has-text-color has-link-color wp-elements-1807638f1e9479c6d70b50b8402e2d5d is-layout-flex wp-container-core-columns-is-layout-4 wp-block-columns-is-layout-flex\">\n<div class=\"wp-block-column caixa-link is-layout-flow wp-block-column-is-layout-flow\">\n<h3 class=\"wp-block-heading\"><a href=\"https:\/\/drive.google.com\/file\/d\/1TwynIc4LRJaBkIlfU4zbZb1VzKiNlHxx\/view\" data-type=\"link\" data-id=\"https:\/\/drive.google.com\/file\/d\/1TwynIc4LRJaBkIlfU4zbZb1VzKiNlHxx\/view\" target=\"_blank\" rel=\"noreferrer noopener\"><\/a><a href=\"https:\/\/drive.google.com\/file\/d\/0Bz2zhYZKP1HpZldfSGs4NDNVWVU\/view\"><\/a><a href=\"https:\/\/drive.google.com\/file\/d\/1TwynIc4LRJaBkIlfU4zbZb1VzKiNlHxx\/view\"><\/a><a href=\"https:\/\/drive.google.com\/file\/d\/1TwynIc4LRJaBkIlfU4zbZb1VzKiNlHxx\/view\">Foment h\u00e0bit lector ESO (article)<\/a><\/h3>\n<\/div>\n\n\n\n<div class=\"wp-block-column caixa-link is-layout-flow wp-block-column-is-layout-flow\">\n<h3 class=\"wp-block-heading\"><a href=\"https:\/\/drive.google.com\/file\/d\/1OKKzNhXBN78hNI5pux_aCc48HWHzHaDR\/view?usp=sharing\" data-type=\"link\" data-id=\"https:\/\/drive.google.com\/file\/d\/1OKKzNhXBN78hNI5pux_aCc48HWHzHaDR\/view?usp=sharing\" target=\"_blank\" rel=\"noreferrer noopener\"><\/a><a href=\"http:\/\/xtec.gencat.cat\/ca\/projectes\/biblioteca\"><\/a><a href=\"https:\/\/www.dropbox.com\/s\/h6612a0yv0rg35h\/directrius_ifla_biblio_escolar_web.pdf?dl=0\"><\/a><a href=\"http:\/\/merli.xtec.cat\/merli\/cerca\/directoriInicial.jsp\"><\/a><a href=\"https:\/\/drive.google.com\/file\/d\/1OKKzNhXBN78hNI5pux_aCc48HWHzHaDR\/view?usp=sharing\">Els essencials 0-6<\/a><\/h3>\n<\/div>\n\n\n\n<div class=\"wp-block-column caixa-link is-layout-flow wp-block-column-is-layout-flow\">\n<h3 class=\"wp-block-heading\"><a href=\"https:\/\/view.genially.com\/6666f75adb557800147eb5f5\/interactive-content-propietat-intellectual-i-drets-dautoria\" data-type=\"page\" data-id=\"6266\" target=\"_blank\" rel=\"noreferrer noopener\"><\/a><a href=\"http:\/\/xtec.gencat.cat\/ca\/projectes\/biblioteca\/epergam\"><\/a><a href=\"https:\/\/drive.google.com\/file\/d\/0Bz2zhYZKP1Hpb01seE1SYWFtbmc\/view\"><\/a><a href=\"https:\/\/drive.google.com\/file\/d\/1YHXZZpC3pEjWPovAHJ2ly5oJLj-N5GKF\/view\"><\/a><a href=\"https:\/\/view.genially.com\/6666f75adb557800147eb5f5\/interactive-content-propietat-intellectual-i-drets-dautoria\">La propietat intel\u00b7lectual i els drets d\u2019autoria<\/a><\/h3>\n<\/div>\n<\/div>\n\n\n\n<div class=\"wp-block-columns has-ast-global-color-8-color has-text-color has-link-color wp-elements-46c2decc5b83d51511f9c49819b8695b is-layout-flex wp-container-core-columns-is-layout-5 wp-block-columns-is-layout-flex\">\n<div class=\"wp-block-column caixa-link is-layout-flow wp-block-column-is-layout-flow\">\n<h3 class=\"wp-block-heading\"><a href=\"https:\/\/beteve.cat\/tandem\/\" data-type=\"link\" data-id=\"https:\/\/beteve.cat\/tandem\/\" target=\"_blank\" rel=\"noreferrer noopener\"><\/a><a href=\"https:\/\/drive.google.com\/file\/d\/0Bz2zhYZKP1HpZldfSGs4NDNVWVU\/view\"><\/a><a href=\"https:\/\/drive.google.com\/file\/d\/1TwynIc4LRJaBkIlfU4zbZb1VzKiNlHxx\/view\"><\/a><a href=\"https:\/\/drive.google.com\/file\/d\/1TwynIc4LRJaBkIlfU4zbZb1VzKiNlHxx\/view\"><\/a><a href=\"https:\/\/beteve.cat\/tandem\/\">Podcast T\u00c0NDEM<\/a><\/h3>\n<\/div>\n\n\n\n<div class=\"wp-block-column caixa-link is-layout-flow wp-block-column-is-layout-flow\">\n<h3 class=\"wp-block-heading\"><a href=\"https:\/\/brulab.art\/laboratoris\/\" data-type=\"link\" data-id=\"https:\/\/brulab.art\/laboratoris\/\" target=\"_blank\" rel=\"noreferrer noopener\"><\/a><a href=\"http:\/\/xtec.gencat.cat\/ca\/projectes\/biblioteca\"><\/a><a href=\"https:\/\/www.dropbox.com\/s\/h6612a0yv0rg35h\/directrius_ifla_biblio_escolar_web.pdf?dl=0\"><\/a><a href=\"http:\/\/merli.xtec.cat\/merli\/cerca\/directoriInicial.jsp\"><\/a><a href=\"https:\/\/drive.google.com\/file\/d\/1OKKzNhXBN78hNI5pux_aCc48HWHzHaDR\/view?usp=sharing\"><\/a><a href=\"https:\/\/brulab.art\/laboratoris\/\">Laboratoris de jocs<\/a><\/h3>\n<\/div>\n\n\n\n<div class=\"wp-block-column caixa-link is-layout-flow wp-block-column-is-layout-flow\">\n<h3 class=\"wp-block-heading\"><a href=\"https:\/\/serveiseducatius.xtec.cat\/bdrlectura\/\" data-type=\"link\" data-id=\"https:\/\/serveiseducatius.xtec.cat\/bdrlectura\/\" target=\"_blank\" rel=\"noreferrer noopener\"><\/a><a href=\"http:\/\/xtec.gencat.cat\/ca\/projectes\/biblioteca\/epergam\"><\/a><a href=\"https:\/\/drive.google.com\/file\/d\/0Bz2zhYZKP1Hpb01seE1SYWFtbmc\/view\"><\/a><a href=\"https:\/\/drive.google.com\/file\/d\/1YHXZZpC3pEjWPovAHJ2ly5oJLj-N5GKF\/view\"><\/a><a href=\"https:\/\/view.genially.com\/6666f75adb557800147eb5f5\/interactive-content-propietat-intellectual-i-drets-dautoria\"><\/a><a href=\"https:\/\/serveiseducatius.xtec.cat\/bdrlectura\/\">BdR: Lectura, font de plaer i coneixement<\/a><\/h3>\n<\/div>\n<\/div>\n\n\n\n<div class=\"wp-block-columns has-ast-global-color-8-color has-text-color has-link-color wp-elements-5dec3834193728f6abd7c5c35ac203a7 is-layout-flex wp-container-core-columns-is-layout-6 wp-block-columns-is-layout-flex\">\n<div class=\"wp-block-column caixa-link is-layout-flow wp-block-column-is-layout-flow\">\n<h3 class=\"wp-block-heading\"><a href=\"https:\/\/drive.google.com\/file\/d\/1AEPeVfliacHptF8yzgK1DafLrg47hjpk\/view?usp=drive_link\" data-type=\"link\" data-id=\"https:\/\/drive.google.com\/file\/d\/1AEPeVfliacHptF8yzgK1DafLrg47hjpk\/view?usp=drive_link\" target=\"_blank\" rel=\"noreferrer noopener\"><\/a><a href=\"https:\/\/drive.google.com\/file\/d\/0Bz2zhYZKP1HpZldfSGs4NDNVWVU\/view\"><\/a><a href=\"https:\/\/drive.google.com\/file\/d\/1TwynIc4LRJaBkIlfU4zbZb1VzKiNlHxx\/view\"><\/a><a href=\"https:\/\/drive.google.com\/file\/d\/1TwynIc4LRJaBkIlfU4zbZb1VzKiNlHxx\/view\"><\/a><a href=\"https:\/\/beteve.cat\/tandem\/\"><\/a><a href=\"https:\/\/drive.google.com\/file\/d\/1AEPeVfliacHptF8yzgK1DafLrg47hjpk\/view?usp=drive_link\">Contes coeducaci\u00f3<\/a><\/h3>\n<\/div>\n\n\n\n<div class=\"wp-block-column caixa-link is-layout-flow wp-block-column-is-layout-flow\">\n<h3 class=\"wp-block-heading\"><a href=\"https:\/\/projectes.xtec.cat\/bescat\/bibliotips\/\" data-type=\"link\" data-id=\"https:\/\/projectes.xtec.cat\/bescat\/bibliotips\/\" target=\"_blank\" rel=\"noreferrer noopener\"><\/a><a href=\"http:\/\/xtec.gencat.cat\/ca\/projectes\/biblioteca\"><\/a><a href=\"https:\/\/www.dropbox.com\/s\/h6612a0yv0rg35h\/directrius_ifla_biblio_escolar_web.pdf?dl=0\"><\/a><a href=\"http:\/\/merli.xtec.cat\/merli\/cerca\/directoriInicial.jsp\"><\/a><a href=\"https:\/\/drive.google.com\/file\/d\/1OKKzNhXBN78hNI5pux_aCc48HWHzHaDR\/view?usp=sharing\"><\/a><a href=\"https:\/\/brulab.art\/laboratoris\/\"><\/a><a href=\"https:\/\/projectes.xtec.cat\/bescat\/bibliotips\/\">Bibliotips<\/a><\/h3>\n<\/div>\n\n\n\n<div class=\"wp-block-column caixa-link is-layout-flow wp-block-column-is-layout-flow\">\n<h3 class=\"wp-block-heading\"><a href=\"https:\/\/ateneu.xtec.cat\/wikiform\/wikiexport\/cmd\/bib\/beid\/index\" target=\"_blank\" rel=\"noreferrer noopener\">Materials formaci\u00f3:<\/a><\/h3>\n\n\n\n<p><a href=\"https:\/\/ateneu.xtec.cat\/wikiform\/wikiexport\/cmd\/bib\/beid\/index\" target=\"_blank\" rel=\"noreferrer noopener\">Implementaci\u00f3 i dinamitzaci\u00f3 de la biblioteca del centre educatiu<\/a><\/p>\n<\/div>\n<\/div>\n\n\n\n<figure class=\"wp-block-table\"><table class=\"has-ast-global-color-1-color has-text-color has-link-color has-fixed-layout\"><tbody><tr><td class=\"has-text-align-center\" data-align=\"center\"><a href=\"https:\/\/serveiseducatius.xtec.cat\/pladelestany\/les-nostres-activitats\/seminaris\/dinamitzacio-biblioteques-escolars\/\"><\/a>Maleta de poesia <a href=\"https:\/\/sites.google.com\/d\/1teqCV63nL0Q7kD51kFNM_bwVDU_PcqTu\/p\/15REEsbIFCRZUexIIbE2WuUHxj1296NbQ\/edit\">VERSOS VORA L&#8217;ESTANY<\/a> (versi\u00f3 digital)<br>Maleta <a href=\"https:\/\/sites.google.com\/a\/xtec.cat\/se_pladelestany\/c%C3%B2mic-a-laula-versi%C3%B3-digital?authuser=0\">C\u00d2MICS A L&#8217;AULA<\/a>&nbsp; (versi\u00f3 digital)<br>.<br><a href=\"http:\/\/www.lecturaenveualta.cat\/recursos-2\/\">Certamen de Lectura en Veu Alta: Recursos<\/a><br><a href=\"http:\/\/xtec.gencat.cat\/ca\/centres\/alscentres\/premis\/jocsflorals\/\">Jocs Florals de Catalunya<\/a><br>.<br>Crit\u00e8ris d&#8217;an\u00e0lisi de <a href=\"https:\/\/view.genial.ly\/62f3e08e95bf850010a4eee2\/interactive-content-resena-libro-ii\">llibres de coneixements<\/a><br>Programa biblioteca escolar Puntedu<br>Materials del curs BECO- BE i llibres de coneixements<br>Autora dels materials: <strong><em>M\u00f2nica Bar\u00f3 Llambias<\/em><\/strong><br>.<br><a href=\"https:\/\/drive.google.com\/file\/d\/16QD5EtWH1Vb9WDvWZ6hjmOfKk40XtS7i\/view\">Com detectar un plagi<\/a><br>.<br><a href=\"https:\/\/drive.google.com\/file\/d\/1alBsIVX9yd_ReCmHplxOazfgD83C69eN\/view?usp=sharing\">Un passeig per la hist\u00f2ria dels \u00e0lbums il\u00b7lustrats<\/a>. Marta Roig<br><a href=\"https:\/\/drive.google.com\/file\/d\/1IgkscfC0p6oj-UThAYFqsoqVXmQjhZ0n\/view?usp=sharing\">Recomanacions liter\u00e0ries per edats<\/a>. Pep Molist<br>Documents cedits per la Biblioteca de Banyoles, del seu <strong>Cicle Familiar Dijous Il\u00b7lustrats<\/strong> (set-oct 2022)<br>.<br>INCLUSI\u00d3<br><a href=\"https:\/\/projectes.xtec.cat\/bescat\/wp-content\/uploads\/usu793\/2021\/07\/biblioteca_escolar_inclusio_acces_def.pdf\">La biblioteca escolar com a eina d\u2019inclusi\u00f3<\/a><br><a href=\"https:\/\/drive.google.com\/file\/d\/1eSlIKx3N_RZ9npJWPHjhjpn5haVlS1An\/view\">Una biblioteca escolar inclusiva<\/a>. Dossier amb propostes, que tenen l\u2019objectiu de sensibilitzar les persones perqu\u00e8 tinguin una mirada, pensament i actitud inclusiva.<br><a href=\"https:\/\/sites.google.com\/a\/xtec.cat\/inclusio_digital_pladelestany\/\">Inclusi\u00f3 Digital<\/a>. Recull d&#8217;APP i eines web per treballar la inclusi\u00f3 a l&#8217;aula; entre altres, eines per facilitar la lectura o l&#8217;escriptura.&nbsp;<br>.<br><a href=\"https:\/\/ateneu.xtec.cat\/wikiform\/wikiexport\/fic\/cco\/pmb1\/guia\">Materials de la FIC del pla de millora de biblioteques escolars<\/a><br><br><a href=\"https:\/\/projectes.xtec.cat\/bescat\/general\/segells-i-bones-practiques-del-curs-2024-2025\/\">Segell de bones pr\u00e0ctiques 24-25<\/a><br><br><a href=\"https:\/\/edu365.cat\/workshop\/joc\/bibliotecapp\/index.html\">La Bibliotecapp<\/a>. Per promoure el foment de la lectura<br><br><a href=\"https:\/\/drive.google.com\/file\/d\/1ZOHWPpYvt2-s77lcXresbnrgJnrOkXdd\/view\">Bona ortografia sense esfor\u00e7<\/a> Daniel Gabarr\u00f3<br><br><a href=\"https:\/\/drive.google.com\/open?id=1baFw4a_4sG3LMbpS_x8D1bFQZiZa4O0l\">Jocs&nbsp; per estimular la consci\u00e8ncia fonol\u00f2gica<\/a> Per a Educaci\u00f3 Infantil i Cicle Inicial d&#8217;Educaci\u00f3 Prim\u00e0ria&nbsp;<br><br><a href=\"https:\/\/lletra.uoc.edu\/ca\/projectes\/poesia-dibuixada\">Poesia dibuixada<\/a> LletrA. Literatura catalana a internet<br><br><a href=\"https:\/\/drive.google.com\/open?id=0B6aLZSYk9tpgQ1hfVW51MlRyXzBnY0Fsc21ZdWk5TkwtbG1z\">Guia per fomentar la reflexi\u00f3 i el treball en grup<\/a> Fundaci\u00f3 Bromera<br><br><a href=\"http:\/\/genius.diba.cat\/es\/llibres\">Genius<\/a> Recomanacions liter\u00e0ries de 6 a 12 anys i altres propostes<br><br><a href=\"https:\/\/www.nuvol.com\/noticies\/els-contes-mes-bonics-del-mon\/\">N\u00favol<\/a> Article amb 13 molt interessants propostes de literatura per a infants de 2 a 5 anys<br><br><a href=\"https:\/\/lletra.uoc.edu\/ca\/tast-de-textos\">Tast de textos<\/a> LletrA. Literatura catalana a internet<br><br><a href=\"https:\/\/drive.google.com\/open?id=1fwCFfLGt6yrWevm_wiJvLUL2VuruVM77\">Com utilitzar un diccionari<\/a> Pr\u00f2leg i instruccions per a la consulta d&#8217;un diccionari<br><br><a href=\"http:\/\/xtec.gencat.cat\/ca\/projectes\/plurilinguisme\/metodologies\/tilc\/immersiolinguistica\/enrolat\/\">Enrola&#8217;t<\/a> Petits jocs de rol per treballar l&#8217;expressi\u00f3 oral&nbsp;<br>.<br><a href=\"http:\/\/www.xtec.cat\/alfresco\/d\/d\/workspace\/SpacesStore\/ffad6b27-fb4d-492e-bdcc-dda705b2e508\/dossier_poejocs.pdf\">Jocs de poesia<\/a><br><a href=\"http:\/\/www.xtec.cat\/alfresco\/d\/d\/workspace\/SpacesStore\/d0b11435-4391-473e-a747-eea38bb59ec1\/confer_bonmati.pdf\">Treballem la poesia, una proposta did\u00e0ctica<\/a> Jugar amb la poesia: rebre i donar llum i dol\u00e7or<br>.<br><a href=\"http:\/\/www.xtec.cat\/alfresco\/d\/d\/workspace\/SpacesStore\/1d412e03-a844-4ae7-9fe5-52415bdaaa66\/guia_didactica_joana_raspall.pdf#_ga=2.23070586.1302646871.1547725434-1188053043.1544704206\">Recursos per treballar la poesia<\/a><br><a href=\"http:\/\/www.xtec.cat\/alfresco\/d\/d\/workspace\/SpacesStore\/da71182f-bfac-432d-b790-fa67e5f42a07\/Raspall_CI_alumne.pdf\">Quadern de l&#8217;alumne CI<\/a><br><a href=\"http:\/\/www.xtec.cat\/alfresco\/d\/d\/workspace\/SpacesStore\/b95e57ab-9700-4d42-8947-e5816557a0d7\/Raspall_CM_alumne.pdf\">Quadern de l&#8217;alumne CM<\/a><br><a href=\"http:\/\/www.xtec.cat\/alfresco\/d\/d\/workspace\/SpacesStore\/15c8fe77-f04f-4855-a30e-95b2ec467591\/Raspall_CS_alumne.pdf\">Quadern de l&#8217;alumne CS<\/a><br>.<br><a href=\"http:\/\/ensenyament.gencat.cat\/web\/.content\/home\/departament\/publicacions\/colleccions\/competencies-basiques\/eso\/eso-millora-ortografia.pdf\">Orientacions per a la millora de l&#8217;ortografia a l&#8217;ESO<\/a>&nbsp;<br>.<br><a href=\"http:\/\/xtec.gencat.cat\/web\/.content\/alfresco\/d\/d\/workspace\/SpacesStore\/0009\/2f71a847-45fa-4e0c-9eec-90b8239053d7\/millora_lectura_escriptura_pri_11-2010.pdf\">Orientacions per a la millora de la comprensi\u00f3 lectora i l&#8217;expressi\u00f3 escrita<\/a> Educaci\u00f3 Prim\u00e0ria<br>.<br><a href=\"http:\/\/xtec.gencat.cat\/web\/.content\/alfresco\/d\/d\/workspace\/SpacesStore\/0011\/3d3e6572-5f03-4283-9106-ae6ff703bf61\/Document-Millora-Expressio-Escrita-2012.pdf\">Orientacions per a la millora de l&#8217;expressi\u00f3 escrita<\/a><br><br><\/td><\/tr><\/tbody><\/table><\/figure>\n\n\n\n<figure class=\"wp-block-image alignright size-large is-resized\"><a href=\"https:\/\/serveiseducatius.xtec.cat\/pladelestany\/les-nostres-activitats\/seminaris\/dinamitzacio-biblioteques-escolars\/\"><img loading=\"lazy\" decoding=\"async\" width=\"1024\" height=\"1024\" src=\"https:\/\/serveiseducatius.xtec.cat\/pladelestany\/wp-content\/uploads\/usu771\/2025\/07\/Icones-SITES-Biblioteca-8-1024x1024.png\" alt=\"\" class=\"wp-image-7571\" style=\"width:152px;height:auto\" srcset=\"https:\/\/serveiseducatius.xtec.cat\/pladelestany\/wp-content\/uploads\/usu771\/2025\/07\/Icones-SITES-Biblioteca-8-1024x1024.png 1024w, https:\/\/serveiseducatius.xtec.cat\/pladelestany\/wp-content\/uploads\/usu771\/2025\/07\/Icones-SITES-Biblioteca-8-300x300.png 300w, https:\/\/serveiseducatius.xtec.cat\/pladelestany\/wp-content\/uploads\/usu771\/2025\/07\/Icones-SITES-Biblioteca-8-150x150.png 150w, https:\/\/serveiseducatius.xtec.cat\/pladelestany\/wp-content\/uploads\/usu771\/2025\/07\/Icones-SITES-Biblioteca-8-768x768.png 768w, https:\/\/serveiseducatius.xtec.cat\/pladelestany\/wp-content\/uploads\/usu771\/2025\/07\/Icones-SITES-Biblioteca-8.png 1080w\" sizes=\"auto, (max-width: 1024px) 100vw, 1024px\" \/><\/a><\/figure>\n","protected":false},"excerpt":{"rendered":"<p>NODES BE de Catalunya BE PuntEDU e-P\u00e8rgam Directrius i est\u00e0ndards Directrius IFLA Crit\u00e8ris esporga BE Foment h\u00e0bit lector ESO (article) [&hellip;]<\/p>\n","protected":false},"author":1,"featured_media":0,"parent":6303,"menu_order":0,"comment_status":"closed","ping_status":"close","template":"","meta":{"site-sidebar-layout":"default","site-content-layout":"","ast-site-content-layout":"default","site-content-style":"default","site-sidebar-style":"default","ast-global-header-display":"","ast-banner-title-visibility":"","ast-main-header-display":"","ast-hfb-above-header-display":"","ast-hfb-below-header-display":"","ast-hfb-mobile-header-display":"","site-post-title":"","ast-breadcrumbs-content":"","ast-featured-img":"","footer-sml-layout":"","theme-transparent-header-meta":"","adv-header-id-meta":"","stick-header-meta":"","header-above-stick-meta":"","header-main-stick-meta":"","header-below-stick-meta":"","astra-migrate-meta-layouts":"set","ast-page-background-enabled":"default","ast-page-background-meta":{"desktop":{"background-color":"var(--ast-global-color-4)","background-image":"","background-repeat":"repeat","background-position":"center center","background-size":"auto","background-attachment":"scroll","background-type":"","background-media":"","overlay-type":"","overlay-color":"","overlay-opacity":"","overlay-gradient":""},"tablet":{"background-color":"","background-image":"","background-repeat":"repeat","background-position":"center center","background-size":"auto","background-attachment":"scroll","background-type":"","background-media":"","overlay-type":"","overlay-color":"","overlay-opacity":"","overlay-gradient":""},"mobile":{"background-color":"","background-image":"","background-repeat":"repeat","background-position":"center center","background-size":"auto","background-attachment":"scroll","background-type":"","background-media":"","overlay-type":"","overlay-color":"","overlay-opacity":"","overlay-gradient":""}},"ast-content-background-meta":{"desktop":{"background-color":"var(--ast-global-color-5)","background-image":"","background-repeat":"repeat","background-position":"center center","background-size":"auto","background-attachment":"scroll","background-type":"","background-media":"","overlay-type":"","overlay-color":"","overlay-opacity":"","overlay-gradient":""},"tablet":{"background-color":"var(--ast-global-color-5)","background-image":"","background-repeat":"repeat","background-position":"center center","background-size":"auto","background-attachment":"scroll","background-type":"","background-media":"","overlay-type":"","overlay-color":"","overlay-opacity":"","overlay-gradient":""},"mobile":{"background-color":"var(--ast-global-color-5)","background-image":"","background-repeat":"repeat","background-position":"center center","background-size":"auto","background-attachment":"scroll","background-type":"","background-media":"","overlay-type":"","overlay-color":"","overlay-opacity":"","overlay-gradient":""}},"footnotes":""},"class_list":["post-7539","page","type-page","status-publish","hentry"],"post_mailing_queue_ids":[],"_links":{"self":[{"href":"https:\/\/serveiseducatius.xtec.cat\/pladelestany\/wp-json\/wp\/v2\/pages\/7539","targetHints":{"allow":["GET"]}}],"collection":[{"href":"https:\/\/serveiseducatius.xtec.cat\/pladelestany\/wp-json\/wp\/v2\/pages"}],"about":[{"href":"https:\/\/serveiseducatius.xtec.cat\/pladelestany\/wp-json\/wp\/v2\/types\/page"}],"author":[{"embeddable":true,"href":"https:\/\/serveiseducatius.xtec.cat\/pladelestany\/wp-json\/wp\/v2\/users\/1"}],"replies":[{"embeddable":true,"href":"https:\/\/serveiseducatius.xtec.cat\/pladelestany\/wp-json\/wp\/v2\/comments?post=7539"}],"version-history":[{"count":5,"href":"https:\/\/serveiseducatius.xtec.cat\/pladelestany\/wp-json\/wp\/v2\/pages\/7539\/revisions"}],"predecessor-version":[{"id":8747,"href":"https:\/\/serveiseducatius.xtec.cat\/pladelestany\/wp-json\/wp\/v2\/pages\/7539\/revisions\/8747"}],"up":[{"embeddable":true,"href":"https:\/\/serveiseducatius.xtec.cat\/pladelestany\/wp-json\/wp\/v2\/pages\/6303"}],"wp:attachment":[{"href":"https:\/\/serveiseducatius.xtec.cat\/pladelestany\/wp-json\/wp\/v2\/media?parent=7539"}],"curies":[{"name":"wp","href":"https:\/\/api.w.org\/{rel}","templated":true}]}}