{"id":7160,"date":"2025-06-16T10:29:13","date_gmt":"2025-06-16T08:29:13","guid":{"rendered":"https:\/\/serveiseducatius.xtec.cat\/pladelestany\/?page_id=7160"},"modified":"2026-04-15T11:31:38","modified_gmt":"2026-04-15T09:31:38","slug":"nodes","status":"publish","type":"page","link":"https:\/\/serveiseducatius.xtec.cat\/pladelestany\/les-nostres-activitats\/suport-digital-pla-de-lestany\/nodes\/","title":{"rendered":"Nodes"},"content":{"rendered":"\n<p><strong>Nodes<\/strong>&nbsp;\u00e9s un servei del Departament d\u2019Educaci\u00f3 que permet als centres educatius de Catalunya crear i administrar la seva web de centre. Basat en&nbsp;<strong>WordPress<\/strong>, s\u2019ha dissenyat buscant la m\u00e0xima facilitat d\u2019\u00fas i incorpora ginys i extensions espec\u00edfiques desenvolupades pensant en les necessitats dels centres. M\u00e9s de&nbsp;<strong>2.200<\/strong>&nbsp;centres ja han creat la seva web amb Nodes.<\/p>\n\n\n\n<p class=\"has-white-color has-text-color has-link-color wp-elements-c645e628e62f8fbab9d9726851472d16\"><\/p>\n\n\n\n<p><\/p>\n\n\n\n<p><\/p>\n\n\n\n<p><\/p>\n\n\n\n<div class=\"wp-block-getwid-tabs\" data-active-tab=\"0\"><ul class=\"wp-block-getwid-tabs__nav-links\"><\/ul>\n<div class=\"wp-block-getwid-tabs__nav-link\"><span class=\"wp-block-getwid-tabs__title-wrapper\"><a href=\"#\"><span class=\"wp-block-getwid-tabs__title\">Espai de pr\u00e0ctiques NODES 2<\/span><\/a><\/span><\/div><div class=\"wp-block-getwid-tabs__tab-content-wrapper\"><div class=\"wp-block-getwid-tabs__tab-content\">\n<p><a href=\"https:\/\/agora.xtec.cat\/demo-nodes\/\" target=\"_blank\" rel=\"noreferrer noopener\">https:\/\/agora.xtec.cat\/demo-nodes\/<\/a><\/p>\n\n\n\n<p>usuari: admin<\/p>\n\n\n\n<p>contrasenya: agora<\/p>\n<\/div><\/div>\n\n\n\n<div class=\"wp-block-getwid-tabs__nav-link\"><span class=\"wp-block-getwid-tabs__title-wrapper\"><a href=\"#\"><span class=\"wp-block-getwid-tabs__title\">Videotutorials<\/span><\/a><\/span><\/div><div class=\"wp-block-getwid-tabs__tab-content-wrapper\"><div class=\"wp-block-getwid-tabs__tab-content\">\n<p><a href=\"https:\/\/projectes.xtec.cat\/digital\/serveis-digitals\/nodes\/guia-de-nodes\/\" target=\"_blank\" rel=\"noreferrer noopener\">Guia de Nodes<\/a><\/p>\n\n\n\n<p><a href=\"https:\/\/projectes.xtec.cat\/digital\/serveis-digitals\/nodes\/guia-de-nodes\/pautes-per-al-canvi\/\" target=\"_blank\" rel=\"noreferrer noopener\">Pautes per fer el canvi a Nodes 2<\/a><\/p>\n\n\n\n<p><a href=\"https:\/\/youtube.com\/playlist?list=PLojIWF2RflCqjQPGjhVeftkQhHlufUtJh&amp;si=m2yMFiRw2u8QKiKu\" target=\"_blank\" rel=\"noreferrer noopener\">Playlist NODES 2<\/a><\/p>\n\n\n\n<p><a href=\"https:\/\/www.youtube.com\/watch?v=7KOtVl9_jJU\" target=\"_blank\" rel=\"noreferrer noopener\">Columnes (editor Gutenberg)<\/a><\/p>\n\n\n\n<p><a href=\"https:\/\/www.youtube.com\/watch?v=UaYakh2CiwY&amp;t=4s\" target=\"_blank\" rel=\"noreferrer noopener\">Pestanyes i acordi\u00f3<\/a><\/p>\n\n\n\n<p><a href=\"https:\/\/www.youtube.com\/watch?v=OQglZcq2dbI\" target=\"_blank\" rel=\"noreferrer noopener\">Carrusel d&#8217;articles i p\u00e0gines<\/a><\/p>\n\n\n\n<p><a href=\"https:\/\/www.youtube.com\/watch?v=gs8uYPXoJXo\" target=\"_blank\" rel=\"noreferrer noopener\">Articles i p\u00e0gines<\/a><\/p>\n\n\n\n<p><a href=\"https:\/\/www.youtube.com\/watch?v=pbE0B07spKw\" target=\"_blank\" rel=\"noreferrer noopener\">Subscripcions<\/a><\/p>\n\n\n\n<p><a href=\"https:\/\/www.youtube.com\/playlist?list=PLojIWF2RflCoeQwbOHXPJ5o1U4-qEL4fz\" target=\"_blank\" rel=\"noreferrer noopener\">Playlist Nodes digital<\/a><\/p>\n\n\n\n<p><a href=\"https:\/\/projectes.xtec.cat\/digital\/serveis-digitals\/nodes\/editor-gutenberg\/biblioteca-de-plantilles\/\" target=\"_blank\" rel=\"noreferrer noopener\">Biblioteca de plantilles<\/a><\/p>\n\n\n\n<p><a href=\"https:\/\/projectes.xtec.cat\/digital\/serveis-digitals\/nodes\/extensions\/\" target=\"_blank\" rel=\"noreferrer noopener\">Extensions<\/a><\/p>\n<\/div><\/div>\n\n\n\n<div class=\"wp-block-getwid-tabs__nav-link\"><span class=\"wp-block-getwid-tabs__title-wrapper\"><a href=\"#\"><span class=\"wp-block-getwid-tabs__title\">Consells per a quan feu el canvi a Nodes 2<\/span><\/a><\/span><\/div><div class=\"wp-block-getwid-tabs__tab-content-wrapper\"><div class=\"wp-block-getwid-tabs__tab-content\">\n<p>A part de les &#8216;<a href=\"https:\/\/projectes.xtec.cat\/digital\/serveis-digitals\/nodes\/guia-de-nodes\/pautes-per-al-canvi\/\" target=\"_blank\" rel=\"noreferrer noopener\">Pautes per fer el canvi a Nodes 2<\/a>&#8216;, us aconsellem que:<\/p>\n\n\n\n<ul class=\"wp-block-list\">\n<li>Feu captures de pantalla del MEN\u00da i de la P\u00c0GINA INICIAL, per recordar com ho ten\u00edeu, per si alguna cosa no canvia.<\/li>\n\n\n\n<li>Si teniu algun enlla\u00e7 important des de la p\u00e0gina principal, deseu-lo, per si desapareix, tornar-lo a posar despr\u00e9s.<\/li>\n\n\n\n<li>El LOGO del centre apareixer\u00e0 en fer el canvi, per\u00f2 ens ha passat amb diversos centres que, al cap d&#8217;una estona, desapareix i s&#8217;ha de tornar a carregar. Simplement, tenir-ho en compte.<\/li>\n\n\n\n<li>Recordeu que, si teniu columna a la dreta a la P\u00c0GINA INICIAL desapareixer\u00e0, passar\u00e0 a sota del que hi ha a la columna esquerra. <\/li>\n\n\n\n<li>Quan escolliu la disposici\u00f3 de la P\u00c0GINA INICIAL podeu fer apar\u00e8ixer o desapar\u00e8ixer elements. \n<ul class=\"wp-block-list\">\n<li>Per exemple, si no voleu les 4 targetes, les desmarqueu. <\/li>\n\n\n\n<li>L&#8217;ordre no es pot canviar. <\/li>\n\n\n\n<li>L&#8217;AV\u00cdS podeu fer que surti tan sols quan teniu alguna not\u00edcia per posar. <\/li>\n\n\n\n<li>El nombre d&#8217;articles no el podeu triar (al nou Nodes n&#8217;anomenen NOT\u00cdCIES). En surten 3. A sota d&#8217;aquests tres es pot pr\u00e9mer TOTES LES NOT\u00cdCIES i llavors hem comprovat que, segons el centre, surten d&#8217;un en un, de dos en dos o de tres en tres (de moment no hem descobert si es pot canviar o perqu\u00e8 ens surt diferents d&#8217;uns als altres)<\/li>\n<\/ul>\n<\/li>\n\n\n\n<li>Tingueu en compte que dels BOTONS de dalt a dreta us desapareixeran els dos de la dreta (MEN\u00da, perqu\u00e8 ja apareixer\u00e0 a sota, i CERCA perqu\u00e8 tamb\u00e9 apareix a sota) Haureu de pensar dos enlla\u00e7os per posar en lloc d&#8217;aquests, o deixar-ho en blanc. Si les icones que teniu posades als botons s\u00f3n externes a Nodes us desapareixeran, ara nom\u00e9s es poden posar icones que ells ofereixen. <\/li>\n\n\n\n<li>Aconsellem que tots els enlla\u00e7os a webs externes marqueu l&#8217;opci\u00f3 OBRE EN UNA PESTANYA NOVA<\/li>\n<\/ul>\n\n\n\n<figure class=\"wp-block-image size-full is-resized\"><a href=\"https:\/\/serveiseducatius.xtec.cat\/pladelestany\/wp-content\/uploads\/usu771\/2025\/07\/pestanya.jpg\"><img loading=\"lazy\" decoding=\"async\" width=\"587\" height=\"200\" src=\"https:\/\/serveiseducatius.xtec.cat\/pladelestany\/wp-content\/uploads\/usu771\/2025\/07\/pestanya.jpg\" alt=\"\" class=\"wp-image-7656\" style=\"width:220px;height:auto\" srcset=\"https:\/\/serveiseducatius.xtec.cat\/pladelestany\/wp-content\/uploads\/usu771\/2025\/07\/pestanya.jpg 587w, https:\/\/serveiseducatius.xtec.cat\/pladelestany\/wp-content\/uploads\/usu771\/2025\/07\/pestanya-300x102.jpg 300w\" sizes=\"auto, (max-width: 587px) 100vw, 587px\" \/><\/a><\/figure>\n\n\n\n<ul class=\"wp-block-list\">\n<li>A part de fer el canvi a Nodes 2, tamb\u00e9 heu d&#8217;activar l&#8217;edici\u00f3 per blocs, per poder escriure els articles i p\u00e0gines nous amb la nova edici\u00f3. <\/li>\n<\/ul>\n\n\n\n<figure class=\"wp-block-image aligncenter size-full is-resized\"><a href=\"https:\/\/serveiseducatius.xtec.cat\/pladelestany\/wp-content\/uploads\/usu771\/2025\/07\/blocs.jpg\"><img loading=\"lazy\" decoding=\"async\" width=\"432\" height=\"558\" src=\"https:\/\/serveiseducatius.xtec.cat\/pladelestany\/wp-content\/uploads\/usu771\/2025\/07\/blocs.jpg\" alt=\"\" class=\"wp-image-7657\" style=\"width:129px;height:auto\" srcset=\"https:\/\/serveiseducatius.xtec.cat\/pladelestany\/wp-content\/uploads\/usu771\/2025\/07\/blocs.jpg 432w, https:\/\/serveiseducatius.xtec.cat\/pladelestany\/wp-content\/uploads\/usu771\/2025\/07\/blocs-232x300.jpg 232w\" sizes=\"auto, (max-width: 432px) 100vw, 432px\" \/><\/a><\/figure>\n<\/div><\/div>\n\n\n\n<div class=\"wp-block-getwid-tabs__nav-link\"><span class=\"wp-block-getwid-tabs__title-wrapper\"><a href=\"#\"><span class=\"wp-block-getwid-tabs__title\">Centres amb Nodes 2<\/span><\/a><\/span><\/div><div class=\"wp-block-getwid-tabs__tab-content-wrapper\"><div class=\"wp-block-getwid-tabs__tab-content\">\n<p><a href=\"https:\/\/agora.xtec.cat\/ceipladraga\/\" target=\"_blank\" rel=\"noreferrer noopener\">Escola La Draga<\/a><\/p>\n\n\n\n<p><a href=\"https:\/\/agora.xtec.cat\/ceip-entorn-mata\/\" target=\"_blank\" rel=\"noreferrer noopener\">Escola L&#8217;Entorn<\/a><\/p>\n\n\n\n<p><a href=\"https:\/\/agora.xtec.cat\/esc-sant-esteve-de-guialbes\/\" target=\"_blank\" rel=\"noreferrer noopener\">Escola St Esteve de Guialbes<\/a><\/p>\n\n\n\n<p><a href=\"https:\/\/agora.xtec.cat\/escolacamins\/\" target=\"_blank\" rel=\"noreferrer noopener\">Escola Camins<\/a><\/p>\n\n\n\n<p><a href=\"https:\/\/agora.xtec.cat\/ceip-la-vall-del-terri\/\" target=\"_blank\" rel=\"noreferrer noopener\">Escola La Vall del Terri<\/a><\/p>\n\n\n\n<p><a href=\"https:\/\/agora.xtec.cat\/escolapladelametller\/\" target=\"_blank\" rel=\"noreferrer noopener\">Escola Pla de l&#8217;Ametller<\/a><\/p>\n\n\n\n<p><a href=\"https:\/\/agora.xtec.cat\/escolaboragran\/\" target=\"_blank\" rel=\"noreferrer noopener\">Escola Bora Gran<\/a><\/p>\n\n\n\n<p><a href=\"https:\/\/agora.xtec.cat\/ceipfrigolet\/\" target=\"_blank\" rel=\"noreferrer noopener\">Escola Frigolet<\/a><\/p>\n\n\n\n<p><a href=\"https:\/\/agora.xtec.cat\/escolaalzinareclamadora\/\" target=\"_blank\" rel=\"noreferrer noopener\">Escola Alzina Reclamadora<\/a><\/p>\n\n\n\n<p><a href=\"https:\/\/agora-eoi.xtec.cat\/eoibanyoles\/\" target=\"_blank\" rel=\"noreferrer noopener\">EOI <\/a><\/p>\n\n\n\n<p><a href=\"https:\/\/agora.xtec.cat\/iespladelestany\/\" target=\"_blank\" rel=\"noreferrer noopener\">INS Pla de l&#8217;Estany<\/a><\/p>\n\n\n\n<p><a href=\"https:\/\/agora.xtec.cat\/ies-brugulat\/\" target=\"_blank\" rel=\"noreferrer noopener\">INS Brugulat<\/a><\/p>\n\n\n\n<p><\/p>\n\n\n\n<p class=\"has-white-color has-text-color has-link-color wp-elements-9aa30ed850f84e5f49056794c0685abc\">. <\/p>\n\n\n\n<p>Altres centres de fora de la comarca:<\/p>\n\n\n\n<p><a href=\"https:\/\/agora.xtec.cat\/insermessenda\/\">https:\/\/agora.xtec.cat\/insermessenda\/<\/a><\/p>\n\n\n\n<p><a href=\"https:\/\/agora.xtec.cat\/escolalallacuna\/\" target=\"_blank\" rel=\"noreferrer noopener\">https:\/\/agora.xtec.cat\/escolalallacuna\/<\/a><\/p>\n\n\n\n<p><a href=\"https:\/\/agora.xtec.cat\/escolaantoniroig\/\" target=\"_blank\" rel=\"noreferrer noopener\">https:\/\/agora.xtec.cat\/escolaantoniroig\/<\/a><\/p>\n\n\n\n<p><a href=\"https:\/\/agora.xtec.cat\/escavallbernat\/\" target=\"_blank\" rel=\"noreferrer noopener\">https:\/\/agora.xtec.cat\/escavallbernat\/<\/a><\/p>\n\n\n\n<p><a href=\"https:\/\/agora.xtec.cat\/ceip-llebeig\/\" target=\"_blank\" rel=\"noreferrer noopener\">https:\/\/agora.xtec.cat\/ceip-llebeig\/<\/a><\/p>\n\n\n\n<p><a href=\"https:\/\/agora.xtec.cat\/ceipfarigolaclot\/\" target=\"_blank\" rel=\"noreferrer noopener\">https:\/\/agora.xtec.cat\/ceipfarigolaclot\/<\/a><\/p>\n\n\n\n<p><a href=\"https:\/\/agora.xtec.cat\/ies-vromana-lagarriga\/\" target=\"_blank\" rel=\"noreferrer noopener\">https:\/\/agora.xtec.cat\/ies-vromana-lagarriga\/<\/a><\/p>\n\n\n\n<p><a href=\"https:\/\/agora.xtec.cat\/ieselsui\/\" target=\"_blank\" rel=\"noreferrer noopener\">https:\/\/agora.xtec.cat\/ieselsui\/<\/a><\/p>\n<\/div><\/div>\n<\/div>\n\n\n\n<p class=\"has-white-color has-text-color has-link-color wp-elements-7e4ac651328708ea719ac0894fa30934\">.<\/p>\n\n\n\n<figure class=\"wp-block-image alignleft size-large is-resized\"><a href=\"https:\/\/projectes.xtec.cat\/digital\/serveis-digitals\/nodes\/\" target=\"_blank\" rel=\" noreferrer noopener\"><img loading=\"lazy\" decoding=\"async\" width=\"1024\" height=\"1024\" src=\"https:\/\/serveiseducatius.xtec.cat\/pladelestany\/wp-content\/uploads\/usu771\/2025\/06\/Icones-SITES-Digital-2-12-1024x1024.png\" alt=\"\" class=\"wp-image-7399\" style=\"width:158px;height:auto\" srcset=\"https:\/\/serveiseducatius.xtec.cat\/pladelestany\/wp-content\/uploads\/usu771\/2025\/06\/Icones-SITES-Digital-2-12-1024x1024.png 1024w, https:\/\/serveiseducatius.xtec.cat\/pladelestany\/wp-content\/uploads\/usu771\/2025\/06\/Icones-SITES-Digital-2-12-300x300.png 300w, https:\/\/serveiseducatius.xtec.cat\/pladelestany\/wp-content\/uploads\/usu771\/2025\/06\/Icones-SITES-Digital-2-12-150x150.png 150w, https:\/\/serveiseducatius.xtec.cat\/pladelestany\/wp-content\/uploads\/usu771\/2025\/06\/Icones-SITES-Digital-2-12-768x768.png 768w, https:\/\/serveiseducatius.xtec.cat\/pladelestany\/wp-content\/uploads\/usu771\/2025\/06\/Icones-SITES-Digital-2-12.png 1080w\" sizes=\"auto, (max-width: 1024px) 100vw, 1024px\" \/><\/a><\/figure>\n\n\n\n<p class=\"has-white-color has-text-color has-link-color wp-elements-9aa30ed850f84e5f49056794c0685abc\">. <\/p>\n\n\n\n<p><\/p>\n\n\n\n<p><\/p>\n\n\n\n<p class=\"has-white-color has-text-color has-link-color wp-elements-7e4ac651328708ea719ac0894fa30934\">.<\/p>\n\n\n\n<figure class=\"wp-block-image alignright size-large is-resized\"><a href=\"https:\/\/serveiseducatius.xtec.cat\/pladelestany\/les-nostres-activitats\/suport-digital-pla-de-lestany\/\"><img loading=\"lazy\" decoding=\"async\" width=\"1024\" height=\"1024\" src=\"https:\/\/serveiseducatius.xtec.cat\/pladelestany\/wp-content\/uploads\/usu771\/2025\/06\/7-1024x1024.png\" alt=\"\" class=\"wp-image-7336\" style=\"width:140px;height:auto\" srcset=\"https:\/\/serveiseducatius.xtec.cat\/pladelestany\/wp-content\/uploads\/usu771\/2025\/06\/7-1024x1024.png 1024w, https:\/\/serveiseducatius.xtec.cat\/pladelestany\/wp-content\/uploads\/usu771\/2025\/06\/7-300x300.png 300w, https:\/\/serveiseducatius.xtec.cat\/pladelestany\/wp-content\/uploads\/usu771\/2025\/06\/7-150x150.png 150w, https:\/\/serveiseducatius.xtec.cat\/pladelestany\/wp-content\/uploads\/usu771\/2025\/06\/7-768x768.png 768w, https:\/\/serveiseducatius.xtec.cat\/pladelestany\/wp-content\/uploads\/usu771\/2025\/06\/7.png 1080w\" sizes=\"auto, (max-width: 1024px) 100vw, 1024px\" \/><\/a><\/figure>\n\n\n\n<p><\/p>\n\n\n\n<p><\/p>\n\n\n\n<p class=\"has-white-color has-text-color has-link-color wp-elements-7e4ac651328708ea719ac0894fa30934\">.<\/p>\n","protected":false},"excerpt":{"rendered":"<p>Nodes&nbsp;\u00e9s un servei del Departament d\u2019Educaci\u00f3 que permet als centres educatius de Catalunya crear i administrar la seva web de [&hellip;]<\/p>\n","protected":false},"author":1,"featured_media":0,"parent":6100,"menu_order":0,"comment_status":"closed","ping_status":"close","template":"","meta":{"site-sidebar-layout":"default","site-content-layout":"","ast-site-content-layout":"default","site-content-style":"default","site-sidebar-style":"default","ast-global-header-display":"","ast-banner-title-visibility":"","ast-main-header-display":"","ast-hfb-above-header-display":"","ast-hfb-below-header-display":"","ast-hfb-mobile-header-display":"","site-post-title":"","ast-breadcrumbs-content":"","ast-featured-img":"","footer-sml-layout":"","theme-transparent-header-meta":"","adv-header-id-meta":"","stick-header-meta":"","header-above-stick-meta":"","header-main-stick-meta":"","header-below-stick-meta":"","astra-migrate-meta-layouts":"set","ast-page-background-enabled":"default","ast-page-background-meta":{"desktop":{"background-color":"var(--ast-global-color-4)","background-image":"","background-repeat":"repeat","background-position":"center center","background-size":"auto","background-attachment":"scroll","background-type":"","background-media":"","overlay-type":"","overlay-color":"","overlay-opacity":"","overlay-gradient":""},"tablet":{"background-color":"","background-image":"","background-repeat":"repeat","background-position":"center center","background-size":"auto","background-attachment":"scroll","background-type":"","background-media":"","overlay-type":"","overlay-color":"","overlay-opacity":"","overlay-gradient":""},"mobile":{"background-color":"","background-image":"","background-repeat":"repeat","background-position":"center center","background-size":"auto","background-attachment":"scroll","background-type":"","background-media":"","overlay-type":"","overlay-color":"","overlay-opacity":"","overlay-gradient":""}},"ast-content-background-meta":{"desktop":{"background-color":"var(--ast-global-color-5)","background-image":"","background-repeat":"repeat","background-position":"center center","background-size":"auto","background-attachment":"scroll","background-type":"","background-media":"","overlay-type":"","overlay-color":"","overlay-opacity":"","overlay-gradient":""},"tablet":{"background-color":"var(--ast-global-color-5)","background-image":"","background-repeat":"repeat","background-position":"center center","background-size":"auto","background-attachment":"scroll","background-type":"","background-media":"","overlay-type":"","overlay-color":"","overlay-opacity":"","overlay-gradient":""},"mobile":{"background-color":"var(--ast-global-color-5)","background-image":"","background-repeat":"repeat","background-position":"center center","background-size":"auto","background-attachment":"scroll","background-type":"","background-media":"","overlay-type":"","overlay-color":"","overlay-opacity":"","overlay-gradient":""}},"footnotes":""},"class_list":["post-7160","page","type-page","status-publish","hentry"],"post_mailing_queue_ids":[],"_links":{"self":[{"href":"https:\/\/serveiseducatius.xtec.cat\/pladelestany\/wp-json\/wp\/v2\/pages\/7160","targetHints":{"allow":["GET"]}}],"collection":[{"href":"https:\/\/serveiseducatius.xtec.cat\/pladelestany\/wp-json\/wp\/v2\/pages"}],"about":[{"href":"https:\/\/serveiseducatius.xtec.cat\/pladelestany\/wp-json\/wp\/v2\/types\/page"}],"author":[{"embeddable":true,"href":"https:\/\/serveiseducatius.xtec.cat\/pladelestany\/wp-json\/wp\/v2\/users\/1"}],"replies":[{"embeddable":true,"href":"https:\/\/serveiseducatius.xtec.cat\/pladelestany\/wp-json\/wp\/v2\/comments?post=7160"}],"version-history":[{"count":6,"href":"https:\/\/serveiseducatius.xtec.cat\/pladelestany\/wp-json\/wp\/v2\/pages\/7160\/revisions"}],"predecessor-version":[{"id":9072,"href":"https:\/\/serveiseducatius.xtec.cat\/pladelestany\/wp-json\/wp\/v2\/pages\/7160\/revisions\/9072"}],"up":[{"embeddable":true,"href":"https:\/\/serveiseducatius.xtec.cat\/pladelestany\/wp-json\/wp\/v2\/pages\/6100"}],"wp:attachment":[{"href":"https:\/\/serveiseducatius.xtec.cat\/pladelestany\/wp-json\/wp\/v2\/media?parent=7160"}],"curies":[{"name":"wp","href":"https:\/\/api.w.org\/{rel}","templated":true}]}}