{"id":7122,"date":"2025-06-05T15:58:24","date_gmt":"2025-06-05T13:58:24","guid":{"rendered":"https:\/\/serveiseducatius.xtec.cat\/pladelestany\/?page_id=7122"},"modified":"2025-10-15T12:33:57","modified_gmt":"2025-10-15T10:33:57","slug":"decaleg-booktubers","status":"publish","type":"page","link":"https:\/\/serveiseducatius.xtec.cat\/pladelestany\/les-nostres-activitats\/club-de-booktubers\/decaleg-booktubers\/","title":{"rendered":"Dec\u00e0leg Booktubers"},"content":{"rendered":"\n<figure class=\"wp-block-image size-full is-resized\"><a href=\"https:\/\/serveiseducatius.xtec.cat\/pladelestany\/wp-content\/uploads\/usu771\/2025\/02\/Logo-Club-Book-Tubers.png\"><img loading=\"lazy\" decoding=\"async\" width=\"500\" height=\"500\" src=\"https:\/\/serveiseducatius.xtec.cat\/pladelestany\/wp-content\/uploads\/usu771\/2025\/02\/Logo-Club-Book-Tubers.png\" alt=\"\" class=\"wp-image-6391\" style=\"width:243px;height:auto\" srcset=\"https:\/\/serveiseducatius.xtec.cat\/pladelestany\/wp-content\/uploads\/usu771\/2025\/02\/Logo-Club-Book-Tubers.png 500w, https:\/\/serveiseducatius.xtec.cat\/pladelestany\/wp-content\/uploads\/usu771\/2025\/02\/Logo-Club-Book-Tubers-300x300.png 300w, https:\/\/serveiseducatius.xtec.cat\/pladelestany\/wp-content\/uploads\/usu771\/2025\/02\/Logo-Club-Book-Tubers-150x150.png 150w\" sizes=\"auto, (max-width: 500px) 100vw, 500px\" \/><\/a><\/figure>\n\n\n\n<p>La lectura ens ofereix l\u2019oportunitat d\u2019entrar dins d\u2019un m\u00f3n que desconeixem o coneixem poc. A partir d\u2019una hist\u00f2ria podem fer aprenentatges nous, connectar amb tem\u00e0tiques que potser no coneix\u00edem o no ens interessaven, enriquir el nostre l\u00e8xic i alhora passar una bona estona.<br>Hi ha molts mitjans de comunicaci\u00f3 centrats en la difusi\u00f3 de lectures. Hi ha espais que parlen de novetats, d\u2019altres se centren en cl\u00e0ssics de la literatura o d\u2019altres m\u00e9s gen\u00e8rics.<br>Les recomanacions ens poden <strong>despertar la curiositat, l\u2019inter\u00e8s, les ganes de llegir un llibre<\/strong>. Per aix\u00f2 \u00e9s necessari que quan en parlem donem la informaci\u00f3 necess\u00e0ria perqu\u00e8 l\u2019oient decideixi si li interessa i pugui buscar el llibre. Quan en parlem, ho hem de fer fem d\u2019una manera que capti l\u2019atenci\u00f3.<\/p>\n\n\n\n<div class=\"wp-block-columns is-layout-flex wp-container-core-columns-is-layout-1 wp-block-columns-is-layout-flex\">\n<div class=\"wp-block-column is-layout-flow wp-block-column-is-layout-flow\">\n<figure class=\"wp-block-image aligncenter size-full\"><a href=\"https:\/\/drive.google.com\/file\/d\/1yUXB6-UxIe9dSpmJXtLOVnQcHSV0raJd\/view?usp=drive_link\" target=\"_blank\" rel=\" noreferrer noopener\"><img loading=\"lazy\" decoding=\"async\" width=\"395\" height=\"181\" src=\"https:\/\/serveiseducatius.xtec.cat\/pladelestany\/wp-content\/uploads\/usu771\/2025\/06\/Logo-Club-de-BookTubers-16.png\" alt=\"\" class=\"wp-image-7131\" srcset=\"https:\/\/serveiseducatius.xtec.cat\/pladelestany\/wp-content\/uploads\/usu771\/2025\/06\/Logo-Club-de-BookTubers-16.png 395w, https:\/\/serveiseducatius.xtec.cat\/pladelestany\/wp-content\/uploads\/usu771\/2025\/06\/Logo-Club-de-BookTubers-16-300x137.png 300w\" sizes=\"auto, (max-width: 395px) 100vw, 395px\" \/><\/a><\/figure>\n<\/div>\n\n\n\n<div class=\"wp-block-column is-layout-flow wp-block-column-is-layout-flow\">\n<figure class=\"wp-block-image aligncenter size-full\"><a href=\"https:\/\/drive.google.com\/file\/d\/1yuRoxCqHz0SF3Ht8yAXjkRZ-7YpAg2V0\/view?usp=drive_link\" target=\"_blank\" rel=\" noreferrer noopener\"><img loading=\"lazy\" decoding=\"async\" width=\"400\" height=\"195\" src=\"https:\/\/serveiseducatius.xtec.cat\/pladelestany\/wp-content\/uploads\/usu771\/2025\/06\/Logo-Club-de-BookTubers-15.png\" alt=\"\" class=\"wp-image-7132\" srcset=\"https:\/\/serveiseducatius.xtec.cat\/pladelestany\/wp-content\/uploads\/usu771\/2025\/06\/Logo-Club-de-BookTubers-15.png 400w, https:\/\/serveiseducatius.xtec.cat\/pladelestany\/wp-content\/uploads\/usu771\/2025\/06\/Logo-Club-de-BookTubers-15-300x146.png 300w\" sizes=\"auto, (max-width: 400px) 100vw, 400px\" \/><\/a><\/figure>\n<\/div>\n\n\n\n<div class=\"wp-block-column is-layout-flow wp-block-column-is-layout-flow\">\n<figure class=\"wp-block-image aligncenter size-full\"><a href=\"https:\/\/drive.google.com\/file\/d\/1ccLIvgCosdXa3blaNFB780LSSnaPVZc5\/view?usp=sharing\" target=\"_blank\" rel=\" noreferrer noopener\"><img loading=\"lazy\" decoding=\"async\" width=\"395\" height=\"155\" src=\"https:\/\/serveiseducatius.xtec.cat\/pladelestany\/wp-content\/uploads\/usu771\/2025\/06\/Logo-Club-de-BookTubers-17-e1750414572678.png\" alt=\"\" class=\"wp-image-7278\" srcset=\"https:\/\/serveiseducatius.xtec.cat\/pladelestany\/wp-content\/uploads\/usu771\/2025\/06\/Logo-Club-de-BookTubers-17-e1750414572678.png 395w, https:\/\/serveiseducatius.xtec.cat\/pladelestany\/wp-content\/uploads\/usu771\/2025\/06\/Logo-Club-de-BookTubers-17-e1750414572678-300x118.png 300w\" sizes=\"auto, (max-width: 395px) 100vw, 395px\" \/><\/a><\/figure>\n<\/div>\n<\/div>\n\n\n\n<div class=\"wp-block-columns is-layout-flex wp-container-core-columns-is-layout-2 wp-block-columns-is-layout-flex\">\n<div class=\"wp-block-column is-layout-flow wp-block-column-is-layout-flow\">\n<figure class=\"wp-block-image size-full\"><a href=\"https:\/\/drive.google.com\/file\/d\/1DDNX2ZWKrIM63bl3GGW46DYqrSXdeCRi\/view?usp=drive_link\" target=\"_blank\" rel=\" noreferrer noopener\"><img loading=\"lazy\" decoding=\"async\" width=\"415\" height=\"195\" src=\"https:\/\/serveiseducatius.xtec.cat\/pladelestany\/wp-content\/uploads\/usu771\/2025\/06\/19-e1749471851863.png\" alt=\"\" class=\"wp-image-7142\" srcset=\"https:\/\/serveiseducatius.xtec.cat\/pladelestany\/wp-content\/uploads\/usu771\/2025\/06\/19-e1749471851863.png 415w, https:\/\/serveiseducatius.xtec.cat\/pladelestany\/wp-content\/uploads\/usu771\/2025\/06\/19-e1749471851863-300x141.png 300w\" sizes=\"auto, (max-width: 415px) 100vw, 415px\" \/><\/a><\/figure>\n<\/div>\n\n\n\n<div class=\"wp-block-column is-layout-flow wp-block-column-is-layout-flow\">\n<figure class=\"wp-block-image size-full\"><a href=\"https:\/\/drive.google.com\/file\/d\/1OYzZuH1Om_0jDYYoqynomJIYZLV1AUKV\/view?usp=drive_link\" target=\"_blank\" rel=\" noreferrer noopener\"><img loading=\"lazy\" decoding=\"async\" width=\"416\" height=\"192\" src=\"https:\/\/serveiseducatius.xtec.cat\/pladelestany\/wp-content\/uploads\/usu771\/2025\/06\/21-e1749471836114.png\" alt=\"\" class=\"wp-image-7144\" srcset=\"https:\/\/serveiseducatius.xtec.cat\/pladelestany\/wp-content\/uploads\/usu771\/2025\/06\/21-e1749471836114.png 416w, https:\/\/serveiseducatius.xtec.cat\/pladelestany\/wp-content\/uploads\/usu771\/2025\/06\/21-e1749471836114-300x138.png 300w\" sizes=\"auto, (max-width: 416px) 100vw, 416px\" \/><\/a><\/figure>\n<\/div>\n\n\n\n<div class=\"wp-block-column is-layout-flow wp-block-column-is-layout-flow\">\n<figure class=\"wp-block-image size-full\"><a href=\"https:\/\/drive.google.com\/file\/d\/1_PNHU1yfHhoxU8Td5GTQG_xDYnqjpo8x\/view?usp=drive_link\" target=\"_blank\" rel=\" noreferrer noopener\"><img loading=\"lazy\" decoding=\"async\" width=\"410\" height=\"193\" src=\"https:\/\/serveiseducatius.xtec.cat\/pladelestany\/wp-content\/uploads\/usu771\/2025\/06\/20-e1749471819208.png\" alt=\"\" class=\"wp-image-7143\" srcset=\"https:\/\/serveiseducatius.xtec.cat\/pladelestany\/wp-content\/uploads\/usu771\/2025\/06\/20-e1749471819208.png 410w, https:\/\/serveiseducatius.xtec.cat\/pladelestany\/wp-content\/uploads\/usu771\/2025\/06\/20-e1749471819208-300x141.png 300w\" sizes=\"auto, (max-width: 410px) 100vw, 410px\" \/><\/a><\/figure>\n<\/div>\n<\/div>\n\n\n\n<p class=\"has-text-align-right\">Material elaborat pel Grup de Biblioteques Escolars de Catalunya sota llic\u00e8ncia CC BY-NC-ND 4.0<\/p>\n\n\n\n<figure class=\"wp-block-image alignright size-full is-resized\"><a href=\"https:\/\/serveiseducatius.xtec.cat\/pladelestany\/wp-content\/uploads\/usu771\/2025\/06\/bib.jpg\"><img loading=\"lazy\" decoding=\"async\" width=\"174\" height=\"48\" src=\"https:\/\/serveiseducatius.xtec.cat\/pladelestany\/wp-content\/uploads\/usu771\/2025\/06\/bib.jpg\" alt=\"\" class=\"wp-image-7123\" style=\"width:102px;height:auto\"\/><\/a><\/figure>\n\n\n\n<p><br>A continuaci\u00f3 mostrem alguns exemples que podrien comen\u00e7ar dient:<br>\u25cf La recomanaci\u00f3 que faig arribar des de l\u2019escola\u2026. \/ des del poble de\u2026. \/ des de la classe de\u2026.<br>\u25cf A continuaci\u00f3 us recomano una novel\u00b7la que penso que us atrapar\u00e0 segur. Es tracta de \u2026<br>\u25cf Amb aquest t\u00edtol\u2026 comparteixo la meva recomanaci\u00f3<br>\u25cf Si voleu saber m\u00e9s coses sobre\u2026. , heu de llegir\u2026.<br>\u25cf No us podeu perdre\u2026. , aprendreu un munt de coses i a la vegada gaudireu amb la hist\u00f2ria de\u2026.<br>\u25cf No he dubtat gens a l\u2019hora de fer aquesta tria per recomanar-vos una lectura que us far\u00e0 viure una hist\u00f2ria que captiva els oients. Es tracta de \u2026 A continuaci\u00f3 us recomano una novel\u00b7la que penso que us atrapar\u00e0 segur. Es tracta de \u2026<br><\/p>\n\n\n\n<p><strong>En qu\u00e8 consisteix l\u2019activitat?<\/strong><\/p>\n\n\n\n<ol class=\"wp-block-list\">\n<li>Escollim o busquem una lectura que hem treballat.<\/li>\n\n\n\n<li>Preparem la refer\u00e8ncia del llibre (IMPORTANT! Cal complir amb el rigor acad\u00e8mic i cient\u00edfic, i amb la legislaci\u00f3 sobre la propietat intel\u00b7lectual que exigeix identificar l\u2019autoria)<\/li>\n\n\n\n<li>Escrivim una recomanaci\u00f3 breu que engresqui a la lectura. Podem aprofitar per fer apar\u00e8ixer una frase feta. Som-hi, segur que \u00e9s <strong>bufar i fer ampolles<\/strong>.<\/li>\n<\/ol>\n\n\n\n<p><\/p>\n\n\n\n<p>Us en mostrem un <strong>exemple<\/strong> pas a pas:<\/p>\n\n\n\n<div class=\"wp-block-getwid-tabs\" data-active-tab=\"0\"><ul class=\"wp-block-getwid-tabs__nav-links\"><\/ul>\n<div class=\"wp-block-getwid-tabs__nav-link\"><span class=\"wp-block-getwid-tabs__title-wrapper\"><a href=\"#\"><span class=\"wp-block-getwid-tabs__title\">Lectura<\/span><\/a><\/span><\/div><div class=\"wp-block-getwid-tabs__tab-content-wrapper\"><div class=\"wp-block-getwid-tabs__tab-content\">\n<p>Triem quina lectura volem recomanar (pensem t\u00edtols llegits i que considerem que s\u00f3n interessants, que encaixen amb la proposta i que s\u00f3n adequats per a l\u2019audi\u00e8ncia).<br><\/p>\n\n\n\n<p>Per fer la tria:<br>    \u25cf anem a la biblioteca escolar i fem cerca<br>    \u25cf dediquem una estona de conversa per anotar lectures que hem llegit i que servirien per a la recomanaci\u00f3<br>    \u25cf consultem els exemples que us hem incl\u00f2s.<br>    \u25cf utilitzem alguna de les propostes que us presentem.<br><\/p>\n\n\n\n<p>Un cop fem la tria:<br>    \u25cf llegim el llibre<br>    \u25cf recordem l\u2019obra, si ja l\u2019hem llegida<br>    \u25cf busquem informaci\u00f3 que ens permeti parlar amb seguretat: consultem webs de biblioteques, entitats rellevants del   m\u00f3n de la literatura, blogs de persones de refer\u00e8ncia dins del m\u00f3n del llibre, editorials, ressenyes, p\u00f2dcasts, programes literaris, etc.<\/p>\n\n\n\n<p><\/p>\n<\/div><\/div>\n\n\n\n<div class=\"wp-block-getwid-tabs__nav-link\"><span class=\"wp-block-getwid-tabs__title-wrapper\"><a href=\"#\"><span class=\"wp-block-getwid-tabs__title\">Preparem la refer\u00e8ncia del llibre<\/span><\/a><\/span><\/div><div class=\"wp-block-getwid-tabs__tab-content-wrapper\"><div class=\"wp-block-getwid-tabs__tab-content\">\n<p>L\u2019autoria (nom i cognoms dels autors del text, il\u00b7lustracions, traduccions) i l\u2019editorial, si t\u00e9 algun premi, any de la publicaci\u00f3. <\/p>\n\n\n\n<p><\/p>\n<\/div><\/div>\n\n\n\n<div class=\"wp-block-getwid-tabs__nav-link\"><span class=\"wp-block-getwid-tabs__title-wrapper\"><a href=\"#\"><span class=\"wp-block-getwid-tabs__title\">Redactem una recomanaci\u00f3 breu<\/span><\/a><\/span><\/div><div class=\"wp-block-getwid-tabs__tab-content-wrapper\"><div class=\"wp-block-getwid-tabs__tab-content\">\n<p>Expliquem breument de qu\u00e8 tracta l\u2019obra tot fent refer\u00e8ncia a la relaci\u00f3 que apareix sobre la comunicaci\u00f3, la r\u00e0dio, internet, not\u00edcies falses, pensament cr\u00edtic, etc. Evitem fer esp\u00f2iler.<br><\/p>\n\n\n\n<p>Idees:<br>    \u25cf Utilitzar frases interrogatives que interpel\u00b7lin l\u2019oient.<br>    \u25cf Crear expectatives.<br>    \u25cf Destacar els punts forts.<br>    \u25cf Fer connexions amb la realitat, amb temes rellevants per als teus companys i companyes.<br>    \u25cf Acabar amb un cliffhanger, \u00e9s a dir, deixar en suspens el final de la nostra explicaci\u00f3 per generar curiositat&#8230; Qu\u00e8               passar\u00e0? Creus que ho aconseguir\u00e0?<br>    \u25cf Convidar a la lectura: no esperis m\u00e9s, ves a la biblioteca o a la llibreria que tinguis a prop de casa i comen\u00e7a a llegir!<\/p>\n\n\n\n<p><\/p>\n\n\n\n<p class=\"has-text-align-right\"><\/p>\n<\/div><\/div>\n<\/div>\n\n\n\n<figure class=\"wp-block-image alignright size-full is-resized\"><a href=\"https:\/\/serveiseducatius.xtec.cat\/pladelestany\/les-nostres-activitats\/club-de-booktubers\/\"><img loading=\"lazy\" decoding=\"async\" width=\"500\" height=\"500\" src=\"https:\/\/serveiseducatius.xtec.cat\/pladelestany\/wp-content\/uploads\/usu771\/2025\/02\/Logo-Club-Book-Tubers-1.png\" alt=\"\" class=\"wp-image-6406\" style=\"width:172px;height:auto\" srcset=\"https:\/\/serveiseducatius.xtec.cat\/pladelestany\/wp-content\/uploads\/usu771\/2025\/02\/Logo-Club-Book-Tubers-1.png 500w, https:\/\/serveiseducatius.xtec.cat\/pladelestany\/wp-content\/uploads\/usu771\/2025\/02\/Logo-Club-Book-Tubers-1-300x300.png 300w, https:\/\/serveiseducatius.xtec.cat\/pladelestany\/wp-content\/uploads\/usu771\/2025\/02\/Logo-Club-Book-Tubers-1-150x150.png 150w\" sizes=\"auto, (max-width: 500px) 100vw, 500px\" \/><\/a><\/figure>\n","protected":false},"excerpt":{"rendered":"<p>La lectura ens ofereix l\u2019oportunitat d\u2019entrar dins d\u2019un m\u00f3n que desconeixem o coneixem poc. A partir d\u2019una hist\u00f2ria podem fer [&hellip;]<\/p>\n","protected":false},"author":1,"featured_media":0,"parent":6154,"menu_order":0,"comment_status":"closed","ping_status":"close","template":"","meta":{"site-sidebar-layout":"default","site-content-layout":"","ast-site-content-layout":"default","site-content-style":"default","site-sidebar-style":"default","ast-global-header-display":"","ast-banner-title-visibility":"","ast-main-header-display":"","ast-hfb-above-header-display":"","ast-hfb-below-header-display":"","ast-hfb-mobile-header-display":"","site-post-title":"","ast-breadcrumbs-content":"","ast-featured-img":"","footer-sml-layout":"","theme-transparent-header-meta":"","adv-header-id-meta":"","stick-header-meta":"","header-above-stick-meta":"","header-main-stick-meta":"","header-below-stick-meta":"","astra-migrate-meta-layouts":"set","ast-page-background-enabled":"default","ast-page-background-meta":{"desktop":{"background-color":"var(--ast-global-color-4)","background-image":"","background-repeat":"repeat","background-position":"center center","background-size":"auto","background-attachment":"scroll","background-type":"","background-media":"","overlay-type":"","overlay-color":"","overlay-opacity":"","overlay-gradient":""},"tablet":{"background-color":"","background-image":"","background-repeat":"repeat","background-position":"center center","background-size":"auto","background-attachment":"scroll","background-type":"","background-media":"","overlay-type":"","overlay-color":"","overlay-opacity":"","overlay-gradient":""},"mobile":{"background-color":"","background-image":"","background-repeat":"repeat","background-position":"center center","background-size":"auto","background-attachment":"scroll","background-type":"","background-media":"","overlay-type":"","overlay-color":"","overlay-opacity":"","overlay-gradient":""}},"ast-content-background-meta":{"desktop":{"background-color":"var(--ast-global-color-5)","background-image":"","background-repeat":"repeat","background-position":"center center","background-size":"auto","background-attachment":"scroll","background-type":"","background-media":"","overlay-type":"","overlay-color":"","overlay-opacity":"","overlay-gradient":""},"tablet":{"background-color":"var(--ast-global-color-5)","background-image":"","background-repeat":"repeat","background-position":"center center","background-size":"auto","background-attachment":"scroll","background-type":"","background-media":"","overlay-type":"","overlay-color":"","overlay-opacity":"","overlay-gradient":""},"mobile":{"background-color":"var(--ast-global-color-5)","background-image":"","background-repeat":"repeat","background-position":"center center","background-size":"auto","background-attachment":"scroll","background-type":"","background-media":"","overlay-type":"","overlay-color":"","overlay-opacity":"","overlay-gradient":""}},"footnotes":""},"class_list":["post-7122","page","type-page","status-publish","hentry"],"post_mailing_queue_ids":[],"_links":{"self":[{"href":"https:\/\/serveiseducatius.xtec.cat\/pladelestany\/wp-json\/wp\/v2\/pages\/7122","targetHints":{"allow":["GET"]}}],"collection":[{"href":"https:\/\/serveiseducatius.xtec.cat\/pladelestany\/wp-json\/wp\/v2\/pages"}],"about":[{"href":"https:\/\/serveiseducatius.xtec.cat\/pladelestany\/wp-json\/wp\/v2\/types\/page"}],"author":[{"embeddable":true,"href":"https:\/\/serveiseducatius.xtec.cat\/pladelestany\/wp-json\/wp\/v2\/users\/1"}],"replies":[{"embeddable":true,"href":"https:\/\/serveiseducatius.xtec.cat\/pladelestany\/wp-json\/wp\/v2\/comments?post=7122"}],"version-history":[{"count":6,"href":"https:\/\/serveiseducatius.xtec.cat\/pladelestany\/wp-json\/wp\/v2\/pages\/7122\/revisions"}],"predecessor-version":[{"id":8004,"href":"https:\/\/serveiseducatius.xtec.cat\/pladelestany\/wp-json\/wp\/v2\/pages\/7122\/revisions\/8004"}],"up":[{"embeddable":true,"href":"https:\/\/serveiseducatius.xtec.cat\/pladelestany\/wp-json\/wp\/v2\/pages\/6154"}],"wp:attachment":[{"href":"https:\/\/serveiseducatius.xtec.cat\/pladelestany\/wp-json\/wp\/v2\/media?parent=7122"}],"curies":[{"name":"wp","href":"https:\/\/api.w.org\/{rel}","templated":true}]}}