{"id":6932,"date":"2025-05-01T17:08:05","date_gmt":"2025-05-01T15:08:05","guid":{"rendered":"https:\/\/serveiseducatius.xtec.cat\/pladelestany\/?page_id=6932"},"modified":"2025-05-04T19:38:03","modified_gmt":"2025-05-04T17:38:03","slug":"pfz-modalitats","status":"publish","type":"page","link":"https:\/\/serveiseducatius.xtec.cat\/pladelestany\/pfz-modalitats\/","title":{"rendered":"Pla de formaci\u00f3 de zona (PFZ)"},"content":{"rendered":"\n<div class=\"wp-block-columns has-4-columns is-layout-flex wp-container-core-columns-is-layout-1 wp-block-columns-is-layout-flex\">\n<div class=\"wp-block-column is-layout-flow wp-block-column-is-layout-flow\">\n<figure class=\"wp-block-image alignfull size-full\"><a href=\"https:\/\/serveiseducatius.xtec.cat\/pladelestany\/wp-content\/uploads\/usu771\/2025\/05\/pfz_pt.png\"><img loading=\"lazy\" decoding=\"async\" width=\"258\" height=\"195\" src=\"https:\/\/serveiseducatius.xtec.cat\/pladelestany\/wp-content\/uploads\/usu771\/2025\/05\/pfz_pt.png\" alt=\"\" class=\"wp-image-6918\"\/><\/a><\/figure>\n\n\n\n<hr class=\"wp-block-separator has-text-color has-white-color has-alpha-channel-opacity has-white-background-color has-background\"\/>\n\n\n\n<div class=\"wp-block-buttons has-custom-font-size has-large-font-size is-vertical is-layout-flex wp-container-core-buttons-is-layout-1 wp-block-buttons-is-layout-flex\" style=\"margin-top:0;margin-bottom:0\">\n<div class=\"wp-block-button has-custom-width wp-block-button__width-100 has-custom-font-size is-style-outline has-small-font-size is-style-outline--1\"><a class=\"wp-block-button__link has-white-color has-cyan-bluish-gray-background-color has-text-color has-background has-link-color wp-element-button\" href=\"https:\/\/serveiseducatius.xtec.cat\/pladelestany\/pfz-funcionament\/\"><strong>Funcionament <\/strong><\/a><\/div>\n\n\n\n<div class=\"wp-block-button has-custom-width wp-block-button__width-100 has-custom-font-size is-style-outline has-small-font-size is-style-outline--2\"><a class=\"wp-block-button__link has-white-color has-cyan-bluish-gray-background-color has-text-color has-background has-link-color wp-element-button\" href=\"https:\/\/serveiseducatius.xtec.cat\/pladelestany\/pfz-novaactivitat\/\"><strong>Sol\u00b7licitud d&#8217;activitats<\/strong><\/a><\/div>\n\n\n\n<div class=\"wp-block-button has-custom-width wp-block-button__width-100 has-custom-font-size is-style-outline has-small-font-size is-style-outline--3\"><a class=\"wp-block-button__link has-white-color has-cyan-bluish-gray-background-color has-text-color has-background has-link-color wp-element-button\" href=\"https:\/\/serveiseducatius.xtec.cat\/pladelestany\/pfz-circular\/\"><strong>Circular informativa<\/strong><\/a><\/div>\n\n\n\n<div class=\"wp-block-button has-custom-width wp-block-button__width-100 is-style-outline is-style-outline--4\"><a class=\"wp-block-button__link has-white-color has-cyan-bluish-gray-background-color has-text-color has-background has-link-color wp-element-button\" href=\"https:\/\/serveiseducatius.xtec.cat\/pladelestany\/pfz-comissio\/\"><strong>Comissi\u00f3 PFZ<\/strong><\/a><\/div>\n\n\n\n<div class=\"wp-block-button has-custom-width wp-block-button__width-100 is-style-outline is-style-outline--5\"><a class=\"wp-block-button__link has-white-color has-cyan-bluish-gray-background-color has-text-color has-background has-link-color wp-element-button\" href=\"https:\/\/serveiseducatius.xtec.cat\/pladelestany\/pfz-modalitats\/\"><strong>Tipus d&#8217;activitats<\/strong><\/a><\/div>\n\n\n\n<div class=\"wp-block-button has-custom-width wp-block-button__width-100 is-style-outline is-style-outline--6\"><a class=\"wp-block-button__link has-white-color has-cyan-bluish-gray-background-color has-text-color has-background has-link-color wp-element-button\" href=\"https:\/\/serveiseducatius.xtec.cat\/pladelestany\/pfz-propostesunitats\/\"><strong>Propostes formatives Departament d&#8217;Ed i FP<\/strong><\/a><\/div>\n<\/div>\n<\/div>\n\n\n\n<div class=\"wp-block-column is-layout-flow wp-block-column-is-layout-flow\" style=\"flex-basis:80%\">\n<div class=\"wp-block-buttons has-custom-font-size has-large-font-size is-layout-flex wp-block-buttons-is-layout-flex\">\n<div class=\"wp-block-button has-custom-font-size has-medium-font-size\"><a class=\"wp-block-button__link wp-element-button\" href=\"https:\/\/serveiseducatius.xtec.cat\/pladelestany\/pfz-activitats\/\"><strong>Activitats curs actual<\/strong><\/a><\/div>\n\n\n\n<div class=\"wp-block-button has-custom-font-size has-medium-font-size\"><a class=\"wp-block-button__link wp-element-button\" href=\"https:\/\/serveiseducatius.xtec.cat\/pladelestany\/formacio\/pfz-assistents\/\"><strong>Espai Assistents<\/strong><\/a><\/div>\n\n\n\n<div class=\"wp-block-button has-custom-font-size has-medium-font-size\"><a class=\"wp-block-button__link wp-element-button\" href=\"https:\/\/serveiseducatius.xtec.cat\/pladelestany\/formacio\/pfz-formadors\/\"><strong>Espai Formadors<\/strong><\/a><\/div>\n<\/div>\n\n\n\n<hr class=\"wp-block-separator has-text-color has-white-color has-alpha-channel-opacity has-white-background-color has-background\"\/>\n\n\n\n<h4 class=\"wp-block-heading\">Tipus d&#8217;activitats<\/h4>\n\n\n\n<div class=\"entry-content\">\n<p>El Pla de Formaci\u00f3 de Zona (PFZ) disposa de diverses modalitats de formaci\u00f3 permanent del professorat; cadascuna respon a una finalitat de l&#8217;acci\u00f3 formativa i implica una din\u00e0mica espec\u00edfica de treball del professorat participant.<\/p>\n<p>Les modalitats per al curs <strong>2025-26<\/strong>\u00a0s\u00f3n les seg\u00fcents:<\/p>\n<table style=\"width: 90.5827%;\">\n<tbody>\n<tr>\n<td style=\"width: 67.6667%;\"><strong>Esquema<\/strong>\n<figure><a href=\"https:\/\/serveiseducatius.xtec.cat\/pladelestany\/wp-content\/uploads\/usu771\/2020\/03\/PFZ-Modalitats.png\"><img loading=\"lazy\" decoding=\"async\" class=\"aligncenter wp-image-4336 \" src=\"https:\/\/serveiseducatius.xtec.cat\/pladelestany\/wp-content\/uploads\/usu771\/2022\/05\/EsquemaPFZ.png\" alt=\"\" width=\"715\" height=\"399\" srcset=\"https:\/\/serveiseducatius.xtec.cat\/pladelestany\/wp-content\/uploads\/usu771\/2022\/05\/EsquemaPFZ.png 1266w, https:\/\/serveiseducatius.xtec.cat\/pladelestany\/wp-content\/uploads\/usu771\/2022\/05\/EsquemaPFZ-300x167.png 300w, https:\/\/serveiseducatius.xtec.cat\/pladelestany\/wp-content\/uploads\/usu771\/2022\/05\/EsquemaPFZ-1024x571.png 1024w, https:\/\/serveiseducatius.xtec.cat\/pladelestany\/wp-content\/uploads\/usu771\/2022\/05\/EsquemaPFZ-768x428.png 768w\" sizes=\"auto, (max-width: 715px) 100vw, 715px\" \/><\/a><\/figure>\n<\/td>\n<td style=\"width: 22.4166%;\"><strong>Per a saber-ne m\u00e9s<br \/><\/strong>\n<ul>\n<li>\n<h6><a href=\"http:\/\/serveiseducatius.xtec.cat\/pladelestany\/formacio\/pla-de-formacio-de-zona-pfz\/modalitats\/formacio-en-centre\/\">Formaci\u00f3 en centre<\/a><\/h6>\n<\/li>\n<li>\n<h6><a href=\"http:\/\/serveiseducatius.xtec.cat\/pladelestany\/formacio\/pla-de-formacio-de-zona-pfz\/modalitats\/formacio-per-a-centres\/\">Formaci\u00f3 per a centres<\/a><\/h6>\n<\/li>\n<li>\n<h6><a href=\"http:\/\/serveiseducatius.xtec.cat\/pladelestany\/formacio\/pla-de-formacio-de-zona-pfz\/modalitats\/formacio-individual\/\">Formaci\u00f3 individual<\/a><\/h6>\n<\/li>\n<\/ul>\n<\/td>\n<\/tr>\n<\/tbody>\n<\/table>\n<h5><strong>Formats de formaci\u00f3<\/strong><\/h5>\n<p><em><strong>Presencial<\/strong><\/em><\/p>\n<p>Totes les sessions s\u00f3n presencials (en un espai f\u00edsic concret).<\/p>\n<p><em><strong>Semipresencial<\/strong><\/em><\/p>\n<p>Combinaci\u00f3 de sessions presencials i sessions en l\u00ednia.<br \/>Les sessions en l\u00ednia poden ser s\u00edncrones, as\u00edncrones (*) o mixtes.<\/p>\n<p><em><strong>No presencial<\/strong><\/em><\/p>\n<p>Totes les sessions s\u00f3n en l\u00ednia.<br \/>Les sessions en l\u00ednia poden ser s\u00edncrones, as\u00edncrones (*) o mixtes.<\/p>\n<\/div>\n\n\n\n<p>(*)<sub><em> Les hores as\u00edncrones de les formacions en l\u00ednia o semipresencials no poden superar:<\/em><\/sub><\/p>\n\n\n\n<ul class=\"wp-block-list\">\n<li style=\"margin-right:var(--wp--preset--spacing--60);margin-left:var(--wp--preset--spacing--60)\"><sub><em>10 hores en l\u00ednia per setmana en per\u00edode de perman\u00e8ncia al centre<\/em><\/sub><\/li>\n\n\n\n<li style=\"margin-right:var(--wp--preset--spacing--60);margin-left:var(--wp--preset--spacing--60)\"><sub><em>15 hores en l\u00ednia per setmana en per\u00edode de no perman\u00e8ncia al centre<\/em><\/sub><\/li>\n<\/ul>\n<\/div>\n<\/div>\n","protected":false},"excerpt":{"rendered":"<p>Tipus d&#8217;activitats El Pla de Formaci\u00f3 de Zona (PFZ) disposa de diverses modalitats de formaci\u00f3 permanent del professorat; cadascuna respon [&hellip;]<\/p>\n","protected":false},"author":1,"featured_media":0,"parent":0,"menu_order":0,"comment_status":"closed","ping_status":"closed","template":"","meta":{"site-sidebar-layout":"default","site-content-layout":"","ast-site-content-layout":"default","site-content-style":"default","site-sidebar-style":"default","ast-global-header-display":"","ast-banner-title-visibility":"","ast-main-header-display":"","ast-hfb-above-header-display":"","ast-hfb-below-header-display":"","ast-hfb-mobile-header-display":"","site-post-title":"","ast-breadcrumbs-content":"","ast-featured-img":"","footer-sml-layout":"","theme-transparent-header-meta":"","adv-header-id-meta":"","stick-header-meta":"","header-above-stick-meta":"","header-main-stick-meta":"","header-below-stick-meta":"","astra-migrate-meta-layouts":"set","ast-page-background-enabled":"default","ast-page-background-meta":{"desktop":{"background-color":"var(--ast-global-color-4)","background-image":"","background-repeat":"repeat","background-position":"center center","background-size":"auto","background-attachment":"scroll","background-type":"","background-media":"","overlay-type":"","overlay-color":"","overlay-opacity":"","overlay-gradient":""},"tablet":{"background-color":"","background-image":"","background-repeat":"repeat","background-position":"center center","background-size":"auto","background-attachment":"scroll","background-type":"","background-media":"","overlay-type":"","overlay-color":"","overlay-opacity":"","overlay-gradient":""},"mobile":{"background-color":"","background-image":"","background-repeat":"repeat","background-position":"center center","background-size":"auto","background-attachment":"scroll","background-type":"","background-media":"","overlay-type":"","overlay-color":"","overlay-opacity":"","overlay-gradient":""}},"ast-content-background-meta":{"desktop":{"background-color":"var(--ast-global-color-5)","background-image":"","background-repeat":"repeat","background-position":"center center","background-size":"auto","background-attachment":"scroll","background-type":"","background-media":"","overlay-type":"","overlay-color":"","overlay-opacity":"","overlay-gradient":""},"tablet":{"background-color":"var(--ast-global-color-5)","background-image":"","background-repeat":"repeat","background-position":"center center","background-size":"auto","background-attachment":"scroll","background-type":"","background-media":"","overlay-type":"","overlay-color":"","overlay-opacity":"","overlay-gradient":""},"mobile":{"background-color":"var(--ast-global-color-5)","background-image":"","background-repeat":"repeat","background-position":"center center","background-size":"auto","background-attachment":"scroll","background-type":"","background-media":"","overlay-type":"","overlay-color":"","overlay-opacity":"","overlay-gradient":""}},"footnotes":""},"class_list":["post-6932","page","type-page","status-publish","hentry"],"post_mailing_queue_ids":[],"_links":{"self":[{"href":"https:\/\/serveiseducatius.xtec.cat\/pladelestany\/wp-json\/wp\/v2\/pages\/6932","targetHints":{"allow":["GET"]}}],"collection":[{"href":"https:\/\/serveiseducatius.xtec.cat\/pladelestany\/wp-json\/wp\/v2\/pages"}],"about":[{"href":"https:\/\/serveiseducatius.xtec.cat\/pladelestany\/wp-json\/wp\/v2\/types\/page"}],"author":[{"embeddable":true,"href":"https:\/\/serveiseducatius.xtec.cat\/pladelestany\/wp-json\/wp\/v2\/users\/1"}],"replies":[{"embeddable":true,"href":"https:\/\/serveiseducatius.xtec.cat\/pladelestany\/wp-json\/wp\/v2\/comments?post=6932"}],"version-history":[{"count":6,"href":"https:\/\/serveiseducatius.xtec.cat\/pladelestany\/wp-json\/wp\/v2\/pages\/6932\/revisions"}],"predecessor-version":[{"id":7048,"href":"https:\/\/serveiseducatius.xtec.cat\/pladelestany\/wp-json\/wp\/v2\/pages\/6932\/revisions\/7048"}],"wp:attachment":[{"href":"https:\/\/serveiseducatius.xtec.cat\/pladelestany\/wp-json\/wp\/v2\/media?parent=6932"}],"curies":[{"name":"wp","href":"https:\/\/api.w.org\/{rel}","templated":true}]}}