{"id":6911,"date":"2025-05-01T17:08:05","date_gmt":"2025-05-01T15:08:05","guid":{"rendered":"https:\/\/serveiseducatius.xtec.cat\/pladelestany\/?page_id=6911"},"modified":"2025-05-04T19:37:45","modified_gmt":"2025-05-04T17:37:45","slug":"pfz-descripcio","status":"publish","type":"page","link":"https:\/\/serveiseducatius.xtec.cat\/pladelestany\/pfz-descripcio\/","title":{"rendered":"Pla de formaci\u00f3 de zona (PFZ)"},"content":{"rendered":"\n<div class=\"wp-block-columns has-4-columns is-layout-flex wp-container-core-columns-is-layout-1 wp-block-columns-is-layout-flex\">\n<div class=\"wp-block-column is-layout-flow wp-block-column-is-layout-flow\">\n<figure class=\"wp-block-image alignfull size-full\"><a href=\"https:\/\/serveiseducatius.xtec.cat\/pladelestany\/wp-content\/uploads\/usu771\/2025\/05\/pfz_pt.png\"><img loading=\"lazy\" decoding=\"async\" width=\"258\" height=\"195\" src=\"https:\/\/serveiseducatius.xtec.cat\/pladelestany\/wp-content\/uploads\/usu771\/2025\/05\/pfz_pt.png\" alt=\"\" class=\"wp-image-6918\"\/><\/a><\/figure>\n\n\n\n<hr class=\"wp-block-separator has-text-color has-white-color has-alpha-channel-opacity has-white-background-color has-background\"\/>\n\n\n\n<div class=\"wp-block-buttons has-custom-font-size has-large-font-size is-vertical is-layout-flex wp-container-core-buttons-is-layout-1 wp-block-buttons-is-layout-flex\" style=\"margin-top:0;margin-bottom:0\">\n<div class=\"wp-block-button has-custom-width wp-block-button__width-100 has-custom-font-size is-style-outline has-small-font-size is-style-outline--1\"><a class=\"wp-block-button__link has-white-color has-cyan-bluish-gray-background-color has-text-color has-background has-link-color wp-element-button\" href=\"https:\/\/serveiseducatius.xtec.cat\/pladelestany\/pfz-funcionament\/\"><strong>Funcionament <\/strong><\/a><\/div>\n\n\n\n<div class=\"wp-block-button has-custom-width wp-block-button__width-100 has-custom-font-size is-style-outline has-small-font-size is-style-outline--2\"><a class=\"wp-block-button__link has-white-color has-cyan-bluish-gray-background-color has-text-color has-background has-link-color wp-element-button\" href=\"https:\/\/serveiseducatius.xtec.cat\/pladelestany\/pfz-novaactivitat\/\"><strong>Sol\u00b7licitud d&#8217;activitats<\/strong><\/a><\/div>\n\n\n\n<div class=\"wp-block-button has-custom-width wp-block-button__width-100 has-custom-font-size is-style-outline has-small-font-size is-style-outline--3\"><a class=\"wp-block-button__link has-white-color has-cyan-bluish-gray-background-color has-text-color has-background has-link-color wp-element-button\" href=\"https:\/\/serveiseducatius.xtec.cat\/pladelestany\/pfz-circular\/\"><strong>Circular informativa<\/strong><\/a><\/div>\n\n\n\n<div class=\"wp-block-button has-custom-width wp-block-button__width-100 is-style-outline is-style-outline--4\"><a class=\"wp-block-button__link has-white-color has-cyan-bluish-gray-background-color has-text-color has-background has-link-color wp-element-button\" href=\"https:\/\/serveiseducatius.xtec.cat\/pladelestany\/pfz-comissio\/\"><strong>Comissi\u00f3 PFZ<\/strong><\/a><\/div>\n\n\n\n<div class=\"wp-block-button has-custom-width wp-block-button__width-100 is-style-outline is-style-outline--5\"><a class=\"wp-block-button__link has-white-color has-cyan-bluish-gray-background-color has-text-color has-background has-link-color wp-element-button\" href=\"https:\/\/serveiseducatius.xtec.cat\/pladelestany\/pfz-modalitats\/\"><strong>Tipus d&#8217;activitats<\/strong><\/a><\/div>\n\n\n\n<div class=\"wp-block-button has-custom-width wp-block-button__width-100 is-style-outline is-style-outline--6\"><a class=\"wp-block-button__link has-white-color has-cyan-bluish-gray-background-color has-text-color has-background has-link-color wp-element-button\" href=\"https:\/\/serveiseducatius.xtec.cat\/pladelestany\/pfz-propostesunitats\/\"><strong>Propostes formatives Departament d&#8217;Ed i FP<\/strong><\/a><\/div>\n<\/div>\n<\/div>\n\n\n\n<div class=\"wp-block-column is-layout-flow wp-block-column-is-layout-flow\" style=\"flex-basis:80%\">\n<div class=\"wp-block-buttons has-custom-font-size has-large-font-size is-layout-flex wp-block-buttons-is-layout-flex\">\n<div class=\"wp-block-button has-custom-font-size has-medium-font-size\"><a class=\"wp-block-button__link wp-element-button\" href=\"https:\/\/serveiseducatius.xtec.cat\/pladelestany\/pfz-activitats\/\"><strong>Activitats curs actual<\/strong><\/a><\/div>\n\n\n\n<div class=\"wp-block-button has-custom-font-size has-medium-font-size\"><a class=\"wp-block-button__link wp-element-button\" href=\"https:\/\/serveiseducatius.xtec.cat\/pladelestany\/formacio\/pfz-assistents\/\"><strong>Espai Assistents<\/strong><\/a><\/div>\n\n\n\n<div class=\"wp-block-button has-custom-font-size has-medium-font-size\"><a class=\"wp-block-button__link wp-element-button\" href=\"https:\/\/serveiseducatius.xtec.cat\/pladelestany\/formacio\/pfz-formadors\/\"><strong>Espai Formadors<\/strong><\/a><\/div>\n<\/div>\n\n\n\n<hr class=\"wp-block-separator has-text-color has-white-color has-alpha-channel-opacity has-white-background-color has-background\"\/>\n\n\n\n<h4 class=\"wp-block-heading\">Descripci\u00f3 i calendari<\/h4>\n\n\n\n<p>El Departament d\u2019Ensenyament ha establert un conjunt d\u2019<a href=\"http:\/\/xtec.gencat.cat\/ca\/formacio\/info-general\/objectius-formacio\/\" target=\"_blank\" rel=\"noreferrer noopener\">objectius de formaci\u00f3 permanent<\/a>&nbsp;per donar resposta a les necessitats de formaci\u00f3 permanent dels centres educatius i dels docents de Catalunya.<\/p>\n\n\n\n<p><strong>El Pla de Formaci\u00f3 de Zona del Pla de l&#8217;Estany<\/strong> \u00e9s la planificaci\u00f3 a escala comarcal de la formaci\u00f3 permanent del professorat, la qual engloba les activitats de formaci\u00f3 en centre i les adre\u00e7ades a tot el professorat de la comarca. El professorat hi participa a trav\u00e9s del proc\u00e9s de detecci\u00f3 de necessitats&nbsp; i mitjan\u00e7ant la seva representaci\u00f3 en la comissi\u00f3 del PFZ del Pla de l&#8217;Estany 2025-26.<\/p>\n\n\n\n<h6 class=\"wp-block-heading\">Calendari 2025-2026. Activitats de 1r torn<\/h6>\n\n\n\n<figure class=\"wp-block-table\"><table><tbody><tr><td><strong>Proc\u00e9s<\/strong><\/td><td><strong>Inici<\/strong><\/td><td><strong>Fi<\/strong><\/td><\/tr><tr><td>Detecci\u00f3 de necessitats<\/td><td>04-25<\/td><td>05-25<\/td><\/tr><tr><td>Selecci\u00f3 i prioritzaci\u00f3 de les sol\u00b7licituds<\/td><td>05-25<\/td><td>06-25<\/td><\/tr><tr><td>Aprovaci\u00f3 de la proposta formativa a la comissi\u00f3 del PFZ<\/td><td colspan=\"2\">Abans del 16 de juny<\/td><\/tr><tr><td>Revisi\u00f3 i aprovaci\u00f3 de l&#8217;oferta global del ST de Girona<\/td><td colspan=\"2\">Abans del 20 de juny<\/td><\/tr><tr><td>Revisi\u00f3 i aprovaci\u00f3 de l&#8217;oferta global del Departament d&#8217;Educaci\u00f3<\/td><td colspan=\"2\">Abans del 27 de juny<\/td><\/tr><tr><td>Publicaci\u00f3&nbsp;de les activitats aprovades<\/td><td colspan=\"2\">juliol &#8211; agost 2024<\/td><\/tr><tr><td>Inscripci\u00f3 a les activitats<\/td><td>05-09-25<\/td><td>21-09-25<\/td><\/tr><tr><td>Consulta d&#8217;assignacions<\/td><td colspan=\"2\">a partir del 7 d&#8217;octubre<\/td><\/tr><tr><td>Inici de les activitats<\/td><td colspan=\"2\">a partir del 13 d&#8217;octubre<\/td><\/tr><\/tbody><\/table><\/figure>\n\n\n\n<h6 class=\"wp-block-heading\">Calendari 2025-2026. Activitats de 2n torn<\/h6>\n\n\n\n<figure class=\"wp-block-table\"><table><tbody><tr><td><strong>Proc\u00e9s<\/strong><\/td><td><strong>Inici<\/strong><\/td><td><strong>Fi<\/strong><\/td><\/tr><tr><td>Detecci\u00f3 de necessitats<\/td><td>24-10-25<\/td><td>13-11-25<\/td><\/tr><tr><td>Selecci\u00f3 i prioritzaci\u00f3 de les sol\u00b7licituds<\/td><td>23-11-25<\/td><td>30-11-25<\/td><\/tr><tr><td>Publicaci\u00f3&nbsp;de les activitats aprovades<\/td><td colspan=\"2\">Abans del 10 de desembre<\/td><\/tr><tr><td>Inscripci\u00f3 a les activitats<\/td><td>07-01-26<\/td><td>15-01-26<\/td><\/tr><tr><td>Consulta d&#8217;assignacions<\/td><td colspan=\"2\">a partir del 30 de gener<\/td><\/tr><tr><td>Inici de les activitats<\/td><td colspan=\"2\">a partir del 5 de febrer<\/td><\/tr><\/tbody><\/table><\/figure>\n<\/div>\n<\/div>\n\n\n\n<p><\/p>\n","protected":false},"excerpt":{"rendered":"<p>Descripci\u00f3 i calendari El Departament d\u2019Ensenyament ha establert un conjunt d\u2019objectius de formaci\u00f3 permanent&nbsp;per donar resposta a les necessitats de [&hellip;]<\/p>\n","protected":false},"author":1,"featured_media":0,"parent":0,"menu_order":0,"comment_status":"closed","ping_status":"closed","template":"","meta":{"site-sidebar-layout":"default","site-content-layout":"","ast-site-content-layout":"default","site-content-style":"default","site-sidebar-style":"default","ast-global-header-display":"","ast-banner-title-visibility":"","ast-main-header-display":"","ast-hfb-above-header-display":"","ast-hfb-below-header-display":"","ast-hfb-mobile-header-display":"","site-post-title":"","ast-breadcrumbs-content":"","ast-featured-img":"","footer-sml-layout":"","theme-transparent-header-meta":"","adv-header-id-meta":"","stick-header-meta":"","header-above-stick-meta":"","header-main-stick-meta":"","header-below-stick-meta":"","astra-migrate-meta-layouts":"set","ast-page-background-enabled":"default","ast-page-background-meta":{"desktop":{"background-color":"var(--ast-global-color-4)","background-image":"","background-repeat":"repeat","background-position":"center center","background-size":"auto","background-attachment":"scroll","background-type":"","background-media":"","overlay-type":"","overlay-color":"","overlay-opacity":"","overlay-gradient":""},"tablet":{"background-color":"","background-image":"","background-repeat":"repeat","background-position":"center center","background-size":"auto","background-attachment":"scroll","background-type":"","background-media":"","overlay-type":"","overlay-color":"","overlay-opacity":"","overlay-gradient":""},"mobile":{"background-color":"","background-image":"","background-repeat":"repeat","background-position":"center center","background-size":"auto","background-attachment":"scroll","background-type":"","background-media":"","overlay-type":"","overlay-color":"","overlay-opacity":"","overlay-gradient":""}},"ast-content-background-meta":{"desktop":{"background-color":"var(--ast-global-color-5)","background-image":"","background-repeat":"repeat","background-position":"center center","background-size":"auto","background-attachment":"scroll","background-type":"","background-media":"","overlay-type":"","overlay-color":"","overlay-opacity":"","overlay-gradient":""},"tablet":{"background-color":"var(--ast-global-color-5)","background-image":"","background-repeat":"repeat","background-position":"center center","background-size":"auto","background-attachment":"scroll","background-type":"","background-media":"","overlay-type":"","overlay-color":"","overlay-opacity":"","overlay-gradient":""},"mobile":{"background-color":"var(--ast-global-color-5)","background-image":"","background-repeat":"repeat","background-position":"center center","background-size":"auto","background-attachment":"scroll","background-type":"","background-media":"","overlay-type":"","overlay-color":"","overlay-opacity":"","overlay-gradient":""}},"footnotes":""},"class_list":["post-6911","page","type-page","status-publish","hentry"],"post_mailing_queue_ids":[],"_links":{"self":[{"href":"https:\/\/serveiseducatius.xtec.cat\/pladelestany\/wp-json\/wp\/v2\/pages\/6911","targetHints":{"allow":["GET"]}}],"collection":[{"href":"https:\/\/serveiseducatius.xtec.cat\/pladelestany\/wp-json\/wp\/v2\/pages"}],"about":[{"href":"https:\/\/serveiseducatius.xtec.cat\/pladelestany\/wp-json\/wp\/v2\/types\/page"}],"author":[{"embeddable":true,"href":"https:\/\/serveiseducatius.xtec.cat\/pladelestany\/wp-json\/wp\/v2\/users\/1"}],"replies":[{"embeddable":true,"href":"https:\/\/serveiseducatius.xtec.cat\/pladelestany\/wp-json\/wp\/v2\/comments?post=6911"}],"version-history":[{"count":6,"href":"https:\/\/serveiseducatius.xtec.cat\/pladelestany\/wp-json\/wp\/v2\/pages\/6911\/revisions"}],"predecessor-version":[{"id":7044,"href":"https:\/\/serveiseducatius.xtec.cat\/pladelestany\/wp-json\/wp\/v2\/pages\/6911\/revisions\/7044"}],"wp:attachment":[{"href":"https:\/\/serveiseducatius.xtec.cat\/pladelestany\/wp-json\/wp\/v2\/media?parent=6911"}],"curies":[{"name":"wp","href":"https:\/\/api.w.org\/{rel}","templated":true}]}}