{"id":6573,"date":"2025-02-26T12:10:30","date_gmt":"2025-02-26T11:10:30","guid":{"rendered":"https:\/\/serveiseducatius.xtec.cat\/pladelestany\/?page_id=6573"},"modified":"2026-04-07T10:15:41","modified_gmt":"2026-04-07T08:15:41","slug":"documents-principals","status":"publish","type":"page","link":"https:\/\/serveiseducatius.xtec.cat\/pladelestany\/entorn\/servei-comunitari\/documents-principals\/","title":{"rendered":"Documents principals"},"content":{"rendered":"\n<figure class=\"wp-block-image aligncenter size-large\"><img loading=\"lazy\" decoding=\"async\" width=\"1024\" height=\"256\" src=\"https:\/\/serveiseducatius.xtec.cat\/pladelestany\/wp-content\/uploads\/usu771\/2025\/02\/6-3-1024x256.png\" alt=\"\" class=\"wp-image-6574\" srcset=\"https:\/\/serveiseducatius.xtec.cat\/pladelestany\/wp-content\/uploads\/usu771\/2025\/02\/6-3-1024x256.png 1024w, https:\/\/serveiseducatius.xtec.cat\/pladelestany\/wp-content\/uploads\/usu771\/2025\/02\/6-3-300x75.png 300w, https:\/\/serveiseducatius.xtec.cat\/pladelestany\/wp-content\/uploads\/usu771\/2025\/02\/6-3-768x192.png 768w, https:\/\/serveiseducatius.xtec.cat\/pladelestany\/wp-content\/uploads\/usu771\/2025\/02\/6-3-1536x384.png 1536w, https:\/\/serveiseducatius.xtec.cat\/pladelestany\/wp-content\/uploads\/usu771\/2025\/02\/6-3.png 1920w\" sizes=\"auto, (max-width: 1024px) 100vw, 1024px\" \/><\/figure>\n\n\n\n<div class=\"wp-block-getwid-tabs\" data-active-tab=\"0\"><ul class=\"wp-block-getwid-tabs__nav-links\"><\/ul>\n<div class=\"wp-block-getwid-tabs__nav-link\"><span class=\"wp-block-getwid-tabs__title-wrapper\"><a href=\"#\"><span class=\"wp-block-getwid-tabs__title\"><strong>Gesti\u00f3 de convenis<\/strong><\/span><\/a><\/span><\/div><div class=\"wp-block-getwid-tabs__tab-content-wrapper\"><div class=\"wp-block-getwid-tabs__tab-content\">\n<p>La gesti\u00f3 dels convenis passa a portar-se des de les direccions dels centres. Aix\u00f2 implica que cada institut ha de signar conveni amb cada entitat. Si una entitat ofereix un SC a m\u00e9s d\u2019un institut,&nbsp;<strong>caldr\u00e0 una signatura amb cadascun d\u2019ells<\/strong>.<\/p>\n\n\n\n<p>A partir del curs 2026-27 hi haur\u00e0 canvis<\/p>\n<\/div><\/div>\n\n\n\n<div class=\"wp-block-getwid-tabs__nav-link\"><span class=\"wp-block-getwid-tabs__title-wrapper\"><a href=\"#\"><span class=\"wp-block-getwid-tabs__title\"><strong>Gesti\u00f3 de cartes de comprom\u00eds<\/strong><\/span><\/a><\/span><\/div><div class=\"wp-block-getwid-tabs__tab-content-wrapper\"><div class=\"wp-block-getwid-tabs__tab-content\">\n<p>La&nbsp;<strong>carta de comprom\u00eds<\/strong>&nbsp;\u00e9s el document on es recullen les actuacions concretes (m\u00e9s detallades o menys) que acorden, entitat i institut, de realitzar durant el projecte de SC.<\/p>\n\n\n\n<p>A partir del curs 2026-27 hi haur\u00e0 canvis<\/p>\n\n\n\n<p>Aquestes cartes les firmen ambdues parts i tenen una validesa d&#8217;un curs acad\u00e8mic. CAL TORNAR a signar-les cada curs, si entre entitat i institut hi ha desig de continuar amb el projecte, hi hagi canvis o no en aquest.<\/p>\n\n\n\n<p>Queden a cust\u00f2dia de l&#8217;institut i de l&#8217;entitat les cartes signades.<\/p>\n<\/div><\/div>\n\n\n\n<div class=\"wp-block-getwid-tabs__nav-link\"><span class=\"wp-block-getwid-tabs__title-wrapper\"><a href=\"#\"><span class=\"wp-block-getwid-tabs__title\"><strong>Gesti\u00f3 d&#8217;entitats<\/strong><\/span><\/a><\/span><\/div><div class=\"wp-block-getwid-tabs__tab-content-wrapper\"><div class=\"wp-block-getwid-tabs__tab-content\">\n<p>Les entitats que volen presentar un projecte, omplen un <a href=\"https:\/\/docs.google.com\/forms\/d\/e\/1FAIpQLSdDrgn7NPQ_6N-W91MFT37bG0djvJC1a-jdYWhGJMUEh09JuQ\/viewform\" target=\"_blank\" rel=\"noreferrer noopener\">formulari<\/a>, que genera una <a href=\"https:\/\/drive.google.com\/drive\/folders\/1HirS2afid-DoyqFozqtyjc7vYFz7_2bP\" target=\"_blank\" rel=\"noreferrer noopener\">fitxa<\/a>&nbsp;on es detalla l&#8217;actuaci\u00f3, el nombre d&#8217;alumnes que acull, \u00e0mbits, objectius i propostes d&#8217;activitats per a les 10 hores de servei al centre educatiu.<\/p>\n\n\n\n<p>L&#8217;entitat o Ens municipal, un cop lligat el projecte amb un centre educatiu, ha de signar un <strong>Conveni&nbsp;<\/strong>amb el Departament d&#8217;Educaci\u00f3.&nbsp;<\/p>\n\n\n\n<p>Segons la tipologia d&#8217;entitat (entitat, ajuntament, federaci\u00f3&#8230;) hi ha un model o altre de conveni i es demana que s&#8217;ompli seguint unes pautes (clicar imatge).&nbsp;<\/p>\n\n\n\n<p>Els convenis signats caduquen al cap de quatre anys. Llavors, cada entitat ha de tornar a signar-los si vol continuar realitzant projectes amb els centres educatius.&nbsp;<\/p>\n\n\n\n<p>Les actuacions concretes que es realitzaran entre entitat\/ens i institut han de quedar paleses a la&nbsp;<strong>Carta de Comprom\u00eds<\/strong>&nbsp;(\u00e9s un model, pot modificar-se).<\/p>\n\n\n\n<p>El centre ha d&#8217;informar a les fam\u00edlies dels projectes que realitzaran els seus fills i filles i cal que signin una\u00a0<strong><a href=\"https:\/\/documents.espai.educacio.gencat.cat\/FormularisModels\/CentresDocumentacioAcademica\/A664.pdf\" target=\"_blank\" rel=\"noreferrer noopener\">autoritzaci\u00f3<\/a>\u00a0<\/strong>per a realitzar tal servei.<\/p>\n\n\n\n<p>&nbsp;Per al seguiment de l\u2019alumnat, per part de les entitats, s&#8217;ha elaborat un senzill&nbsp;<a href=\"https:\/\/xtec.gencat.cat\/ca\/curriculum\/serveicomunitari\/documentacio\/\" target=\"_blank\" rel=\"noreferrer noopener\"><strong>document de seguiment<\/strong><\/a>&nbsp;de f\u00e0cil aplicaci\u00f3.<\/p>\n<\/div><\/div>\n<\/div>\n\n\n\n<p>El centre educatiu ha de projectar cap a l&#8217;entorn, les actuacions dutes a terme, fer-les visibles; aix\u00ed tamb\u00e9 es dona visibilitat a les entitats, publicant als seus espais web, xarxes socials o entorns de difusi\u00f3 del centre.<\/p>\n\n\n\n<p><\/p>\n\n\n\n<p>NOU ESPAI d&#8217;orientaci\u00f3 i assessorament per a centres:&nbsp;&nbsp;<a href=\"https:\/\/projectes.xtec.cat\/pee\/\" target=\"_blank\" rel=\"noreferrer noopener\"><strong>Servei de suport a la comunitat educativa<\/strong><\/a><\/p>\n\n\n\n<p><\/p>\n\n\n\n<figure class=\"wp-block-image alignright size-large is-resized\"><a href=\"https:\/\/serveiseducatius.xtec.cat\/pladelestany\/entorn\/servei-comunitari\/\"><img loading=\"lazy\" decoding=\"async\" width=\"1024\" height=\"1024\" src=\"https:\/\/serveiseducatius.xtec.cat\/pladelestany\/wp-content\/uploads\/usu771\/2025\/02\/11-1-1024x1024.png\" alt=\"\" class=\"wp-image-6543\" style=\"width:156px;height:auto\" srcset=\"https:\/\/serveiseducatius.xtec.cat\/pladelestany\/wp-content\/uploads\/usu771\/2025\/02\/11-1-1024x1024.png 1024w, https:\/\/serveiseducatius.xtec.cat\/pladelestany\/wp-content\/uploads\/usu771\/2025\/02\/11-1-300x300.png 300w, https:\/\/serveiseducatius.xtec.cat\/pladelestany\/wp-content\/uploads\/usu771\/2025\/02\/11-1-150x150.png 150w, https:\/\/serveiseducatius.xtec.cat\/pladelestany\/wp-content\/uploads\/usu771\/2025\/02\/11-1-768x768.png 768w, https:\/\/serveiseducatius.xtec.cat\/pladelestany\/wp-content\/uploads\/usu771\/2025\/02\/11-1.png 1080w\" sizes=\"auto, (max-width: 1024px) 100vw, 1024px\" \/><\/a><\/figure>\n","protected":false},"excerpt":{"rendered":"<p>El centre educatiu ha de projectar cap a l&#8217;entorn, les actuacions dutes a terme, fer-les visibles; aix\u00ed tamb\u00e9 es dona [&hellip;]<\/p>\n","protected":false},"author":5,"featured_media":0,"parent":6514,"menu_order":3,"comment_status":"closed","ping_status":"close","template":"","meta":{"site-sidebar-layout":"default","site-content-layout":"","ast-site-content-layout":"default","site-content-style":"default","site-sidebar-style":"default","ast-global-header-display":"","ast-banner-title-visibility":"","ast-main-header-display":"","ast-hfb-above-header-display":"","ast-hfb-below-header-display":"","ast-hfb-mobile-header-display":"","site-post-title":"disabled","ast-breadcrumbs-content":"","ast-featured-img":"","footer-sml-layout":"","theme-transparent-header-meta":"","adv-header-id-meta":"","stick-header-meta":"","header-above-stick-meta":"","header-main-stick-meta":"","header-below-stick-meta":"","astra-migrate-meta-layouts":"set","ast-page-background-enabled":"default","ast-page-background-meta":{"desktop":{"background-color":"var(--ast-global-color-4)","background-image":"","background-repeat":"repeat","background-position":"center center","background-size":"auto","background-attachment":"scroll","background-type":"","background-media":"","overlay-type":"","overlay-color":"","overlay-opacity":"","overlay-gradient":""},"tablet":{"background-color":"","background-image":"","background-repeat":"repeat","background-position":"center center","background-size":"auto","background-attachment":"scroll","background-type":"","background-media":"","overlay-type":"","overlay-color":"","overlay-opacity":"","overlay-gradient":""},"mobile":{"background-color":"","background-image":"","background-repeat":"repeat","background-position":"center center","background-size":"auto","background-attachment":"scroll","background-type":"","background-media":"","overlay-type":"","overlay-color":"","overlay-opacity":"","overlay-gradient":""}},"ast-content-background-meta":{"desktop":{"background-color":"var(--ast-global-color-5)","background-image":"","background-repeat":"repeat","background-position":"center center","background-size":"auto","background-attachment":"scroll","background-type":"","background-media":"","overlay-type":"","overlay-color":"","overlay-opacity":"","overlay-gradient":""},"tablet":{"background-color":"var(--ast-global-color-5)","background-image":"","background-repeat":"repeat","background-position":"center center","background-size":"auto","background-attachment":"scroll","background-type":"","background-media":"","overlay-type":"","overlay-color":"","overlay-opacity":"","overlay-gradient":""},"mobile":{"background-color":"var(--ast-global-color-5)","background-image":"","background-repeat":"repeat","background-position":"center center","background-size":"auto","background-attachment":"scroll","background-type":"","background-media":"","overlay-type":"","overlay-color":"","overlay-opacity":"","overlay-gradient":""}},"footnotes":""},"class_list":["post-6573","page","type-page","status-publish","hentry"],"post_mailing_queue_ids":[],"_links":{"self":[{"href":"https:\/\/serveiseducatius.xtec.cat\/pladelestany\/wp-json\/wp\/v2\/pages\/6573","targetHints":{"allow":["GET"]}}],"collection":[{"href":"https:\/\/serveiseducatius.xtec.cat\/pladelestany\/wp-json\/wp\/v2\/pages"}],"about":[{"href":"https:\/\/serveiseducatius.xtec.cat\/pladelestany\/wp-json\/wp\/v2\/types\/page"}],"author":[{"embeddable":true,"href":"https:\/\/serveiseducatius.xtec.cat\/pladelestany\/wp-json\/wp\/v2\/users\/5"}],"replies":[{"embeddable":true,"href":"https:\/\/serveiseducatius.xtec.cat\/pladelestany\/wp-json\/wp\/v2\/comments?post=6573"}],"version-history":[{"count":6,"href":"https:\/\/serveiseducatius.xtec.cat\/pladelestany\/wp-json\/wp\/v2\/pages\/6573\/revisions"}],"predecessor-version":[{"id":9011,"href":"https:\/\/serveiseducatius.xtec.cat\/pladelestany\/wp-json\/wp\/v2\/pages\/6573\/revisions\/9011"}],"up":[{"embeddable":true,"href":"https:\/\/serveiseducatius.xtec.cat\/pladelestany\/wp-json\/wp\/v2\/pages\/6514"}],"wp:attachment":[{"href":"https:\/\/serveiseducatius.xtec.cat\/pladelestany\/wp-json\/wp\/v2\/media?parent=6573"}],"curies":[{"name":"wp","href":"https:\/\/api.w.org\/{rel}","templated":true}]}}