{"id":6545,"date":"2025-02-26T11:06:36","date_gmt":"2025-02-26T10:06:36","guid":{"rendered":"https:\/\/serveiseducatius.xtec.cat\/pladelestany\/?page_id=6545"},"modified":"2025-02-26T11:09:07","modified_gmt":"2025-02-26T10:09:07","slug":"nou-curriculum","status":"publish","type":"page","link":"https:\/\/serveiseducatius.xtec.cat\/pladelestany\/entorn\/servei-comunitari\/que-es\/nou-curriculum\/","title":{"rendered":"Nou curr\u00edculum"},"content":{"rendered":"\n<figure class=\"wp-block-image aligncenter size-large\"><img loading=\"lazy\" decoding=\"async\" width=\"1024\" height=\"256\" src=\"https:\/\/serveiseducatius.xtec.cat\/pladelestany\/wp-content\/uploads\/usu771\/2025\/02\/Portada-Sites-Servei-Comunitari-8-1024x256.png\" alt=\"\" class=\"wp-image-6548\" srcset=\"https:\/\/serveiseducatius.xtec.cat\/pladelestany\/wp-content\/uploads\/usu771\/2025\/02\/Portada-Sites-Servei-Comunitari-8-1024x256.png 1024w, https:\/\/serveiseducatius.xtec.cat\/pladelestany\/wp-content\/uploads\/usu771\/2025\/02\/Portada-Sites-Servei-Comunitari-8-300x75.png 300w, https:\/\/serveiseducatius.xtec.cat\/pladelestany\/wp-content\/uploads\/usu771\/2025\/02\/Portada-Sites-Servei-Comunitari-8-768x192.png 768w, https:\/\/serveiseducatius.xtec.cat\/pladelestany\/wp-content\/uploads\/usu771\/2025\/02\/Portada-Sites-Servei-Comunitari-8-1536x384.png 1536w, https:\/\/serveiseducatius.xtec.cat\/pladelestany\/wp-content\/uploads\/usu771\/2025\/02\/Portada-Sites-Servei-Comunitari-8.png 1920w\" sizes=\"auto, (max-width: 1024px) 100vw, 1024px\" \/><\/figure>\n\n\n\n<h2 class=\"wp-block-heading has-text-color has-link-color wp-elements-44b867937e66cb594bef2ef895208cdd\" style=\"color:#557970\"><a href=\"https:\/\/portaldogc.gencat.cat\/utilsEADOP\/PDF\/8762\/1928585.pdf#page=14\" target=\"_blank\" rel=\"noreferrer noopener\"><strong>Article 11<\/strong><\/a><\/h2>\n\n\n\n<p><strong>Servei comunitari a l&#8217;educaci\u00f3 secund\u00e0ria obligat\u00f2ria<\/strong><\/p>\n\n\n\n<p>1. El servei comunitari \u00e9s una&nbsp;<strong>acci\u00f3 educativa orientada a desenvolupar la compet\u00e8ncia personal i social, aix\u00ed com la ciutadana<\/strong>, amb la finalitat de promoure que els nois i noies experimentin i protagonitzin accions de comprom\u00eds c\u00edvic, aprenguin en l&#8217;exercici actiu de la ciutadania i posin en joc els seus coneixements i capacitats al servei de la comunitat. El servei comunitari \u00e9s de car\u00e0cter&nbsp;<strong>obligatori<\/strong>.<\/p>\n\n\n\n<p>2. El servei comunitari&nbsp;<strong>no t\u00e9 un horari fix<\/strong>&nbsp;i s&#8217;ha de fer a&nbsp;<strong>tercer i\/o quart d&#8217;educaci\u00f3 secund\u00e0ria obligat\u00f2ria<\/strong>. Ha de formar part de la&nbsp;<strong>programaci\u00f3 curricular d&#8217;una o diverses mat\u00e8ries<\/strong>, que es poden haver integrat en un \u00e0mbit, o del projecte globalitzador de car\u00e0cter transversal si s&#8217;ha programat, i ha de constar a la&nbsp;<strong>programaci\u00f3 general anual<\/strong>.<\/p>\n\n\n\n<p>3. Compr\u00e8n una part d&#8217;aprenentatge vinculada al curr\u00edculum que es realitza dins l&#8217;horari lectiu i un servei actiu a la comunitat, que es pot dur a terme dins o fora d&#8217;aquest horari, d&#8217;acord amb les necessitats de l&#8217;entitat amb qu\u00e8 es col\u00b7labori i dels criteris organitzatius del centre. La dedicaci\u00f3 hor\u00e0ria al desenvolupament del servei comunitari \u00e9s de&nbsp;<strong>20 hores, amb un m\u00ednim de 10 hores de servei actiu a la comunitat<\/strong>.<\/p>\n\n\n\n<p>4. Un centre pot disposar d&#8217;una organitzaci\u00f3 curricular en qu\u00e8 ofereixi al llarg de tercer i quart de l&#8217;educaci\u00f3 secund\u00e0ria obligat\u00f2ria m\u00e9s d&#8217;una proposta de servei comunitari. En els centres que en el seu desplegament curricular tenen un&nbsp;<strong>projecte globalitzador i contextualitzat de car\u00e0cter transversal<\/strong>&nbsp;en el qual s&#8217;incorpora un servei actiu a la comunitat, s&#8217;ent\u00e9n que el servei comunitari ja est\u00e0 incl\u00f2s en el projecte.<\/p>\n\n\n\n<p>5. L&#8217;<strong>avaluaci\u00f3<\/strong>&nbsp;del servei comunitari, a l&#8217;efecte de la qualificaci\u00f3, ha d&#8217;incidir en la&nbsp;<strong>qualificaci\u00f3 global d&#8217;aquella mat\u00e8ria, \u00e0mbit o projecte globalitzador al qual estigui vinculat<\/strong>.<\/p>\n\n\n\n<figure class=\"wp-block-image alignright size-large is-resized\"><a href=\"https:\/\/serveiseducatius.xtec.cat\/pladelestany\/entorn\/servei-comunitari\/\"><img loading=\"lazy\" decoding=\"async\" width=\"1024\" height=\"1024\" src=\"https:\/\/serveiseducatius.xtec.cat\/pladelestany\/wp-content\/uploads\/usu771\/2025\/02\/11-1-1024x1024.png\" alt=\"\" class=\"wp-image-6543\" style=\"width:141px;height:auto\" srcset=\"https:\/\/serveiseducatius.xtec.cat\/pladelestany\/wp-content\/uploads\/usu771\/2025\/02\/11-1-1024x1024.png 1024w, https:\/\/serveiseducatius.xtec.cat\/pladelestany\/wp-content\/uploads\/usu771\/2025\/02\/11-1-300x300.png 300w, https:\/\/serveiseducatius.xtec.cat\/pladelestany\/wp-content\/uploads\/usu771\/2025\/02\/11-1-150x150.png 150w, https:\/\/serveiseducatius.xtec.cat\/pladelestany\/wp-content\/uploads\/usu771\/2025\/02\/11-1-768x768.png 768w, https:\/\/serveiseducatius.xtec.cat\/pladelestany\/wp-content\/uploads\/usu771\/2025\/02\/11-1.png 1080w\" sizes=\"auto, (max-width: 1024px) 100vw, 1024px\" \/><\/a><\/figure>\n","protected":false},"excerpt":{"rendered":"<p>Article 11 Servei comunitari a l&#8217;educaci\u00f3 secund\u00e0ria obligat\u00f2ria 1. El servei comunitari \u00e9s una&nbsp;acci\u00f3 educativa orientada a desenvolupar la compet\u00e8ncia [&hellip;]<\/p>\n","protected":false},"author":5,"featured_media":0,"parent":6537,"menu_order":0,"comment_status":"closed","ping_status":"close","template":"","meta":{"site-sidebar-layout":"default","site-content-layout":"","ast-site-content-layout":"default","site-content-style":"default","site-sidebar-style":"default","ast-global-header-display":"","ast-banner-title-visibility":"","ast-main-header-display":"","ast-hfb-above-header-display":"","ast-hfb-below-header-display":"","ast-hfb-mobile-header-display":"","site-post-title":"","ast-breadcrumbs-content":"","ast-featured-img":"","footer-sml-layout":"","theme-transparent-header-meta":"","adv-header-id-meta":"","stick-header-meta":"","header-above-stick-meta":"","header-main-stick-meta":"","header-below-stick-meta":"","astra-migrate-meta-layouts":"set","ast-page-background-enabled":"default","ast-page-background-meta":{"desktop":{"background-color":"var(--ast-global-color-4)","background-image":"","background-repeat":"repeat","background-position":"center center","background-size":"auto","background-attachment":"scroll","background-type":"","background-media":"","overlay-type":"","overlay-color":"","overlay-opacity":"","overlay-gradient":""},"tablet":{"background-color":"","background-image":"","background-repeat":"repeat","background-position":"center center","background-size":"auto","background-attachment":"scroll","background-type":"","background-media":"","overlay-type":"","overlay-color":"","overlay-opacity":"","overlay-gradient":""},"mobile":{"background-color":"","background-image":"","background-repeat":"repeat","background-position":"center center","background-size":"auto","background-attachment":"scroll","background-type":"","background-media":"","overlay-type":"","overlay-color":"","overlay-opacity":"","overlay-gradient":""}},"ast-content-background-meta":{"desktop":{"background-color":"var(--ast-global-color-5)","background-image":"","background-repeat":"repeat","background-position":"center center","background-size":"auto","background-attachment":"scroll","background-type":"","background-media":"","overlay-type":"","overlay-color":"","overlay-opacity":"","overlay-gradient":""},"tablet":{"background-color":"var(--ast-global-color-5)","background-image":"","background-repeat":"repeat","background-position":"center center","background-size":"auto","background-attachment":"scroll","background-type":"","background-media":"","overlay-type":"","overlay-color":"","overlay-opacity":"","overlay-gradient":""},"mobile":{"background-color":"var(--ast-global-color-5)","background-image":"","background-repeat":"repeat","background-position":"center center","background-size":"auto","background-attachment":"scroll","background-type":"","background-media":"","overlay-type":"","overlay-color":"","overlay-opacity":"","overlay-gradient":""}},"footnotes":""},"class_list":["post-6545","page","type-page","status-publish","hentry"],"post_mailing_queue_ids":[],"_links":{"self":[{"href":"https:\/\/serveiseducatius.xtec.cat\/pladelestany\/wp-json\/wp\/v2\/pages\/6545","targetHints":{"allow":["GET"]}}],"collection":[{"href":"https:\/\/serveiseducatius.xtec.cat\/pladelestany\/wp-json\/wp\/v2\/pages"}],"about":[{"href":"https:\/\/serveiseducatius.xtec.cat\/pladelestany\/wp-json\/wp\/v2\/types\/page"}],"author":[{"embeddable":true,"href":"https:\/\/serveiseducatius.xtec.cat\/pladelestany\/wp-json\/wp\/v2\/users\/5"}],"replies":[{"embeddable":true,"href":"https:\/\/serveiseducatius.xtec.cat\/pladelestany\/wp-json\/wp\/v2\/comments?post=6545"}],"version-history":[{"count":3,"href":"https:\/\/serveiseducatius.xtec.cat\/pladelestany\/wp-json\/wp\/v2\/pages\/6545\/revisions"}],"predecessor-version":[{"id":6550,"href":"https:\/\/serveiseducatius.xtec.cat\/pladelestany\/wp-json\/wp\/v2\/pages\/6545\/revisions\/6550"}],"up":[{"embeddable":true,"href":"https:\/\/serveiseducatius.xtec.cat\/pladelestany\/wp-json\/wp\/v2\/pages\/6537"}],"wp:attachment":[{"href":"https:\/\/serveiseducatius.xtec.cat\/pladelestany\/wp-json\/wp\/v2\/media?parent=6545"}],"curies":[{"name":"wp","href":"https:\/\/api.w.org\/{rel}","templated":true}]}}